{"id":9854,"date":"2023-06-09T13:39:20","date_gmt":"2023-06-09T13:39:20","guid":{"rendered":"https:\/\/toypek.two.prikr.space\/product\/toypek-mobiele-douchecabine-2\/"},"modified":"2023-07-07T13:47:28","modified_gmt":"2023-07-07T13:47:28","slug":"unite-de-douche-portable-toypek","status":"publish","type":"product","link":"https:\/\/toypek.two.prikr.space\/fr\/produit\/unite-de-douche-portable-toypek\/","title":{"rendered":"Toypek cabine de douche mobile"},"content":{"rendered":"\n<p>Nos douches mobiles sont enti&egrave;rement fabriqu&eacute;es en HDPE (poly&eacute;thyl&egrave;ne haute densit&eacute;), y compris un fond sp&eacute;cialement con&ccedil;u pour notre cabine de douche mobile Toypek. Fabriqu&eacute;es en plastique durable &agrave; haute densit&eacute;, nos douches portables sont dot&eacute;es d&rsquo;un sol antid&eacute;rapant et d&rsquo;un bac &agrave; douche enti&egrave;rement soud&eacute;. Con&ccedil;ues pour &ecirc;tre &agrave; l&rsquo;&eacute;preuve du vandalisme, ces douches ont des co&ucirc;ts d&rsquo;entretien r&eacute;duits, ce qui les rend id&eacute;ales pour les loueurs et leurs utilisateurs finaux.<\/p>\n<p><strong>Des avantages sur mesure pour les soir&eacute;es de location<br>\n<\/strong>Nos douches portatives offrent plusieurs avantages pour les f&ecirc;tes de location :<\/p>\n<ul>\n<li>Chaque douche mobile de Toypek.eu fait l&rsquo;objet d&rsquo;un d&eacute;veloppement et de tests approfondis.<\/li>\n<li>Les unit&eacute;s de douche sont dot&eacute;es de fonds enti&egrave;rement en PE, soud&eacute;s de haut en bas.<\/li>\n<li>Cabines de douche mobiles faciles &agrave; nettoyer.<\/li>\n<li>Poign&eacute;es &eacute;largies et construction l&eacute;g&egrave;re pour une mobilit&eacute; sans effort sur le site.<\/li>\n<li>Douches tr&egrave;s &eacute;tanches, avec des fuites minimes uniquement par les trous de ventilation, les portes et les &eacute;claboussures.<\/li>\n<li>Sols antid&eacute;rapants pour plus de s&eacute;curit&eacute;.<\/li>\n<li>Dimensions compactes pour un transport ais&eacute;.<\/li>\n<li>Couleurs vives et durables gr&acirc;ce au plastique HDPE class&eacute; &agrave; 7 points de densit&eacute; de couleur sur 8.<\/li>\n<li>Portes &eacute;quip&eacute;es de ressorts &agrave; forte force de rebond.<\/li>\n<li>Surfaces publicitaires sp&eacute;ciales sur les panneaux lat&eacute;raux et les portes de nos douches portables.<\/li>\n<\/ul>\n<p>Envisagez d&rsquo;ajouter des cabines de change &agrave; vos cabines de douche mobiles pour obtenir une solution compl&egrave;te. Contactez-nous pour plus d&rsquo;informations et pour explorer les possibilit&eacute;s. Nous avons des douches portatives &agrave; vendre pour r&eacute;pondre &agrave; tous les besoins industriels.<\/p>\n\n","protected":false},"excerpt":{"rendered":"<p>D\u00e9couvrez la solution parfaite gr\u00e2ce \u00e0 notre gamme de douches portatives \u00e0 vendre, y compris les douches portatives, les unit\u00e9s de douche portatives et les cabines de douche portatives \u00e0 vendre. Concevez votre cabine de douche mobile selon vos pr\u00e9f\u00e9rences, en tenant compte des options de couleur, des caract\u00e9ristiques suppl\u00e9mentaires et des quantit\u00e9s souhait\u00e9es. Nous offrons m\u00eame la possibilit\u00e9 de fabriquer la cabine de douche temporaire dans la couleur de votre choix.<\/p>\n","protected":false},"featured_media":14421,"comment_status":"open","ping_status":"closed","template":"","meta":{"_acf_changed":false},"product_cat":[83],"product_tag":[],"class_list":{"0":"post-9854","1":"product","2":"type-product","3":"status-publish","4":"has-post-thumbnail","6":"product_cat-cabine-de-douche-mobile","8":"first","9":"instock","10":"shipping-taxable","11":"product-type-variable"},"acf":[],"yoast_head":"<!-- This site is optimized with the Yoast SEO plugin v23.6 - https:\/\/yoast.com\/wordpress\/plugins\/seo\/ -->\n<title>Produit - Unit\u00e9s de douche portables \u00e0 vendre - Toypek.eu<\/title>\n<meta name=\"description\" content=\"Nos douches mobiles sont enti\u00e8rement fabriqu\u00e9es en HDPE (poly\u00e9thyl\u00e8ne haute densit\u00e9), y compris un fond sp\u00e9cialement con\u00e7u pour notre cabine de douche mobile Toypek.\" \/>\n<meta name=\"robots\" content=\"noindex, follow, max-snippet:-1, max-image-preview:large, max-video-preview:-1\" \/>\n<meta property=\"og:locale\" content=\"fr_FR\" \/>\n<meta property=\"og:type\" content=\"article\" \/>\n<meta property=\"og:title\" content=\"Produit - Unit\u00e9s de douche portables \u00e0 vendre - Toypek.eu\" \/>\n<meta property=\"og:description\" content=\"Nos douches mobiles sont enti\u00e8rement fabriqu\u00e9es en HDPE (poly\u00e9thyl\u00e8ne haute densit\u00e9), y compris un fond sp\u00e9cialement con\u00e7u pour notre cabine de douche mobile Toypek.\" \/>\n<meta property=\"og:url\" content=\"https:\/\/toypek.two.prikr.space\/fr\/produit\/unite-de-douche-portable-toypek\/\" \/>\n<meta property=\"og:site_name\" content=\"Toypek\" \/>\n<meta property=\"article:modified_time\" content=\"2023-07-07T13:47:28+00:00\" \/>\n<meta property=\"og:image\" content=\"https:\/\/toypek.two.prikr.space\/wp-content\/uploads\/2023\/06\/tp-img-6-9.png\" \/>\n\t<meta property=\"og:image:width\" content=\"1000\" \/>\n\t<meta property=\"og:image:height\" content=\"1000\" \/>\n\t<meta property=\"og:image:type\" content=\"image\/png\" \/>\n<meta name=\"twitter:card\" content=\"summary_large_image\" \/>\n<meta name=\"twitter:label1\" content=\"Dur\u00e9e de lecture estim\u00e9e\" \/>\n\t<meta name=\"twitter:data1\" content=\"2 minutes\" \/>\n<script type=\"application\/ld+json\" class=\"yoast-schema-graph\">{\"@context\":\"https:\/\/schema.org\",\"@graph\":[{\"@type\":\"WebPage\",\"@id\":\"https:\/\/toypek.two.prikr.space\/fr\/produit\/unite-de-douche-portable-toypek\/\",\"url\":\"https:\/\/toypek.two.prikr.space\/fr\/produit\/unite-de-douche-portable-toypek\/\",\"name\":\"Produit - Unit\u00e9s de douche portables \u00e0 vendre - Toypek.eu\",\"isPartOf\":{\"@id\":\"https:\/\/toypek.two.prikr.space\/fr\/#website\"},\"primaryImageOfPage\":{\"@id\":\"https:\/\/toypek.two.prikr.space\/fr\/produit\/unite-de-douche-portable-toypek\/#primaryimage\"},\"image\":{\"@id\":\"https:\/\/toypek.two.prikr.space\/fr\/produit\/unite-de-douche-portable-toypek\/#primaryimage\"},\"thumbnailUrl\":\"https:\/\/toypek.two.prikr.space\/wp-content\/uploads\/2023\/06\/tp-img-6-9.png\",\"datePublished\":\"2023-06-09T13:39:20+00:00\",\"dateModified\":\"2023-07-07T13:47:28+00:00\",\"description\":\"Nos douches mobiles sont enti\u00e8rement fabriqu\u00e9es en HDPE (poly\u00e9thyl\u00e8ne haute densit\u00e9), y compris un fond sp\u00e9cialement con\u00e7u pour notre cabine de douche mobile Toypek.\",\"breadcrumb\":{\"@id\":\"https:\/\/toypek.two.prikr.space\/fr\/produit\/unite-de-douche-portable-toypek\/#breadcrumb\"},\"inLanguage\":\"fr-FR\",\"potentialAction\":[{\"@type\":\"ReadAction\",\"target\":[\"https:\/\/toypek.two.prikr.space\/fr\/produit\/unite-de-douche-portable-toypek\/\"]}]},{\"@type\":\"ImageObject\",\"inLanguage\":\"fr-FR\",\"@id\":\"https:\/\/toypek.two.prikr.space\/fr\/produit\/unite-de-douche-portable-toypek\/#primaryimage\",\"url\":\"https:\/\/toypek.two.prikr.space\/wp-content\/uploads\/2023\/06\/tp-img-6-9.png\",\"contentUrl\":\"https:\/\/toypek.two.prikr.space\/wp-content\/uploads\/2023\/06\/tp-img-6-9.png\",\"width\":1000,\"height\":1000},{\"@type\":\"BreadcrumbList\",\"@id\":\"https:\/\/toypek.two.prikr.space\/fr\/produit\/unite-de-douche-portable-toypek\/#breadcrumb\",\"itemListElement\":[{\"@type\":\"ListItem\",\"position\":1,\"name\":\"Home\",\"item\":\"https:\/\/toypek.two.prikr.space\/fr\/\"},{\"@type\":\"ListItem\",\"position\":2,\"name\":\"Boutique\",\"item\":\"https:\/\/toypek.two.prikr.space\/fr\/gamme-de-produits\/\"},{\"@type\":\"ListItem\",\"position\":3,\"name\":\"Toypek cabine de douche mobile\"}]},{\"@type\":\"WebSite\",\"@id\":\"https:\/\/toypek.two.prikr.space\/fr\/#website\",\"url\":\"https:\/\/toypek.two.prikr.space\/fr\/\",\"name\":\"Toypek\",\"description\":\"\",\"potentialAction\":[{\"@type\":\"SearchAction\",\"target\":{\"@type\":\"EntryPoint\",\"urlTemplate\":\"https:\/\/toypek.two.prikr.space\/fr\/?s={search_term_string}\"},\"query-input\":{\"@type\":\"PropertyValueSpecification\",\"valueRequired\":true,\"valueName\":\"search_term_string\"}}],\"inLanguage\":\"fr-FR\"}]}<\/script>\n<!-- \/ Yoast SEO plugin. -->","yoast_head_json":{"title":"Produit - Unit\u00e9s de douche portables \u00e0 vendre - Toypek.eu","description":"Nos douches mobiles sont enti\u00e8rement fabriqu\u00e9es en HDPE (poly\u00e9thyl\u00e8ne haute densit\u00e9), y compris un fond sp\u00e9cialement con\u00e7u pour notre cabine de douche mobile Toypek.","robots":{"index":"noindex","follow":"follow","max-snippet":"max-snippet:-1","max-image-preview":"max-image-preview:large","max-video-preview":"max-video-preview:-1"},"og_locale":"fr_FR","og_type":"article","og_title":"Produit - Unit\u00e9s de douche portables \u00e0 vendre - Toypek.eu","og_description":"Nos douches mobiles sont enti\u00e8rement fabriqu\u00e9es en HDPE (poly\u00e9thyl\u00e8ne haute densit\u00e9), y compris un fond sp\u00e9cialement con\u00e7u pour notre cabine de douche mobile Toypek.","og_url":"https:\/\/toypek.two.prikr.space\/fr\/produit\/unite-de-douche-portable-toypek\/","og_site_name":"Toypek","article_modified_time":"2023-07-07T13:47:28+00:00","og_image":[{"width":1000,"height":1000,"url":"https:\/\/toypek.two.prikr.space\/wp-content\/uploads\/2023\/06\/tp-img-6-9.png","type":"image\/png"}],"twitter_card":"summary_large_image","twitter_misc":{"Dur\u00e9e de lecture estim\u00e9e":"2 minutes"},"schema":{"@context":"https:\/\/schema.org","@graph":[{"@type":"WebPage","@id":"https:\/\/toypek.two.prikr.space\/fr\/produit\/unite-de-douche-portable-toypek\/","url":"https:\/\/toypek.two.prikr.space\/fr\/produit\/unite-de-douche-portable-toypek\/","name":"Produit - Unit\u00e9s de douche portables \u00e0 vendre - Toypek.eu","isPartOf":{"@id":"https:\/\/toypek.two.prikr.space\/fr\/#website"},"primaryImageOfPage":{"@id":"https:\/\/toypek.two.prikr.space\/fr\/produit\/unite-de-douche-portable-toypek\/#primaryimage"},"image":{"@id":"https:\/\/toypek.two.prikr.space\/fr\/produit\/unite-de-douche-portable-toypek\/#primaryimage"},"thumbnailUrl":"https:\/\/toypek.two.prikr.space\/wp-content\/uploads\/2023\/06\/tp-img-6-9.png","datePublished":"2023-06-09T13:39:20+00:00","dateModified":"2023-07-07T13:47:28+00:00","description":"Nos douches mobiles sont enti\u00e8rement fabriqu\u00e9es en HDPE (poly\u00e9thyl\u00e8ne haute densit\u00e9), y compris un fond sp\u00e9cialement con\u00e7u pour notre cabine de douche mobile Toypek.","breadcrumb":{"@id":"https:\/\/toypek.two.prikr.space\/fr\/produit\/unite-de-douche-portable-toypek\/#breadcrumb"},"inLanguage":"fr-FR","potentialAction":[{"@type":"ReadAction","target":["https:\/\/toypek.two.prikr.space\/fr\/produit\/unite-de-douche-portable-toypek\/"]}]},{"@type":"ImageObject","inLanguage":"fr-FR","@id":"https:\/\/toypek.two.prikr.space\/fr\/produit\/unite-de-douche-portable-toypek\/#primaryimage","url":"https:\/\/toypek.two.prikr.space\/wp-content\/uploads\/2023\/06\/tp-img-6-9.png","contentUrl":"https:\/\/toypek.two.prikr.space\/wp-content\/uploads\/2023\/06\/tp-img-6-9.png","width":1000,"height":1000},{"@type":"BreadcrumbList","@id":"https:\/\/toypek.two.prikr.space\/fr\/produit\/unite-de-douche-portable-toypek\/#breadcrumb","itemListElement":[{"@type":"ListItem","position":1,"name":"Home","item":"https:\/\/toypek.two.prikr.space\/fr\/"},{"@type":"ListItem","position":2,"name":"Boutique","item":"https:\/\/toypek.two.prikr.space\/fr\/gamme-de-produits\/"},{"@type":"ListItem","position":3,"name":"Toypek cabine de douche mobile"}]},{"@type":"WebSite","@id":"https:\/\/toypek.two.prikr.space\/fr\/#website","url":"https:\/\/toypek.two.prikr.space\/fr\/","name":"Toypek","description":"","potentialAction":[{"@type":"SearchAction","target":{"@type":"EntryPoint","urlTemplate":"https:\/\/toypek.two.prikr.space\/fr\/?s={search_term_string}"},"query-input":{"@type":"PropertyValueSpecification","valueRequired":true,"valueName":"search_term_string"}}],"inLanguage":"fr-FR"}]}},"_links":{"self":[{"href":"https:\/\/toypek.two.prikr.space\/fr\/wp-json\/wp\/v2\/product\/9854","targetHints":{"allow":["GET"]}}],"collection":[{"href":"https:\/\/toypek.two.prikr.space\/fr\/wp-json\/wp\/v2\/product"}],"about":[{"href":"https:\/\/toypek.two.prikr.space\/fr\/wp-json\/wp\/v2\/types\/product"}],"replies":[{"embeddable":true,"href":"https:\/\/toypek.two.prikr.space\/fr\/wp-json\/wp\/v2\/comments?post=9854"}],"wp:featuredmedia":[{"embeddable":true,"href":"https:\/\/toypek.two.prikr.space\/fr\/wp-json\/wp\/v2\/media\/14421"}],"wp:attachment":[{"href":"https:\/\/toypek.two.prikr.space\/fr\/wp-json\/wp\/v2\/media?parent=9854"}],"wp:term":[{"taxonomy":"product_cat","embeddable":true,"href":"https:\/\/toypek.two.prikr.space\/fr\/wp-json\/wp\/v2\/product_cat?post=9854"},{"taxonomy":"product_tag","embeddable":true,"href":"https:\/\/toypek.two.prikr.space\/fr\/wp-json\/wp\/v2\/product_tag?post=9854"}],"curies":[{"name":"wp","href":"https:\/\/api.w.org\/{rel}","templated":true}]}}