{"id":9221,"date":"2023-06-09T12:14:02","date_gmt":"2023-06-09T12:14:02","guid":{"rendered":"https:\/\/toypek.two.prikr.space\/product\/toypek-mobiel-toilet-2\/"},"modified":"2023-07-07T13:44:01","modified_gmt":"2023-07-07T13:44:01","slug":"toilette-portable-toypek","status":"publish","type":"product","link":"https:\/\/toypek.two.prikr.space\/fr\/produit\/toilette-portable-toypek\/","title":{"rendered":"Toilettes transportables &#8211; Toypek 3000"},"content":{"rendered":"\n<p>Nos toilettes mobiles sont fabriqu&eacute;es en plastique HDPE (poly&eacute;thyl&egrave;ne haute densit&eacute;) r&eacute;sistant au vandalisme, ce qui garantit leur long&eacute;vit&eacute; et la conservation de leurs couleurs &eacute;clatantes. En choisissant nos cabines de toilettes, vous b&eacute;n&eacute;ficiez de faibles co&ucirc;ts d&rsquo;entretien et d&rsquo;une solution durable. Ces unit&eacute;s sanitaires sont con&ccedil;ues pour r&eacute;pondre aux besoins des parties lou&eacute;es et de leurs utilisateurs ! Pour tous les besoins sanitaires, nous avons une toilette portative &agrave; vendre qui r&eacute;pondra aux exigences.<\/p>\n<p>Les avantages de nos toilettes transportables Toypek sont les suivants :<\/p>\n<ul>\n<li>Processus de d&eacute;veloppement rigoureux pour r&eacute;sister au vandalisme.<\/li>\n<li>Surfaces faciles &agrave; nettoyer avec des c&ocirc;t&eacute;s lisses et r&eacute;guliers.<\/li>\n<li>Poign&eacute;es &eacute;largies pour une plus grande commodit&eacute;.<\/li>\n<li>Portes &eacute;quip&eacute;es de 2 broches en acier pour la suspension.<\/li>\n<li>Encoches sur le fond pour un chargement et un d&eacute;chargement sans effort.<\/li>\n<li>Densit&eacute; de couleurs vives de 7 points sur 8, gr&acirc;ce au plastique HDPE.<\/li>\n<li>Ressorts de porte robustes pour une fermeture s&ucirc;re.<\/li>\n<li>Conception compacte pour un transport rentable.<\/li>\n<li>Surfaces publicitaires sur la porte et les 3 panneaux &agrave; des fins de marketing.<\/li>\n<li>Si&egrave;ge allong&eacute; pour le confort de l&rsquo;utilisateur, r&eacute;duisant le temps de nettoyage des toilettes chimiques en minimisant les &eacute;claboussures et en am&eacute;liorant la vis&eacute;e.<\/li>\n<\/ul>\n\n","protected":false},"excerpt":{"rendered":"<p>Personnalisez vos toilettes transportables en fonction de vos pr\u00e9f\u00e9rences. Nos toilettes chimiques peuvent \u00eatre enti\u00e8rement personnalis\u00e9es pour r\u00e9pondre \u00e0 vos besoins sp\u00e9cifiques. Lors de l&rsquo;achat d&rsquo;un WC portable, tenez compte de l&rsquo;utilisation pr\u00e9vue, des options de couleur, des caract\u00e9ristiques suppl\u00e9mentaires et des quantit\u00e9s n\u00e9cessaires. Nous offrons m\u00eame la possibilit\u00e9 de fabriquer les unit\u00e9s de toilettes dans la couleur de votre choix.<\/p>\n","protected":false},"featured_media":14356,"comment_status":"open","ping_status":"closed","template":"","meta":{"_acf_changed":false},"product_cat":[84],"product_tag":[],"class_list":{"0":"post-9221","1":"product","2":"type-product","3":"status-publish","4":"has-post-thumbnail","6":"product_cat-toilettes-mobiles","8":"first","9":"instock","10":"shipping-taxable","11":"product-type-variable"},"acf":[],"yoast_head":"<!-- This site is optimized with the Yoast SEO plugin v23.6 - https:\/\/yoast.com\/wordpress\/plugins\/seo\/ -->\n<title>Produit - Toilettes portables \u00e0 vendre - toilettes chimiques Toypek<\/title>\n<meta name=\"description\" content=\"Nos toilettes mobiles sont construites en plastique HDPE (poly\u00e9thyl\u00e8ne haute densit\u00e9) r\u00e9sistant \u00e0 la vandalisation, garantissant une long\u00e9vit\u00e9 et une r\u00e9tention des couleurs vibrantes. Lorsque vous choisissez nos cabines de toilettes, vous b\u00e9n\u00e9ficiez de co\u00fbts d&#039;entretien r\u00e9duits et d&#039;une solution durable.\" \/>\n<meta name=\"robots\" content=\"noindex, follow, max-snippet:-1, max-image-preview:large, max-video-preview:-1\" \/>\n<meta property=\"og:locale\" content=\"fr_FR\" \/>\n<meta property=\"og:type\" content=\"article\" \/>\n<meta property=\"og:title\" content=\"Produit - Toilettes portables \u00e0 vendre - toilettes chimiques Toypek\" \/>\n<meta property=\"og:description\" content=\"Nos toilettes mobiles sont construites en plastique HDPE (poly\u00e9thyl\u00e8ne haute densit\u00e9) r\u00e9sistant \u00e0 la vandalisation, garantissant une long\u00e9vit\u00e9 et une r\u00e9tention des couleurs vibrantes. Lorsque vous choisissez nos cabines de toilettes, vous b\u00e9n\u00e9ficiez de co\u00fbts d&#039;entretien r\u00e9duits et d&#039;une solution durable.\" \/>\n<meta property=\"og:url\" content=\"https:\/\/toypek.two.prikr.space\/fr\/produit\/toilette-portable-toypek\/\" \/>\n<meta property=\"og:site_name\" content=\"Toypek\" \/>\n<meta property=\"article:modified_time\" content=\"2023-07-07T13:44:01+00:00\" \/>\n<meta property=\"og:image\" content=\"https:\/\/toypek.two.prikr.space\/wp-content\/uploads\/2023\/06\/tp-img-01-52.png\" \/>\n\t<meta property=\"og:image:width\" content=\"1000\" \/>\n\t<meta property=\"og:image:height\" content=\"1000\" \/>\n\t<meta property=\"og:image:type\" content=\"image\/png\" \/>\n<meta name=\"twitter:card\" content=\"summary_large_image\" \/>\n<meta name=\"twitter:label1\" content=\"Dur\u00e9e de lecture estim\u00e9e\" \/>\n\t<meta name=\"twitter:data1\" content=\"2 minutes\" \/>\n<script type=\"application\/ld+json\" class=\"yoast-schema-graph\">{\"@context\":\"https:\/\/schema.org\",\"@graph\":[{\"@type\":\"WebPage\",\"@id\":\"https:\/\/toypek.two.prikr.space\/fr\/produit\/toilette-portable-toypek\/\",\"url\":\"https:\/\/toypek.two.prikr.space\/fr\/produit\/toilette-portable-toypek\/\",\"name\":\"Produit - Toilettes portables \u00e0 vendre - toilettes chimiques Toypek\",\"isPartOf\":{\"@id\":\"https:\/\/toypek.two.prikr.space\/fr\/#website\"},\"primaryImageOfPage\":{\"@id\":\"https:\/\/toypek.two.prikr.space\/fr\/produit\/toilette-portable-toypek\/#primaryimage\"},\"image\":{\"@id\":\"https:\/\/toypek.two.prikr.space\/fr\/produit\/toilette-portable-toypek\/#primaryimage\"},\"thumbnailUrl\":\"https:\/\/toypek.two.prikr.space\/wp-content\/uploads\/2023\/06\/tp-img-01-52.png\",\"datePublished\":\"2023-06-09T12:14:02+00:00\",\"dateModified\":\"2023-07-07T13:44:01+00:00\",\"description\":\"Nos toilettes mobiles sont construites en plastique HDPE (poly\u00e9thyl\u00e8ne haute densit\u00e9) r\u00e9sistant \u00e0 la vandalisation, garantissant une long\u00e9vit\u00e9 et une r\u00e9tention des couleurs vibrantes. Lorsque vous choisissez nos cabines de toilettes, vous b\u00e9n\u00e9ficiez de co\u00fbts d'entretien r\u00e9duits et d'une solution durable.\",\"breadcrumb\":{\"@id\":\"https:\/\/toypek.two.prikr.space\/fr\/produit\/toilette-portable-toypek\/#breadcrumb\"},\"inLanguage\":\"fr-FR\",\"potentialAction\":[{\"@type\":\"ReadAction\",\"target\":[\"https:\/\/toypek.two.prikr.space\/fr\/produit\/toilette-portable-toypek\/\"]}]},{\"@type\":\"ImageObject\",\"inLanguage\":\"fr-FR\",\"@id\":\"https:\/\/toypek.two.prikr.space\/fr\/produit\/toilette-portable-toypek\/#primaryimage\",\"url\":\"https:\/\/toypek.two.prikr.space\/wp-content\/uploads\/2023\/06\/tp-img-01-52.png\",\"contentUrl\":\"https:\/\/toypek.two.prikr.space\/wp-content\/uploads\/2023\/06\/tp-img-01-52.png\",\"width\":1000,\"height\":1000},{\"@type\":\"BreadcrumbList\",\"@id\":\"https:\/\/toypek.two.prikr.space\/fr\/produit\/toilette-portable-toypek\/#breadcrumb\",\"itemListElement\":[{\"@type\":\"ListItem\",\"position\":1,\"name\":\"Home\",\"item\":\"https:\/\/toypek.two.prikr.space\/fr\/\"},{\"@type\":\"ListItem\",\"position\":2,\"name\":\"Boutique\",\"item\":\"https:\/\/toypek.two.prikr.space\/fr\/gamme-de-produits\/\"},{\"@type\":\"ListItem\",\"position\":3,\"name\":\"Toilettes transportables &#8211; Toypek 3000\"}]},{\"@type\":\"WebSite\",\"@id\":\"https:\/\/toypek.two.prikr.space\/fr\/#website\",\"url\":\"https:\/\/toypek.two.prikr.space\/fr\/\",\"name\":\"Toypek\",\"description\":\"\",\"potentialAction\":[{\"@type\":\"SearchAction\",\"target\":{\"@type\":\"EntryPoint\",\"urlTemplate\":\"https:\/\/toypek.two.prikr.space\/fr\/?s={search_term_string}\"},\"query-input\":{\"@type\":\"PropertyValueSpecification\",\"valueRequired\":true,\"valueName\":\"search_term_string\"}}],\"inLanguage\":\"fr-FR\"}]}<\/script>\n<!-- \/ Yoast SEO plugin. -->","yoast_head_json":{"title":"Produit - Toilettes portables \u00e0 vendre - toilettes chimiques Toypek","description":"Nos toilettes mobiles sont construites en plastique HDPE (poly\u00e9thyl\u00e8ne haute densit\u00e9) r\u00e9sistant \u00e0 la vandalisation, garantissant une long\u00e9vit\u00e9 et une r\u00e9tention des couleurs vibrantes. Lorsque vous choisissez nos cabines de toilettes, vous b\u00e9n\u00e9ficiez de co\u00fbts d'entretien r\u00e9duits et d'une solution durable.","robots":{"index":"noindex","follow":"follow","max-snippet":"max-snippet:-1","max-image-preview":"max-image-preview:large","max-video-preview":"max-video-preview:-1"},"og_locale":"fr_FR","og_type":"article","og_title":"Produit - Toilettes portables \u00e0 vendre - toilettes chimiques Toypek","og_description":"Nos toilettes mobiles sont construites en plastique HDPE (poly\u00e9thyl\u00e8ne haute densit\u00e9) r\u00e9sistant \u00e0 la vandalisation, garantissant une long\u00e9vit\u00e9 et une r\u00e9tention des couleurs vibrantes. Lorsque vous choisissez nos cabines de toilettes, vous b\u00e9n\u00e9ficiez de co\u00fbts d'entretien r\u00e9duits et d'une solution durable.","og_url":"https:\/\/toypek.two.prikr.space\/fr\/produit\/toilette-portable-toypek\/","og_site_name":"Toypek","article_modified_time":"2023-07-07T13:44:01+00:00","og_image":[{"width":1000,"height":1000,"url":"https:\/\/toypek.two.prikr.space\/wp-content\/uploads\/2023\/06\/tp-img-01-52.png","type":"image\/png"}],"twitter_card":"summary_large_image","twitter_misc":{"Dur\u00e9e de lecture estim\u00e9e":"2 minutes"},"schema":{"@context":"https:\/\/schema.org","@graph":[{"@type":"WebPage","@id":"https:\/\/toypek.two.prikr.space\/fr\/produit\/toilette-portable-toypek\/","url":"https:\/\/toypek.two.prikr.space\/fr\/produit\/toilette-portable-toypek\/","name":"Produit - Toilettes portables \u00e0 vendre - toilettes chimiques Toypek","isPartOf":{"@id":"https:\/\/toypek.two.prikr.space\/fr\/#website"},"primaryImageOfPage":{"@id":"https:\/\/toypek.two.prikr.space\/fr\/produit\/toilette-portable-toypek\/#primaryimage"},"image":{"@id":"https:\/\/toypek.two.prikr.space\/fr\/produit\/toilette-portable-toypek\/#primaryimage"},"thumbnailUrl":"https:\/\/toypek.two.prikr.space\/wp-content\/uploads\/2023\/06\/tp-img-01-52.png","datePublished":"2023-06-09T12:14:02+00:00","dateModified":"2023-07-07T13:44:01+00:00","description":"Nos toilettes mobiles sont construites en plastique HDPE (poly\u00e9thyl\u00e8ne haute densit\u00e9) r\u00e9sistant \u00e0 la vandalisation, garantissant une long\u00e9vit\u00e9 et une r\u00e9tention des couleurs vibrantes. Lorsque vous choisissez nos cabines de toilettes, vous b\u00e9n\u00e9ficiez de co\u00fbts d'entretien r\u00e9duits et d'une solution durable.","breadcrumb":{"@id":"https:\/\/toypek.two.prikr.space\/fr\/produit\/toilette-portable-toypek\/#breadcrumb"},"inLanguage":"fr-FR","potentialAction":[{"@type":"ReadAction","target":["https:\/\/toypek.two.prikr.space\/fr\/produit\/toilette-portable-toypek\/"]}]},{"@type":"ImageObject","inLanguage":"fr-FR","@id":"https:\/\/toypek.two.prikr.space\/fr\/produit\/toilette-portable-toypek\/#primaryimage","url":"https:\/\/toypek.two.prikr.space\/wp-content\/uploads\/2023\/06\/tp-img-01-52.png","contentUrl":"https:\/\/toypek.two.prikr.space\/wp-content\/uploads\/2023\/06\/tp-img-01-52.png","width":1000,"height":1000},{"@type":"BreadcrumbList","@id":"https:\/\/toypek.two.prikr.space\/fr\/produit\/toilette-portable-toypek\/#breadcrumb","itemListElement":[{"@type":"ListItem","position":1,"name":"Home","item":"https:\/\/toypek.two.prikr.space\/fr\/"},{"@type":"ListItem","position":2,"name":"Boutique","item":"https:\/\/toypek.two.prikr.space\/fr\/gamme-de-produits\/"},{"@type":"ListItem","position":3,"name":"Toilettes transportables &#8211; Toypek 3000"}]},{"@type":"WebSite","@id":"https:\/\/toypek.two.prikr.space\/fr\/#website","url":"https:\/\/toypek.two.prikr.space\/fr\/","name":"Toypek","description":"","potentialAction":[{"@type":"SearchAction","target":{"@type":"EntryPoint","urlTemplate":"https:\/\/toypek.two.prikr.space\/fr\/?s={search_term_string}"},"query-input":{"@type":"PropertyValueSpecification","valueRequired":true,"valueName":"search_term_string"}}],"inLanguage":"fr-FR"}]}},"_links":{"self":[{"href":"https:\/\/toypek.two.prikr.space\/fr\/wp-json\/wp\/v2\/product\/9221","targetHints":{"allow":["GET"]}}],"collection":[{"href":"https:\/\/toypek.two.prikr.space\/fr\/wp-json\/wp\/v2\/product"}],"about":[{"href":"https:\/\/toypek.two.prikr.space\/fr\/wp-json\/wp\/v2\/types\/product"}],"replies":[{"embeddable":true,"href":"https:\/\/toypek.two.prikr.space\/fr\/wp-json\/wp\/v2\/comments?post=9221"}],"wp:featuredmedia":[{"embeddable":true,"href":"https:\/\/toypek.two.prikr.space\/fr\/wp-json\/wp\/v2\/media\/14356"}],"wp:attachment":[{"href":"https:\/\/toypek.two.prikr.space\/fr\/wp-json\/wp\/v2\/media?parent=9221"}],"wp:term":[{"taxonomy":"product_cat","embeddable":true,"href":"https:\/\/toypek.two.prikr.space\/fr\/wp-json\/wp\/v2\/product_cat?post=9221"},{"taxonomy":"product_tag","embeddable":true,"href":"https:\/\/toypek.two.prikr.space\/fr\/wp-json\/wp\/v2\/product_tag?post=9221"}],"curies":[{"name":"wp","href":"https:\/\/api.w.org\/{rel}","templated":true}]}}