{"id":12468,"date":"2023-06-09T13:00:57","date_gmt":"2023-06-09T13:00:57","guid":{"rendered":"https:\/\/toypek.two.prikr.space\/product\/dubbele-toiletaanhanger-2\/"},"modified":"2023-07-07T13:40:55","modified_gmt":"2023-07-07T13:40:55","slug":"remorque-de-toilettes-portables-double","status":"publish","type":"product","link":"https:\/\/toypek.two.prikr.space\/fr\/produit\/remorque-de-toilettes-portables-double\/","title":{"rendered":"Remorque double toilettes type 2"},"content":{"rendered":"\n<p>Notre remorque double pour toilettes est construite avec des mat&eacute;riaux de haute qualit&eacute; et r&eacute;pond aux normes d&rsquo;inspection en vigueur dans toute l&rsquo;Europe. Elle comporte deux marches et quatre pieds stabilisateurs pour une meilleure stabilit&eacute;. Sp&eacute;cialement con&ccedil;ues pour nos cabines Toypek, les cabines de toilette sont solidement fix&eacute;es &agrave; la remorque double pour toilettes &agrave; l&rsquo;aide de quatre plaques d&rsquo;aluminium et de boulons M10 X 80 avec contre-&eacute;crous. La remorque double pour toilettes est facile &agrave; entretenir, convient &agrave; diff&eacute;rents terrains et ne n&eacute;cessite qu&rsquo;un minimum d&rsquo;entretien.<\/p>\n<p>Les remorques toilettes sont &eacute;quip&eacute;es de :<\/p>\n<ul>\n<li>Marchepieds arri&egrave;re (2x) couvrant la largeur de la remorque et un marchepied lat&eacute;ral ;<\/li>\n<li>Roue de support avant ;<\/li>\n<li>Deux pieds de support coulissants &agrave; l&rsquo;avant ;<\/li>\n<li>Deux pieds de support coulissants &agrave; l&rsquo;arri&egrave;re ;<\/li>\n<li>Clips de plaque d&rsquo;immatriculation mont&eacute;s ;<\/li>\n<li>Deux plaques d&rsquo;aluminium pour le montage de la cabine de toilette.<\/li>\n<\/ul>\n\n","protected":false},"excerpt":{"rendered":"<p>Personnalisez votre propre remorque double toilettes selon vos pr\u00e9f\u00e9rences. Nous avons une remorque de toilettes adapt\u00e9e \u00e0 vendre pour offrir une solution pratique et portable pour tous les besoins sanitaires. Nos remorques toilettes peuvent \u00eatre enti\u00e8rement personnalis\u00e9es pour r\u00e9pondre \u00e0 vos besoins sp\u00e9cifiques. Lors de la location d&rsquo;unit\u00e9s sanitaires mobiles, il est important de prendre en compte l&rsquo;utilisation pr\u00e9vue et de choisir les options suppl\u00e9mentaires, les couleurs et les quantit\u00e9s souhait\u00e9es. En outre, nos remorques de toilettes sont con\u00e7ues pour aider les soci\u00e9t\u00e9s de location de remorques de toilettes portables dans leurs activit\u00e9s de transport !<\/p>\n","protected":false},"featured_media":12237,"comment_status":"open","ping_status":"closed","template":"","meta":{"_acf_changed":false},"product_cat":[69],"product_tag":[],"class_list":{"0":"post-12468","1":"product","2":"type-product","3":"status-publish","4":"has-post-thumbnail","6":"product_cat-remorque-de-toilette","8":"first","9":"instock","10":"shipping-taxable","11":"product-type-variable"},"acf":[],"yoast_head":"<!-- This site is optimized with the Yoast SEO plugin v23.6 - https:\/\/yoast.com\/wordpress\/plugins\/seo\/ -->\n<title>Produit - Remorque de toilettes portable et sanitaire double<\/title>\n<meta name=\"description\" content=\"Notre remorque double toilette est construite avec des mat\u00e9riaux de haute qualit\u00e9 et est conforme aux normes d&#039;inspection pour toute l&#039;Europe.\" \/>\n<meta name=\"robots\" content=\"noindex, follow, max-snippet:-1, max-image-preview:large, max-video-preview:-1\" \/>\n<meta property=\"og:locale\" content=\"fr_FR\" \/>\n<meta property=\"og:type\" content=\"article\" \/>\n<meta property=\"og:title\" content=\"Produit - Remorque de toilettes portable et sanitaire double\" \/>\n<meta property=\"og:description\" content=\"Notre remorque double toilette est construite avec des mat\u00e9riaux de haute qualit\u00e9 et est conforme aux normes d&#039;inspection pour toute l&#039;Europe.\" \/>\n<meta property=\"og:url\" content=\"https:\/\/toypek.two.prikr.space\/fr\/produit\/remorque-de-toilettes-portables-double\/\" \/>\n<meta property=\"og:site_name\" content=\"Toypek\" \/>\n<meta property=\"article:modified_time\" content=\"2023-07-07T13:40:55+00:00\" \/>\n<meta property=\"og:image\" content=\"https:\/\/toypek.two.prikr.space\/wp-content\/uploads\/2023\/06\/tp-img-204.png\" \/>\n\t<meta property=\"og:image:width\" content=\"1000\" \/>\n\t<meta property=\"og:image:height\" content=\"1000\" \/>\n\t<meta property=\"og:image:type\" content=\"image\/png\" \/>\n<meta name=\"twitter:card\" content=\"summary_large_image\" \/>\n<meta name=\"twitter:label1\" content=\"Dur\u00e9e de lecture estim\u00e9e\" \/>\n\t<meta name=\"twitter:data1\" content=\"1 minute\" \/>\n<script type=\"application\/ld+json\" class=\"yoast-schema-graph\">{\"@context\":\"https:\/\/schema.org\",\"@graph\":[{\"@type\":\"WebPage\",\"@id\":\"https:\/\/toypek.two.prikr.space\/fr\/produit\/remorque-de-toilettes-portables-double\/\",\"url\":\"https:\/\/toypek.two.prikr.space\/fr\/produit\/remorque-de-toilettes-portables-double\/\",\"name\":\"Produit - Remorque de toilettes portable et sanitaire double\",\"isPartOf\":{\"@id\":\"https:\/\/toypek.two.prikr.space\/fr\/#website\"},\"primaryImageOfPage\":{\"@id\":\"https:\/\/toypek.two.prikr.space\/fr\/produit\/remorque-de-toilettes-portables-double\/#primaryimage\"},\"image\":{\"@id\":\"https:\/\/toypek.two.prikr.space\/fr\/produit\/remorque-de-toilettes-portables-double\/#primaryimage\"},\"thumbnailUrl\":\"https:\/\/toypek.two.prikr.space\/wp-content\/uploads\/2023\/06\/tp-img-204.png\",\"datePublished\":\"2023-06-09T13:00:57+00:00\",\"dateModified\":\"2023-07-07T13:40:55+00:00\",\"description\":\"Notre remorque double toilette est construite avec des mat\u00e9riaux de haute qualit\u00e9 et est conforme aux normes d'inspection pour toute l'Europe.\",\"breadcrumb\":{\"@id\":\"https:\/\/toypek.two.prikr.space\/fr\/produit\/remorque-de-toilettes-portables-double\/#breadcrumb\"},\"inLanguage\":\"fr-FR\",\"potentialAction\":[{\"@type\":\"ReadAction\",\"target\":[\"https:\/\/toypek.two.prikr.space\/fr\/produit\/remorque-de-toilettes-portables-double\/\"]}]},{\"@type\":\"ImageObject\",\"inLanguage\":\"fr-FR\",\"@id\":\"https:\/\/toypek.two.prikr.space\/fr\/produit\/remorque-de-toilettes-portables-double\/#primaryimage\",\"url\":\"https:\/\/toypek.two.prikr.space\/wp-content\/uploads\/2023\/06\/tp-img-204.png\",\"contentUrl\":\"https:\/\/toypek.two.prikr.space\/wp-content\/uploads\/2023\/06\/tp-img-204.png\",\"width\":1000,\"height\":1000},{\"@type\":\"BreadcrumbList\",\"@id\":\"https:\/\/toypek.two.prikr.space\/fr\/produit\/remorque-de-toilettes-portables-double\/#breadcrumb\",\"itemListElement\":[{\"@type\":\"ListItem\",\"position\":1,\"name\":\"Home\",\"item\":\"https:\/\/toypek.two.prikr.space\/fr\/\"},{\"@type\":\"ListItem\",\"position\":2,\"name\":\"Boutique\",\"item\":\"https:\/\/toypek.two.prikr.space\/fr\/gamme-de-produits\/\"},{\"@type\":\"ListItem\",\"position\":3,\"name\":\"Remorque double toilettes type 2\"}]},{\"@type\":\"WebSite\",\"@id\":\"https:\/\/toypek.two.prikr.space\/fr\/#website\",\"url\":\"https:\/\/toypek.two.prikr.space\/fr\/\",\"name\":\"Toypek\",\"description\":\"\",\"potentialAction\":[{\"@type\":\"SearchAction\",\"target\":{\"@type\":\"EntryPoint\",\"urlTemplate\":\"https:\/\/toypek.two.prikr.space\/fr\/?s={search_term_string}\"},\"query-input\":{\"@type\":\"PropertyValueSpecification\",\"valueRequired\":true,\"valueName\":\"search_term_string\"}}],\"inLanguage\":\"fr-FR\"}]}<\/script>\n<!-- \/ Yoast SEO plugin. -->","yoast_head_json":{"title":"Produit - Remorque de toilettes portable et sanitaire double","description":"Notre remorque double toilette est construite avec des mat\u00e9riaux de haute qualit\u00e9 et est conforme aux normes d'inspection pour toute l'Europe.","robots":{"index":"noindex","follow":"follow","max-snippet":"max-snippet:-1","max-image-preview":"max-image-preview:large","max-video-preview":"max-video-preview:-1"},"og_locale":"fr_FR","og_type":"article","og_title":"Produit - Remorque de toilettes portable et sanitaire double","og_description":"Notre remorque double toilette est construite avec des mat\u00e9riaux de haute qualit\u00e9 et est conforme aux normes d'inspection pour toute l'Europe.","og_url":"https:\/\/toypek.two.prikr.space\/fr\/produit\/remorque-de-toilettes-portables-double\/","og_site_name":"Toypek","article_modified_time":"2023-07-07T13:40:55+00:00","og_image":[{"width":1000,"height":1000,"url":"https:\/\/toypek.two.prikr.space\/wp-content\/uploads\/2023\/06\/tp-img-204.png","type":"image\/png"}],"twitter_card":"summary_large_image","twitter_misc":{"Dur\u00e9e de lecture estim\u00e9e":"1 minute"},"schema":{"@context":"https:\/\/schema.org","@graph":[{"@type":"WebPage","@id":"https:\/\/toypek.two.prikr.space\/fr\/produit\/remorque-de-toilettes-portables-double\/","url":"https:\/\/toypek.two.prikr.space\/fr\/produit\/remorque-de-toilettes-portables-double\/","name":"Produit - Remorque de toilettes portable et sanitaire double","isPartOf":{"@id":"https:\/\/toypek.two.prikr.space\/fr\/#website"},"primaryImageOfPage":{"@id":"https:\/\/toypek.two.prikr.space\/fr\/produit\/remorque-de-toilettes-portables-double\/#primaryimage"},"image":{"@id":"https:\/\/toypek.two.prikr.space\/fr\/produit\/remorque-de-toilettes-portables-double\/#primaryimage"},"thumbnailUrl":"https:\/\/toypek.two.prikr.space\/wp-content\/uploads\/2023\/06\/tp-img-204.png","datePublished":"2023-06-09T13:00:57+00:00","dateModified":"2023-07-07T13:40:55+00:00","description":"Notre remorque double toilette est construite avec des mat\u00e9riaux de haute qualit\u00e9 et est conforme aux normes d'inspection pour toute l'Europe.","breadcrumb":{"@id":"https:\/\/toypek.two.prikr.space\/fr\/produit\/remorque-de-toilettes-portables-double\/#breadcrumb"},"inLanguage":"fr-FR","potentialAction":[{"@type":"ReadAction","target":["https:\/\/toypek.two.prikr.space\/fr\/produit\/remorque-de-toilettes-portables-double\/"]}]},{"@type":"ImageObject","inLanguage":"fr-FR","@id":"https:\/\/toypek.two.prikr.space\/fr\/produit\/remorque-de-toilettes-portables-double\/#primaryimage","url":"https:\/\/toypek.two.prikr.space\/wp-content\/uploads\/2023\/06\/tp-img-204.png","contentUrl":"https:\/\/toypek.two.prikr.space\/wp-content\/uploads\/2023\/06\/tp-img-204.png","width":1000,"height":1000},{"@type":"BreadcrumbList","@id":"https:\/\/toypek.two.prikr.space\/fr\/produit\/remorque-de-toilettes-portables-double\/#breadcrumb","itemListElement":[{"@type":"ListItem","position":1,"name":"Home","item":"https:\/\/toypek.two.prikr.space\/fr\/"},{"@type":"ListItem","position":2,"name":"Boutique","item":"https:\/\/toypek.two.prikr.space\/fr\/gamme-de-produits\/"},{"@type":"ListItem","position":3,"name":"Remorque double toilettes type 2"}]},{"@type":"WebSite","@id":"https:\/\/toypek.two.prikr.space\/fr\/#website","url":"https:\/\/toypek.two.prikr.space\/fr\/","name":"Toypek","description":"","potentialAction":[{"@type":"SearchAction","target":{"@type":"EntryPoint","urlTemplate":"https:\/\/toypek.two.prikr.space\/fr\/?s={search_term_string}"},"query-input":{"@type":"PropertyValueSpecification","valueRequired":true,"valueName":"search_term_string"}}],"inLanguage":"fr-FR"}]}},"_links":{"self":[{"href":"https:\/\/toypek.two.prikr.space\/fr\/wp-json\/wp\/v2\/product\/12468","targetHints":{"allow":["GET"]}}],"collection":[{"href":"https:\/\/toypek.two.prikr.space\/fr\/wp-json\/wp\/v2\/product"}],"about":[{"href":"https:\/\/toypek.two.prikr.space\/fr\/wp-json\/wp\/v2\/types\/product"}],"replies":[{"embeddable":true,"href":"https:\/\/toypek.two.prikr.space\/fr\/wp-json\/wp\/v2\/comments?post=12468"}],"wp:featuredmedia":[{"embeddable":true,"href":"https:\/\/toypek.two.prikr.space\/fr\/wp-json\/wp\/v2\/media\/12237"}],"wp:attachment":[{"href":"https:\/\/toypek.two.prikr.space\/fr\/wp-json\/wp\/v2\/media?parent=12468"}],"wp:term":[{"taxonomy":"product_cat","embeddable":true,"href":"https:\/\/toypek.two.prikr.space\/fr\/wp-json\/wp\/v2\/product_cat?post=12468"},{"taxonomy":"product_tag","embeddable":true,"href":"https:\/\/toypek.two.prikr.space\/fr\/wp-json\/wp\/v2\/product_tag?post=12468"}],"curies":[{"name":"wp","href":"https:\/\/api.w.org\/{rel}","templated":true}]}}