{"id":11822,"date":"2023-06-09T13:09:41","date_gmt":"2023-06-09T13:09:41","guid":{"rendered":"https:\/\/toypek.two.prikr.space\/product\/single-toiletaanhanger-2\/"},"modified":"2023-07-07T13:41:54","modified_gmt":"2023-07-07T13:41:54","slug":"remorque-de-toilettes-portables-individuelle","status":"publish","type":"product","link":"https:\/\/toypek.two.prikr.space\/fr\/produit\/remorque-de-toilettes-portables-individuelle\/","title":{"rendered":"Cabine \u00e0 toilettes individuelles Type 1"},"content":{"rendered":"\n<p>La cabine &agrave; toilettes simples de type 1 est construite avec des mat&eacute;riaux de haute qualit&eacute;. Elle est accompagn&eacute;e d&rsquo;une d&eacute;claration COC, ce qui permet de l&rsquo;utiliser dans toute l&rsquo;Europe. La cabine &agrave; toilettes individuelles de type 1 est &eacute;quip&eacute;e de 2 ou 3 pieds stabilisateurs et d&rsquo;une &eacute;chelle en treillis facile &agrave; nettoyer. Les cabines de toilettes portables ont &eacute;t&eacute; sp&eacute;cialement con&ccedil;ues pour accueillir nos cabines Toypek. Les cabines sont solidement fix&eacute;es &agrave; la cabine de toilettes portables simples de type 1 &agrave; l&rsquo;aide de corni&egrave;res, de plaques d&rsquo;aluminium, de boulons et de contre-&eacute;crous. La cabine est &eacute;quip&eacute;e d&rsquo;&oelig;illets permettant de fixer les cabines &agrave; l&rsquo;aide de sangles de tension, ce qui garantit qu&rsquo;elles restent fermement attach&eacute;es. Nos cabines de toilettes sont faciles &agrave; nettoyer, n&eacute;cessitent un entretien minimal et peuvent &ecirc;tre utilis&eacute;es sur n&rsquo;importe quel terrain !<\/p>\n\n","protected":false},"excerpt":{"rendered":"<p>Personnalisez votre propre cabine de toilettes en fonction de vos pr\u00e9f\u00e9rences. Nos cabines toilettes peuvent \u00eatre enti\u00e8rement personnalis\u00e9es pour r\u00e9pondre \u00e0 vos besoins sp\u00e9cifiques. Lorsque vous louez des produits sanitaires mobiles, il est important de tenir compte de l&rsquo;utilisation pr\u00e9vue, des options suppl\u00e9mentaires souhait\u00e9es, de la couleur et de la quantit\u00e9. Nous proposons \u00e0 la vente des toilettes portables sur cabine, offrant des solutions pratiques et hygi\u00e9niques pour vos besoins sanitaires. Nos cabines toilettes peuvent \u00e9galement aider les soci\u00e9t\u00e9s de location dans leurs activit\u00e9s de transport !<\/p>\n","protected":false},"featured_media":11236,"comment_status":"open","ping_status":"closed","template":"","meta":{"_acf_changed":false},"product_cat":[69],"product_tag":[],"class_list":{"0":"post-11822","1":"product","2":"type-product","3":"status-publish","4":"has-post-thumbnail","6":"product_cat-remorque-de-toilette","8":"first","9":"instock","10":"shipping-taxable","11":"product-type-variable"},"acf":[],"yoast_head":"<!-- This site is optimized with the Yoast SEO plugin v23.6 - https:\/\/yoast.com\/wordpress\/plugins\/seo\/ -->\n<title>Produit - Remorque de toilettes portables individuelle \u00e0 vendre<\/title>\n<meta name=\"description\" content=\"La remorque de toilette individuelle de type 1 est fabriqu\u00e9e avec des mat\u00e9riaux de haute qualit\u00e9. Elle est accompagn\u00e9e d&#039;une d\u00e9claration COC, permettant son utilisation dans toute l&#039;Europe.\" \/>\n<meta name=\"robots\" content=\"noindex, follow, max-snippet:-1, max-image-preview:large, max-video-preview:-1\" \/>\n<meta property=\"og:locale\" content=\"fr_FR\" \/>\n<meta property=\"og:type\" content=\"article\" \/>\n<meta property=\"og:title\" content=\"Produit - Remorque de toilettes portables individuelle \u00e0 vendre\" \/>\n<meta property=\"og:description\" content=\"La remorque de toilette individuelle de type 1 est fabriqu\u00e9e avec des mat\u00e9riaux de haute qualit\u00e9. Elle est accompagn\u00e9e d&#039;une d\u00e9claration COC, permettant son utilisation dans toute l&#039;Europe.\" \/>\n<meta property=\"og:url\" content=\"https:\/\/toypek.two.prikr.space\/fr\/produit\/remorque-de-toilettes-portables-individuelle\/\" \/>\n<meta property=\"og:site_name\" content=\"Toypek\" \/>\n<meta property=\"article:modified_time\" content=\"2023-07-07T13:41:54+00:00\" \/>\n<meta property=\"og:image\" content=\"https:\/\/toypek.two.prikr.space\/wp-content\/uploads\/2023\/06\/tp-img-216.png\" \/>\n\t<meta property=\"og:image:width\" content=\"1000\" \/>\n\t<meta property=\"og:image:height\" content=\"1000\" \/>\n\t<meta property=\"og:image:type\" content=\"image\/png\" \/>\n<meta name=\"twitter:card\" content=\"summary_large_image\" \/>\n<meta name=\"twitter:label1\" content=\"Dur\u00e9e de lecture estim\u00e9e\" \/>\n\t<meta name=\"twitter:data1\" content=\"1 minute\" \/>\n<script type=\"application\/ld+json\" class=\"yoast-schema-graph\">{\"@context\":\"https:\/\/schema.org\",\"@graph\":[{\"@type\":\"WebPage\",\"@id\":\"https:\/\/toypek.two.prikr.space\/fr\/produit\/remorque-de-toilettes-portables-individuelle\/\",\"url\":\"https:\/\/toypek.two.prikr.space\/fr\/produit\/remorque-de-toilettes-portables-individuelle\/\",\"name\":\"Produit - Remorque de toilettes portables individuelle \u00e0 vendre\",\"isPartOf\":{\"@id\":\"https:\/\/toypek.two.prikr.space\/fr\/#website\"},\"primaryImageOfPage\":{\"@id\":\"https:\/\/toypek.two.prikr.space\/fr\/produit\/remorque-de-toilettes-portables-individuelle\/#primaryimage\"},\"image\":{\"@id\":\"https:\/\/toypek.two.prikr.space\/fr\/produit\/remorque-de-toilettes-portables-individuelle\/#primaryimage\"},\"thumbnailUrl\":\"https:\/\/toypek.two.prikr.space\/wp-content\/uploads\/2023\/06\/tp-img-216.png\",\"datePublished\":\"2023-06-09T13:09:41+00:00\",\"dateModified\":\"2023-07-07T13:41:54+00:00\",\"description\":\"La remorque de toilette individuelle de type 1 est fabriqu\u00e9e avec des mat\u00e9riaux de haute qualit\u00e9. Elle est accompagn\u00e9e d'une d\u00e9claration COC, permettant son utilisation dans toute l'Europe.\",\"breadcrumb\":{\"@id\":\"https:\/\/toypek.two.prikr.space\/fr\/produit\/remorque-de-toilettes-portables-individuelle\/#breadcrumb\"},\"inLanguage\":\"fr-FR\",\"potentialAction\":[{\"@type\":\"ReadAction\",\"target\":[\"https:\/\/toypek.two.prikr.space\/fr\/produit\/remorque-de-toilettes-portables-individuelle\/\"]}]},{\"@type\":\"ImageObject\",\"inLanguage\":\"fr-FR\",\"@id\":\"https:\/\/toypek.two.prikr.space\/fr\/produit\/remorque-de-toilettes-portables-individuelle\/#primaryimage\",\"url\":\"https:\/\/toypek.two.prikr.space\/wp-content\/uploads\/2023\/06\/tp-img-216.png\",\"contentUrl\":\"https:\/\/toypek.two.prikr.space\/wp-content\/uploads\/2023\/06\/tp-img-216.png\",\"width\":1000,\"height\":1000},{\"@type\":\"BreadcrumbList\",\"@id\":\"https:\/\/toypek.two.prikr.space\/fr\/produit\/remorque-de-toilettes-portables-individuelle\/#breadcrumb\",\"itemListElement\":[{\"@type\":\"ListItem\",\"position\":1,\"name\":\"Home\",\"item\":\"https:\/\/toypek.two.prikr.space\/fr\/\"},{\"@type\":\"ListItem\",\"position\":2,\"name\":\"Boutique\",\"item\":\"https:\/\/toypek.two.prikr.space\/fr\/gamme-de-produits\/\"},{\"@type\":\"ListItem\",\"position\":3,\"name\":\"Cabine \u00e0 toilettes individuelles Type 1\"}]},{\"@type\":\"WebSite\",\"@id\":\"https:\/\/toypek.two.prikr.space\/fr\/#website\",\"url\":\"https:\/\/toypek.two.prikr.space\/fr\/\",\"name\":\"Toypek\",\"description\":\"\",\"potentialAction\":[{\"@type\":\"SearchAction\",\"target\":{\"@type\":\"EntryPoint\",\"urlTemplate\":\"https:\/\/toypek.two.prikr.space\/fr\/?s={search_term_string}\"},\"query-input\":{\"@type\":\"PropertyValueSpecification\",\"valueRequired\":true,\"valueName\":\"search_term_string\"}}],\"inLanguage\":\"fr-FR\"}]}<\/script>\n<!-- \/ Yoast SEO plugin. -->","yoast_head_json":{"title":"Produit - Remorque de toilettes portables individuelle \u00e0 vendre","description":"La remorque de toilette individuelle de type 1 est fabriqu\u00e9e avec des mat\u00e9riaux de haute qualit\u00e9. Elle est accompagn\u00e9e d'une d\u00e9claration COC, permettant son utilisation dans toute l'Europe.","robots":{"index":"noindex","follow":"follow","max-snippet":"max-snippet:-1","max-image-preview":"max-image-preview:large","max-video-preview":"max-video-preview:-1"},"og_locale":"fr_FR","og_type":"article","og_title":"Produit - Remorque de toilettes portables individuelle \u00e0 vendre","og_description":"La remorque de toilette individuelle de type 1 est fabriqu\u00e9e avec des mat\u00e9riaux de haute qualit\u00e9. Elle est accompagn\u00e9e d'une d\u00e9claration COC, permettant son utilisation dans toute l'Europe.","og_url":"https:\/\/toypek.two.prikr.space\/fr\/produit\/remorque-de-toilettes-portables-individuelle\/","og_site_name":"Toypek","article_modified_time":"2023-07-07T13:41:54+00:00","og_image":[{"width":1000,"height":1000,"url":"https:\/\/toypek.two.prikr.space\/wp-content\/uploads\/2023\/06\/tp-img-216.png","type":"image\/png"}],"twitter_card":"summary_large_image","twitter_misc":{"Dur\u00e9e de lecture estim\u00e9e":"1 minute"},"schema":{"@context":"https:\/\/schema.org","@graph":[{"@type":"WebPage","@id":"https:\/\/toypek.two.prikr.space\/fr\/produit\/remorque-de-toilettes-portables-individuelle\/","url":"https:\/\/toypek.two.prikr.space\/fr\/produit\/remorque-de-toilettes-portables-individuelle\/","name":"Produit - Remorque de toilettes portables individuelle \u00e0 vendre","isPartOf":{"@id":"https:\/\/toypek.two.prikr.space\/fr\/#website"},"primaryImageOfPage":{"@id":"https:\/\/toypek.two.prikr.space\/fr\/produit\/remorque-de-toilettes-portables-individuelle\/#primaryimage"},"image":{"@id":"https:\/\/toypek.two.prikr.space\/fr\/produit\/remorque-de-toilettes-portables-individuelle\/#primaryimage"},"thumbnailUrl":"https:\/\/toypek.two.prikr.space\/wp-content\/uploads\/2023\/06\/tp-img-216.png","datePublished":"2023-06-09T13:09:41+00:00","dateModified":"2023-07-07T13:41:54+00:00","description":"La remorque de toilette individuelle de type 1 est fabriqu\u00e9e avec des mat\u00e9riaux de haute qualit\u00e9. Elle est accompagn\u00e9e d'une d\u00e9claration COC, permettant son utilisation dans toute l'Europe.","breadcrumb":{"@id":"https:\/\/toypek.two.prikr.space\/fr\/produit\/remorque-de-toilettes-portables-individuelle\/#breadcrumb"},"inLanguage":"fr-FR","potentialAction":[{"@type":"ReadAction","target":["https:\/\/toypek.two.prikr.space\/fr\/produit\/remorque-de-toilettes-portables-individuelle\/"]}]},{"@type":"ImageObject","inLanguage":"fr-FR","@id":"https:\/\/toypek.two.prikr.space\/fr\/produit\/remorque-de-toilettes-portables-individuelle\/#primaryimage","url":"https:\/\/toypek.two.prikr.space\/wp-content\/uploads\/2023\/06\/tp-img-216.png","contentUrl":"https:\/\/toypek.two.prikr.space\/wp-content\/uploads\/2023\/06\/tp-img-216.png","width":1000,"height":1000},{"@type":"BreadcrumbList","@id":"https:\/\/toypek.two.prikr.space\/fr\/produit\/remorque-de-toilettes-portables-individuelle\/#breadcrumb","itemListElement":[{"@type":"ListItem","position":1,"name":"Home","item":"https:\/\/toypek.two.prikr.space\/fr\/"},{"@type":"ListItem","position":2,"name":"Boutique","item":"https:\/\/toypek.two.prikr.space\/fr\/gamme-de-produits\/"},{"@type":"ListItem","position":3,"name":"Cabine \u00e0 toilettes individuelles Type 1"}]},{"@type":"WebSite","@id":"https:\/\/toypek.two.prikr.space\/fr\/#website","url":"https:\/\/toypek.two.prikr.space\/fr\/","name":"Toypek","description":"","potentialAction":[{"@type":"SearchAction","target":{"@type":"EntryPoint","urlTemplate":"https:\/\/toypek.two.prikr.space\/fr\/?s={search_term_string}"},"query-input":{"@type":"PropertyValueSpecification","valueRequired":true,"valueName":"search_term_string"}}],"inLanguage":"fr-FR"}]}},"_links":{"self":[{"href":"https:\/\/toypek.two.prikr.space\/fr\/wp-json\/wp\/v2\/product\/11822","targetHints":{"allow":["GET"]}}],"collection":[{"href":"https:\/\/toypek.two.prikr.space\/fr\/wp-json\/wp\/v2\/product"}],"about":[{"href":"https:\/\/toypek.two.prikr.space\/fr\/wp-json\/wp\/v2\/types\/product"}],"replies":[{"embeddable":true,"href":"https:\/\/toypek.two.prikr.space\/fr\/wp-json\/wp\/v2\/comments?post=11822"}],"wp:featuredmedia":[{"embeddable":true,"href":"https:\/\/toypek.two.prikr.space\/fr\/wp-json\/wp\/v2\/media\/11236"}],"wp:attachment":[{"href":"https:\/\/toypek.two.prikr.space\/fr\/wp-json\/wp\/v2\/media?parent=11822"}],"wp:term":[{"taxonomy":"product_cat","embeddable":true,"href":"https:\/\/toypek.two.prikr.space\/fr\/wp-json\/wp\/v2\/product_cat?post=11822"},{"taxonomy":"product_tag","embeddable":true,"href":"https:\/\/toypek.two.prikr.space\/fr\/wp-json\/wp\/v2\/product_tag?post=11822"}],"curies":[{"name":"wp","href":"https:\/\/api.w.org\/{rel}","templated":true}]}}