{"id":11216,"date":"2023-06-09T13:21:17","date_gmt":"2023-06-09T13:21:17","guid":{"rendered":"https:\/\/toypek.two.prikr.space\/product\/toypek-sanitaire-unit-2\/"},"modified":"2023-07-07T13:26:28","modified_gmt":"2023-07-07T13:26:28","slug":"cabines-sanitaires-toypek","status":"publish","type":"product","link":"https:\/\/toypek.two.prikr.space\/fr\/produit\/cabines-sanitaires-toypek\/","title":{"rendered":"Toypek Cabin sanitaire portable"},"content":{"rendered":"\n<p>Nos unit&eacute;s sanitaires mobiles sont disponibles en quatre couleurs diff&eacute;rentes : bleu, vert, rouge et orange. Demandez un devis pour conna&icirc;tre le prix de nos sanitaires mobiles. C&rsquo;est pourquoi nous avons toujours les toilettes portables les mieux adapt&eacute;es &agrave; la vente. Con&ccedil;ues pour &ecirc;tre r&eacute;sistantes au vandalisme et facilement transportables, nos unit&eacute;s sont id&eacute;ales pour les soci&eacute;t&eacute;s de location de toilettes portables ayant des contrats de location &agrave; long terme et un acc&egrave;s &agrave; des connexions d&rsquo;eau et d&rsquo;&eacute;gout. Les installations d&rsquo;eau et d&rsquo;&eacute;gouts font partie des principaux besoins sur un chantier de construction, et nos unit&eacute;s constituent une option plus luxueuse pour les projets &agrave; long terme, r&eacute;duisant le temps d&rsquo;entretien et les co&ucirc;ts de nettoyage.<\/p>\n<p>Avant de d&eacute;cider d&rsquo;acheter des toilettes portables, il est recommand&eacute; de v&eacute;rifier leurs caract&eacute;ristiques et leurs avantages potentiels. Nos unit&eacute;s sanitaires mobiles offrent les avantages suppl&eacute;mentaires suivants :<\/p>\n<ul>\n<li>Manipulation facile &agrave; l&rsquo;aide d&rsquo;un chariot &eacute;l&eacute;vateur ou &agrave; la main lorsque vous achetez chez Toypek.eu.<\/li>\n<li>Installation simple sur site avec un point d&rsquo;alimentation en eau (raccord Gardena &agrave; l&rsquo;arri&egrave;re) et un point d&rsquo;&eacute;vacuation via un tuyau d&rsquo;&eacute;gout de 110 mm &agrave; l&rsquo;arri&egrave;re.<\/li>\n<li>Construction l&eacute;g&egrave;re, pesant environ 90 kg.<\/li>\n<li>Construit &agrave; l&rsquo;&eacute;preuve du vandalisme, avec des mat&eacute;riaux durables qui garantissent une longue dur&eacute;e de vie et un nettoyage facile.<\/li>\n<\/ul>\n<p><strong><br>\n<\/strong>Vous cherchez des toilettes portables &agrave; acheter ? Nos unit&eacute;s sanitaires mobiles sont la solution parfaite pour la location dans divers endroits, y compris les chantiers de construction, les entrep&ocirc;ts, les ports, les campings et d&rsquo;autres endroits avec des connexions fixes. Bien qu&rsquo;il soit possible d&rsquo;acheter la cabine non assembl&eacute;e, nous recommandons fortement de l&rsquo;acheter pr&eacute;-assembl&eacute;e. Si vous avez des questions ou si vous souhaitez obtenir de plus amples informations sur notre cabine sanitaire mobile, n&rsquo;h&eacute;sitez pas &agrave; contacter notre &eacute;quipe. Nous sommes l&agrave; pour vous aider.<\/p>\n<p>Les personnalisations et les demandes sp&eacute;ciales pour nos unit&eacute;s sanitaires mobiles sont toujours possibles apr&egrave;s consultation.<\/p>\n\n","protected":false},"excerpt":{"rendered":"<p>Lorsque vous cherchez \u00e0 acheter une cabine sanitaire, il est essentiel de trouver celle qui r\u00e9pond \u00e0 vos besoins sp\u00e9cifiques. Chez Toypek.eu, vous avez la possibilit\u00e9 de personnaliser votre propre sanitaire mobile en s\u00e9lectionnant la couleur de votre choix, les options suppl\u00e9mentaires et les quantit\u00e9s. Nous proposons des devis sur mesure pour nos installations sanitaires mobiles, et il est m\u00eame possible de faire fabriquer votre cabine dans la couleur de votre choix.<\/p>\n","protected":false},"featured_media":12314,"comment_status":"open","ping_status":"closed","template":"","meta":{"_acf_changed":false},"product_cat":[86,84],"product_tag":[],"class_list":{"0":"post-11216","1":"product","2":"type-product","3":"status-publish","4":"has-post-thumbnail","6":"product_cat-sanitaires-portables","7":"product_cat-toilettes-mobiles","9":"first","10":"instock","11":"shipping-taxable","12":"product-type-variable"},"acf":[],"yoast_head":"<!-- This site is optimized with the Yoast SEO plugin v23.6 - https:\/\/yoast.com\/wordpress\/plugins\/seo\/ -->\n<title>Produit - Sanitaires portables \u00e0 vendre - toilettes portables Toypek<\/title>\n<meta name=\"description\" content=\"Nos unit\u00e9s sanitaires mobiles sont disponibles en quatre couleurs diff\u00e9rentes : bleu, vert, rouge et orange. Demandez un devis pour conna\u00eetre le prix de notre unit\u00e9 sanitaire mobile.\" \/>\n<meta name=\"robots\" content=\"noindex, follow, max-snippet:-1, max-image-preview:large, max-video-preview:-1\" \/>\n<meta property=\"og:locale\" content=\"fr_FR\" \/>\n<meta property=\"og:type\" content=\"article\" \/>\n<meta property=\"og:title\" content=\"Produit - Sanitaires portables \u00e0 vendre - toilettes portables Toypek\" \/>\n<meta property=\"og:description\" content=\"Nos unit\u00e9s sanitaires mobiles sont disponibles en quatre couleurs diff\u00e9rentes : bleu, vert, rouge et orange. Demandez un devis pour conna\u00eetre le prix de notre unit\u00e9 sanitaire mobile.\" \/>\n<meta property=\"og:url\" content=\"https:\/\/toypek.two.prikr.space\/fr\/produit\/cabines-sanitaires-toypek\/\" \/>\n<meta property=\"og:site_name\" content=\"Toypek\" \/>\n<meta property=\"article:modified_time\" content=\"2023-07-07T13:26:28+00:00\" \/>\n<meta property=\"og:image\" content=\"https:\/\/toypek.two.prikr.space\/wp-content\/uploads\/2023\/06\/tp-img-01-48.png\" \/>\n\t<meta property=\"og:image:width\" content=\"1000\" \/>\n\t<meta property=\"og:image:height\" content=\"1000\" \/>\n\t<meta property=\"og:image:type\" content=\"image\/png\" \/>\n<meta name=\"twitter:card\" content=\"summary_large_image\" \/>\n<meta name=\"twitter:label1\" content=\"Dur\u00e9e de lecture estim\u00e9e\" \/>\n\t<meta name=\"twitter:data1\" content=\"2 minutes\" \/>\n<script type=\"application\/ld+json\" class=\"yoast-schema-graph\">{\"@context\":\"https:\/\/schema.org\",\"@graph\":[{\"@type\":\"WebPage\",\"@id\":\"https:\/\/toypek.two.prikr.space\/fr\/produit\/cabines-sanitaires-toypek\/\",\"url\":\"https:\/\/toypek.two.prikr.space\/fr\/produit\/cabines-sanitaires-toypek\/\",\"name\":\"Produit - Sanitaires portables \u00e0 vendre - toilettes portables Toypek\",\"isPartOf\":{\"@id\":\"https:\/\/toypek.two.prikr.space\/fr\/#website\"},\"primaryImageOfPage\":{\"@id\":\"https:\/\/toypek.two.prikr.space\/fr\/produit\/cabines-sanitaires-toypek\/#primaryimage\"},\"image\":{\"@id\":\"https:\/\/toypek.two.prikr.space\/fr\/produit\/cabines-sanitaires-toypek\/#primaryimage\"},\"thumbnailUrl\":\"https:\/\/toypek.two.prikr.space\/wp-content\/uploads\/2023\/06\/tp-img-01-48.png\",\"datePublished\":\"2023-06-09T13:21:17+00:00\",\"dateModified\":\"2023-07-07T13:26:28+00:00\",\"description\":\"Nos unit\u00e9s sanitaires mobiles sont disponibles en quatre couleurs diff\u00e9rentes : bleu, vert, rouge et orange. Demandez un devis pour conna\u00eetre le prix de notre unit\u00e9 sanitaire mobile.\",\"breadcrumb\":{\"@id\":\"https:\/\/toypek.two.prikr.space\/fr\/produit\/cabines-sanitaires-toypek\/#breadcrumb\"},\"inLanguage\":\"fr-FR\",\"potentialAction\":[{\"@type\":\"ReadAction\",\"target\":[\"https:\/\/toypek.two.prikr.space\/fr\/produit\/cabines-sanitaires-toypek\/\"]}]},{\"@type\":\"ImageObject\",\"inLanguage\":\"fr-FR\",\"@id\":\"https:\/\/toypek.two.prikr.space\/fr\/produit\/cabines-sanitaires-toypek\/#primaryimage\",\"url\":\"https:\/\/toypek.two.prikr.space\/wp-content\/uploads\/2023\/06\/tp-img-01-48.png\",\"contentUrl\":\"https:\/\/toypek.two.prikr.space\/wp-content\/uploads\/2023\/06\/tp-img-01-48.png\",\"width\":1000,\"height\":1000,\"caption\":\"S\"},{\"@type\":\"BreadcrumbList\",\"@id\":\"https:\/\/toypek.two.prikr.space\/fr\/produit\/cabines-sanitaires-toypek\/#breadcrumb\",\"itemListElement\":[{\"@type\":\"ListItem\",\"position\":1,\"name\":\"Home\",\"item\":\"https:\/\/toypek.two.prikr.space\/fr\/\"},{\"@type\":\"ListItem\",\"position\":2,\"name\":\"Boutique\",\"item\":\"https:\/\/toypek.two.prikr.space\/fr\/gamme-de-produits\/\"},{\"@type\":\"ListItem\",\"position\":3,\"name\":\"Toypek Cabin sanitaire portable\"}]},{\"@type\":\"WebSite\",\"@id\":\"https:\/\/toypek.two.prikr.space\/fr\/#website\",\"url\":\"https:\/\/toypek.two.prikr.space\/fr\/\",\"name\":\"Toypek\",\"description\":\"\",\"potentialAction\":[{\"@type\":\"SearchAction\",\"target\":{\"@type\":\"EntryPoint\",\"urlTemplate\":\"https:\/\/toypek.two.prikr.space\/fr\/?s={search_term_string}\"},\"query-input\":{\"@type\":\"PropertyValueSpecification\",\"valueRequired\":true,\"valueName\":\"search_term_string\"}}],\"inLanguage\":\"fr-FR\"}]}<\/script>\n<!-- \/ Yoast SEO plugin. -->","yoast_head_json":{"title":"Produit - Sanitaires portables \u00e0 vendre - toilettes portables Toypek","description":"Nos unit\u00e9s sanitaires mobiles sont disponibles en quatre couleurs diff\u00e9rentes : bleu, vert, rouge et orange. Demandez un devis pour conna\u00eetre le prix de notre unit\u00e9 sanitaire mobile.","robots":{"index":"noindex","follow":"follow","max-snippet":"max-snippet:-1","max-image-preview":"max-image-preview:large","max-video-preview":"max-video-preview:-1"},"og_locale":"fr_FR","og_type":"article","og_title":"Produit - Sanitaires portables \u00e0 vendre - toilettes portables Toypek","og_description":"Nos unit\u00e9s sanitaires mobiles sont disponibles en quatre couleurs diff\u00e9rentes : bleu, vert, rouge et orange. Demandez un devis pour conna\u00eetre le prix de notre unit\u00e9 sanitaire mobile.","og_url":"https:\/\/toypek.two.prikr.space\/fr\/produit\/cabines-sanitaires-toypek\/","og_site_name":"Toypek","article_modified_time":"2023-07-07T13:26:28+00:00","og_image":[{"width":1000,"height":1000,"url":"https:\/\/toypek.two.prikr.space\/wp-content\/uploads\/2023\/06\/tp-img-01-48.png","type":"image\/png"}],"twitter_card":"summary_large_image","twitter_misc":{"Dur\u00e9e de lecture estim\u00e9e":"2 minutes"},"schema":{"@context":"https:\/\/schema.org","@graph":[{"@type":"WebPage","@id":"https:\/\/toypek.two.prikr.space\/fr\/produit\/cabines-sanitaires-toypek\/","url":"https:\/\/toypek.two.prikr.space\/fr\/produit\/cabines-sanitaires-toypek\/","name":"Produit - Sanitaires portables \u00e0 vendre - toilettes portables Toypek","isPartOf":{"@id":"https:\/\/toypek.two.prikr.space\/fr\/#website"},"primaryImageOfPage":{"@id":"https:\/\/toypek.two.prikr.space\/fr\/produit\/cabines-sanitaires-toypek\/#primaryimage"},"image":{"@id":"https:\/\/toypek.two.prikr.space\/fr\/produit\/cabines-sanitaires-toypek\/#primaryimage"},"thumbnailUrl":"https:\/\/toypek.two.prikr.space\/wp-content\/uploads\/2023\/06\/tp-img-01-48.png","datePublished":"2023-06-09T13:21:17+00:00","dateModified":"2023-07-07T13:26:28+00:00","description":"Nos unit\u00e9s sanitaires mobiles sont disponibles en quatre couleurs diff\u00e9rentes : bleu, vert, rouge et orange. Demandez un devis pour conna\u00eetre le prix de notre unit\u00e9 sanitaire mobile.","breadcrumb":{"@id":"https:\/\/toypek.two.prikr.space\/fr\/produit\/cabines-sanitaires-toypek\/#breadcrumb"},"inLanguage":"fr-FR","potentialAction":[{"@type":"ReadAction","target":["https:\/\/toypek.two.prikr.space\/fr\/produit\/cabines-sanitaires-toypek\/"]}]},{"@type":"ImageObject","inLanguage":"fr-FR","@id":"https:\/\/toypek.two.prikr.space\/fr\/produit\/cabines-sanitaires-toypek\/#primaryimage","url":"https:\/\/toypek.two.prikr.space\/wp-content\/uploads\/2023\/06\/tp-img-01-48.png","contentUrl":"https:\/\/toypek.two.prikr.space\/wp-content\/uploads\/2023\/06\/tp-img-01-48.png","width":1000,"height":1000,"caption":"S"},{"@type":"BreadcrumbList","@id":"https:\/\/toypek.two.prikr.space\/fr\/produit\/cabines-sanitaires-toypek\/#breadcrumb","itemListElement":[{"@type":"ListItem","position":1,"name":"Home","item":"https:\/\/toypek.two.prikr.space\/fr\/"},{"@type":"ListItem","position":2,"name":"Boutique","item":"https:\/\/toypek.two.prikr.space\/fr\/gamme-de-produits\/"},{"@type":"ListItem","position":3,"name":"Toypek Cabin sanitaire portable"}]},{"@type":"WebSite","@id":"https:\/\/toypek.two.prikr.space\/fr\/#website","url":"https:\/\/toypek.two.prikr.space\/fr\/","name":"Toypek","description":"","potentialAction":[{"@type":"SearchAction","target":{"@type":"EntryPoint","urlTemplate":"https:\/\/toypek.two.prikr.space\/fr\/?s={search_term_string}"},"query-input":{"@type":"PropertyValueSpecification","valueRequired":true,"valueName":"search_term_string"}}],"inLanguage":"fr-FR"}]}},"_links":{"self":[{"href":"https:\/\/toypek.two.prikr.space\/fr\/wp-json\/wp\/v2\/product\/11216","targetHints":{"allow":["GET"]}}],"collection":[{"href":"https:\/\/toypek.two.prikr.space\/fr\/wp-json\/wp\/v2\/product"}],"about":[{"href":"https:\/\/toypek.two.prikr.space\/fr\/wp-json\/wp\/v2\/types\/product"}],"replies":[{"embeddable":true,"href":"https:\/\/toypek.two.prikr.space\/fr\/wp-json\/wp\/v2\/comments?post=11216"}],"wp:featuredmedia":[{"embeddable":true,"href":"https:\/\/toypek.two.prikr.space\/fr\/wp-json\/wp\/v2\/media\/12314"}],"wp:attachment":[{"href":"https:\/\/toypek.two.prikr.space\/fr\/wp-json\/wp\/v2\/media?parent=11216"}],"wp:term":[{"taxonomy":"product_cat","embeddable":true,"href":"https:\/\/toypek.two.prikr.space\/fr\/wp-json\/wp\/v2\/product_cat?post=11216"},{"taxonomy":"product_tag","embeddable":true,"href":"https:\/\/toypek.two.prikr.space\/fr\/wp-json\/wp\/v2\/product_tag?post=11216"}],"curies":[{"name":"wp","href":"https:\/\/api.w.org\/{rel}","templated":true}]}}