{"id":11207,"date":"2023-06-09T12:27:10","date_gmt":"2023-06-09T12:27:10","guid":{"rendered":"https:\/\/toypek.two.prikr.space\/product\/plaszuil-pee6-2\/"},"modified":"2023-06-27T12:30:22","modified_gmt":"2023-06-27T12:30:22","slug":"urinoir-portable-pee6","status":"publish","type":"product","link":"https:\/\/toypek.two.prikr.space\/fr\/produit\/urinoir-portable-pee6\/","title":{"rendered":"Urinoir \u00e0 ciel ouvert &#8211; PEE6"},"content":{"rendered":"\n<p>Le PEE6 est un urinoir mobile con&ccedil;u pour accueillir jusqu&rsquo;&agrave; 6 hommes simultan&eacute;ment. La conception portable de l&rsquo;urinoir permet de le transporter et de l&rsquo;installer facilement dans diff&eacute;rents endroits. Il est fabriqu&eacute; &agrave; l&rsquo;aide de techniques de moulage par rotation. Chaque urinoir mobile a une capacit&eacute; de 1 875 urinations (500 litres) avant de devoir &ecirc;tre vid&eacute;. Avec un poids &agrave; vide de 120 kg, un seul camion peut transporter en moyenne 14 urinoirs mobiles. Cela signifie qu&rsquo;un seul camion peut fournir 84 points d&rsquo;urination lors d&rsquo;&eacute;v&eacute;nements. En raison du processus de moulage par rotation, ces urinoirs portables ne peuvent &ecirc;tre command&eacute;s que par quantit&eacute;s minimales de 6.<\/p>\n\n","protected":false},"excerpt":{"rendered":"<p>Demandez un devis pour notre solution d&rsquo;urinoir en plein air. Lors de l&rsquo;achat d&rsquo;urinoirs mobiles, il est important de bien r\u00e9fl\u00e9chir \u00e0 l&rsquo;usage qui en sera fait et \u00e0 leur transport en cas de location. Nos pi\u00e9destaux sont couramment utilis\u00e9s en nombre lors de f\u00eates et d&rsquo;\u00e9v\u00e9nements. Composez votre propre urinoir mobile d\u00e8s maintenant !<\/p>\n","protected":false},"featured_media":11143,"comment_status":"open","ping_status":"closed","template":"","meta":{"_acf_changed":false},"product_cat":[85],"product_tag":[],"class_list":{"0":"post-11207","1":"product","2":"type-product","3":"status-publish","4":"has-post-thumbnail","6":"product_cat-urinoir-portable","8":"first","9":"instock","10":"shipping-taxable","11":"product-type-simple"},"acf":[],"yoast_head":"<!-- This site is optimized with the Yoast SEO plugin v23.6 - https:\/\/yoast.com\/wordpress\/plugins\/seo\/ -->\n<title>Produit - Pee6, notre urinoir portable et mobile en plein air<\/title>\n<meta name=\"description\" content=\"Le PEE6 est un urinoir mobile con\u00e7u pour accueillir jusqu&#039;\u00e0 6 hommes simultan\u00e9ment. Sa conception portable permet un transport et une installation faciles dans diff\u00e9rents endroits.\" \/>\n<meta name=\"robots\" content=\"noindex, follow, max-snippet:-1, max-image-preview:large, max-video-preview:-1\" \/>\n<meta property=\"og:locale\" content=\"fr_FR\" \/>\n<meta property=\"og:type\" content=\"article\" \/>\n<meta property=\"og:title\" content=\"Produit - Pee6, notre urinoir portable et mobile en plein air\" \/>\n<meta property=\"og:description\" content=\"Le PEE6 est un urinoir mobile con\u00e7u pour accueillir jusqu&#039;\u00e0 6 hommes simultan\u00e9ment. Sa conception portable permet un transport et une installation faciles dans diff\u00e9rents endroits.\" \/>\n<meta property=\"og:url\" content=\"https:\/\/toypek.two.prikr.space\/fr\/produit\/urinoir-portable-pee6\/\" \/>\n<meta property=\"og:site_name\" content=\"Toypek\" \/>\n<meta property=\"article:modified_time\" content=\"2023-06-27T12:30:22+00:00\" \/>\n<meta property=\"og:image\" content=\"https:\/\/toypek.two.prikr.space\/wp-content\/uploads\/2023\/06\/tp-img-228.png\" \/>\n\t<meta property=\"og:image:width\" content=\"1000\" \/>\n\t<meta property=\"og:image:height\" content=\"1000\" \/>\n\t<meta property=\"og:image:type\" content=\"image\/png\" \/>\n<meta name=\"twitter:card\" content=\"summary_large_image\" \/>\n<meta name=\"twitter:label1\" content=\"Dur\u00e9e de lecture estim\u00e9e\" \/>\n\t<meta name=\"twitter:data1\" content=\"1 minute\" \/>\n<script type=\"application\/ld+json\" class=\"yoast-schema-graph\">{\"@context\":\"https:\/\/schema.org\",\"@graph\":[{\"@type\":\"WebPage\",\"@id\":\"https:\/\/toypek.two.prikr.space\/fr\/produit\/urinoir-portable-pee6\/\",\"url\":\"https:\/\/toypek.two.prikr.space\/fr\/produit\/urinoir-portable-pee6\/\",\"name\":\"Produit - Pee6, notre urinoir portable et mobile en plein air\",\"isPartOf\":{\"@id\":\"https:\/\/toypek.two.prikr.space\/fr\/#website\"},\"primaryImageOfPage\":{\"@id\":\"https:\/\/toypek.two.prikr.space\/fr\/produit\/urinoir-portable-pee6\/#primaryimage\"},\"image\":{\"@id\":\"https:\/\/toypek.two.prikr.space\/fr\/produit\/urinoir-portable-pee6\/#primaryimage\"},\"thumbnailUrl\":\"https:\/\/toypek.two.prikr.space\/wp-content\/uploads\/2023\/06\/tp-img-228.png\",\"datePublished\":\"2023-06-09T12:27:10+00:00\",\"dateModified\":\"2023-06-27T12:30:22+00:00\",\"description\":\"Le PEE6 est un urinoir mobile con\u00e7u pour accueillir jusqu'\u00e0 6 hommes simultan\u00e9ment. Sa conception portable permet un transport et une installation faciles dans diff\u00e9rents endroits.\",\"breadcrumb\":{\"@id\":\"https:\/\/toypek.two.prikr.space\/fr\/produit\/urinoir-portable-pee6\/#breadcrumb\"},\"inLanguage\":\"fr-FR\",\"potentialAction\":[{\"@type\":\"ReadAction\",\"target\":[\"https:\/\/toypek.two.prikr.space\/fr\/produit\/urinoir-portable-pee6\/\"]}]},{\"@type\":\"ImageObject\",\"inLanguage\":\"fr-FR\",\"@id\":\"https:\/\/toypek.two.prikr.space\/fr\/produit\/urinoir-portable-pee6\/#primaryimage\",\"url\":\"https:\/\/toypek.two.prikr.space\/wp-content\/uploads\/2023\/06\/tp-img-228.png\",\"contentUrl\":\"https:\/\/toypek.two.prikr.space\/wp-content\/uploads\/2023\/06\/tp-img-228.png\",\"width\":1000,\"height\":1000},{\"@type\":\"BreadcrumbList\",\"@id\":\"https:\/\/toypek.two.prikr.space\/fr\/produit\/urinoir-portable-pee6\/#breadcrumb\",\"itemListElement\":[{\"@type\":\"ListItem\",\"position\":1,\"name\":\"Home\",\"item\":\"https:\/\/toypek.two.prikr.space\/fr\/\"},{\"@type\":\"ListItem\",\"position\":2,\"name\":\"Boutique\",\"item\":\"https:\/\/toypek.two.prikr.space\/fr\/gamme-de-produits\/\"},{\"@type\":\"ListItem\",\"position\":3,\"name\":\"Urinoir \u00e0 ciel ouvert &#8211; PEE6\"}]},{\"@type\":\"WebSite\",\"@id\":\"https:\/\/toypek.two.prikr.space\/fr\/#website\",\"url\":\"https:\/\/toypek.two.prikr.space\/fr\/\",\"name\":\"Toypek\",\"description\":\"\",\"potentialAction\":[{\"@type\":\"SearchAction\",\"target\":{\"@type\":\"EntryPoint\",\"urlTemplate\":\"https:\/\/toypek.two.prikr.space\/fr\/?s={search_term_string}\"},\"query-input\":{\"@type\":\"PropertyValueSpecification\",\"valueRequired\":true,\"valueName\":\"search_term_string\"}}],\"inLanguage\":\"fr-FR\"}]}<\/script>\n<!-- \/ Yoast SEO plugin. -->","yoast_head_json":{"title":"Produit - Pee6, notre urinoir portable et mobile en plein air","description":"Le PEE6 est un urinoir mobile con\u00e7u pour accueillir jusqu'\u00e0 6 hommes simultan\u00e9ment. Sa conception portable permet un transport et une installation faciles dans diff\u00e9rents endroits.","robots":{"index":"noindex","follow":"follow","max-snippet":"max-snippet:-1","max-image-preview":"max-image-preview:large","max-video-preview":"max-video-preview:-1"},"og_locale":"fr_FR","og_type":"article","og_title":"Produit - Pee6, notre urinoir portable et mobile en plein air","og_description":"Le PEE6 est un urinoir mobile con\u00e7u pour accueillir jusqu'\u00e0 6 hommes simultan\u00e9ment. Sa conception portable permet un transport et une installation faciles dans diff\u00e9rents endroits.","og_url":"https:\/\/toypek.two.prikr.space\/fr\/produit\/urinoir-portable-pee6\/","og_site_name":"Toypek","article_modified_time":"2023-06-27T12:30:22+00:00","og_image":[{"width":1000,"height":1000,"url":"https:\/\/toypek.two.prikr.space\/wp-content\/uploads\/2023\/06\/tp-img-228.png","type":"image\/png"}],"twitter_card":"summary_large_image","twitter_misc":{"Dur\u00e9e de lecture estim\u00e9e":"1 minute"},"schema":{"@context":"https:\/\/schema.org","@graph":[{"@type":"WebPage","@id":"https:\/\/toypek.two.prikr.space\/fr\/produit\/urinoir-portable-pee6\/","url":"https:\/\/toypek.two.prikr.space\/fr\/produit\/urinoir-portable-pee6\/","name":"Produit - Pee6, notre urinoir portable et mobile en plein air","isPartOf":{"@id":"https:\/\/toypek.two.prikr.space\/fr\/#website"},"primaryImageOfPage":{"@id":"https:\/\/toypek.two.prikr.space\/fr\/produit\/urinoir-portable-pee6\/#primaryimage"},"image":{"@id":"https:\/\/toypek.two.prikr.space\/fr\/produit\/urinoir-portable-pee6\/#primaryimage"},"thumbnailUrl":"https:\/\/toypek.two.prikr.space\/wp-content\/uploads\/2023\/06\/tp-img-228.png","datePublished":"2023-06-09T12:27:10+00:00","dateModified":"2023-06-27T12:30:22+00:00","description":"Le PEE6 est un urinoir mobile con\u00e7u pour accueillir jusqu'\u00e0 6 hommes simultan\u00e9ment. Sa conception portable permet un transport et une installation faciles dans diff\u00e9rents endroits.","breadcrumb":{"@id":"https:\/\/toypek.two.prikr.space\/fr\/produit\/urinoir-portable-pee6\/#breadcrumb"},"inLanguage":"fr-FR","potentialAction":[{"@type":"ReadAction","target":["https:\/\/toypek.two.prikr.space\/fr\/produit\/urinoir-portable-pee6\/"]}]},{"@type":"ImageObject","inLanguage":"fr-FR","@id":"https:\/\/toypek.two.prikr.space\/fr\/produit\/urinoir-portable-pee6\/#primaryimage","url":"https:\/\/toypek.two.prikr.space\/wp-content\/uploads\/2023\/06\/tp-img-228.png","contentUrl":"https:\/\/toypek.two.prikr.space\/wp-content\/uploads\/2023\/06\/tp-img-228.png","width":1000,"height":1000},{"@type":"BreadcrumbList","@id":"https:\/\/toypek.two.prikr.space\/fr\/produit\/urinoir-portable-pee6\/#breadcrumb","itemListElement":[{"@type":"ListItem","position":1,"name":"Home","item":"https:\/\/toypek.two.prikr.space\/fr\/"},{"@type":"ListItem","position":2,"name":"Boutique","item":"https:\/\/toypek.two.prikr.space\/fr\/gamme-de-produits\/"},{"@type":"ListItem","position":3,"name":"Urinoir \u00e0 ciel ouvert &#8211; PEE6"}]},{"@type":"WebSite","@id":"https:\/\/toypek.two.prikr.space\/fr\/#website","url":"https:\/\/toypek.two.prikr.space\/fr\/","name":"Toypek","description":"","potentialAction":[{"@type":"SearchAction","target":{"@type":"EntryPoint","urlTemplate":"https:\/\/toypek.two.prikr.space\/fr\/?s={search_term_string}"},"query-input":{"@type":"PropertyValueSpecification","valueRequired":true,"valueName":"search_term_string"}}],"inLanguage":"fr-FR"}]}},"_links":{"self":[{"href":"https:\/\/toypek.two.prikr.space\/fr\/wp-json\/wp\/v2\/product\/11207","targetHints":{"allow":["GET"]}}],"collection":[{"href":"https:\/\/toypek.two.prikr.space\/fr\/wp-json\/wp\/v2\/product"}],"about":[{"href":"https:\/\/toypek.two.prikr.space\/fr\/wp-json\/wp\/v2\/types\/product"}],"replies":[{"embeddable":true,"href":"https:\/\/toypek.two.prikr.space\/fr\/wp-json\/wp\/v2\/comments?post=11207"}],"wp:featuredmedia":[{"embeddable":true,"href":"https:\/\/toypek.two.prikr.space\/fr\/wp-json\/wp\/v2\/media\/11143"}],"wp:attachment":[{"href":"https:\/\/toypek.two.prikr.space\/fr\/wp-json\/wp\/v2\/media?parent=11207"}],"wp:term":[{"taxonomy":"product_cat","embeddable":true,"href":"https:\/\/toypek.two.prikr.space\/fr\/wp-json\/wp\/v2\/product_cat?post=11207"},{"taxonomy":"product_tag","embeddable":true,"href":"https:\/\/toypek.two.prikr.space\/fr\/wp-json\/wp\/v2\/product_tag?post=11207"}],"curies":[{"name":"wp","href":"https:\/\/api.w.org\/{rel}","templated":true}]}}