{"id":10304,"date":"2023-06-09T14:17:05","date_gmt":"2023-06-09T14:17:05","guid":{"rendered":"https:\/\/toypek.two.prikr.space\/product\/urinal-4pers-2\/"},"modified":"2023-07-07T13:17:35","modified_gmt":"2023-07-07T13:17:35","slug":"urinoir-portable-en-plein-air-4personnes","status":"publish","type":"product","link":"https:\/\/toypek.two.prikr.space\/fr\/produit\/urinoir-portable-en-plein-air-4personnes\/","title":{"rendered":"Urinoir + 4 pers"},"content":{"rendered":"\n<p>Nos urinoirs portables + 4 personnes sont fabriqu&eacute;s en PE (poly&eacute;thyl&egrave;ne), ce qui les rend totalement r&eacute;sistants au vandalisme. Avec un anneau de levage int&eacute;gr&eacute; et des poign&eacute;es, ces urinoirs peuvent &ecirc;tre facilement d&eacute;plac&eacute;s vers des lieux d&rsquo;&eacute;v&eacute;nements ou des centres-villes. La conception &agrave; fond s&eacute;par&eacute; prot&egrave;ge le r&eacute;servoir et garantit une longue dur&eacute;e de vie, ce qui se traduit par de faibles co&ucirc;ts d&rsquo;entretien pour le propri&eacute;taire !<\/p>\n<p>Avantages de notre urinoir &agrave; ciel ouvert + 4 personnes :<\/p>\n<ul>\n<li>Anneau de levage int&eacute;gr&eacute; test&eacute; avec un lest de 800 kg<\/li>\n<li>Personnalisable avec votre propre logo sur les quatre c&ocirc;t&eacute;s<\/li>\n<li>Poign&eacute;es doubles sur les quatre c&ocirc;t&eacute;s<\/li>\n<li>Capuchon viss&eacute; pour la zone de pipi<\/li>\n<li>Deux drains dissimul&eacute;s dans le fond<\/li>\n<li>Fond s&eacute;par&eacute; rempla&ccedil;able qui prot&egrave;ge le r&eacute;servoir et prolonge sa dur&eacute;e de vie<\/li>\n<li>Grandes fentes pour chariot &eacute;l&eacute;vateur et convient pour un camion pompe.<\/li>\n<\/ul>\n\n","protected":false},"excerpt":{"rendered":"<p>L&rsquo;urinoir portable + 4 personnes est un choix id\u00e9al pour les soci\u00e9t\u00e9s de location de toilettes en raison de sa taille et de sa mobilit\u00e9. \u00c9quip\u00e9 d&rsquo;un anneau de levage, cet urinoir \u00e0 ciel ouvert peut \u00eatre facilement charg\u00e9 et d\u00e9charg\u00e9 sur n&rsquo;importe quel terrain. Le plancher spacieux et robuste assure la stabilit\u00e9 des utilisateurs pendant qu&rsquo;ils urinent. Ces urinoirs sont disponibles en rouge, vert, citron vert, gris, bleu et orange.<\/p>\n","protected":false},"featured_media":9902,"comment_status":"open","ping_status":"closed","template":"","meta":{"_acf_changed":false},"product_cat":[85],"product_tag":[],"class_list":{"0":"post-10304","1":"product","2":"type-product","3":"status-publish","4":"has-post-thumbnail","6":"product_cat-urinoir-portable","8":"first","9":"instock","10":"shipping-taxable","11":"product-type-variable"},"acf":[],"yoast_head":"<!-- This site is optimized with the Yoast SEO plugin v23.6 - https:\/\/yoast.com\/wordpress\/plugins\/seo\/ -->\n<title>Produit - Achetez un urinoir portable 4 personnes pour \u00e9v\u00e9nements<\/title>\n<meta name=\"description\" content=\"Nos unit\u00e9s d&#039;urinoir + urinoir 4 personnes sont fabriqu\u00e9es pour \u00eatre totalement &quot;anti-vandalisme&quot; et en PE (poly\u00e9thyl\u00e8ne).\" \/>\n<meta name=\"robots\" content=\"noindex, follow, max-snippet:-1, max-image-preview:large, max-video-preview:-1\" \/>\n<meta property=\"og:locale\" content=\"fr_FR\" \/>\n<meta property=\"og:type\" content=\"article\" \/>\n<meta property=\"og:title\" content=\"Produit - Achetez un urinoir portable 4 personnes pour \u00e9v\u00e9nements\" \/>\n<meta property=\"og:description\" content=\"Nos unit\u00e9s d&#039;urinoir + urinoir 4 personnes sont fabriqu\u00e9es pour \u00eatre totalement &quot;anti-vandalisme&quot; et en PE (poly\u00e9thyl\u00e8ne).\" \/>\n<meta property=\"og:url\" content=\"https:\/\/toypek.two.prikr.space\/fr\/produit\/urinoir-portable-en-plein-air-4personnes\/\" \/>\n<meta property=\"og:site_name\" content=\"Toypek\" \/>\n<meta property=\"article:modified_time\" content=\"2023-07-07T13:17:35+00:00\" \/>\n<meta property=\"og:image\" content=\"https:\/\/toypek.two.prikr.space\/wp-content\/uploads\/2023\/06\/tp-img-6-4.png\" \/>\n\t<meta property=\"og:image:width\" content=\"1000\" \/>\n\t<meta property=\"og:image:height\" content=\"1000\" \/>\n\t<meta property=\"og:image:type\" content=\"image\/png\" \/>\n<meta name=\"twitter:card\" content=\"summary_large_image\" \/>\n<meta name=\"twitter:label1\" content=\"Dur\u00e9e de lecture estim\u00e9e\" \/>\n\t<meta name=\"twitter:data1\" content=\"1 minute\" \/>\n<script type=\"application\/ld+json\" class=\"yoast-schema-graph\">{\"@context\":\"https:\/\/schema.org\",\"@graph\":[{\"@type\":\"WebPage\",\"@id\":\"https:\/\/toypek.two.prikr.space\/fr\/produit\/urinoir-portable-en-plein-air-4personnes\/\",\"url\":\"https:\/\/toypek.two.prikr.space\/fr\/produit\/urinoir-portable-en-plein-air-4personnes\/\",\"name\":\"Produit - Achetez un urinoir portable 4 personnes pour \u00e9v\u00e9nements\",\"isPartOf\":{\"@id\":\"https:\/\/toypek.two.prikr.space\/fr\/#website\"},\"primaryImageOfPage\":{\"@id\":\"https:\/\/toypek.two.prikr.space\/fr\/produit\/urinoir-portable-en-plein-air-4personnes\/#primaryimage\"},\"image\":{\"@id\":\"https:\/\/toypek.two.prikr.space\/fr\/produit\/urinoir-portable-en-plein-air-4personnes\/#primaryimage\"},\"thumbnailUrl\":\"https:\/\/toypek.two.prikr.space\/wp-content\/uploads\/2023\/06\/tp-img-6-4.png\",\"datePublished\":\"2023-06-09T14:17:05+00:00\",\"dateModified\":\"2023-07-07T13:17:35+00:00\",\"description\":\"Nos unit\u00e9s d'urinoir + urinoir 4 personnes sont fabriqu\u00e9es pour \u00eatre totalement \\\"anti-vandalisme\\\" et en PE (poly\u00e9thyl\u00e8ne).\",\"breadcrumb\":{\"@id\":\"https:\/\/toypek.two.prikr.space\/fr\/produit\/urinoir-portable-en-plein-air-4personnes\/#breadcrumb\"},\"inLanguage\":\"fr-FR\",\"potentialAction\":[{\"@type\":\"ReadAction\",\"target\":[\"https:\/\/toypek.two.prikr.space\/fr\/produit\/urinoir-portable-en-plein-air-4personnes\/\"]}]},{\"@type\":\"ImageObject\",\"inLanguage\":\"fr-FR\",\"@id\":\"https:\/\/toypek.two.prikr.space\/fr\/produit\/urinoir-portable-en-plein-air-4personnes\/#primaryimage\",\"url\":\"https:\/\/toypek.two.prikr.space\/wp-content\/uploads\/2023\/06\/tp-img-6-4.png\",\"contentUrl\":\"https:\/\/toypek.two.prikr.space\/wp-content\/uploads\/2023\/06\/tp-img-6-4.png\",\"width\":1000,\"height\":1000},{\"@type\":\"BreadcrumbList\",\"@id\":\"https:\/\/toypek.two.prikr.space\/fr\/produit\/urinoir-portable-en-plein-air-4personnes\/#breadcrumb\",\"itemListElement\":[{\"@type\":\"ListItem\",\"position\":1,\"name\":\"Home\",\"item\":\"https:\/\/toypek.two.prikr.space\/fr\/\"},{\"@type\":\"ListItem\",\"position\":2,\"name\":\"Boutique\",\"item\":\"https:\/\/toypek.two.prikr.space\/fr\/gamme-de-produits\/\"},{\"@type\":\"ListItem\",\"position\":3,\"name\":\"Urinoir + 4 pers\"}]},{\"@type\":\"WebSite\",\"@id\":\"https:\/\/toypek.two.prikr.space\/fr\/#website\",\"url\":\"https:\/\/toypek.two.prikr.space\/fr\/\",\"name\":\"Toypek\",\"description\":\"\",\"potentialAction\":[{\"@type\":\"SearchAction\",\"target\":{\"@type\":\"EntryPoint\",\"urlTemplate\":\"https:\/\/toypek.two.prikr.space\/fr\/?s={search_term_string}\"},\"query-input\":{\"@type\":\"PropertyValueSpecification\",\"valueRequired\":true,\"valueName\":\"search_term_string\"}}],\"inLanguage\":\"fr-FR\"}]}<\/script>\n<!-- \/ Yoast SEO plugin. -->","yoast_head_json":{"title":"Produit - Achetez un urinoir portable 4 personnes pour \u00e9v\u00e9nements","description":"Nos unit\u00e9s d'urinoir + urinoir 4 personnes sont fabriqu\u00e9es pour \u00eatre totalement \"anti-vandalisme\" et en PE (poly\u00e9thyl\u00e8ne).","robots":{"index":"noindex","follow":"follow","max-snippet":"max-snippet:-1","max-image-preview":"max-image-preview:large","max-video-preview":"max-video-preview:-1"},"og_locale":"fr_FR","og_type":"article","og_title":"Produit - Achetez un urinoir portable 4 personnes pour \u00e9v\u00e9nements","og_description":"Nos unit\u00e9s d'urinoir + urinoir 4 personnes sont fabriqu\u00e9es pour \u00eatre totalement \"anti-vandalisme\" et en PE (poly\u00e9thyl\u00e8ne).","og_url":"https:\/\/toypek.two.prikr.space\/fr\/produit\/urinoir-portable-en-plein-air-4personnes\/","og_site_name":"Toypek","article_modified_time":"2023-07-07T13:17:35+00:00","og_image":[{"width":1000,"height":1000,"url":"https:\/\/toypek.two.prikr.space\/wp-content\/uploads\/2023\/06\/tp-img-6-4.png","type":"image\/png"}],"twitter_card":"summary_large_image","twitter_misc":{"Dur\u00e9e de lecture estim\u00e9e":"1 minute"},"schema":{"@context":"https:\/\/schema.org","@graph":[{"@type":"WebPage","@id":"https:\/\/toypek.two.prikr.space\/fr\/produit\/urinoir-portable-en-plein-air-4personnes\/","url":"https:\/\/toypek.two.prikr.space\/fr\/produit\/urinoir-portable-en-plein-air-4personnes\/","name":"Produit - Achetez un urinoir portable 4 personnes pour \u00e9v\u00e9nements","isPartOf":{"@id":"https:\/\/toypek.two.prikr.space\/fr\/#website"},"primaryImageOfPage":{"@id":"https:\/\/toypek.two.prikr.space\/fr\/produit\/urinoir-portable-en-plein-air-4personnes\/#primaryimage"},"image":{"@id":"https:\/\/toypek.two.prikr.space\/fr\/produit\/urinoir-portable-en-plein-air-4personnes\/#primaryimage"},"thumbnailUrl":"https:\/\/toypek.two.prikr.space\/wp-content\/uploads\/2023\/06\/tp-img-6-4.png","datePublished":"2023-06-09T14:17:05+00:00","dateModified":"2023-07-07T13:17:35+00:00","description":"Nos unit\u00e9s d'urinoir + urinoir 4 personnes sont fabriqu\u00e9es pour \u00eatre totalement \"anti-vandalisme\" et en PE (poly\u00e9thyl\u00e8ne).","breadcrumb":{"@id":"https:\/\/toypek.two.prikr.space\/fr\/produit\/urinoir-portable-en-plein-air-4personnes\/#breadcrumb"},"inLanguage":"fr-FR","potentialAction":[{"@type":"ReadAction","target":["https:\/\/toypek.two.prikr.space\/fr\/produit\/urinoir-portable-en-plein-air-4personnes\/"]}]},{"@type":"ImageObject","inLanguage":"fr-FR","@id":"https:\/\/toypek.two.prikr.space\/fr\/produit\/urinoir-portable-en-plein-air-4personnes\/#primaryimage","url":"https:\/\/toypek.two.prikr.space\/wp-content\/uploads\/2023\/06\/tp-img-6-4.png","contentUrl":"https:\/\/toypek.two.prikr.space\/wp-content\/uploads\/2023\/06\/tp-img-6-4.png","width":1000,"height":1000},{"@type":"BreadcrumbList","@id":"https:\/\/toypek.two.prikr.space\/fr\/produit\/urinoir-portable-en-plein-air-4personnes\/#breadcrumb","itemListElement":[{"@type":"ListItem","position":1,"name":"Home","item":"https:\/\/toypek.two.prikr.space\/fr\/"},{"@type":"ListItem","position":2,"name":"Boutique","item":"https:\/\/toypek.two.prikr.space\/fr\/gamme-de-produits\/"},{"@type":"ListItem","position":3,"name":"Urinoir + 4 pers"}]},{"@type":"WebSite","@id":"https:\/\/toypek.two.prikr.space\/fr\/#website","url":"https:\/\/toypek.two.prikr.space\/fr\/","name":"Toypek","description":"","potentialAction":[{"@type":"SearchAction","target":{"@type":"EntryPoint","urlTemplate":"https:\/\/toypek.two.prikr.space\/fr\/?s={search_term_string}"},"query-input":{"@type":"PropertyValueSpecification","valueRequired":true,"valueName":"search_term_string"}}],"inLanguage":"fr-FR"}]}},"_links":{"self":[{"href":"https:\/\/toypek.two.prikr.space\/fr\/wp-json\/wp\/v2\/product\/10304","targetHints":{"allow":["GET"]}}],"collection":[{"href":"https:\/\/toypek.two.prikr.space\/fr\/wp-json\/wp\/v2\/product"}],"about":[{"href":"https:\/\/toypek.two.prikr.space\/fr\/wp-json\/wp\/v2\/types\/product"}],"replies":[{"embeddable":true,"href":"https:\/\/toypek.two.prikr.space\/fr\/wp-json\/wp\/v2\/comments?post=10304"}],"wp:featuredmedia":[{"embeddable":true,"href":"https:\/\/toypek.two.prikr.space\/fr\/wp-json\/wp\/v2\/media\/9902"}],"wp:attachment":[{"href":"https:\/\/toypek.two.prikr.space\/fr\/wp-json\/wp\/v2\/media?parent=10304"}],"wp:term":[{"taxonomy":"product_cat","embeddable":true,"href":"https:\/\/toypek.two.prikr.space\/fr\/wp-json\/wp\/v2\/product_cat?post=10304"},{"taxonomy":"product_tag","embeddable":true,"href":"https:\/\/toypek.two.prikr.space\/fr\/wp-json\/wp\/v2\/product_tag?post=10304"}],"curies":[{"name":"wp","href":"https:\/\/api.w.org\/{rel}","templated":true}]}}