{"id":913,"date":"2023-06-09T14:28:33","date_gmt":"2023-06-09T14:28:33","guid":{"rendered":"https:\/\/toypek.two.prikr.space\/?page_id=913"},"modified":"2023-06-22T10:05:01","modified_gmt":"2023-06-22T10:05:01","slug":"notre-histoire","status":"publish","type":"page","link":"https:\/\/toypek.two.prikr.space\/fr\/notre-histoire\/","title":{"rendered":"Ons verhaal"},"content":{"rendered":"","protected":false},"excerpt":{"rendered":"","protected":false},"author":2,"featured_media":0,"parent":0,"menu_order":0,"comment_status":"closed","ping_status":"closed","template":"","meta":{"_acf_changed":false,"footnotes":""},"class_list":["post-913","page","type-page","status-publish","hentry"],"acf":[],"yoast_head":"<!-- This site is optimized with the Yoast SEO plugin v23.6 - https:\/\/yoast.com\/wordpress\/plugins\/seo\/ -->\n<title>Notre histoire | Toypek.eu<\/title>\n<meta name=\"description\" content=\"Tout a commenc\u00e9 par une \u00e9tude sur les souhaits et les besoins des entreprises de location sur le march\u00e9 de la location, r\u00e9v\u00e9lant que le transport \u00e9tait un d\u00e9fi majeur.\" \/>\n<meta name=\"robots\" content=\"noindex, follow, max-snippet:-1, max-image-preview:large, max-video-preview:-1\" \/>\n<meta property=\"og:locale\" content=\"fr_FR\" \/>\n<meta property=\"og:type\" content=\"article\" \/>\n<meta property=\"og:title\" content=\"Notre histoire | Toypek.eu\" \/>\n<meta property=\"og:description\" content=\"Tout a commenc\u00e9 par une \u00e9tude sur les souhaits et les besoins des entreprises de location sur le march\u00e9 de la location, r\u00e9v\u00e9lant que le transport \u00e9tait un d\u00e9fi majeur.\" \/>\n<meta property=\"og:url\" content=\"https:\/\/toypek.two.prikr.space\/fr\/notre-histoire\/\" \/>\n<meta property=\"og:site_name\" content=\"Toypek\" \/>\n<meta property=\"article:modified_time\" content=\"2023-06-22T10:05:01+00:00\" \/>\n<meta name=\"twitter:card\" content=\"summary_large_image\" \/>\n<script type=\"application\/ld+json\" class=\"yoast-schema-graph\">{\"@context\":\"https:\/\/schema.org\",\"@graph\":[{\"@type\":\"WebPage\",\"@id\":\"https:\/\/toypek.two.prikr.space\/fr\/notre-histoire\/\",\"url\":\"https:\/\/toypek.two.prikr.space\/fr\/notre-histoire\/\",\"name\":\"Notre histoire | Toypek.eu\",\"isPartOf\":{\"@id\":\"https:\/\/toypek.two.prikr.space\/fr\/#website\"},\"datePublished\":\"2023-06-09T14:28:33+00:00\",\"dateModified\":\"2023-06-22T10:05:01+00:00\",\"description\":\"Tout a commenc\u00e9 par une \u00e9tude sur les souhaits et les besoins des entreprises de location sur le march\u00e9 de la location, r\u00e9v\u00e9lant que le transport \u00e9tait un d\u00e9fi majeur.\",\"breadcrumb\":{\"@id\":\"https:\/\/toypek.two.prikr.space\/fr\/notre-histoire\/#breadcrumb\"},\"inLanguage\":\"fr-FR\",\"potentialAction\":[{\"@type\":\"ReadAction\",\"target\":[\"https:\/\/toypek.two.prikr.space\/fr\/notre-histoire\/\"]}]},{\"@type\":\"BreadcrumbList\",\"@id\":\"https:\/\/toypek.two.prikr.space\/fr\/notre-histoire\/#breadcrumb\",\"itemListElement\":[{\"@type\":\"ListItem\",\"position\":1,\"name\":\"Home\",\"item\":\"https:\/\/toypek.two.prikr.space\/fr\/\"},{\"@type\":\"ListItem\",\"position\":2,\"name\":\"Ons verhaal\"}]},{\"@type\":\"WebSite\",\"@id\":\"https:\/\/toypek.two.prikr.space\/fr\/#website\",\"url\":\"https:\/\/toypek.two.prikr.space\/fr\/\",\"name\":\"Toypek\",\"description\":\"\",\"potentialAction\":[{\"@type\":\"SearchAction\",\"target\":{\"@type\":\"EntryPoint\",\"urlTemplate\":\"https:\/\/toypek.two.prikr.space\/fr\/?s={search_term_string}\"},\"query-input\":{\"@type\":\"PropertyValueSpecification\",\"valueRequired\":true,\"valueName\":\"search_term_string\"}}],\"inLanguage\":\"fr-FR\"}]}<\/script>\n<!-- \/ Yoast SEO plugin. -->","yoast_head_json":{"title":"Notre histoire | Toypek.eu","description":"Tout a commenc\u00e9 par une \u00e9tude sur les souhaits et les besoins des entreprises de location sur le march\u00e9 de la location, r\u00e9v\u00e9lant que le transport \u00e9tait un d\u00e9fi majeur.","robots":{"index":"noindex","follow":"follow","max-snippet":"max-snippet:-1","max-image-preview":"max-image-preview:large","max-video-preview":"max-video-preview:-1"},"og_locale":"fr_FR","og_type":"article","og_title":"Notre histoire | Toypek.eu","og_description":"Tout a commenc\u00e9 par une \u00e9tude sur les souhaits et les besoins des entreprises de location sur le march\u00e9 de la location, r\u00e9v\u00e9lant que le transport \u00e9tait un d\u00e9fi majeur.","og_url":"https:\/\/toypek.two.prikr.space\/fr\/notre-histoire\/","og_site_name":"Toypek","article_modified_time":"2023-06-22T10:05:01+00:00","twitter_card":"summary_large_image","schema":{"@context":"https:\/\/schema.org","@graph":[{"@type":"WebPage","@id":"https:\/\/toypek.two.prikr.space\/fr\/notre-histoire\/","url":"https:\/\/toypek.two.prikr.space\/fr\/notre-histoire\/","name":"Notre histoire | Toypek.eu","isPartOf":{"@id":"https:\/\/toypek.two.prikr.space\/fr\/#website"},"datePublished":"2023-06-09T14:28:33+00:00","dateModified":"2023-06-22T10:05:01+00:00","description":"Tout a commenc\u00e9 par une \u00e9tude sur les souhaits et les besoins des entreprises de location sur le march\u00e9 de la location, r\u00e9v\u00e9lant que le transport \u00e9tait un d\u00e9fi majeur.","breadcrumb":{"@id":"https:\/\/toypek.two.prikr.space\/fr\/notre-histoire\/#breadcrumb"},"inLanguage":"fr-FR","potentialAction":[{"@type":"ReadAction","target":["https:\/\/toypek.two.prikr.space\/fr\/notre-histoire\/"]}]},{"@type":"BreadcrumbList","@id":"https:\/\/toypek.two.prikr.space\/fr\/notre-histoire\/#breadcrumb","itemListElement":[{"@type":"ListItem","position":1,"name":"Home","item":"https:\/\/toypek.two.prikr.space\/fr\/"},{"@type":"ListItem","position":2,"name":"Ons verhaal"}]},{"@type":"WebSite","@id":"https:\/\/toypek.two.prikr.space\/fr\/#website","url":"https:\/\/toypek.two.prikr.space\/fr\/","name":"Toypek","description":"","potentialAction":[{"@type":"SearchAction","target":{"@type":"EntryPoint","urlTemplate":"https:\/\/toypek.two.prikr.space\/fr\/?s={search_term_string}"},"query-input":{"@type":"PropertyValueSpecification","valueRequired":true,"valueName":"search_term_string"}}],"inLanguage":"fr-FR"}]}},"_links":{"self":[{"href":"https:\/\/toypek.two.prikr.space\/fr\/wp-json\/wp\/v2\/pages\/913","targetHints":{"allow":["GET"]}}],"collection":[{"href":"https:\/\/toypek.two.prikr.space\/fr\/wp-json\/wp\/v2\/pages"}],"about":[{"href":"https:\/\/toypek.two.prikr.space\/fr\/wp-json\/wp\/v2\/types\/page"}],"author":[{"embeddable":true,"href":"https:\/\/toypek.two.prikr.space\/fr\/wp-json\/wp\/v2\/users\/2"}],"replies":[{"embeddable":true,"href":"https:\/\/toypek.two.prikr.space\/fr\/wp-json\/wp\/v2\/comments?post=913"}],"version-history":[{"count":5,"href":"https:\/\/toypek.two.prikr.space\/fr\/wp-json\/wp\/v2\/pages\/913\/revisions"}],"predecessor-version":[{"id":3768,"href":"https:\/\/toypek.two.prikr.space\/fr\/wp-json\/wp\/v2\/pages\/913\/revisions\/3768"}],"wp:attachment":[{"href":"https:\/\/toypek.two.prikr.space\/fr\/wp-json\/wp\/v2\/media?parent=913"}],"curies":[{"name":"wp","href":"https:\/\/api.w.org\/{rel}","templated":true}]}}