{"id":756,"date":"2023-06-09T09:59:35","date_gmt":"2023-06-09T09:59:35","guid":{"rendered":"https:\/\/toypek.two.prikr.space\/maatschappelijk-verantwoord-ondernemen-duurzaamheid-2\/"},"modified":"2023-07-12T10:21:26","modified_gmt":"2023-07-12T10:21:26","slug":"rse","status":"publish","type":"page","link":"https:\/\/toypek.two.prikr.space\/fr\/rse\/","title":{"rendered":"Adopter la Responsabilit\u00e9 Sociale des Entreprises et la Durabilit\u00e9"},"content":{"rendered":"","protected":false},"excerpt":{"rendered":"","protected":false},"author":3,"featured_media":0,"parent":0,"menu_order":0,"comment_status":"closed","ping_status":"closed","template":"","meta":{"_acf_changed":false,"footnotes":""},"class_list":["post-756","page","type-page","status-publish","hentry"],"acf":[],"yoast_head":"<!-- This site is optimized with the Yoast SEO plugin v23.6 - https:\/\/yoast.com\/wordpress\/plugins\/seo\/ -->\n<title>La responsabilit\u00e9 sociale d&#039;entreprise de Toypek.eu !<\/title>\n<meta name=\"description\" content=\"Dans notre entreprise, nous croyons fermement en la responsabilit\u00e9 sociale des entreprises et en la durabilit\u00e9. Dans le cadre de notre engagement, nous collaborons avec une organisation appel\u00e9e Konnected, d\u00e9di\u00e9e \u00e0 offrir des opportunit\u00e9s aux personnes confront\u00e9es \u00e0 des d\u00e9fis sur le march\u00e9 du travail.\" \/>\n<meta name=\"robots\" content=\"noindex, follow, max-snippet:-1, max-image-preview:large, max-video-preview:-1\" \/>\n<meta property=\"og:locale\" content=\"fr_FR\" \/>\n<meta property=\"og:type\" content=\"article\" \/>\n<meta property=\"og:title\" content=\"La responsabilit\u00e9 sociale d&#039;entreprise de Toypek.eu !\" \/>\n<meta property=\"og:description\" content=\"Dans notre entreprise, nous croyons fermement en la responsabilit\u00e9 sociale des entreprises et en la durabilit\u00e9. Dans le cadre de notre engagement, nous collaborons avec une organisation appel\u00e9e Konnected, d\u00e9di\u00e9e \u00e0 offrir des opportunit\u00e9s aux personnes confront\u00e9es \u00e0 des d\u00e9fis sur le march\u00e9 du travail.\" \/>\n<meta property=\"og:url\" content=\"https:\/\/toypek.two.prikr.space\/fr\/rse\/\" \/>\n<meta property=\"og:site_name\" content=\"Toypek\" \/>\n<meta property=\"article:modified_time\" content=\"2023-07-12T10:21:26+00:00\" \/>\n<meta name=\"twitter:card\" content=\"summary_large_image\" \/>\n<script type=\"application\/ld+json\" class=\"yoast-schema-graph\">{\"@context\":\"https:\/\/schema.org\",\"@graph\":[{\"@type\":\"WebPage\",\"@id\":\"https:\/\/toypek.two.prikr.space\/fr\/rse\/\",\"url\":\"https:\/\/toypek.two.prikr.space\/fr\/rse\/\",\"name\":\"La responsabilit\u00e9 sociale d'entreprise de Toypek.eu !\",\"isPartOf\":{\"@id\":\"https:\/\/toypek.two.prikr.space\/fr\/#website\"},\"datePublished\":\"2023-06-09T09:59:35+00:00\",\"dateModified\":\"2023-07-12T10:21:26+00:00\",\"description\":\"Dans notre entreprise, nous croyons fermement en la responsabilit\u00e9 sociale des entreprises et en la durabilit\u00e9. Dans le cadre de notre engagement, nous collaborons avec une organisation appel\u00e9e Konnected, d\u00e9di\u00e9e \u00e0 offrir des opportunit\u00e9s aux personnes confront\u00e9es \u00e0 des d\u00e9fis sur le march\u00e9 du travail.\",\"breadcrumb\":{\"@id\":\"https:\/\/toypek.two.prikr.space\/fr\/rse\/#breadcrumb\"},\"inLanguage\":\"fr-FR\",\"potentialAction\":[{\"@type\":\"ReadAction\",\"target\":[\"https:\/\/toypek.two.prikr.space\/fr\/rse\/\"]}]},{\"@type\":\"BreadcrumbList\",\"@id\":\"https:\/\/toypek.two.prikr.space\/fr\/rse\/#breadcrumb\",\"itemListElement\":[{\"@type\":\"ListItem\",\"position\":1,\"name\":\"Home\",\"item\":\"https:\/\/toypek.two.prikr.space\/fr\/\"},{\"@type\":\"ListItem\",\"position\":2,\"name\":\"Adopter la Responsabilit\u00e9 Sociale des Entreprises et la Durabilit\u00e9\"}]},{\"@type\":\"WebSite\",\"@id\":\"https:\/\/toypek.two.prikr.space\/fr\/#website\",\"url\":\"https:\/\/toypek.two.prikr.space\/fr\/\",\"name\":\"Toypek\",\"description\":\"\",\"potentialAction\":[{\"@type\":\"SearchAction\",\"target\":{\"@type\":\"EntryPoint\",\"urlTemplate\":\"https:\/\/toypek.two.prikr.space\/fr\/?s={search_term_string}\"},\"query-input\":{\"@type\":\"PropertyValueSpecification\",\"valueRequired\":true,\"valueName\":\"search_term_string\"}}],\"inLanguage\":\"fr-FR\"}]}<\/script>\n<!-- \/ Yoast SEO plugin. -->","yoast_head_json":{"title":"La responsabilit\u00e9 sociale d'entreprise de Toypek.eu !","description":"Dans notre entreprise, nous croyons fermement en la responsabilit\u00e9 sociale des entreprises et en la durabilit\u00e9. Dans le cadre de notre engagement, nous collaborons avec une organisation appel\u00e9e Konnected, d\u00e9di\u00e9e \u00e0 offrir des opportunit\u00e9s aux personnes confront\u00e9es \u00e0 des d\u00e9fis sur le march\u00e9 du travail.","robots":{"index":"noindex","follow":"follow","max-snippet":"max-snippet:-1","max-image-preview":"max-image-preview:large","max-video-preview":"max-video-preview:-1"},"og_locale":"fr_FR","og_type":"article","og_title":"La responsabilit\u00e9 sociale d'entreprise de Toypek.eu !","og_description":"Dans notre entreprise, nous croyons fermement en la responsabilit\u00e9 sociale des entreprises et en la durabilit\u00e9. Dans le cadre de notre engagement, nous collaborons avec une organisation appel\u00e9e Konnected, d\u00e9di\u00e9e \u00e0 offrir des opportunit\u00e9s aux personnes confront\u00e9es \u00e0 des d\u00e9fis sur le march\u00e9 du travail.","og_url":"https:\/\/toypek.two.prikr.space\/fr\/rse\/","og_site_name":"Toypek","article_modified_time":"2023-07-12T10:21:26+00:00","twitter_card":"summary_large_image","schema":{"@context":"https:\/\/schema.org","@graph":[{"@type":"WebPage","@id":"https:\/\/toypek.two.prikr.space\/fr\/rse\/","url":"https:\/\/toypek.two.prikr.space\/fr\/rse\/","name":"La responsabilit\u00e9 sociale d'entreprise de Toypek.eu !","isPartOf":{"@id":"https:\/\/toypek.two.prikr.space\/fr\/#website"},"datePublished":"2023-06-09T09:59:35+00:00","dateModified":"2023-07-12T10:21:26+00:00","description":"Dans notre entreprise, nous croyons fermement en la responsabilit\u00e9 sociale des entreprises et en la durabilit\u00e9. Dans le cadre de notre engagement, nous collaborons avec une organisation appel\u00e9e Konnected, d\u00e9di\u00e9e \u00e0 offrir des opportunit\u00e9s aux personnes confront\u00e9es \u00e0 des d\u00e9fis sur le march\u00e9 du travail.","breadcrumb":{"@id":"https:\/\/toypek.two.prikr.space\/fr\/rse\/#breadcrumb"},"inLanguage":"fr-FR","potentialAction":[{"@type":"ReadAction","target":["https:\/\/toypek.two.prikr.space\/fr\/rse\/"]}]},{"@type":"BreadcrumbList","@id":"https:\/\/toypek.two.prikr.space\/fr\/rse\/#breadcrumb","itemListElement":[{"@type":"ListItem","position":1,"name":"Home","item":"https:\/\/toypek.two.prikr.space\/fr\/"},{"@type":"ListItem","position":2,"name":"Adopter la Responsabilit\u00e9 Sociale des Entreprises et la Durabilit\u00e9"}]},{"@type":"WebSite","@id":"https:\/\/toypek.two.prikr.space\/fr\/#website","url":"https:\/\/toypek.two.prikr.space\/fr\/","name":"Toypek","description":"","potentialAction":[{"@type":"SearchAction","target":{"@type":"EntryPoint","urlTemplate":"https:\/\/toypek.two.prikr.space\/fr\/?s={search_term_string}"},"query-input":{"@type":"PropertyValueSpecification","valueRequired":true,"valueName":"search_term_string"}}],"inLanguage":"fr-FR"}]}},"_links":{"self":[{"href":"https:\/\/toypek.two.prikr.space\/fr\/wp-json\/wp\/v2\/pages\/756","targetHints":{"allow":["GET"]}}],"collection":[{"href":"https:\/\/toypek.two.prikr.space\/fr\/wp-json\/wp\/v2\/pages"}],"about":[{"href":"https:\/\/toypek.two.prikr.space\/fr\/wp-json\/wp\/v2\/types\/page"}],"author":[{"embeddable":true,"href":"https:\/\/toypek.two.prikr.space\/fr\/wp-json\/wp\/v2\/users\/3"}],"replies":[{"embeddable":true,"href":"https:\/\/toypek.two.prikr.space\/fr\/wp-json\/wp\/v2\/comments?post=756"}],"version-history":[{"count":4,"href":"https:\/\/toypek.two.prikr.space\/fr\/wp-json\/wp\/v2\/pages\/756\/revisions"}],"predecessor-version":[{"id":3763,"href":"https:\/\/toypek.two.prikr.space\/fr\/wp-json\/wp\/v2\/pages\/756\/revisions\/3763"}],"wp:attachment":[{"href":"https:\/\/toypek.two.prikr.space\/fr\/wp-json\/wp\/v2\/media?parent=756"}],"curies":[{"name":"wp","href":"https:\/\/api.w.org\/{rel}","templated":true}]}}