{"id":9880,"date":"2023-06-09T13:39:20","date_gmt":"2023-06-09T13:39:20","guid":{"rendered":"https:\/\/toypek.two.prikr.space\/product\/toypek-mobiele-douchecabine-2\/"},"modified":"2023-07-07T14:02:01","modified_gmt":"2023-07-07T14:02:01","slug":"unidad-de-ducha-portatil-toypek","status":"publish","type":"product","link":"https:\/\/toypek.two.prikr.space\/es\/producto\/unidad-de-ducha-portatil-toypek\/","title":{"rendered":"Toypek cabinas de ducha port\u00e1tiles"},"content":{"rendered":"\n<p>Nuestras duchas port&aacute;tiles est&aacute;n fabricadas &iacute;ntegramente en HDPE (polietileno de alta densidad), incluido un fondo fabricado especialmente para nuestra cabina de ducha port&aacute;til Toypek. Fabricadas en pl&aacute;stico duradero de alta densidad, nuestras duchas port&aacute;tiles cuentan con un suelo antideslizante y un plato de ducha completamente soldado. Dise&ntilde;adas para ser &laquo;a prueba de vandalismo&raquo;, estas duchas tienen un bajo coste de mantenimiento, lo que las hace ideales para empresas de alquiler y sus usuarios finales.<\/p>\n<p><strong>Ventajas a medida para el alquiler<br>\n<\/strong>Nuestras duchas port&aacute;tiles ofrecen varias ventajas para las empresas de alquiler:<\/p>\n<ul>\n<li>Cada ducha port&aacute;til de Toypek.eu se somete a un exhaustivo proceso de desarrollo y pruebas.<\/li>\n<li>Las unidades de ducha cuentan con fondos fabricados &iacute;ntegramente en PE, soldados de arriba abajo.<\/li>\n<li>Cabinas de ducha port&aacute;tiles f&aacute;ciles de limpiar.<\/li>\n<li>Asas ensanchadas y construcci&oacute;n ligera para una movilidad sin esfuerzo in situ.<\/li>\n<li>Duchas altamente herm&eacute;ticas, con fugas m&iacute;nimas s&oacute;lo a trav&eacute;s de los orificios de ventilaci&oacute;n, las puertas y las salpicaduras de agua.<\/li>\n<li>Suelos antideslizantes para mayor seguridad.<\/li>\n<li>Dimensiones compactas para facilitar su transporte.<\/li>\n<li>Colores vibrantes y duraderos con pl&aacute;stico HDPE clasificado con 7 de 8 puntos de densidad de color.<\/li>\n<li>Puertas equipadas con fuertes resortes de fuerza de rebote.<\/li>\n<li>Superficies publicitarias especiales en los paneles laterales y las puertas de nuestras duchas port&aacute;tiles.<\/li>\n<\/ul>\n<p>Considera la posibilidad de a&ntilde;adir cabinas cambiadores a tus cabinas de ducha port&aacute;tiles para obtener una soluci&oacute;n completa. Cont&aacute;ctanos para obtener m&aacute;s informaci&oacute;n y explorar las posibilidades. Tenemos en venta duchas port&aacute;tiles para satisfacer cualquier necesidad industrial.<\/p>\n\n","protected":false},"excerpt":{"rendered":"<p>Descubre la soluci\u00f3n perfecta con nuestra gama de cabinas de ducha port\u00e1tiles en venta, que incluye duchas port\u00e1tiles, unidades de ducha port\u00e1tiles y ba\u00f1os port\u00e1tiles en venta. Dise\u00f1a tu cabina de ducha port\u00e1til seg\u00fan tus preferencias, teniendo en cuenta las opciones de color, las caracter\u00edsticas adicionales y las cantidades deseadas. Incluso ofrecemos la opci\u00f3n de fabricar la cabina de ducha temporal en el color que elijas.<\/p>\n","protected":false},"featured_media":14423,"comment_status":"open","ping_status":"closed","template":"","meta":{"_acf_changed":false},"product_cat":[101],"product_tag":[],"class_list":{"0":"post-9880","1":"product","2":"type-product","3":"status-publish","4":"has-post-thumbnail","6":"product_cat-cabinas-de-ducha","8":"first","9":"instock","10":"shipping-taxable","11":"product-type-variable"},"acf":[],"yoast_head":"<!-- This site is optimized with the Yoast SEO plugin v23.6 - https:\/\/yoast.com\/wordpress\/plugins\/seo\/ -->\n<title>Producto: Unidades de ducha port\u00e1til en venta - Ba\u00f1o port\u00e1til<\/title>\n<meta name=\"description\" content=\"Nuestras duchas m\u00f3viles est\u00e1n completamente hechas de pl\u00e1stico HDPE (polietileno de alta densidad), incluido un fondo especialmente dise\u00f1ado para nuestra cabina de ducha m\u00f3vil Toypek.\" \/>\n<meta name=\"robots\" content=\"noindex, follow, max-snippet:-1, max-image-preview:large, max-video-preview:-1\" \/>\n<meta property=\"og:locale\" content=\"es_ES\" \/>\n<meta property=\"og:type\" content=\"article\" \/>\n<meta property=\"og:title\" content=\"Producto: Unidades de ducha port\u00e1til en venta - Ba\u00f1o port\u00e1til\" \/>\n<meta property=\"og:description\" content=\"Nuestras duchas m\u00f3viles est\u00e1n completamente hechas de pl\u00e1stico HDPE (polietileno de alta densidad), incluido un fondo especialmente dise\u00f1ado para nuestra cabina de ducha m\u00f3vil Toypek.\" \/>\n<meta property=\"og:url\" content=\"https:\/\/toypek.two.prikr.space\/es\/producto\/unidad-de-ducha-portatil-toypek\/\" \/>\n<meta property=\"og:site_name\" content=\"Toypek\" \/>\n<meta property=\"article:modified_time\" content=\"2023-07-07T14:02:01+00:00\" \/>\n<meta property=\"og:image\" content=\"https:\/\/toypek.two.prikr.space\/wp-content\/uploads\/2023\/06\/tp-img-6-9.png\" \/>\n\t<meta property=\"og:image:width\" content=\"1000\" \/>\n\t<meta property=\"og:image:height\" content=\"1000\" \/>\n\t<meta property=\"og:image:type\" content=\"image\/png\" \/>\n<meta name=\"twitter:card\" content=\"summary_large_image\" \/>\n<meta name=\"twitter:label1\" content=\"Tiempo de lectura\" \/>\n\t<meta name=\"twitter:data1\" content=\"2 minutos\" \/>\n<script type=\"application\/ld+json\" class=\"yoast-schema-graph\">{\"@context\":\"https:\/\/schema.org\",\"@graph\":[{\"@type\":\"WebPage\",\"@id\":\"https:\/\/toypek.two.prikr.space\/es\/producto\/unidad-de-ducha-portatil-toypek\/\",\"url\":\"https:\/\/toypek.two.prikr.space\/es\/producto\/unidad-de-ducha-portatil-toypek\/\",\"name\":\"Producto: Unidades de ducha port\u00e1til en venta - Ba\u00f1o port\u00e1til\",\"isPartOf\":{\"@id\":\"https:\/\/toypek.two.prikr.space\/es\/#website\"},\"primaryImageOfPage\":{\"@id\":\"https:\/\/toypek.two.prikr.space\/es\/producto\/unidad-de-ducha-portatil-toypek\/#primaryimage\"},\"image\":{\"@id\":\"https:\/\/toypek.two.prikr.space\/es\/producto\/unidad-de-ducha-portatil-toypek\/#primaryimage\"},\"thumbnailUrl\":\"https:\/\/toypek.two.prikr.space\/wp-content\/uploads\/2023\/06\/tp-img-6-9.png\",\"datePublished\":\"2023-06-09T13:39:20+00:00\",\"dateModified\":\"2023-07-07T14:02:01+00:00\",\"description\":\"Nuestras duchas m\u00f3viles est\u00e1n completamente hechas de pl\u00e1stico HDPE (polietileno de alta densidad), incluido un fondo especialmente dise\u00f1ado para nuestra cabina de ducha m\u00f3vil Toypek.\",\"breadcrumb\":{\"@id\":\"https:\/\/toypek.two.prikr.space\/es\/producto\/unidad-de-ducha-portatil-toypek\/#breadcrumb\"},\"inLanguage\":\"es\",\"potentialAction\":[{\"@type\":\"ReadAction\",\"target\":[\"https:\/\/toypek.two.prikr.space\/es\/producto\/unidad-de-ducha-portatil-toypek\/\"]}]},{\"@type\":\"ImageObject\",\"inLanguage\":\"es\",\"@id\":\"https:\/\/toypek.two.prikr.space\/es\/producto\/unidad-de-ducha-portatil-toypek\/#primaryimage\",\"url\":\"https:\/\/toypek.two.prikr.space\/wp-content\/uploads\/2023\/06\/tp-img-6-9.png\",\"contentUrl\":\"https:\/\/toypek.two.prikr.space\/wp-content\/uploads\/2023\/06\/tp-img-6-9.png\",\"width\":1000,\"height\":1000},{\"@type\":\"BreadcrumbList\",\"@id\":\"https:\/\/toypek.two.prikr.space\/es\/producto\/unidad-de-ducha-portatil-toypek\/#breadcrumb\",\"itemListElement\":[{\"@type\":\"ListItem\",\"position\":1,\"name\":\"Home\",\"item\":\"https:\/\/toypek.two.prikr.space\/es\/\"},{\"@type\":\"ListItem\",\"position\":2,\"name\":\"Tienda\",\"item\":\"https:\/\/toypek.two.prikr.space\/es\/gama-de-productos\/\"},{\"@type\":\"ListItem\",\"position\":3,\"name\":\"Toypek cabinas de ducha port\u00e1tiles\"}]},{\"@type\":\"WebSite\",\"@id\":\"https:\/\/toypek.two.prikr.space\/es\/#website\",\"url\":\"https:\/\/toypek.two.prikr.space\/es\/\",\"name\":\"Toypek\",\"description\":\"\",\"potentialAction\":[{\"@type\":\"SearchAction\",\"target\":{\"@type\":\"EntryPoint\",\"urlTemplate\":\"https:\/\/toypek.two.prikr.space\/es\/?s={search_term_string}\"},\"query-input\":{\"@type\":\"PropertyValueSpecification\",\"valueRequired\":true,\"valueName\":\"search_term_string\"}}],\"inLanguage\":\"es\"}]}<\/script>\n<!-- \/ Yoast SEO plugin. -->","yoast_head_json":{"title":"Producto: Unidades de ducha port\u00e1til en venta - Ba\u00f1o port\u00e1til","description":"Nuestras duchas m\u00f3viles est\u00e1n completamente hechas de pl\u00e1stico HDPE (polietileno de alta densidad), incluido un fondo especialmente dise\u00f1ado para nuestra cabina de ducha m\u00f3vil Toypek.","robots":{"index":"noindex","follow":"follow","max-snippet":"max-snippet:-1","max-image-preview":"max-image-preview:large","max-video-preview":"max-video-preview:-1"},"og_locale":"es_ES","og_type":"article","og_title":"Producto: Unidades de ducha port\u00e1til en venta - Ba\u00f1o port\u00e1til","og_description":"Nuestras duchas m\u00f3viles est\u00e1n completamente hechas de pl\u00e1stico HDPE (polietileno de alta densidad), incluido un fondo especialmente dise\u00f1ado para nuestra cabina de ducha m\u00f3vil Toypek.","og_url":"https:\/\/toypek.two.prikr.space\/es\/producto\/unidad-de-ducha-portatil-toypek\/","og_site_name":"Toypek","article_modified_time":"2023-07-07T14:02:01+00:00","og_image":[{"width":1000,"height":1000,"url":"https:\/\/toypek.two.prikr.space\/wp-content\/uploads\/2023\/06\/tp-img-6-9.png","type":"image\/png"}],"twitter_card":"summary_large_image","twitter_misc":{"Tiempo de lectura":"2 minutos"},"schema":{"@context":"https:\/\/schema.org","@graph":[{"@type":"WebPage","@id":"https:\/\/toypek.two.prikr.space\/es\/producto\/unidad-de-ducha-portatil-toypek\/","url":"https:\/\/toypek.two.prikr.space\/es\/producto\/unidad-de-ducha-portatil-toypek\/","name":"Producto: Unidades de ducha port\u00e1til en venta - Ba\u00f1o port\u00e1til","isPartOf":{"@id":"https:\/\/toypek.two.prikr.space\/es\/#website"},"primaryImageOfPage":{"@id":"https:\/\/toypek.two.prikr.space\/es\/producto\/unidad-de-ducha-portatil-toypek\/#primaryimage"},"image":{"@id":"https:\/\/toypek.two.prikr.space\/es\/producto\/unidad-de-ducha-portatil-toypek\/#primaryimage"},"thumbnailUrl":"https:\/\/toypek.two.prikr.space\/wp-content\/uploads\/2023\/06\/tp-img-6-9.png","datePublished":"2023-06-09T13:39:20+00:00","dateModified":"2023-07-07T14:02:01+00:00","description":"Nuestras duchas m\u00f3viles est\u00e1n completamente hechas de pl\u00e1stico HDPE (polietileno de alta densidad), incluido un fondo especialmente dise\u00f1ado para nuestra cabina de ducha m\u00f3vil Toypek.","breadcrumb":{"@id":"https:\/\/toypek.two.prikr.space\/es\/producto\/unidad-de-ducha-portatil-toypek\/#breadcrumb"},"inLanguage":"es","potentialAction":[{"@type":"ReadAction","target":["https:\/\/toypek.two.prikr.space\/es\/producto\/unidad-de-ducha-portatil-toypek\/"]}]},{"@type":"ImageObject","inLanguage":"es","@id":"https:\/\/toypek.two.prikr.space\/es\/producto\/unidad-de-ducha-portatil-toypek\/#primaryimage","url":"https:\/\/toypek.two.prikr.space\/wp-content\/uploads\/2023\/06\/tp-img-6-9.png","contentUrl":"https:\/\/toypek.two.prikr.space\/wp-content\/uploads\/2023\/06\/tp-img-6-9.png","width":1000,"height":1000},{"@type":"BreadcrumbList","@id":"https:\/\/toypek.two.prikr.space\/es\/producto\/unidad-de-ducha-portatil-toypek\/#breadcrumb","itemListElement":[{"@type":"ListItem","position":1,"name":"Home","item":"https:\/\/toypek.two.prikr.space\/es\/"},{"@type":"ListItem","position":2,"name":"Tienda","item":"https:\/\/toypek.two.prikr.space\/es\/gama-de-productos\/"},{"@type":"ListItem","position":3,"name":"Toypek cabinas de ducha port\u00e1tiles"}]},{"@type":"WebSite","@id":"https:\/\/toypek.two.prikr.space\/es\/#website","url":"https:\/\/toypek.two.prikr.space\/es\/","name":"Toypek","description":"","potentialAction":[{"@type":"SearchAction","target":{"@type":"EntryPoint","urlTemplate":"https:\/\/toypek.two.prikr.space\/es\/?s={search_term_string}"},"query-input":{"@type":"PropertyValueSpecification","valueRequired":true,"valueName":"search_term_string"}}],"inLanguage":"es"}]}},"_links":{"self":[{"href":"https:\/\/toypek.two.prikr.space\/es\/wp-json\/wp\/v2\/product\/9880","targetHints":{"allow":["GET"]}}],"collection":[{"href":"https:\/\/toypek.two.prikr.space\/es\/wp-json\/wp\/v2\/product"}],"about":[{"href":"https:\/\/toypek.two.prikr.space\/es\/wp-json\/wp\/v2\/types\/product"}],"replies":[{"embeddable":true,"href":"https:\/\/toypek.two.prikr.space\/es\/wp-json\/wp\/v2\/comments?post=9880"}],"wp:featuredmedia":[{"embeddable":true,"href":"https:\/\/toypek.two.prikr.space\/es\/wp-json\/wp\/v2\/media\/14423"}],"wp:attachment":[{"href":"https:\/\/toypek.two.prikr.space\/es\/wp-json\/wp\/v2\/media?parent=9880"}],"wp:term":[{"taxonomy":"product_cat","embeddable":true,"href":"https:\/\/toypek.two.prikr.space\/es\/wp-json\/wp\/v2\/product_cat?post=9880"},{"taxonomy":"product_tag","embeddable":true,"href":"https:\/\/toypek.two.prikr.space\/es\/wp-json\/wp\/v2\/product_tag?post=9880"}],"curies":[{"name":"wp","href":"https:\/\/api.w.org\/{rel}","templated":true}]}}