{"id":9233,"date":"2023-06-09T12:14:02","date_gmt":"2023-06-09T12:14:02","guid":{"rendered":"https:\/\/toypek.two.prikr.space\/product\/toypek-mobiel-toilet-2\/"},"modified":"2023-07-11T10:31:26","modified_gmt":"2023-07-11T10:31:26","slug":"banos-portatiles-toypek","status":"publish","type":"product","link":"https:\/\/toypek.two.prikr.space\/es\/producto\/banos-portatiles-toypek\/","title":{"rendered":"Inodoro m\u00f3vil Toypek 3000"},"content":{"rendered":"\n<p>Nuestros ba&ntilde;os port&aacute;tiles est&aacute;n fabricados con pl&aacute;stico HDPE (polietileno de alta densidad) a prueba de vandalismo, lo que garantiza su longevidad y la duraci&oacute;n del color. Cuando eliges nuestras cabinas de aseos, te beneficias de bajos costes de mantenimiento y de una soluci&oacute;n duradera. Estas unidades sanitarias est&aacute;n dise&ntilde;adas para satisfacer las necesidades de las empresas de alquiler y de sus usuarios. Para todas las necesidades sanitarias, tenemos a la venta un ba&ntilde;o port&aacute;til que cumplir&aacute; los requisitos.<\/p>\n<p>Las ventajas de nuestros ba&ntilde;os port&aacute;tiles Toypek incluyen:<\/p>\n<ul>\n<li>Riguroso proceso de desarrollo para resistir el vandalismo.<\/li>\n<li>Superficies f&aacute;ciles de limpiar con lados lisos y uniformes.<\/li>\n<li>Asas ensanchadas para mayor comodidad.<\/li>\n<li>Puertas equipadas con 2 pasadores de acero para colgar.<\/li>\n<li>Ranuras en la parte inferior para cargar y descargar sin esfuerzo.<\/li>\n<li>Densidad de color viva de 7 de 8 puntos, gracias al pl&aacute;stico HDPE.<\/li>\n<li>Resortes de puerta resistentes para un cierre seguro.<\/li>\n<li>Dise&ntilde;o compacto para un transporte rentable.<\/li>\n<li>Superficies para publicidad en la puerta y 3 paneles para fines de marketing.<\/li>\n<li>Dise&ntilde;o de asiento alargado para mayor comodidad del usuario, que reduce el tiempo de limpieza del ba&ntilde;o qu&iacute;mico al minimizar las salpicaduras y mejorar la punter&iacute;a.<\/li>\n<\/ul>\n\n","protected":false},"excerpt":{"rendered":"<p>Personaliza tu ba\u00f1o port\u00e1til seg\u00fan tus preferencias. Nuestros ba\u00f1os qu\u00edmicos pueden personalizarse totalmente para satisfacer tus necesidades espec\u00edficas. Al comprar un ba\u00f1o port\u00e1til, ten en cuenta el uso previsto, las opciones de color, las caracter\u00edsticas adicionales y las cantidades necesarias. Incluso ofrecemos la opci\u00f3n de fabricar los sanitarios en el color que desees.<\/p>\n","protected":false},"featured_media":14358,"comment_status":"open","ping_status":"closed","template":"","meta":{"_acf_changed":false},"product_cat":[102],"product_tag":[],"class_list":{"0":"post-9233","1":"product","2":"type-product","3":"status-publish","4":"has-post-thumbnail","6":"product_cat-banos-moviles","8":"first","9":"instock","10":"shipping-taxable","11":"product-type-variable"},"acf":[],"yoast_head":"<!-- This site is optimized with the Yoast SEO plugin v23.6 - https:\/\/yoast.com\/wordpress\/plugins\/seo\/ -->\n<title>Producto | Inodoros port\u00e1tiles en venta - Inodoro qu\u00edmico Toypek<\/title>\n<meta name=\"description\" content=\"Nuestros inodoros m\u00f3viles est\u00e1n construidos con pl\u00e1stico HDPE (polietileno de alta densidad) a prueba de vandalismo, lo que garantiza una larga duraci\u00f3n y retenci\u00f3n de color vibrante.\" \/>\n<meta name=\"robots\" content=\"noindex, follow, max-snippet:-1, max-image-preview:large, max-video-preview:-1\" \/>\n<meta property=\"og:locale\" content=\"es_ES\" \/>\n<meta property=\"og:type\" content=\"article\" \/>\n<meta property=\"og:title\" content=\"Producto | Inodoros port\u00e1tiles en venta - Inodoro qu\u00edmico Toypek\" \/>\n<meta property=\"og:description\" content=\"Nuestros inodoros m\u00f3viles est\u00e1n construidos con pl\u00e1stico HDPE (polietileno de alta densidad) a prueba de vandalismo, lo que garantiza una larga duraci\u00f3n y retenci\u00f3n de color vibrante.\" \/>\n<meta property=\"og:url\" content=\"https:\/\/toypek.two.prikr.space\/es\/producto\/banos-portatiles-toypek\/\" \/>\n<meta property=\"og:site_name\" content=\"Toypek\" \/>\n<meta property=\"article:modified_time\" content=\"2023-07-11T10:31:26+00:00\" \/>\n<meta property=\"og:image\" content=\"https:\/\/toypek.two.prikr.space\/wp-content\/uploads\/2023\/06\/tp-img-01-52.png\" \/>\n\t<meta property=\"og:image:width\" content=\"1000\" \/>\n\t<meta property=\"og:image:height\" content=\"1000\" \/>\n\t<meta property=\"og:image:type\" content=\"image\/png\" \/>\n<meta name=\"twitter:card\" content=\"summary_large_image\" \/>\n<meta name=\"twitter:label1\" content=\"Tiempo de lectura\" \/>\n\t<meta name=\"twitter:data1\" content=\"1 minuto\" \/>\n<script type=\"application\/ld+json\" class=\"yoast-schema-graph\">{\"@context\":\"https:\/\/schema.org\",\"@graph\":[{\"@type\":\"WebPage\",\"@id\":\"https:\/\/toypek.two.prikr.space\/es\/producto\/banos-portatiles-toypek\/\",\"url\":\"https:\/\/toypek.two.prikr.space\/es\/producto\/banos-portatiles-toypek\/\",\"name\":\"Producto | Inodoros port\u00e1tiles en venta - Inodoro qu\u00edmico Toypek\",\"isPartOf\":{\"@id\":\"https:\/\/toypek.two.prikr.space\/es\/#website\"},\"primaryImageOfPage\":{\"@id\":\"https:\/\/toypek.two.prikr.space\/es\/producto\/banos-portatiles-toypek\/#primaryimage\"},\"image\":{\"@id\":\"https:\/\/toypek.two.prikr.space\/es\/producto\/banos-portatiles-toypek\/#primaryimage\"},\"thumbnailUrl\":\"https:\/\/toypek.two.prikr.space\/wp-content\/uploads\/2023\/06\/tp-img-01-52.png\",\"datePublished\":\"2023-06-09T12:14:02+00:00\",\"dateModified\":\"2023-07-11T10:31:26+00:00\",\"description\":\"Nuestros inodoros m\u00f3viles est\u00e1n construidos con pl\u00e1stico HDPE (polietileno de alta densidad) a prueba de vandalismo, lo que garantiza una larga duraci\u00f3n y retenci\u00f3n de color vibrante.\",\"breadcrumb\":{\"@id\":\"https:\/\/toypek.two.prikr.space\/es\/producto\/banos-portatiles-toypek\/#breadcrumb\"},\"inLanguage\":\"es\",\"potentialAction\":[{\"@type\":\"ReadAction\",\"target\":[\"https:\/\/toypek.two.prikr.space\/es\/producto\/banos-portatiles-toypek\/\"]}]},{\"@type\":\"ImageObject\",\"inLanguage\":\"es\",\"@id\":\"https:\/\/toypek.two.prikr.space\/es\/producto\/banos-portatiles-toypek\/#primaryimage\",\"url\":\"https:\/\/toypek.two.prikr.space\/wp-content\/uploads\/2023\/06\/tp-img-01-52.png\",\"contentUrl\":\"https:\/\/toypek.two.prikr.space\/wp-content\/uploads\/2023\/06\/tp-img-01-52.png\",\"width\":1000,\"height\":1000},{\"@type\":\"BreadcrumbList\",\"@id\":\"https:\/\/toypek.two.prikr.space\/es\/producto\/banos-portatiles-toypek\/#breadcrumb\",\"itemListElement\":[{\"@type\":\"ListItem\",\"position\":1,\"name\":\"Home\",\"item\":\"https:\/\/toypek.two.prikr.space\/es\/\"},{\"@type\":\"ListItem\",\"position\":2,\"name\":\"Tienda\",\"item\":\"https:\/\/toypek.two.prikr.space\/es\/gama-de-productos\/\"},{\"@type\":\"ListItem\",\"position\":3,\"name\":\"Inodoro m\u00f3vil Toypek 3000\"}]},{\"@type\":\"WebSite\",\"@id\":\"https:\/\/toypek.two.prikr.space\/es\/#website\",\"url\":\"https:\/\/toypek.two.prikr.space\/es\/\",\"name\":\"Toypek\",\"description\":\"\",\"potentialAction\":[{\"@type\":\"SearchAction\",\"target\":{\"@type\":\"EntryPoint\",\"urlTemplate\":\"https:\/\/toypek.two.prikr.space\/es\/?s={search_term_string}\"},\"query-input\":{\"@type\":\"PropertyValueSpecification\",\"valueRequired\":true,\"valueName\":\"search_term_string\"}}],\"inLanguage\":\"es\"}]}<\/script>\n<!-- \/ Yoast SEO plugin. -->","yoast_head_json":{"title":"Producto | Inodoros port\u00e1tiles en venta - Inodoro qu\u00edmico Toypek","description":"Nuestros inodoros m\u00f3viles est\u00e1n construidos con pl\u00e1stico HDPE (polietileno de alta densidad) a prueba de vandalismo, lo que garantiza una larga duraci\u00f3n y retenci\u00f3n de color vibrante.","robots":{"index":"noindex","follow":"follow","max-snippet":"max-snippet:-1","max-image-preview":"max-image-preview:large","max-video-preview":"max-video-preview:-1"},"og_locale":"es_ES","og_type":"article","og_title":"Producto | Inodoros port\u00e1tiles en venta - Inodoro qu\u00edmico Toypek","og_description":"Nuestros inodoros m\u00f3viles est\u00e1n construidos con pl\u00e1stico HDPE (polietileno de alta densidad) a prueba de vandalismo, lo que garantiza una larga duraci\u00f3n y retenci\u00f3n de color vibrante.","og_url":"https:\/\/toypek.two.prikr.space\/es\/producto\/banos-portatiles-toypek\/","og_site_name":"Toypek","article_modified_time":"2023-07-11T10:31:26+00:00","og_image":[{"width":1000,"height":1000,"url":"https:\/\/toypek.two.prikr.space\/wp-content\/uploads\/2023\/06\/tp-img-01-52.png","type":"image\/png"}],"twitter_card":"summary_large_image","twitter_misc":{"Tiempo de lectura":"1 minuto"},"schema":{"@context":"https:\/\/schema.org","@graph":[{"@type":"WebPage","@id":"https:\/\/toypek.two.prikr.space\/es\/producto\/banos-portatiles-toypek\/","url":"https:\/\/toypek.two.prikr.space\/es\/producto\/banos-portatiles-toypek\/","name":"Producto | Inodoros port\u00e1tiles en venta - Inodoro qu\u00edmico Toypek","isPartOf":{"@id":"https:\/\/toypek.two.prikr.space\/es\/#website"},"primaryImageOfPage":{"@id":"https:\/\/toypek.two.prikr.space\/es\/producto\/banos-portatiles-toypek\/#primaryimage"},"image":{"@id":"https:\/\/toypek.two.prikr.space\/es\/producto\/banos-portatiles-toypek\/#primaryimage"},"thumbnailUrl":"https:\/\/toypek.two.prikr.space\/wp-content\/uploads\/2023\/06\/tp-img-01-52.png","datePublished":"2023-06-09T12:14:02+00:00","dateModified":"2023-07-11T10:31:26+00:00","description":"Nuestros inodoros m\u00f3viles est\u00e1n construidos con pl\u00e1stico HDPE (polietileno de alta densidad) a prueba de vandalismo, lo que garantiza una larga duraci\u00f3n y retenci\u00f3n de color vibrante.","breadcrumb":{"@id":"https:\/\/toypek.two.prikr.space\/es\/producto\/banos-portatiles-toypek\/#breadcrumb"},"inLanguage":"es","potentialAction":[{"@type":"ReadAction","target":["https:\/\/toypek.two.prikr.space\/es\/producto\/banos-portatiles-toypek\/"]}]},{"@type":"ImageObject","inLanguage":"es","@id":"https:\/\/toypek.two.prikr.space\/es\/producto\/banos-portatiles-toypek\/#primaryimage","url":"https:\/\/toypek.two.prikr.space\/wp-content\/uploads\/2023\/06\/tp-img-01-52.png","contentUrl":"https:\/\/toypek.two.prikr.space\/wp-content\/uploads\/2023\/06\/tp-img-01-52.png","width":1000,"height":1000},{"@type":"BreadcrumbList","@id":"https:\/\/toypek.two.prikr.space\/es\/producto\/banos-portatiles-toypek\/#breadcrumb","itemListElement":[{"@type":"ListItem","position":1,"name":"Home","item":"https:\/\/toypek.two.prikr.space\/es\/"},{"@type":"ListItem","position":2,"name":"Tienda","item":"https:\/\/toypek.two.prikr.space\/es\/gama-de-productos\/"},{"@type":"ListItem","position":3,"name":"Inodoro m\u00f3vil Toypek 3000"}]},{"@type":"WebSite","@id":"https:\/\/toypek.two.prikr.space\/es\/#website","url":"https:\/\/toypek.two.prikr.space\/es\/","name":"Toypek","description":"","potentialAction":[{"@type":"SearchAction","target":{"@type":"EntryPoint","urlTemplate":"https:\/\/toypek.two.prikr.space\/es\/?s={search_term_string}"},"query-input":{"@type":"PropertyValueSpecification","valueRequired":true,"valueName":"search_term_string"}}],"inLanguage":"es"}]}},"_links":{"self":[{"href":"https:\/\/toypek.two.prikr.space\/es\/wp-json\/wp\/v2\/product\/9233","targetHints":{"allow":["GET"]}}],"collection":[{"href":"https:\/\/toypek.two.prikr.space\/es\/wp-json\/wp\/v2\/product"}],"about":[{"href":"https:\/\/toypek.two.prikr.space\/es\/wp-json\/wp\/v2\/types\/product"}],"replies":[{"embeddable":true,"href":"https:\/\/toypek.two.prikr.space\/es\/wp-json\/wp\/v2\/comments?post=9233"}],"wp:featuredmedia":[{"embeddable":true,"href":"https:\/\/toypek.two.prikr.space\/es\/wp-json\/wp\/v2\/media\/14358"}],"wp:attachment":[{"href":"https:\/\/toypek.two.prikr.space\/es\/wp-json\/wp\/v2\/media?parent=9233"}],"wp:term":[{"taxonomy":"product_cat","embeddable":true,"href":"https:\/\/toypek.two.prikr.space\/es\/wp-json\/wp\/v2\/product_cat?post=9233"},{"taxonomy":"product_tag","embeddable":true,"href":"https:\/\/toypek.two.prikr.space\/es\/wp-json\/wp\/v2\/product_tag?post=9233"}],"curies":[{"name":"wp","href":"https:\/\/api.w.org\/{rel}","templated":true}]}}