{"id":11228,"date":"2023-06-09T13:21:17","date_gmt":"2023-06-09T13:21:17","guid":{"rendered":"https:\/\/toypek.two.prikr.space\/product\/toypek-sanitaire-unit-2\/"},"modified":"2023-07-07T14:03:50","modified_gmt":"2023-07-07T14:03:50","slug":"servicio-sanitario-portatil-toypek","status":"publish","type":"product","link":"https:\/\/toypek.two.prikr.space\/es\/producto\/servicio-sanitario-portatil-toypek\/","title":{"rendered":"Toypek unidad sanitaria port\u00e1til"},"content":{"rendered":"\n<p>Nuestras unidades sanitarias port&aacute;tiles est&aacute;n disponibles en cuatro colores diferentes: azul, verde, rojo y naranja. Solicita un presupuesto para determinar el precio de nuestra unidad sanitaria m&oacute;vil. Por ello, siempre tenemos a la venta el ba&ntilde;o port&aacute;til m&aacute;s adecuado. Dise&ntilde;ados a prueba de vandalismo y f&aacute;cilmente transportables, nuestras unidades son ideales para empresas de alquiler de sanitarios port&aacute;tiles con alquileres a largo plazo y acceso a conexiones de agua y alcantarillado. Las instalaciones de agua y alcantarillado se encuentran entre las principales necesidades de una obra, y nuestras unidades ofrecen una opci&oacute;n m&aacute;s lujosa para proyectos a largo plazo, reduciendo el tiempo de servicio y los costes de limpieza.<\/p>\n<p>Antes de decidirte a comprar un ba&ntilde;o port&aacute;til, es recomendable que compruebes sus caracter&iacute;sticas y posibles ventajas. Nuestras unidades sanitarias m&oacute;viles vienen con las siguientes ventajas adicionales:<\/p>\n<ul>\n<li>F&aacute;cil manejo con carretilla elevadora o manualmente al comprar en Toypek.eu.<\/li>\n<li>Instalaci&oacute;n sencilla in situ con un punto de suministro de agua (acoplamiento Gardena en la parte trasera) y un punto de desag&uuml;e a trav&eacute;s de una tuber&iacute;a de alcantarillado de 110 mm en la parte trasera.<\/li>\n<li>Construcci&oacute;n ligera, con un peso aproximado de 90 kg.<\/li>\n<li>Construido a prueba de vandalismo con materiales duraderos que garantizan una larga vida &uacute;til y una f&aacute;cil limpieza.<\/li>\n<\/ul>\n<p><strong><br>\n<\/strong>&iquest;Buscas ba&ntilde;os port&aacute;tiles para comprar? Nuestras unidades sanitarias m&oacute;viles son la soluci&oacute;n perfecta para alquilar en diversos lugares, como obras, almacenes, puertos, campings y otros lugares con conexiones fijas. Aunque es posible comprar la unidad sin montar, recomendamos encarecidamente adquirirla premontada. Si tienes alguna pregunta o necesitas m&aacute;s informaci&oacute;n sobre nuestra unidad sanitaria m&oacute;vil, no dudes en ponerte en contacto con nuestro equipo. Estamos a tu disposici&oacute;n para ayudarte.<\/p>\n<p><em>Las personalizaciones y peticiones especiales para nuestras unidades sanitarias port&aacute;tiles son siempre posibles mediante consulta previa.<\/em><\/p>\n\n","protected":false},"excerpt":{"rendered":"<p>Cuando buscas comprar una unidad sanitaria, es crucial encontrar una que cumpla con tus requisitos espec\u00edficos. En Toypek.eu, tienes la flexibilidad de personalizar tu propio sanitario port\u00e1til seleccionando tu color preferido, opciones extra y cantidades. Ofrecemos presupuestos a medida para nuestras instalaciones sanitarias m\u00f3viles, e incluso es posible fabricar la unidad en el color que desees.<\/p>\n","protected":false},"featured_media":12316,"comment_status":"open","ping_status":"closed","template":"","meta":{"_acf_changed":false},"product_cat":[102,104],"product_tag":[],"class_list":{"0":"post-11228","1":"product","2":"type-product","3":"status-publish","4":"has-post-thumbnail","6":"product_cat-banos-moviles","7":"product_cat-sanitario-portatil","9":"first","10":"instock","11":"shipping-taxable","12":"product-type-variable"},"acf":[],"yoast_head":"<!-- This site is optimized with the Yoast SEO plugin v23.6 - https:\/\/yoast.com\/wordpress\/plugins\/seo\/ -->\n<title>Producto: Sanitario port\u00e1til en venta - Ba\u00f1o port\u00e1til Toypek.eu<\/title>\n<meta name=\"description\" content=\"Nuestras unidades sanitarias m\u00f3viles est\u00e1n disponibles en cuatro colores diferentes: azul, verde, rojo y naranja. Solicita un presupuesto para determinar el precio de nuestra unidad sanitaria m\u00f3vil.\" \/>\n<meta name=\"robots\" content=\"noindex, follow, max-snippet:-1, max-image-preview:large, max-video-preview:-1\" \/>\n<meta property=\"og:locale\" content=\"es_ES\" \/>\n<meta property=\"og:type\" content=\"article\" \/>\n<meta property=\"og:title\" content=\"Producto: Sanitario port\u00e1til en venta - Ba\u00f1o port\u00e1til Toypek.eu\" \/>\n<meta property=\"og:description\" content=\"Nuestras unidades sanitarias m\u00f3viles est\u00e1n disponibles en cuatro colores diferentes: azul, verde, rojo y naranja. Solicita un presupuesto para determinar el precio de nuestra unidad sanitaria m\u00f3vil.\" \/>\n<meta property=\"og:url\" content=\"https:\/\/toypek.two.prikr.space\/es\/producto\/servicio-sanitario-portatil-toypek\/\" \/>\n<meta property=\"og:site_name\" content=\"Toypek\" \/>\n<meta property=\"article:modified_time\" content=\"2023-07-07T14:03:50+00:00\" \/>\n<meta property=\"og:image\" content=\"https:\/\/toypek.two.prikr.space\/wp-content\/uploads\/2023\/06\/tp-img-01-48.png\" \/>\n\t<meta property=\"og:image:width\" content=\"1000\" \/>\n\t<meta property=\"og:image:height\" content=\"1000\" \/>\n\t<meta property=\"og:image:type\" content=\"image\/png\" \/>\n<meta name=\"twitter:card\" content=\"summary_large_image\" \/>\n<meta name=\"twitter:label1\" content=\"Tiempo de lectura\" \/>\n\t<meta name=\"twitter:data1\" content=\"2 minutos\" \/>\n<script type=\"application\/ld+json\" class=\"yoast-schema-graph\">{\"@context\":\"https:\/\/schema.org\",\"@graph\":[{\"@type\":\"WebPage\",\"@id\":\"https:\/\/toypek.two.prikr.space\/es\/producto\/servicio-sanitario-portatil-toypek\/\",\"url\":\"https:\/\/toypek.two.prikr.space\/es\/producto\/servicio-sanitario-portatil-toypek\/\",\"name\":\"Producto: Sanitario port\u00e1til en venta - Ba\u00f1o port\u00e1til Toypek.eu\",\"isPartOf\":{\"@id\":\"https:\/\/toypek.two.prikr.space\/es\/#website\"},\"primaryImageOfPage\":{\"@id\":\"https:\/\/toypek.two.prikr.space\/es\/producto\/servicio-sanitario-portatil-toypek\/#primaryimage\"},\"image\":{\"@id\":\"https:\/\/toypek.two.prikr.space\/es\/producto\/servicio-sanitario-portatil-toypek\/#primaryimage\"},\"thumbnailUrl\":\"https:\/\/toypek.two.prikr.space\/wp-content\/uploads\/2023\/06\/tp-img-01-48.png\",\"datePublished\":\"2023-06-09T13:21:17+00:00\",\"dateModified\":\"2023-07-07T14:03:50+00:00\",\"description\":\"Nuestras unidades sanitarias m\u00f3viles est\u00e1n disponibles en cuatro colores diferentes: azul, verde, rojo y naranja. Solicita un presupuesto para determinar el precio de nuestra unidad sanitaria m\u00f3vil.\",\"breadcrumb\":{\"@id\":\"https:\/\/toypek.two.prikr.space\/es\/producto\/servicio-sanitario-portatil-toypek\/#breadcrumb\"},\"inLanguage\":\"es\",\"potentialAction\":[{\"@type\":\"ReadAction\",\"target\":[\"https:\/\/toypek.two.prikr.space\/es\/producto\/servicio-sanitario-portatil-toypek\/\"]}]},{\"@type\":\"ImageObject\",\"inLanguage\":\"es\",\"@id\":\"https:\/\/toypek.two.prikr.space\/es\/producto\/servicio-sanitario-portatil-toypek\/#primaryimage\",\"url\":\"https:\/\/toypek.two.prikr.space\/wp-content\/uploads\/2023\/06\/tp-img-01-48.png\",\"contentUrl\":\"https:\/\/toypek.two.prikr.space\/wp-content\/uploads\/2023\/06\/tp-img-01-48.png\",\"width\":1000,\"height\":1000,\"caption\":\"S\"},{\"@type\":\"BreadcrumbList\",\"@id\":\"https:\/\/toypek.two.prikr.space\/es\/producto\/servicio-sanitario-portatil-toypek\/#breadcrumb\",\"itemListElement\":[{\"@type\":\"ListItem\",\"position\":1,\"name\":\"Home\",\"item\":\"https:\/\/toypek.two.prikr.space\/es\/\"},{\"@type\":\"ListItem\",\"position\":2,\"name\":\"Tienda\",\"item\":\"https:\/\/toypek.two.prikr.space\/es\/gama-de-productos\/\"},{\"@type\":\"ListItem\",\"position\":3,\"name\":\"Toypek unidad sanitaria port\u00e1til\"}]},{\"@type\":\"WebSite\",\"@id\":\"https:\/\/toypek.two.prikr.space\/es\/#website\",\"url\":\"https:\/\/toypek.two.prikr.space\/es\/\",\"name\":\"Toypek\",\"description\":\"\",\"potentialAction\":[{\"@type\":\"SearchAction\",\"target\":{\"@type\":\"EntryPoint\",\"urlTemplate\":\"https:\/\/toypek.two.prikr.space\/es\/?s={search_term_string}\"},\"query-input\":{\"@type\":\"PropertyValueSpecification\",\"valueRequired\":true,\"valueName\":\"search_term_string\"}}],\"inLanguage\":\"es\"}]}<\/script>\n<!-- \/ Yoast SEO plugin. -->","yoast_head_json":{"title":"Producto: Sanitario port\u00e1til en venta - Ba\u00f1o port\u00e1til Toypek.eu","description":"Nuestras unidades sanitarias m\u00f3viles est\u00e1n disponibles en cuatro colores diferentes: azul, verde, rojo y naranja. Solicita un presupuesto para determinar el precio de nuestra unidad sanitaria m\u00f3vil.","robots":{"index":"noindex","follow":"follow","max-snippet":"max-snippet:-1","max-image-preview":"max-image-preview:large","max-video-preview":"max-video-preview:-1"},"og_locale":"es_ES","og_type":"article","og_title":"Producto: Sanitario port\u00e1til en venta - Ba\u00f1o port\u00e1til Toypek.eu","og_description":"Nuestras unidades sanitarias m\u00f3viles est\u00e1n disponibles en cuatro colores diferentes: azul, verde, rojo y naranja. Solicita un presupuesto para determinar el precio de nuestra unidad sanitaria m\u00f3vil.","og_url":"https:\/\/toypek.two.prikr.space\/es\/producto\/servicio-sanitario-portatil-toypek\/","og_site_name":"Toypek","article_modified_time":"2023-07-07T14:03:50+00:00","og_image":[{"width":1000,"height":1000,"url":"https:\/\/toypek.two.prikr.space\/wp-content\/uploads\/2023\/06\/tp-img-01-48.png","type":"image\/png"}],"twitter_card":"summary_large_image","twitter_misc":{"Tiempo de lectura":"2 minutos"},"schema":{"@context":"https:\/\/schema.org","@graph":[{"@type":"WebPage","@id":"https:\/\/toypek.two.prikr.space\/es\/producto\/servicio-sanitario-portatil-toypek\/","url":"https:\/\/toypek.two.prikr.space\/es\/producto\/servicio-sanitario-portatil-toypek\/","name":"Producto: Sanitario port\u00e1til en venta - Ba\u00f1o port\u00e1til Toypek.eu","isPartOf":{"@id":"https:\/\/toypek.two.prikr.space\/es\/#website"},"primaryImageOfPage":{"@id":"https:\/\/toypek.two.prikr.space\/es\/producto\/servicio-sanitario-portatil-toypek\/#primaryimage"},"image":{"@id":"https:\/\/toypek.two.prikr.space\/es\/producto\/servicio-sanitario-portatil-toypek\/#primaryimage"},"thumbnailUrl":"https:\/\/toypek.two.prikr.space\/wp-content\/uploads\/2023\/06\/tp-img-01-48.png","datePublished":"2023-06-09T13:21:17+00:00","dateModified":"2023-07-07T14:03:50+00:00","description":"Nuestras unidades sanitarias m\u00f3viles est\u00e1n disponibles en cuatro colores diferentes: azul, verde, rojo y naranja. Solicita un presupuesto para determinar el precio de nuestra unidad sanitaria m\u00f3vil.","breadcrumb":{"@id":"https:\/\/toypek.two.prikr.space\/es\/producto\/servicio-sanitario-portatil-toypek\/#breadcrumb"},"inLanguage":"es","potentialAction":[{"@type":"ReadAction","target":["https:\/\/toypek.two.prikr.space\/es\/producto\/servicio-sanitario-portatil-toypek\/"]}]},{"@type":"ImageObject","inLanguage":"es","@id":"https:\/\/toypek.two.prikr.space\/es\/producto\/servicio-sanitario-portatil-toypek\/#primaryimage","url":"https:\/\/toypek.two.prikr.space\/wp-content\/uploads\/2023\/06\/tp-img-01-48.png","contentUrl":"https:\/\/toypek.two.prikr.space\/wp-content\/uploads\/2023\/06\/tp-img-01-48.png","width":1000,"height":1000,"caption":"S"},{"@type":"BreadcrumbList","@id":"https:\/\/toypek.two.prikr.space\/es\/producto\/servicio-sanitario-portatil-toypek\/#breadcrumb","itemListElement":[{"@type":"ListItem","position":1,"name":"Home","item":"https:\/\/toypek.two.prikr.space\/es\/"},{"@type":"ListItem","position":2,"name":"Tienda","item":"https:\/\/toypek.two.prikr.space\/es\/gama-de-productos\/"},{"@type":"ListItem","position":3,"name":"Toypek unidad sanitaria port\u00e1til"}]},{"@type":"WebSite","@id":"https:\/\/toypek.two.prikr.space\/es\/#website","url":"https:\/\/toypek.two.prikr.space\/es\/","name":"Toypek","description":"","potentialAction":[{"@type":"SearchAction","target":{"@type":"EntryPoint","urlTemplate":"https:\/\/toypek.two.prikr.space\/es\/?s={search_term_string}"},"query-input":{"@type":"PropertyValueSpecification","valueRequired":true,"valueName":"search_term_string"}}],"inLanguage":"es"}]}},"_links":{"self":[{"href":"https:\/\/toypek.two.prikr.space\/es\/wp-json\/wp\/v2\/product\/11228","targetHints":{"allow":["GET"]}}],"collection":[{"href":"https:\/\/toypek.two.prikr.space\/es\/wp-json\/wp\/v2\/product"}],"about":[{"href":"https:\/\/toypek.two.prikr.space\/es\/wp-json\/wp\/v2\/types\/product"}],"replies":[{"embeddable":true,"href":"https:\/\/toypek.two.prikr.space\/es\/wp-json\/wp\/v2\/comments?post=11228"}],"wp:featuredmedia":[{"embeddable":true,"href":"https:\/\/toypek.two.prikr.space\/es\/wp-json\/wp\/v2\/media\/12316"}],"wp:attachment":[{"href":"https:\/\/toypek.two.prikr.space\/es\/wp-json\/wp\/v2\/media?parent=11228"}],"wp:term":[{"taxonomy":"product_cat","embeddable":true,"href":"https:\/\/toypek.two.prikr.space\/es\/wp-json\/wp\/v2\/product_cat?post=11228"},{"taxonomy":"product_tag","embeddable":true,"href":"https:\/\/toypek.two.prikr.space\/es\/wp-json\/wp\/v2\/product_tag?post=11228"}],"curies":[{"name":"wp","href":"https:\/\/api.w.org\/{rel}","templated":true}]}}