{"id":11209,"date":"2023-06-09T12:27:10","date_gmt":"2023-06-09T12:27:10","guid":{"rendered":"https:\/\/toypek.two.prikr.space\/product\/plaszuil-pee6-2\/"},"modified":"2023-06-27T12:36:23","modified_gmt":"2023-06-27T12:36:23","slug":"urinario-portatil-pee6","status":"publish","type":"product","link":"https:\/\/toypek.two.prikr.space\/es\/producto\/urinario-portatil-pee6\/","title":{"rendered":"Urinario al aire libre &#8211; PEE6"},"content":{"rendered":"\n<p>El PEE6 es un urinario m&oacute;vil dise&ntilde;ado para acomodar hasta 6 hombres simult&aacute;neamente. El dise&ntilde;o port&aacute;til del urinario permite su f&aacute;cil transporte e instalaci&oacute;n en diferentes lugares. Se fabrica mediante t&eacute;cnicas de moldeo rotacional. Cada urinario m&oacute;vil tiene una capacidad de 1.875 micciones (500 litros) antes de tener que vaciarse. Con un peso en vac&iacute;o de 120 kg, un solo cami&oacute;n puede transportar una media de 14 urinarios m&oacute;viles. Esto significa que un cami&oacute;n puede proporcionar 84 puntos para orinar en eventos. Debido al proceso de moldeo rotacional, estos urinarios port&aacute;tiles s&oacute;lo pueden pedirse en cantidades m&iacute;nimas de 6.<\/p>\n\n","protected":false},"excerpt":{"rendered":"<p>Solicita presupuesto para nuestra soluci\u00f3n de urinario al aire libre. A la hora de comprar urinarios m\u00f3viles, es importante considerar cuidadosamente el uso previsto y el transporte para su alquiler. Nuestros urinarios se suelen utilizar en grandes cantidades para fiestas y eventos. Dise\u00f1a ahora tu propio urinario port\u00e1til.<\/p>\n","protected":false},"featured_media":11145,"comment_status":"open","ping_status":"closed","template":"","meta":{"_acf_changed":false},"product_cat":[103],"product_tag":[],"class_list":{"0":"post-11209","1":"product","2":"type-product","3":"status-publish","4":"has-post-thumbnail","6":"product_cat-urinario-movil","8":"first","9":"instock","10":"shipping-taxable","11":"product-type-simple"},"acf":[],"yoast_head":"<!-- This site is optimized with the Yoast SEO plugin v23.6 - https:\/\/yoast.com\/wordpress\/plugins\/seo\/ -->\n<title>Producto: Pee6, nuestro urinario port\u00e1til al aire libre<\/title>\n<meta name=\"description\" content=\"El PEE6 es un urinario m\u00f3vil dise\u00f1ado para alojar hasta 6 hombres simult\u00e1neamente. El dise\u00f1o port\u00e1til del urinario permite un f\u00e1cil transporte e instalaci\u00f3n en diferentes ubicaciones.\" \/>\n<meta name=\"robots\" content=\"noindex, follow, max-snippet:-1, max-image-preview:large, max-video-preview:-1\" \/>\n<meta property=\"og:locale\" content=\"es_ES\" \/>\n<meta property=\"og:type\" content=\"article\" \/>\n<meta property=\"og:title\" content=\"Producto: Pee6, nuestro urinario port\u00e1til al aire libre\" \/>\n<meta property=\"og:description\" content=\"El PEE6 es un urinario m\u00f3vil dise\u00f1ado para alojar hasta 6 hombres simult\u00e1neamente. El dise\u00f1o port\u00e1til del urinario permite un f\u00e1cil transporte e instalaci\u00f3n en diferentes ubicaciones.\" \/>\n<meta property=\"og:url\" content=\"https:\/\/toypek.two.prikr.space\/es\/producto\/urinario-portatil-pee6\/\" \/>\n<meta property=\"og:site_name\" content=\"Toypek\" \/>\n<meta property=\"article:modified_time\" content=\"2023-06-27T12:36:23+00:00\" \/>\n<meta property=\"og:image\" content=\"https:\/\/toypek.two.prikr.space\/wp-content\/uploads\/2023\/06\/tp-img-228.png\" \/>\n\t<meta property=\"og:image:width\" content=\"1000\" \/>\n\t<meta property=\"og:image:height\" content=\"1000\" \/>\n\t<meta property=\"og:image:type\" content=\"image\/png\" \/>\n<meta name=\"twitter:card\" content=\"summary_large_image\" \/>\n<meta name=\"twitter:label1\" content=\"Tiempo de lectura\" \/>\n\t<meta name=\"twitter:data1\" content=\"1 minuto\" \/>\n<script type=\"application\/ld+json\" class=\"yoast-schema-graph\">{\"@context\":\"https:\/\/schema.org\",\"@graph\":[{\"@type\":\"WebPage\",\"@id\":\"https:\/\/toypek.two.prikr.space\/es\/producto\/urinario-portatil-pee6\/\",\"url\":\"https:\/\/toypek.two.prikr.space\/es\/producto\/urinario-portatil-pee6\/\",\"name\":\"Producto: Pee6, nuestro urinario port\u00e1til al aire libre\",\"isPartOf\":{\"@id\":\"https:\/\/toypek.two.prikr.space\/es\/#website\"},\"primaryImageOfPage\":{\"@id\":\"https:\/\/toypek.two.prikr.space\/es\/producto\/urinario-portatil-pee6\/#primaryimage\"},\"image\":{\"@id\":\"https:\/\/toypek.two.prikr.space\/es\/producto\/urinario-portatil-pee6\/#primaryimage\"},\"thumbnailUrl\":\"https:\/\/toypek.two.prikr.space\/wp-content\/uploads\/2023\/06\/tp-img-228.png\",\"datePublished\":\"2023-06-09T12:27:10+00:00\",\"dateModified\":\"2023-06-27T12:36:23+00:00\",\"description\":\"El PEE6 es un urinario m\u00f3vil dise\u00f1ado para alojar hasta 6 hombres simult\u00e1neamente. El dise\u00f1o port\u00e1til del urinario permite un f\u00e1cil transporte e instalaci\u00f3n en diferentes ubicaciones.\",\"breadcrumb\":{\"@id\":\"https:\/\/toypek.two.prikr.space\/es\/producto\/urinario-portatil-pee6\/#breadcrumb\"},\"inLanguage\":\"es\",\"potentialAction\":[{\"@type\":\"ReadAction\",\"target\":[\"https:\/\/toypek.two.prikr.space\/es\/producto\/urinario-portatil-pee6\/\"]}]},{\"@type\":\"ImageObject\",\"inLanguage\":\"es\",\"@id\":\"https:\/\/toypek.two.prikr.space\/es\/producto\/urinario-portatil-pee6\/#primaryimage\",\"url\":\"https:\/\/toypek.two.prikr.space\/wp-content\/uploads\/2023\/06\/tp-img-228.png\",\"contentUrl\":\"https:\/\/toypek.two.prikr.space\/wp-content\/uploads\/2023\/06\/tp-img-228.png\",\"width\":1000,\"height\":1000},{\"@type\":\"BreadcrumbList\",\"@id\":\"https:\/\/toypek.two.prikr.space\/es\/producto\/urinario-portatil-pee6\/#breadcrumb\",\"itemListElement\":[{\"@type\":\"ListItem\",\"position\":1,\"name\":\"Home\",\"item\":\"https:\/\/toypek.two.prikr.space\/es\/\"},{\"@type\":\"ListItem\",\"position\":2,\"name\":\"Tienda\",\"item\":\"https:\/\/toypek.two.prikr.space\/es\/gama-de-productos\/\"},{\"@type\":\"ListItem\",\"position\":3,\"name\":\"Urinario al aire libre &#8211; PEE6\"}]},{\"@type\":\"WebSite\",\"@id\":\"https:\/\/toypek.two.prikr.space\/es\/#website\",\"url\":\"https:\/\/toypek.two.prikr.space\/es\/\",\"name\":\"Toypek\",\"description\":\"\",\"potentialAction\":[{\"@type\":\"SearchAction\",\"target\":{\"@type\":\"EntryPoint\",\"urlTemplate\":\"https:\/\/toypek.two.prikr.space\/es\/?s={search_term_string}\"},\"query-input\":{\"@type\":\"PropertyValueSpecification\",\"valueRequired\":true,\"valueName\":\"search_term_string\"}}],\"inLanguage\":\"es\"}]}<\/script>\n<!-- \/ Yoast SEO plugin. -->","yoast_head_json":{"title":"Producto: Pee6, nuestro urinario port\u00e1til al aire libre","description":"El PEE6 es un urinario m\u00f3vil dise\u00f1ado para alojar hasta 6 hombres simult\u00e1neamente. El dise\u00f1o port\u00e1til del urinario permite un f\u00e1cil transporte e instalaci\u00f3n en diferentes ubicaciones.","robots":{"index":"noindex","follow":"follow","max-snippet":"max-snippet:-1","max-image-preview":"max-image-preview:large","max-video-preview":"max-video-preview:-1"},"og_locale":"es_ES","og_type":"article","og_title":"Producto: Pee6, nuestro urinario port\u00e1til al aire libre","og_description":"El PEE6 es un urinario m\u00f3vil dise\u00f1ado para alojar hasta 6 hombres simult\u00e1neamente. El dise\u00f1o port\u00e1til del urinario permite un f\u00e1cil transporte e instalaci\u00f3n en diferentes ubicaciones.","og_url":"https:\/\/toypek.two.prikr.space\/es\/producto\/urinario-portatil-pee6\/","og_site_name":"Toypek","article_modified_time":"2023-06-27T12:36:23+00:00","og_image":[{"width":1000,"height":1000,"url":"https:\/\/toypek.two.prikr.space\/wp-content\/uploads\/2023\/06\/tp-img-228.png","type":"image\/png"}],"twitter_card":"summary_large_image","twitter_misc":{"Tiempo de lectura":"1 minuto"},"schema":{"@context":"https:\/\/schema.org","@graph":[{"@type":"WebPage","@id":"https:\/\/toypek.two.prikr.space\/es\/producto\/urinario-portatil-pee6\/","url":"https:\/\/toypek.two.prikr.space\/es\/producto\/urinario-portatil-pee6\/","name":"Producto: Pee6, nuestro urinario port\u00e1til al aire libre","isPartOf":{"@id":"https:\/\/toypek.two.prikr.space\/es\/#website"},"primaryImageOfPage":{"@id":"https:\/\/toypek.two.prikr.space\/es\/producto\/urinario-portatil-pee6\/#primaryimage"},"image":{"@id":"https:\/\/toypek.two.prikr.space\/es\/producto\/urinario-portatil-pee6\/#primaryimage"},"thumbnailUrl":"https:\/\/toypek.two.prikr.space\/wp-content\/uploads\/2023\/06\/tp-img-228.png","datePublished":"2023-06-09T12:27:10+00:00","dateModified":"2023-06-27T12:36:23+00:00","description":"El PEE6 es un urinario m\u00f3vil dise\u00f1ado para alojar hasta 6 hombres simult\u00e1neamente. El dise\u00f1o port\u00e1til del urinario permite un f\u00e1cil transporte e instalaci\u00f3n en diferentes ubicaciones.","breadcrumb":{"@id":"https:\/\/toypek.two.prikr.space\/es\/producto\/urinario-portatil-pee6\/#breadcrumb"},"inLanguage":"es","potentialAction":[{"@type":"ReadAction","target":["https:\/\/toypek.two.prikr.space\/es\/producto\/urinario-portatil-pee6\/"]}]},{"@type":"ImageObject","inLanguage":"es","@id":"https:\/\/toypek.two.prikr.space\/es\/producto\/urinario-portatil-pee6\/#primaryimage","url":"https:\/\/toypek.two.prikr.space\/wp-content\/uploads\/2023\/06\/tp-img-228.png","contentUrl":"https:\/\/toypek.two.prikr.space\/wp-content\/uploads\/2023\/06\/tp-img-228.png","width":1000,"height":1000},{"@type":"BreadcrumbList","@id":"https:\/\/toypek.two.prikr.space\/es\/producto\/urinario-portatil-pee6\/#breadcrumb","itemListElement":[{"@type":"ListItem","position":1,"name":"Home","item":"https:\/\/toypek.two.prikr.space\/es\/"},{"@type":"ListItem","position":2,"name":"Tienda","item":"https:\/\/toypek.two.prikr.space\/es\/gama-de-productos\/"},{"@type":"ListItem","position":3,"name":"Urinario al aire libre &#8211; PEE6"}]},{"@type":"WebSite","@id":"https:\/\/toypek.two.prikr.space\/es\/#website","url":"https:\/\/toypek.two.prikr.space\/es\/","name":"Toypek","description":"","potentialAction":[{"@type":"SearchAction","target":{"@type":"EntryPoint","urlTemplate":"https:\/\/toypek.two.prikr.space\/es\/?s={search_term_string}"},"query-input":{"@type":"PropertyValueSpecification","valueRequired":true,"valueName":"search_term_string"}}],"inLanguage":"es"}]}},"_links":{"self":[{"href":"https:\/\/toypek.two.prikr.space\/es\/wp-json\/wp\/v2\/product\/11209","targetHints":{"allow":["GET"]}}],"collection":[{"href":"https:\/\/toypek.two.prikr.space\/es\/wp-json\/wp\/v2\/product"}],"about":[{"href":"https:\/\/toypek.two.prikr.space\/es\/wp-json\/wp\/v2\/types\/product"}],"replies":[{"embeddable":true,"href":"https:\/\/toypek.two.prikr.space\/es\/wp-json\/wp\/v2\/comments?post=11209"}],"wp:featuredmedia":[{"embeddable":true,"href":"https:\/\/toypek.two.prikr.space\/es\/wp-json\/wp\/v2\/media\/11145"}],"wp:attachment":[{"href":"https:\/\/toypek.two.prikr.space\/es\/wp-json\/wp\/v2\/media?parent=11209"}],"wp:term":[{"taxonomy":"product_cat","embeddable":true,"href":"https:\/\/toypek.two.prikr.space\/es\/wp-json\/wp\/v2\/product_cat?post=11209"},{"taxonomy":"product_tag","embeddable":true,"href":"https:\/\/toypek.two.prikr.space\/es\/wp-json\/wp\/v2\/product_tag?post=11209"}],"curies":[{"name":"wp","href":"https:\/\/api.w.org\/{rel}","templated":true}]}}