{"id":10318,"date":"2023-06-09T14:17:05","date_gmt":"2023-06-09T14:17:05","guid":{"rendered":"https:\/\/toypek.two.prikr.space\/product\/urinal-4pers-2\/"},"modified":"2023-07-07T13:55:24","modified_gmt":"2023-07-07T13:55:24","slug":"urinario-portatil-al-aire-libre-4personas","status":"publish","type":"product","link":"https:\/\/toypek.two.prikr.space\/es\/producto\/urinario-portatil-al-aire-libre-4personas\/","title":{"rendered":"Urinario para 4 personas"},"content":{"rendered":"\n<p>Nuestros urinarios port&aacute;tiles para 4 personas est&aacute;n fabricados con PE (polietileno), lo que los hace totalmente antivand&aacute;licos. Con una argolla de elevaci&oacute;n y asas integradas, estos urinarios pueden trasladarse f&aacute;cilmente a lugares de eventos o centros urbanos. El dise&ntilde;o de fondo separado protege el dep&oacute;sito y garantiza una larga vida &uacute;til, lo que se traduce en bajos costes de mantenimiento para la empresa.<\/p>\n<p>Ventajas de nuestro urinario port&aacute;til para 4 Personas:<\/p>\n<ul>\n<li>Argolla de elevaci&oacute;n integrada probada con 800 kg de lastre<\/li>\n<li>Personalizable con tu propio logotipo en los cuatro lados<\/li>\n<li>Asas dobles en los cuatro lados<\/li>\n<li>Tap&oacute;n roscado para la zona de meado<\/li>\n<li>Dos desag&uuml;es ocultos en la parte inferior<\/li>\n<li>Fondo independiente sustituible que protege el dep&oacute;sito y prolonga su vida &uacute;til<\/li>\n<li>Grandes ranuras para carretillas elevadoras y apto para un cami&oacute;n de bombeo.<\/li>\n<\/ul>\n\n","protected":false},"excerpt":{"rendered":"<p>El Urinario Port\u00e1til para 4 Personas es una opci\u00f3n ideal para las empresas de alquiler de ba\u00f1os debido a su tama\u00f1o y movilidad. Equipado con una argolla de elevaci\u00f3n, este urinario al aire libre puede cargarse y descargarse f\u00e1cilmente en cualquier terreno. El suelo espacioso y resistente proporciona estabilidad a los usuarios mientras orinan. Estos urinarios est\u00e1n disponibles en colores rojo, verde, lima, gris, azul y naranja.<\/p>\n","protected":false},"featured_media":9904,"comment_status":"open","ping_status":"closed","template":"","meta":{"_acf_changed":false},"product_cat":[103],"product_tag":[],"class_list":{"0":"post-10318","1":"product","2":"type-product","3":"status-publish","4":"has-post-thumbnail","6":"product_cat-urinario-movil","8":"first","9":"instock","10":"shipping-taxable","11":"product-type-variable"},"acf":[],"yoast_head":"<!-- This site is optimized with the Yoast SEO plugin v23.6 - https:\/\/yoast.com\/wordpress\/plugins\/seo\/ -->\n<title>Producto - \u00bfComprar urinario port\u00e1til para 4 personas en eventos?<\/title>\n<meta name=\"description\" content=\"Nuestras unidades de urinario + urinario de 4 personas est\u00e1n fabricadas para ser completamente &quot;a prueba de vandalismo&quot; y est\u00e1n hechas de PE (polietileno).\" \/>\n<meta name=\"robots\" content=\"noindex, follow, max-snippet:-1, max-image-preview:large, max-video-preview:-1\" \/>\n<meta property=\"og:locale\" content=\"es_ES\" \/>\n<meta property=\"og:type\" content=\"article\" \/>\n<meta property=\"og:title\" content=\"Producto - \u00bfComprar urinario port\u00e1til para 4 personas en eventos?\" \/>\n<meta property=\"og:description\" content=\"Nuestras unidades de urinario + urinario de 4 personas est\u00e1n fabricadas para ser completamente &quot;a prueba de vandalismo&quot; y est\u00e1n hechas de PE (polietileno).\" \/>\n<meta property=\"og:url\" content=\"https:\/\/toypek.two.prikr.space\/es\/producto\/urinario-portatil-al-aire-libre-4personas\/\" \/>\n<meta property=\"og:site_name\" content=\"Toypek\" \/>\n<meta property=\"article:modified_time\" content=\"2023-07-07T13:55:24+00:00\" \/>\n<meta property=\"og:image\" content=\"https:\/\/toypek.two.prikr.space\/wp-content\/uploads\/2023\/06\/tp-img-6-4.png\" \/>\n\t<meta property=\"og:image:width\" content=\"1000\" \/>\n\t<meta property=\"og:image:height\" content=\"1000\" \/>\n\t<meta property=\"og:image:type\" content=\"image\/png\" \/>\n<meta name=\"twitter:card\" content=\"summary_large_image\" \/>\n<meta name=\"twitter:label1\" content=\"Tiempo de lectura\" \/>\n\t<meta name=\"twitter:data1\" content=\"1 minuto\" \/>\n<script type=\"application\/ld+json\" class=\"yoast-schema-graph\">{\"@context\":\"https:\/\/schema.org\",\"@graph\":[{\"@type\":\"WebPage\",\"@id\":\"https:\/\/toypek.two.prikr.space\/es\/producto\/urinario-portatil-al-aire-libre-4personas\/\",\"url\":\"https:\/\/toypek.two.prikr.space\/es\/producto\/urinario-portatil-al-aire-libre-4personas\/\",\"name\":\"Producto - \u00bfComprar urinario port\u00e1til para 4 personas en eventos?\",\"isPartOf\":{\"@id\":\"https:\/\/toypek.two.prikr.space\/es\/#website\"},\"primaryImageOfPage\":{\"@id\":\"https:\/\/toypek.two.prikr.space\/es\/producto\/urinario-portatil-al-aire-libre-4personas\/#primaryimage\"},\"image\":{\"@id\":\"https:\/\/toypek.two.prikr.space\/es\/producto\/urinario-portatil-al-aire-libre-4personas\/#primaryimage\"},\"thumbnailUrl\":\"https:\/\/toypek.two.prikr.space\/wp-content\/uploads\/2023\/06\/tp-img-6-4.png\",\"datePublished\":\"2023-06-09T14:17:05+00:00\",\"dateModified\":\"2023-07-07T13:55:24+00:00\",\"description\":\"Nuestras unidades de urinario + urinario de 4 personas est\u00e1n fabricadas para ser completamente \\\"a prueba de vandalismo\\\" y est\u00e1n hechas de PE (polietileno).\",\"breadcrumb\":{\"@id\":\"https:\/\/toypek.two.prikr.space\/es\/producto\/urinario-portatil-al-aire-libre-4personas\/#breadcrumb\"},\"inLanguage\":\"es\",\"potentialAction\":[{\"@type\":\"ReadAction\",\"target\":[\"https:\/\/toypek.two.prikr.space\/es\/producto\/urinario-portatil-al-aire-libre-4personas\/\"]}]},{\"@type\":\"ImageObject\",\"inLanguage\":\"es\",\"@id\":\"https:\/\/toypek.two.prikr.space\/es\/producto\/urinario-portatil-al-aire-libre-4personas\/#primaryimage\",\"url\":\"https:\/\/toypek.two.prikr.space\/wp-content\/uploads\/2023\/06\/tp-img-6-4.png\",\"contentUrl\":\"https:\/\/toypek.two.prikr.space\/wp-content\/uploads\/2023\/06\/tp-img-6-4.png\",\"width\":1000,\"height\":1000},{\"@type\":\"BreadcrumbList\",\"@id\":\"https:\/\/toypek.two.prikr.space\/es\/producto\/urinario-portatil-al-aire-libre-4personas\/#breadcrumb\",\"itemListElement\":[{\"@type\":\"ListItem\",\"position\":1,\"name\":\"Home\",\"item\":\"https:\/\/toypek.two.prikr.space\/es\/\"},{\"@type\":\"ListItem\",\"position\":2,\"name\":\"Tienda\",\"item\":\"https:\/\/toypek.two.prikr.space\/es\/gama-de-productos\/\"},{\"@type\":\"ListItem\",\"position\":3,\"name\":\"Urinario para 4 personas\"}]},{\"@type\":\"WebSite\",\"@id\":\"https:\/\/toypek.two.prikr.space\/es\/#website\",\"url\":\"https:\/\/toypek.two.prikr.space\/es\/\",\"name\":\"Toypek\",\"description\":\"\",\"potentialAction\":[{\"@type\":\"SearchAction\",\"target\":{\"@type\":\"EntryPoint\",\"urlTemplate\":\"https:\/\/toypek.two.prikr.space\/es\/?s={search_term_string}\"},\"query-input\":{\"@type\":\"PropertyValueSpecification\",\"valueRequired\":true,\"valueName\":\"search_term_string\"}}],\"inLanguage\":\"es\"}]}<\/script>\n<!-- \/ Yoast SEO plugin. -->","yoast_head_json":{"title":"Producto - \u00bfComprar urinario port\u00e1til para 4 personas en eventos?","description":"Nuestras unidades de urinario + urinario de 4 personas est\u00e1n fabricadas para ser completamente \"a prueba de vandalismo\" y est\u00e1n hechas de PE (polietileno).","robots":{"index":"noindex","follow":"follow","max-snippet":"max-snippet:-1","max-image-preview":"max-image-preview:large","max-video-preview":"max-video-preview:-1"},"og_locale":"es_ES","og_type":"article","og_title":"Producto - \u00bfComprar urinario port\u00e1til para 4 personas en eventos?","og_description":"Nuestras unidades de urinario + urinario de 4 personas est\u00e1n fabricadas para ser completamente \"a prueba de vandalismo\" y est\u00e1n hechas de PE (polietileno).","og_url":"https:\/\/toypek.two.prikr.space\/es\/producto\/urinario-portatil-al-aire-libre-4personas\/","og_site_name":"Toypek","article_modified_time":"2023-07-07T13:55:24+00:00","og_image":[{"width":1000,"height":1000,"url":"https:\/\/toypek.two.prikr.space\/wp-content\/uploads\/2023\/06\/tp-img-6-4.png","type":"image\/png"}],"twitter_card":"summary_large_image","twitter_misc":{"Tiempo de lectura":"1 minuto"},"schema":{"@context":"https:\/\/schema.org","@graph":[{"@type":"WebPage","@id":"https:\/\/toypek.two.prikr.space\/es\/producto\/urinario-portatil-al-aire-libre-4personas\/","url":"https:\/\/toypek.two.prikr.space\/es\/producto\/urinario-portatil-al-aire-libre-4personas\/","name":"Producto - \u00bfComprar urinario port\u00e1til para 4 personas en eventos?","isPartOf":{"@id":"https:\/\/toypek.two.prikr.space\/es\/#website"},"primaryImageOfPage":{"@id":"https:\/\/toypek.two.prikr.space\/es\/producto\/urinario-portatil-al-aire-libre-4personas\/#primaryimage"},"image":{"@id":"https:\/\/toypek.two.prikr.space\/es\/producto\/urinario-portatil-al-aire-libre-4personas\/#primaryimage"},"thumbnailUrl":"https:\/\/toypek.two.prikr.space\/wp-content\/uploads\/2023\/06\/tp-img-6-4.png","datePublished":"2023-06-09T14:17:05+00:00","dateModified":"2023-07-07T13:55:24+00:00","description":"Nuestras unidades de urinario + urinario de 4 personas est\u00e1n fabricadas para ser completamente \"a prueba de vandalismo\" y est\u00e1n hechas de PE (polietileno).","breadcrumb":{"@id":"https:\/\/toypek.two.prikr.space\/es\/producto\/urinario-portatil-al-aire-libre-4personas\/#breadcrumb"},"inLanguage":"es","potentialAction":[{"@type":"ReadAction","target":["https:\/\/toypek.two.prikr.space\/es\/producto\/urinario-portatil-al-aire-libre-4personas\/"]}]},{"@type":"ImageObject","inLanguage":"es","@id":"https:\/\/toypek.two.prikr.space\/es\/producto\/urinario-portatil-al-aire-libre-4personas\/#primaryimage","url":"https:\/\/toypek.two.prikr.space\/wp-content\/uploads\/2023\/06\/tp-img-6-4.png","contentUrl":"https:\/\/toypek.two.prikr.space\/wp-content\/uploads\/2023\/06\/tp-img-6-4.png","width":1000,"height":1000},{"@type":"BreadcrumbList","@id":"https:\/\/toypek.two.prikr.space\/es\/producto\/urinario-portatil-al-aire-libre-4personas\/#breadcrumb","itemListElement":[{"@type":"ListItem","position":1,"name":"Home","item":"https:\/\/toypek.two.prikr.space\/es\/"},{"@type":"ListItem","position":2,"name":"Tienda","item":"https:\/\/toypek.two.prikr.space\/es\/gama-de-productos\/"},{"@type":"ListItem","position":3,"name":"Urinario para 4 personas"}]},{"@type":"WebSite","@id":"https:\/\/toypek.two.prikr.space\/es\/#website","url":"https:\/\/toypek.two.prikr.space\/es\/","name":"Toypek","description":"","potentialAction":[{"@type":"SearchAction","target":{"@type":"EntryPoint","urlTemplate":"https:\/\/toypek.two.prikr.space\/es\/?s={search_term_string}"},"query-input":{"@type":"PropertyValueSpecification","valueRequired":true,"valueName":"search_term_string"}}],"inLanguage":"es"}]}},"_links":{"self":[{"href":"https:\/\/toypek.two.prikr.space\/es\/wp-json\/wp\/v2\/product\/10318","targetHints":{"allow":["GET"]}}],"collection":[{"href":"https:\/\/toypek.two.prikr.space\/es\/wp-json\/wp\/v2\/product"}],"about":[{"href":"https:\/\/toypek.two.prikr.space\/es\/wp-json\/wp\/v2\/types\/product"}],"replies":[{"embeddable":true,"href":"https:\/\/toypek.two.prikr.space\/es\/wp-json\/wp\/v2\/comments?post=10318"}],"wp:featuredmedia":[{"embeddable":true,"href":"https:\/\/toypek.two.prikr.space\/es\/wp-json\/wp\/v2\/media\/9904"}],"wp:attachment":[{"href":"https:\/\/toypek.two.prikr.space\/es\/wp-json\/wp\/v2\/media?parent=10318"}],"wp:term":[{"taxonomy":"product_cat","embeddable":true,"href":"https:\/\/toypek.two.prikr.space\/es\/wp-json\/wp\/v2\/product_cat?post=10318"},{"taxonomy":"product_tag","embeddable":true,"href":"https:\/\/toypek.two.prikr.space\/es\/wp-json\/wp\/v2\/product_tag?post=10318"}],"curies":[{"name":"wp","href":"https:\/\/api.w.org\/{rel}","templated":true}]}}