{"id":921,"date":"2023-06-09T14:28:33","date_gmt":"2023-06-09T14:28:33","guid":{"rendered":"https:\/\/toypek.two.prikr.space\/?page_id=921"},"modified":"2023-06-22T10:06:50","modified_gmt":"2023-06-22T10:06:50","slug":"nuestra-historia","status":"publish","type":"page","link":"https:\/\/toypek.two.prikr.space\/es\/nuestra-historia\/","title":{"rendered":"Ons verhaal"},"content":{"rendered":"","protected":false},"excerpt":{"rendered":"","protected":false},"author":2,"featured_media":0,"parent":0,"menu_order":0,"comment_status":"closed","ping_status":"closed","template":"","meta":{"_acf_changed":false,"footnotes":""},"class_list":["post-921","page","type-page","status-publish","hentry"],"acf":[],"yoast_head":"<!-- This site is optimized with the Yoast SEO plugin v23.6 - https:\/\/yoast.com\/wordpress\/plugins\/seo\/ -->\n<title>La historia de Toypek.eu: \u00bfc\u00f3mo comenz\u00f3 todo?<\/title>\n<meta name=\"description\" content=\"Todo comenz\u00f3 con un estudio sobre los deseos y necesidades de las empresas de alquiler en el mercado de alquiler, revelando que el transporte es un desaf\u00edo importante.\" \/>\n<meta name=\"robots\" content=\"noindex, follow, max-snippet:-1, max-image-preview:large, max-video-preview:-1\" \/>\n<meta property=\"og:locale\" content=\"es_ES\" \/>\n<meta property=\"og:type\" content=\"article\" \/>\n<meta property=\"og:title\" content=\"La historia de Toypek.eu: \u00bfc\u00f3mo comenz\u00f3 todo?\" \/>\n<meta property=\"og:description\" content=\"Todo comenz\u00f3 con un estudio sobre los deseos y necesidades de las empresas de alquiler en el mercado de alquiler, revelando que el transporte es un desaf\u00edo importante.\" \/>\n<meta property=\"og:url\" content=\"https:\/\/toypek.two.prikr.space\/es\/nuestra-historia\/\" \/>\n<meta property=\"og:site_name\" content=\"Toypek\" \/>\n<meta property=\"article:modified_time\" content=\"2023-06-22T10:06:50+00:00\" \/>\n<meta name=\"twitter:card\" content=\"summary_large_image\" \/>\n<script type=\"application\/ld+json\" class=\"yoast-schema-graph\">{\"@context\":\"https:\/\/schema.org\",\"@graph\":[{\"@type\":\"WebPage\",\"@id\":\"https:\/\/toypek.two.prikr.space\/es\/nuestra-historia\/\",\"url\":\"https:\/\/toypek.two.prikr.space\/es\/nuestra-historia\/\",\"name\":\"La historia de Toypek.eu: \u00bfc\u00f3mo comenz\u00f3 todo?\",\"isPartOf\":{\"@id\":\"https:\/\/toypek.two.prikr.space\/es\/#website\"},\"datePublished\":\"2023-06-09T14:28:33+00:00\",\"dateModified\":\"2023-06-22T10:06:50+00:00\",\"description\":\"Todo comenz\u00f3 con un estudio sobre los deseos y necesidades de las empresas de alquiler en el mercado de alquiler, revelando que el transporte es un desaf\u00edo importante.\",\"breadcrumb\":{\"@id\":\"https:\/\/toypek.two.prikr.space\/es\/nuestra-historia\/#breadcrumb\"},\"inLanguage\":\"es\",\"potentialAction\":[{\"@type\":\"ReadAction\",\"target\":[\"https:\/\/toypek.two.prikr.space\/es\/nuestra-historia\/\"]}]},{\"@type\":\"BreadcrumbList\",\"@id\":\"https:\/\/toypek.two.prikr.space\/es\/nuestra-historia\/#breadcrumb\",\"itemListElement\":[{\"@type\":\"ListItem\",\"position\":1,\"name\":\"Home\",\"item\":\"https:\/\/toypek.two.prikr.space\/es\/\"},{\"@type\":\"ListItem\",\"position\":2,\"name\":\"Ons verhaal\"}]},{\"@type\":\"WebSite\",\"@id\":\"https:\/\/toypek.two.prikr.space\/es\/#website\",\"url\":\"https:\/\/toypek.two.prikr.space\/es\/\",\"name\":\"Toypek\",\"description\":\"\",\"potentialAction\":[{\"@type\":\"SearchAction\",\"target\":{\"@type\":\"EntryPoint\",\"urlTemplate\":\"https:\/\/toypek.two.prikr.space\/es\/?s={search_term_string}\"},\"query-input\":{\"@type\":\"PropertyValueSpecification\",\"valueRequired\":true,\"valueName\":\"search_term_string\"}}],\"inLanguage\":\"es\"}]}<\/script>\n<!-- \/ Yoast SEO plugin. -->","yoast_head_json":{"title":"La historia de Toypek.eu: \u00bfc\u00f3mo comenz\u00f3 todo?","description":"Todo comenz\u00f3 con un estudio sobre los deseos y necesidades de las empresas de alquiler en el mercado de alquiler, revelando que el transporte es un desaf\u00edo importante.","robots":{"index":"noindex","follow":"follow","max-snippet":"max-snippet:-1","max-image-preview":"max-image-preview:large","max-video-preview":"max-video-preview:-1"},"og_locale":"es_ES","og_type":"article","og_title":"La historia de Toypek.eu: \u00bfc\u00f3mo comenz\u00f3 todo?","og_description":"Todo comenz\u00f3 con un estudio sobre los deseos y necesidades de las empresas de alquiler en el mercado de alquiler, revelando que el transporte es un desaf\u00edo importante.","og_url":"https:\/\/toypek.two.prikr.space\/es\/nuestra-historia\/","og_site_name":"Toypek","article_modified_time":"2023-06-22T10:06:50+00:00","twitter_card":"summary_large_image","schema":{"@context":"https:\/\/schema.org","@graph":[{"@type":"WebPage","@id":"https:\/\/toypek.two.prikr.space\/es\/nuestra-historia\/","url":"https:\/\/toypek.two.prikr.space\/es\/nuestra-historia\/","name":"La historia de Toypek.eu: \u00bfc\u00f3mo comenz\u00f3 todo?","isPartOf":{"@id":"https:\/\/toypek.two.prikr.space\/es\/#website"},"datePublished":"2023-06-09T14:28:33+00:00","dateModified":"2023-06-22T10:06:50+00:00","description":"Todo comenz\u00f3 con un estudio sobre los deseos y necesidades de las empresas de alquiler en el mercado de alquiler, revelando que el transporte es un desaf\u00edo importante.","breadcrumb":{"@id":"https:\/\/toypek.two.prikr.space\/es\/nuestra-historia\/#breadcrumb"},"inLanguage":"es","potentialAction":[{"@type":"ReadAction","target":["https:\/\/toypek.two.prikr.space\/es\/nuestra-historia\/"]}]},{"@type":"BreadcrumbList","@id":"https:\/\/toypek.two.prikr.space\/es\/nuestra-historia\/#breadcrumb","itemListElement":[{"@type":"ListItem","position":1,"name":"Home","item":"https:\/\/toypek.two.prikr.space\/es\/"},{"@type":"ListItem","position":2,"name":"Ons verhaal"}]},{"@type":"WebSite","@id":"https:\/\/toypek.two.prikr.space\/es\/#website","url":"https:\/\/toypek.two.prikr.space\/es\/","name":"Toypek","description":"","potentialAction":[{"@type":"SearchAction","target":{"@type":"EntryPoint","urlTemplate":"https:\/\/toypek.two.prikr.space\/es\/?s={search_term_string}"},"query-input":{"@type":"PropertyValueSpecification","valueRequired":true,"valueName":"search_term_string"}}],"inLanguage":"es"}]}},"_links":{"self":[{"href":"https:\/\/toypek.two.prikr.space\/es\/wp-json\/wp\/v2\/pages\/921","targetHints":{"allow":["GET"]}}],"collection":[{"href":"https:\/\/toypek.two.prikr.space\/es\/wp-json\/wp\/v2\/pages"}],"about":[{"href":"https:\/\/toypek.two.prikr.space\/es\/wp-json\/wp\/v2\/types\/page"}],"author":[{"embeddable":true,"href":"https:\/\/toypek.two.prikr.space\/es\/wp-json\/wp\/v2\/users\/2"}],"replies":[{"embeddable":true,"href":"https:\/\/toypek.two.prikr.space\/es\/wp-json\/wp\/v2\/comments?post=921"}],"version-history":[{"count":3,"href":"https:\/\/toypek.two.prikr.space\/es\/wp-json\/wp\/v2\/pages\/921\/revisions"}],"predecessor-version":[{"id":3769,"href":"https:\/\/toypek.two.prikr.space\/es\/wp-json\/wp\/v2\/pages\/921\/revisions\/3769"}],"wp:attachment":[{"href":"https:\/\/toypek.two.prikr.space\/es\/wp-json\/wp\/v2\/media?parent=921"}],"curies":[{"name":"wp","href":"https:\/\/api.w.org\/{rel}","templated":true}]}}