{"id":758,"date":"2023-06-09T09:59:35","date_gmt":"2023-06-09T09:59:35","guid":{"rendered":"https:\/\/toypek.two.prikr.space\/maatschappelijk-verantwoord-ondernemen-duurzaamheid-2\/"},"modified":"2023-07-12T10:21:30","modified_gmt":"2023-07-12T10:21:30","slug":"rse","status":"publish","type":"page","link":"https:\/\/toypek.two.prikr.space\/es\/rse\/","title":{"rendered":"Responsabilidad social de las empresas y sostenibilidad"},"content":{"rendered":"","protected":false},"excerpt":{"rendered":"","protected":false},"author":3,"featured_media":0,"parent":0,"menu_order":0,"comment_status":"closed","ping_status":"closed","template":"","meta":{"_acf_changed":false,"footnotes":""},"class_list":["post-758","page","type-page","status-publish","hentry"],"acf":[],"yoast_head":"<!-- This site is optimized with the Yoast SEO plugin v23.6 - https:\/\/yoast.com\/wordpress\/plugins\/seo\/ -->\n<title>\u00a1La responsabilidad social corporativa de Toypek.eu!<\/title>\n<meta name=\"description\" content=\"Comprar un ba\u00f1o port\u00e1til requiere una consideraci\u00f3n cuidadosa en lugar de una decisi\u00f3n impulsiva. Hay varios factores a tener en cuenta al seleccionar un inodoro port\u00e1til. Toypek.eu se especializa en desarrollar inodoros m\u00f3viles que satisfacen espec\u00edficamente las necesidades y preferencias del mercado de instalaciones sanitarias m\u00f3viles.\" \/>\n<meta name=\"robots\" content=\"noindex, follow, max-snippet:-1, max-image-preview:large, max-video-preview:-1\" \/>\n<meta property=\"og:locale\" content=\"es_ES\" \/>\n<meta property=\"og:type\" content=\"article\" \/>\n<meta property=\"og:title\" content=\"\u00a1La responsabilidad social corporativa de Toypek.eu!\" \/>\n<meta property=\"og:description\" content=\"Comprar un ba\u00f1o port\u00e1til requiere una consideraci\u00f3n cuidadosa en lugar de una decisi\u00f3n impulsiva. Hay varios factores a tener en cuenta al seleccionar un inodoro port\u00e1til. Toypek.eu se especializa en desarrollar inodoros m\u00f3viles que satisfacen espec\u00edficamente las necesidades y preferencias del mercado de instalaciones sanitarias m\u00f3viles.\" \/>\n<meta property=\"og:url\" content=\"https:\/\/toypek.two.prikr.space\/es\/rse\/\" \/>\n<meta property=\"og:site_name\" content=\"Toypek\" \/>\n<meta property=\"article:modified_time\" content=\"2023-07-12T10:21:30+00:00\" \/>\n<meta name=\"twitter:card\" content=\"summary_large_image\" \/>\n<script type=\"application\/ld+json\" class=\"yoast-schema-graph\">{\"@context\":\"https:\/\/schema.org\",\"@graph\":[{\"@type\":\"WebPage\",\"@id\":\"https:\/\/toypek.two.prikr.space\/es\/rse\/\",\"url\":\"https:\/\/toypek.two.prikr.space\/es\/rse\/\",\"name\":\"\u00a1La responsabilidad social corporativa de Toypek.eu!\",\"isPartOf\":{\"@id\":\"https:\/\/toypek.two.prikr.space\/es\/#website\"},\"datePublished\":\"2023-06-09T09:59:35+00:00\",\"dateModified\":\"2023-07-12T10:21:30+00:00\",\"description\":\"Comprar un ba\u00f1o port\u00e1til requiere una consideraci\u00f3n cuidadosa en lugar de una decisi\u00f3n impulsiva. Hay varios factores a tener en cuenta al seleccionar un inodoro port\u00e1til. Toypek.eu se especializa en desarrollar inodoros m\u00f3viles que satisfacen espec\u00edficamente las necesidades y preferencias del mercado de instalaciones sanitarias m\u00f3viles.\",\"breadcrumb\":{\"@id\":\"https:\/\/toypek.two.prikr.space\/es\/rse\/#breadcrumb\"},\"inLanguage\":\"es\",\"potentialAction\":[{\"@type\":\"ReadAction\",\"target\":[\"https:\/\/toypek.two.prikr.space\/es\/rse\/\"]}]},{\"@type\":\"BreadcrumbList\",\"@id\":\"https:\/\/toypek.two.prikr.space\/es\/rse\/#breadcrumb\",\"itemListElement\":[{\"@type\":\"ListItem\",\"position\":1,\"name\":\"Home\",\"item\":\"https:\/\/toypek.two.prikr.space\/es\/\"},{\"@type\":\"ListItem\",\"position\":2,\"name\":\"Responsabilidad social de las empresas y sostenibilidad\"}]},{\"@type\":\"WebSite\",\"@id\":\"https:\/\/toypek.two.prikr.space\/es\/#website\",\"url\":\"https:\/\/toypek.two.prikr.space\/es\/\",\"name\":\"Toypek\",\"description\":\"\",\"potentialAction\":[{\"@type\":\"SearchAction\",\"target\":{\"@type\":\"EntryPoint\",\"urlTemplate\":\"https:\/\/toypek.two.prikr.space\/es\/?s={search_term_string}\"},\"query-input\":{\"@type\":\"PropertyValueSpecification\",\"valueRequired\":true,\"valueName\":\"search_term_string\"}}],\"inLanguage\":\"es\"}]}<\/script>\n<!-- \/ Yoast SEO plugin. -->","yoast_head_json":{"title":"\u00a1La responsabilidad social corporativa de Toypek.eu!","description":"Comprar un ba\u00f1o port\u00e1til requiere una consideraci\u00f3n cuidadosa en lugar de una decisi\u00f3n impulsiva. Hay varios factores a tener en cuenta al seleccionar un inodoro port\u00e1til. Toypek.eu se especializa en desarrollar inodoros m\u00f3viles que satisfacen espec\u00edficamente las necesidades y preferencias del mercado de instalaciones sanitarias m\u00f3viles.","robots":{"index":"noindex","follow":"follow","max-snippet":"max-snippet:-1","max-image-preview":"max-image-preview:large","max-video-preview":"max-video-preview:-1"},"og_locale":"es_ES","og_type":"article","og_title":"\u00a1La responsabilidad social corporativa de Toypek.eu!","og_description":"Comprar un ba\u00f1o port\u00e1til requiere una consideraci\u00f3n cuidadosa en lugar de una decisi\u00f3n impulsiva. Hay varios factores a tener en cuenta al seleccionar un inodoro port\u00e1til. Toypek.eu se especializa en desarrollar inodoros m\u00f3viles que satisfacen espec\u00edficamente las necesidades y preferencias del mercado de instalaciones sanitarias m\u00f3viles.","og_url":"https:\/\/toypek.two.prikr.space\/es\/rse\/","og_site_name":"Toypek","article_modified_time":"2023-07-12T10:21:30+00:00","twitter_card":"summary_large_image","schema":{"@context":"https:\/\/schema.org","@graph":[{"@type":"WebPage","@id":"https:\/\/toypek.two.prikr.space\/es\/rse\/","url":"https:\/\/toypek.two.prikr.space\/es\/rse\/","name":"\u00a1La responsabilidad social corporativa de Toypek.eu!","isPartOf":{"@id":"https:\/\/toypek.two.prikr.space\/es\/#website"},"datePublished":"2023-06-09T09:59:35+00:00","dateModified":"2023-07-12T10:21:30+00:00","description":"Comprar un ba\u00f1o port\u00e1til requiere una consideraci\u00f3n cuidadosa en lugar de una decisi\u00f3n impulsiva. Hay varios factores a tener en cuenta al seleccionar un inodoro port\u00e1til. Toypek.eu se especializa en desarrollar inodoros m\u00f3viles que satisfacen espec\u00edficamente las necesidades y preferencias del mercado de instalaciones sanitarias m\u00f3viles.","breadcrumb":{"@id":"https:\/\/toypek.two.prikr.space\/es\/rse\/#breadcrumb"},"inLanguage":"es","potentialAction":[{"@type":"ReadAction","target":["https:\/\/toypek.two.prikr.space\/es\/rse\/"]}]},{"@type":"BreadcrumbList","@id":"https:\/\/toypek.two.prikr.space\/es\/rse\/#breadcrumb","itemListElement":[{"@type":"ListItem","position":1,"name":"Home","item":"https:\/\/toypek.two.prikr.space\/es\/"},{"@type":"ListItem","position":2,"name":"Responsabilidad social de las empresas y sostenibilidad"}]},{"@type":"WebSite","@id":"https:\/\/toypek.two.prikr.space\/es\/#website","url":"https:\/\/toypek.two.prikr.space\/es\/","name":"Toypek","description":"","potentialAction":[{"@type":"SearchAction","target":{"@type":"EntryPoint","urlTemplate":"https:\/\/toypek.two.prikr.space\/es\/?s={search_term_string}"},"query-input":{"@type":"PropertyValueSpecification","valueRequired":true,"valueName":"search_term_string"}}],"inLanguage":"es"}]}},"_links":{"self":[{"href":"https:\/\/toypek.two.prikr.space\/es\/wp-json\/wp\/v2\/pages\/758","targetHints":{"allow":["GET"]}}],"collection":[{"href":"https:\/\/toypek.two.prikr.space\/es\/wp-json\/wp\/v2\/pages"}],"about":[{"href":"https:\/\/toypek.two.prikr.space\/es\/wp-json\/wp\/v2\/types\/page"}],"author":[{"embeddable":true,"href":"https:\/\/toypek.two.prikr.space\/es\/wp-json\/wp\/v2\/users\/3"}],"replies":[{"embeddable":true,"href":"https:\/\/toypek.two.prikr.space\/es\/wp-json\/wp\/v2\/comments?post=758"}],"version-history":[{"count":3,"href":"https:\/\/toypek.two.prikr.space\/es\/wp-json\/wp\/v2\/pages\/758\/revisions"}],"predecessor-version":[{"id":3764,"href":"https:\/\/toypek.two.prikr.space\/es\/wp-json\/wp\/v2\/pages\/758\/revisions\/3764"}],"wp:attachment":[{"href":"https:\/\/toypek.two.prikr.space\/es\/wp-json\/wp\/v2\/media?parent=758"}],"curies":[{"name":"wp","href":"https:\/\/api.w.org\/{rel}","templated":true}]}}