{"id":1034,"date":"2023-06-21T09:29:36","date_gmt":"2023-06-21T09:29:36","guid":{"rendered":"https:\/\/toypek.two.prikr.space\/?page_id=1034"},"modified":"2023-06-23T06:24:33","modified_gmt":"2023-06-23T06:24:33","slug":"beneficios-de-transporte","status":"publish","type":"page","link":"https:\/\/toypek.two.prikr.space\/es\/beneficios-de-transporte\/","title":{"rendered":"Transport voordelen"},"content":{"rendered":"","protected":false},"excerpt":{"rendered":"","protected":false},"author":2,"featured_media":0,"parent":0,"menu_order":0,"comment_status":"closed","ping_status":"closed","template":"","meta":{"_acf_changed":false,"footnotes":""},"class_list":["post-1034","page","type-page","status-publish","hentry"],"acf":[],"yoast_head":"<!-- This site is optimized with the Yoast SEO plugin v23.6 - https:\/\/yoast.com\/wordpress\/plugins\/seo\/ -->\n<title>\u00a1Los beneficios del transporte | Toypek.eu<\/title>\n<meta name=\"description\" content=\"El transporte es un aspecto crucial para cualquier empresa de alquiler a la hora de comprar un ba\u00f1o port\u00e1til, y en Toypek.eu, entendemos los retos que implica. Es por eso que hemos dise\u00f1ado espec\u00edficamente nuestros ba\u00f1os port\u00e1tiles para ser muy f\u00e1ciles de transportar, proporcion\u00e1ndote varias ventajas.\" \/>\n<meta name=\"robots\" content=\"noindex, follow, max-snippet:-1, max-image-preview:large, max-video-preview:-1\" \/>\n<meta property=\"og:locale\" content=\"es_ES\" \/>\n<meta property=\"og:type\" content=\"article\" \/>\n<meta property=\"og:title\" content=\"\u00a1Los beneficios del transporte | Toypek.eu\" \/>\n<meta property=\"og:description\" content=\"El transporte es un aspecto crucial para cualquier empresa de alquiler a la hora de comprar un ba\u00f1o port\u00e1til, y en Toypek.eu, entendemos los retos que implica. Es por eso que hemos dise\u00f1ado espec\u00edficamente nuestros ba\u00f1os port\u00e1tiles para ser muy f\u00e1ciles de transportar, proporcion\u00e1ndote varias ventajas.\" \/>\n<meta property=\"og:url\" content=\"https:\/\/toypek.two.prikr.space\/es\/beneficios-de-transporte\/\" \/>\n<meta property=\"og:site_name\" content=\"Toypek\" \/>\n<meta property=\"article:modified_time\" content=\"2023-06-23T06:24:33+00:00\" \/>\n<meta name=\"twitter:card\" content=\"summary_large_image\" \/>\n<script type=\"application\/ld+json\" class=\"yoast-schema-graph\">{\"@context\":\"https:\/\/schema.org\",\"@graph\":[{\"@type\":\"WebPage\",\"@id\":\"https:\/\/toypek.two.prikr.space\/es\/beneficios-de-transporte\/\",\"url\":\"https:\/\/toypek.two.prikr.space\/es\/beneficios-de-transporte\/\",\"name\":\"\u00a1Los beneficios del transporte | Toypek.eu\",\"isPartOf\":{\"@id\":\"https:\/\/toypek.two.prikr.space\/es\/#website\"},\"datePublished\":\"2023-06-21T09:29:36+00:00\",\"dateModified\":\"2023-06-23T06:24:33+00:00\",\"description\":\"El transporte es un aspecto crucial para cualquier empresa de alquiler a la hora de comprar un ba\u00f1o port\u00e1til, y en Toypek.eu, entendemos los retos que implica. Es por eso que hemos dise\u00f1ado espec\u00edficamente nuestros ba\u00f1os port\u00e1tiles para ser muy f\u00e1ciles de transportar, proporcion\u00e1ndote varias ventajas.\",\"breadcrumb\":{\"@id\":\"https:\/\/toypek.two.prikr.space\/es\/beneficios-de-transporte\/#breadcrumb\"},\"inLanguage\":\"es\",\"potentialAction\":[{\"@type\":\"ReadAction\",\"target\":[\"https:\/\/toypek.two.prikr.space\/es\/beneficios-de-transporte\/\"]}]},{\"@type\":\"BreadcrumbList\",\"@id\":\"https:\/\/toypek.two.prikr.space\/es\/beneficios-de-transporte\/#breadcrumb\",\"itemListElement\":[{\"@type\":\"ListItem\",\"position\":1,\"name\":\"Home\",\"item\":\"https:\/\/toypek.two.prikr.space\/es\/\"},{\"@type\":\"ListItem\",\"position\":2,\"name\":\"Transport voordelen\"}]},{\"@type\":\"WebSite\",\"@id\":\"https:\/\/toypek.two.prikr.space\/es\/#website\",\"url\":\"https:\/\/toypek.two.prikr.space\/es\/\",\"name\":\"Toypek\",\"description\":\"\",\"potentialAction\":[{\"@type\":\"SearchAction\",\"target\":{\"@type\":\"EntryPoint\",\"urlTemplate\":\"https:\/\/toypek.two.prikr.space\/es\/?s={search_term_string}\"},\"query-input\":{\"@type\":\"PropertyValueSpecification\",\"valueRequired\":true,\"valueName\":\"search_term_string\"}}],\"inLanguage\":\"es\"}]}<\/script>\n<!-- \/ Yoast SEO plugin. -->","yoast_head_json":{"title":"\u00a1Los beneficios del transporte | Toypek.eu","description":"El transporte es un aspecto crucial para cualquier empresa de alquiler a la hora de comprar un ba\u00f1o port\u00e1til, y en Toypek.eu, entendemos los retos que implica. Es por eso que hemos dise\u00f1ado espec\u00edficamente nuestros ba\u00f1os port\u00e1tiles para ser muy f\u00e1ciles de transportar, proporcion\u00e1ndote varias ventajas.","robots":{"index":"noindex","follow":"follow","max-snippet":"max-snippet:-1","max-image-preview":"max-image-preview:large","max-video-preview":"max-video-preview:-1"},"og_locale":"es_ES","og_type":"article","og_title":"\u00a1Los beneficios del transporte | Toypek.eu","og_description":"El transporte es un aspecto crucial para cualquier empresa de alquiler a la hora de comprar un ba\u00f1o port\u00e1til, y en Toypek.eu, entendemos los retos que implica. Es por eso que hemos dise\u00f1ado espec\u00edficamente nuestros ba\u00f1os port\u00e1tiles para ser muy f\u00e1ciles de transportar, proporcion\u00e1ndote varias ventajas.","og_url":"https:\/\/toypek.two.prikr.space\/es\/beneficios-de-transporte\/","og_site_name":"Toypek","article_modified_time":"2023-06-23T06:24:33+00:00","twitter_card":"summary_large_image","schema":{"@context":"https:\/\/schema.org","@graph":[{"@type":"WebPage","@id":"https:\/\/toypek.two.prikr.space\/es\/beneficios-de-transporte\/","url":"https:\/\/toypek.two.prikr.space\/es\/beneficios-de-transporte\/","name":"\u00a1Los beneficios del transporte | Toypek.eu","isPartOf":{"@id":"https:\/\/toypek.two.prikr.space\/es\/#website"},"datePublished":"2023-06-21T09:29:36+00:00","dateModified":"2023-06-23T06:24:33+00:00","description":"El transporte es un aspecto crucial para cualquier empresa de alquiler a la hora de comprar un ba\u00f1o port\u00e1til, y en Toypek.eu, entendemos los retos que implica. Es por eso que hemos dise\u00f1ado espec\u00edficamente nuestros ba\u00f1os port\u00e1tiles para ser muy f\u00e1ciles de transportar, proporcion\u00e1ndote varias ventajas.","breadcrumb":{"@id":"https:\/\/toypek.two.prikr.space\/es\/beneficios-de-transporte\/#breadcrumb"},"inLanguage":"es","potentialAction":[{"@type":"ReadAction","target":["https:\/\/toypek.two.prikr.space\/es\/beneficios-de-transporte\/"]}]},{"@type":"BreadcrumbList","@id":"https:\/\/toypek.two.prikr.space\/es\/beneficios-de-transporte\/#breadcrumb","itemListElement":[{"@type":"ListItem","position":1,"name":"Home","item":"https:\/\/toypek.two.prikr.space\/es\/"},{"@type":"ListItem","position":2,"name":"Transport voordelen"}]},{"@type":"WebSite","@id":"https:\/\/toypek.two.prikr.space\/es\/#website","url":"https:\/\/toypek.two.prikr.space\/es\/","name":"Toypek","description":"","potentialAction":[{"@type":"SearchAction","target":{"@type":"EntryPoint","urlTemplate":"https:\/\/toypek.two.prikr.space\/es\/?s={search_term_string}"},"query-input":{"@type":"PropertyValueSpecification","valueRequired":true,"valueName":"search_term_string"}}],"inLanguage":"es"}]}},"_links":{"self":[{"href":"https:\/\/toypek.two.prikr.space\/es\/wp-json\/wp\/v2\/pages\/1034","targetHints":{"allow":["GET"]}}],"collection":[{"href":"https:\/\/toypek.two.prikr.space\/es\/wp-json\/wp\/v2\/pages"}],"about":[{"href":"https:\/\/toypek.two.prikr.space\/es\/wp-json\/wp\/v2\/types\/page"}],"author":[{"embeddable":true,"href":"https:\/\/toypek.two.prikr.space\/es\/wp-json\/wp\/v2\/users\/2"}],"replies":[{"embeddable":true,"href":"https:\/\/toypek.two.prikr.space\/es\/wp-json\/wp\/v2\/comments?post=1034"}],"version-history":[{"count":2,"href":"https:\/\/toypek.two.prikr.space\/es\/wp-json\/wp\/v2\/pages\/1034\/revisions"}],"predecessor-version":[{"id":9167,"href":"https:\/\/toypek.two.prikr.space\/es\/wp-json\/wp\/v2\/pages\/1034\/revisions\/9167"}],"wp:attachment":[{"href":"https:\/\/toypek.two.prikr.space\/es\/wp-json\/wp\/v2\/media?parent=1034"}],"curies":[{"name":"wp","href":"https:\/\/api.w.org\/{rel}","templated":true}]}}