{"id":1000,"date":"2023-06-09T15:02:12","date_gmt":"2023-06-09T15:02:12","guid":{"rendered":"https:\/\/toypek.two.prikr.space\/?page_id=1000"},"modified":"2023-06-22T10:15:12","modified_gmt":"2023-06-22T10:15:12","slug":"quienes-somos","status":"publish","type":"page","link":"https:\/\/toypek.two.prikr.space\/es\/quienes-somos\/","title":{"rendered":"Over ons"},"content":{"rendered":"","protected":false},"excerpt":{"rendered":"","protected":false},"author":2,"featured_media":0,"parent":0,"menu_order":0,"comment_status":"closed","ping_status":"closed","template":"","meta":{"_acf_changed":false,"footnotes":""},"class_list":["post-1000","page","type-page","status-publish","hentry"],"acf":[],"yoast_head":"<!-- This site is optimized with the Yoast SEO plugin v23.6 - https:\/\/yoast.com\/wordpress\/plugins\/seo\/ -->\n<title>Qui\u00e9nes somos | Toypek,eu<\/title>\n<meta name=\"description\" content=\"Las cabinas Toypek se encuentran instaladas en m\u00e1s de 20 pa\u00edses en Europa, contamos con excelentes referencias de nuestros clientes acerca del servicio y de la calidad de los ba\u00f1os port\u00e1tiles.\" \/>\n<meta name=\"robots\" content=\"noindex, follow, max-snippet:-1, max-image-preview:large, max-video-preview:-1\" \/>\n<meta property=\"og:locale\" content=\"es_ES\" \/>\n<meta property=\"og:type\" content=\"article\" \/>\n<meta property=\"og:title\" content=\"Qui\u00e9nes somos | Toypek,eu\" \/>\n<meta property=\"og:description\" content=\"Las cabinas Toypek se encuentran instaladas en m\u00e1s de 20 pa\u00edses en Europa, contamos con excelentes referencias de nuestros clientes acerca del servicio y de la calidad de los ba\u00f1os port\u00e1tiles.\" \/>\n<meta property=\"og:url\" content=\"https:\/\/toypek.two.prikr.space\/es\/quienes-somos\/\" \/>\n<meta property=\"og:site_name\" content=\"Toypek\" \/>\n<meta property=\"article:modified_time\" content=\"2023-06-22T10:15:12+00:00\" \/>\n<meta name=\"twitter:card\" content=\"summary_large_image\" \/>\n<script type=\"application\/ld+json\" class=\"yoast-schema-graph\">{\"@context\":\"https:\/\/schema.org\",\"@graph\":[{\"@type\":\"WebPage\",\"@id\":\"https:\/\/toypek.two.prikr.space\/es\/quienes-somos\/\",\"url\":\"https:\/\/toypek.two.prikr.space\/es\/quienes-somos\/\",\"name\":\"Qui\u00e9nes somos | Toypek,eu\",\"isPartOf\":{\"@id\":\"https:\/\/toypek.two.prikr.space\/es\/#website\"},\"datePublished\":\"2023-06-09T15:02:12+00:00\",\"dateModified\":\"2023-06-22T10:15:12+00:00\",\"description\":\"Las cabinas Toypek se encuentran instaladas en m\u00e1s de 20 pa\u00edses en Europa, contamos con excelentes referencias de nuestros clientes acerca del servicio y de la calidad de los ba\u00f1os port\u00e1tiles.\",\"breadcrumb\":{\"@id\":\"https:\/\/toypek.two.prikr.space\/es\/quienes-somos\/#breadcrumb\"},\"inLanguage\":\"es\",\"potentialAction\":[{\"@type\":\"ReadAction\",\"target\":[\"https:\/\/toypek.two.prikr.space\/es\/quienes-somos\/\"]}]},{\"@type\":\"BreadcrumbList\",\"@id\":\"https:\/\/toypek.two.prikr.space\/es\/quienes-somos\/#breadcrumb\",\"itemListElement\":[{\"@type\":\"ListItem\",\"position\":1,\"name\":\"Home\",\"item\":\"https:\/\/toypek.two.prikr.space\/es\/\"},{\"@type\":\"ListItem\",\"position\":2,\"name\":\"Over ons\"}]},{\"@type\":\"WebSite\",\"@id\":\"https:\/\/toypek.two.prikr.space\/es\/#website\",\"url\":\"https:\/\/toypek.two.prikr.space\/es\/\",\"name\":\"Toypek\",\"description\":\"\",\"potentialAction\":[{\"@type\":\"SearchAction\",\"target\":{\"@type\":\"EntryPoint\",\"urlTemplate\":\"https:\/\/toypek.two.prikr.space\/es\/?s={search_term_string}\"},\"query-input\":{\"@type\":\"PropertyValueSpecification\",\"valueRequired\":true,\"valueName\":\"search_term_string\"}}],\"inLanguage\":\"es\"}]}<\/script>\n<!-- \/ Yoast SEO plugin. -->","yoast_head_json":{"title":"Qui\u00e9nes somos | Toypek,eu","description":"Las cabinas Toypek se encuentran instaladas en m\u00e1s de 20 pa\u00edses en Europa, contamos con excelentes referencias de nuestros clientes acerca del servicio y de la calidad de los ba\u00f1os port\u00e1tiles.","robots":{"index":"noindex","follow":"follow","max-snippet":"max-snippet:-1","max-image-preview":"max-image-preview:large","max-video-preview":"max-video-preview:-1"},"og_locale":"es_ES","og_type":"article","og_title":"Qui\u00e9nes somos | Toypek,eu","og_description":"Las cabinas Toypek se encuentran instaladas en m\u00e1s de 20 pa\u00edses en Europa, contamos con excelentes referencias de nuestros clientes acerca del servicio y de la calidad de los ba\u00f1os port\u00e1tiles.","og_url":"https:\/\/toypek.two.prikr.space\/es\/quienes-somos\/","og_site_name":"Toypek","article_modified_time":"2023-06-22T10:15:12+00:00","twitter_card":"summary_large_image","schema":{"@context":"https:\/\/schema.org","@graph":[{"@type":"WebPage","@id":"https:\/\/toypek.two.prikr.space\/es\/quienes-somos\/","url":"https:\/\/toypek.two.prikr.space\/es\/quienes-somos\/","name":"Qui\u00e9nes somos | Toypek,eu","isPartOf":{"@id":"https:\/\/toypek.two.prikr.space\/es\/#website"},"datePublished":"2023-06-09T15:02:12+00:00","dateModified":"2023-06-22T10:15:12+00:00","description":"Las cabinas Toypek se encuentran instaladas en m\u00e1s de 20 pa\u00edses en Europa, contamos con excelentes referencias de nuestros clientes acerca del servicio y de la calidad de los ba\u00f1os port\u00e1tiles.","breadcrumb":{"@id":"https:\/\/toypek.two.prikr.space\/es\/quienes-somos\/#breadcrumb"},"inLanguage":"es","potentialAction":[{"@type":"ReadAction","target":["https:\/\/toypek.two.prikr.space\/es\/quienes-somos\/"]}]},{"@type":"BreadcrumbList","@id":"https:\/\/toypek.two.prikr.space\/es\/quienes-somos\/#breadcrumb","itemListElement":[{"@type":"ListItem","position":1,"name":"Home","item":"https:\/\/toypek.two.prikr.space\/es\/"},{"@type":"ListItem","position":2,"name":"Over ons"}]},{"@type":"WebSite","@id":"https:\/\/toypek.two.prikr.space\/es\/#website","url":"https:\/\/toypek.two.prikr.space\/es\/","name":"Toypek","description":"","potentialAction":[{"@type":"SearchAction","target":{"@type":"EntryPoint","urlTemplate":"https:\/\/toypek.two.prikr.space\/es\/?s={search_term_string}"},"query-input":{"@type":"PropertyValueSpecification","valueRequired":true,"valueName":"search_term_string"}}],"inLanguage":"es"}]}},"_links":{"self":[{"href":"https:\/\/toypek.two.prikr.space\/es\/wp-json\/wp\/v2\/pages\/1000","targetHints":{"allow":["GET"]}}],"collection":[{"href":"https:\/\/toypek.two.prikr.space\/es\/wp-json\/wp\/v2\/pages"}],"about":[{"href":"https:\/\/toypek.two.prikr.space\/es\/wp-json\/wp\/v2\/types\/page"}],"author":[{"embeddable":true,"href":"https:\/\/toypek.two.prikr.space\/es\/wp-json\/wp\/v2\/users\/2"}],"replies":[{"embeddable":true,"href":"https:\/\/toypek.two.prikr.space\/es\/wp-json\/wp\/v2\/comments?post=1000"}],"version-history":[{"count":2,"href":"https:\/\/toypek.two.prikr.space\/es\/wp-json\/wp\/v2\/pages\/1000\/revisions"}],"predecessor-version":[{"id":3774,"href":"https:\/\/toypek.two.prikr.space\/es\/wp-json\/wp\/v2\/pages\/1000\/revisions\/3774"}],"wp:attachment":[{"href":"https:\/\/toypek.two.prikr.space\/es\/wp-json\/wp\/v2\/media?parent=1000"}],"curies":[{"name":"wp","href":"https:\/\/api.w.org\/{rel}","templated":true}]}}