{"id":9867,"date":"2023-06-09T13:39:20","date_gmt":"2023-06-09T13:39:20","guid":{"rendered":"https:\/\/toypek.two.prikr.space\/product\/toypek-mobiele-douchecabine-2\/"},"modified":"2023-07-12T13:32:02","modified_gmt":"2023-07-12T13:32:02","slug":"toypek-mobile-camping-ourdoor-dusche-kaufen","status":"publish","type":"product","link":"https:\/\/toypek.two.prikr.space\/de\/produkt\/toypek-mobile-camping-ourdoor-dusche-kaufen\/","title":{"rendered":"Toypek mobile dusche"},"content":{"rendered":"\n<p>Unsere mobilen Duschen sind vollst&auml;ndig aus HDPE (Polyethylen hoher Dichte) gefertigt, einschlie&szlig;lich eines speziell f&uuml;r unsere mobile Duschkabine Toypek hergestellten Bodens. Unsere mobilen Duschen sind aus langlebigem Kunststoff mit hoher Dichte gefertigt und verf&uuml;gen &uuml;ber einen rutschfesten Boden und eine komplett verschwei&szlig;te Duschwanne. Diese Duschkabinen sind vandalismussicher und zeichnen sich durch geringe Wartungskosten aus, was sie ideal f&uuml;r Vermieter und deren Endkunden macht.<\/p>\n<p><strong>Ma&szlig;geschneiderte Vorteile f&uuml;r Mietparteien<\/strong><br>\nWenn Sie unsere mobile Dusche kaufen, bietet dies mehrere Vorteile f&uuml;r die Anmietung von Parteien:<\/p>\n<ul>\n<li>Jede mobile WC Dusche von Toypek.eu wird sorgf&auml;ltig entwickelt und getestet.<\/li>\n<li>Die B&ouml;den der Duschkabinen bestehen vollst&auml;ndig aus PE und sind von oben bis unten verschwei&szlig;t.<\/li>\n<li>Leicht zu reinigende mobile Duschkabinen.<\/li>\n<li>Verbreiterte Griffe und Leichtbauweise f&uuml;r m&uuml;helose Mobilit&auml;t vor Ort.<\/li>\n<li>Hochgradig wasserdichte Duschen mit minimalen Leckagen nur durch L&uuml;ftungs&ouml;ffnungen, T&uuml;r&ouml;ffnungen und Spritzwasser.<\/li>\n<li>Rutschfeste B&ouml;den f&uuml;r zus&auml;tzliche Sicherheit.<\/li>\n<li>Kompakte Abmessungen f&uuml;r einfachen Transport.<\/li>\n<li>Lebendige und langlebige Farben mit HDPE-Kunststoff, der mit 7 von 8 Farbdichtepunkten bewertet wurde.<\/li>\n<li>Die T&uuml;ren sind mit starken R&uuml;ckstellfedern ausgestattet.<\/li>\n<li>Spezielle Werbefl&auml;chen auf den Seitenw&auml;nden und T&uuml;ren unserer tragbaren WC Duschen.<\/li>\n<\/ul>\n<p>Erw&auml;gen Sie, Ihre mobilen Duschkabinen mit Umkleidekabinen zu erg&auml;nzen, um eine Komplettl&ouml;sung zu erhalten. Kontaktieren Sie uns f&uuml;r weitere Informationen und um die M&ouml;glichkeiten zu erkunden. Wir haben Porta-Duschen zu verkaufen, um jeden industriellen Bedarf zu decken.<\/p>\n\n","protected":false},"excerpt":{"rendered":"<p>Entdecken Sie die perfekte L\u00f6sung mit unserem Angebot an tragbaren Duschen zum Verkauf, einschlie\u00dflich Porta-Duschen, tragbaren Duscheinheiten und tragbaren Badezimmern zum Verkauf. Gestalten Sie Ihre mobile Duschkabine nach Ihren W\u00fcnschen und ber\u00fccksichtigen Sie dabei Farboptionen, Zusatzfunktionen und gew\u00fcnschte St\u00fcckzahlen. Wir bieten Ihnen sogar die M\u00f6glichkeit, die tempor\u00e4re Duschkabine in der von Ihnen gew\u00e4hlten Farbe herzustellen.<\/p>\n","protected":false},"featured_media":14422,"comment_status":"open","ping_status":"closed","template":"","meta":{"_acf_changed":false},"product_cat":[92],"product_tag":[],"class_list":{"0":"post-9867","1":"product","2":"type-product","3":"status-publish","4":"has-post-thumbnail","6":"product_cat-mobile-duschkabinen","8":"first","9":"instock","10":"shipping-taxable","11":"product-type-variable"},"acf":[],"yoast_head":"<!-- This site is optimized with the Yoast SEO plugin v23.6 - https:\/\/yoast.com\/wordpress\/plugins\/seo\/ -->\n<title>Mobile dusche for camping order outdoor kaufen? Toypek.eu<\/title>\n<meta name=\"description\" content=\"Unsere mobilen Duschen bestehen vollst\u00e4ndig aus HDPE (High-Density-Polyethylen), einschlie\u00dflich eines speziell hergestellten Bodens f\u00fcr unsere Toypek-Mobil-Duschkabine.\" \/>\n<meta name=\"robots\" content=\"noindex, follow, max-snippet:-1, max-image-preview:large, max-video-preview:-1\" \/>\n<meta property=\"og:locale\" content=\"de_DE\" \/>\n<meta property=\"og:type\" content=\"article\" \/>\n<meta property=\"og:title\" content=\"Mobile dusche for camping order outdoor kaufen? Toypek.eu\" \/>\n<meta property=\"og:description\" content=\"Unsere mobilen Duschen bestehen vollst\u00e4ndig aus HDPE (High-Density-Polyethylen), einschlie\u00dflich eines speziell hergestellten Bodens f\u00fcr unsere Toypek-Mobil-Duschkabine.\" \/>\n<meta property=\"og:url\" content=\"https:\/\/toypek.two.prikr.space\/de\/produkt\/toypek-mobile-camping-ourdoor-dusche-kaufen\/\" \/>\n<meta property=\"og:site_name\" content=\"Toypek\" \/>\n<meta property=\"article:modified_time\" content=\"2023-07-12T13:32:02+00:00\" \/>\n<meta property=\"og:image\" content=\"http:\/\/toypek.two.prikr.space\/wp-content\/uploads\/2023\/06\/tp-img-6-9.png\" \/>\n\t<meta property=\"og:image:width\" content=\"1000\" \/>\n\t<meta property=\"og:image:height\" content=\"1000\" \/>\n\t<meta property=\"og:image:type\" content=\"image\/png\" \/>\n<meta name=\"twitter:card\" content=\"summary_large_image\" \/>\n<meta name=\"twitter:label1\" content=\"Gesch\u00e4tzte Lesezeit\" \/>\n\t<meta name=\"twitter:data1\" content=\"2\u00a0Minuten\" \/>\n<script type=\"application\/ld+json\" class=\"yoast-schema-graph\">{\"@context\":\"https:\/\/schema.org\",\"@graph\":[{\"@type\":\"WebPage\",\"@id\":\"https:\/\/toypek.two.prikr.space\/de\/produkt\/toypek-mobile-camping-ourdoor-dusche-kaufen\/\",\"url\":\"https:\/\/toypek.two.prikr.space\/de\/produkt\/toypek-mobile-camping-ourdoor-dusche-kaufen\/\",\"name\":\"Mobile dusche for camping order outdoor kaufen? Toypek.eu\",\"isPartOf\":{\"@id\":\"https:\/\/toypek.two.prikr.space\/de\/#website\"},\"primaryImageOfPage\":{\"@id\":\"https:\/\/toypek.two.prikr.space\/de\/produkt\/toypek-mobile-camping-ourdoor-dusche-kaufen\/#primaryimage\"},\"image\":{\"@id\":\"https:\/\/toypek.two.prikr.space\/de\/produkt\/toypek-mobile-camping-ourdoor-dusche-kaufen\/#primaryimage\"},\"thumbnailUrl\":\"https:\/\/toypek.two.prikr.space\/wp-content\/uploads\/2023\/06\/tp-img-6-9.png\",\"datePublished\":\"2023-06-09T13:39:20+00:00\",\"dateModified\":\"2023-07-12T13:32:02+00:00\",\"description\":\"Unsere mobilen Duschen bestehen vollst\u00e4ndig aus HDPE (High-Density-Polyethylen), einschlie\u00dflich eines speziell hergestellten Bodens f\u00fcr unsere Toypek-Mobil-Duschkabine.\",\"breadcrumb\":{\"@id\":\"https:\/\/toypek.two.prikr.space\/de\/produkt\/toypek-mobile-camping-ourdoor-dusche-kaufen\/#breadcrumb\"},\"inLanguage\":\"de\",\"potentialAction\":[{\"@type\":\"ReadAction\",\"target\":[\"https:\/\/toypek.two.prikr.space\/de\/produkt\/toypek-mobile-camping-ourdoor-dusche-kaufen\/\"]}]},{\"@type\":\"ImageObject\",\"inLanguage\":\"de\",\"@id\":\"https:\/\/toypek.two.prikr.space\/de\/produkt\/toypek-mobile-camping-ourdoor-dusche-kaufen\/#primaryimage\",\"url\":\"https:\/\/toypek.two.prikr.space\/wp-content\/uploads\/2023\/06\/tp-img-6-9.png\",\"contentUrl\":\"https:\/\/toypek.two.prikr.space\/wp-content\/uploads\/2023\/06\/tp-img-6-9.png\",\"width\":1000,\"height\":1000},{\"@type\":\"BreadcrumbList\",\"@id\":\"https:\/\/toypek.two.prikr.space\/de\/produkt\/toypek-mobile-camping-ourdoor-dusche-kaufen\/#breadcrumb\",\"itemListElement\":[{\"@type\":\"ListItem\",\"position\":1,\"name\":\"Home\",\"item\":\"https:\/\/toypek.two.prikr.space\/de\/\"},{\"@type\":\"ListItem\",\"position\":2,\"name\":\"Produktauswahl\",\"item\":\"https:\/\/toypek.two.prikr.space\/de\/produktauswahl\/\"},{\"@type\":\"ListItem\",\"position\":3,\"name\":\"Toypek mobile dusche\"}]},{\"@type\":\"WebSite\",\"@id\":\"https:\/\/toypek.two.prikr.space\/de\/#website\",\"url\":\"https:\/\/toypek.two.prikr.space\/de\/\",\"name\":\"Toypek\",\"description\":\"\",\"potentialAction\":[{\"@type\":\"SearchAction\",\"target\":{\"@type\":\"EntryPoint\",\"urlTemplate\":\"https:\/\/toypek.two.prikr.space\/de\/?s={search_term_string}\"},\"query-input\":{\"@type\":\"PropertyValueSpecification\",\"valueRequired\":true,\"valueName\":\"search_term_string\"}}],\"inLanguage\":\"de\"}]}<\/script>\n<!-- \/ Yoast SEO plugin. -->","yoast_head_json":{"title":"Mobile dusche for camping order outdoor kaufen? Toypek.eu","description":"Unsere mobilen Duschen bestehen vollst\u00e4ndig aus HDPE (High-Density-Polyethylen), einschlie\u00dflich eines speziell hergestellten Bodens f\u00fcr unsere Toypek-Mobil-Duschkabine.","robots":{"index":"noindex","follow":"follow","max-snippet":"max-snippet:-1","max-image-preview":"max-image-preview:large","max-video-preview":"max-video-preview:-1"},"og_locale":"de_DE","og_type":"article","og_title":"Mobile dusche for camping order outdoor kaufen? Toypek.eu","og_description":"Unsere mobilen Duschen bestehen vollst\u00e4ndig aus HDPE (High-Density-Polyethylen), einschlie\u00dflich eines speziell hergestellten Bodens f\u00fcr unsere Toypek-Mobil-Duschkabine.","og_url":"https:\/\/toypek.two.prikr.space\/de\/produkt\/toypek-mobile-camping-ourdoor-dusche-kaufen\/","og_site_name":"Toypek","article_modified_time":"2023-07-12T13:32:02+00:00","og_image":[{"width":1000,"height":1000,"url":"http:\/\/toypek.two.prikr.space\/wp-content\/uploads\/2023\/06\/tp-img-6-9.png","type":"image\/png"}],"twitter_card":"summary_large_image","twitter_misc":{"Gesch\u00e4tzte Lesezeit":"2\u00a0Minuten"},"schema":{"@context":"https:\/\/schema.org","@graph":[{"@type":"WebPage","@id":"https:\/\/toypek.two.prikr.space\/de\/produkt\/toypek-mobile-camping-ourdoor-dusche-kaufen\/","url":"https:\/\/toypek.two.prikr.space\/de\/produkt\/toypek-mobile-camping-ourdoor-dusche-kaufen\/","name":"Mobile dusche for camping order outdoor kaufen? Toypek.eu","isPartOf":{"@id":"https:\/\/toypek.two.prikr.space\/de\/#website"},"primaryImageOfPage":{"@id":"https:\/\/toypek.two.prikr.space\/de\/produkt\/toypek-mobile-camping-ourdoor-dusche-kaufen\/#primaryimage"},"image":{"@id":"https:\/\/toypek.two.prikr.space\/de\/produkt\/toypek-mobile-camping-ourdoor-dusche-kaufen\/#primaryimage"},"thumbnailUrl":"https:\/\/toypek.two.prikr.space\/wp-content\/uploads\/2023\/06\/tp-img-6-9.png","datePublished":"2023-06-09T13:39:20+00:00","dateModified":"2023-07-12T13:32:02+00:00","description":"Unsere mobilen Duschen bestehen vollst\u00e4ndig aus HDPE (High-Density-Polyethylen), einschlie\u00dflich eines speziell hergestellten Bodens f\u00fcr unsere Toypek-Mobil-Duschkabine.","breadcrumb":{"@id":"https:\/\/toypek.two.prikr.space\/de\/produkt\/toypek-mobile-camping-ourdoor-dusche-kaufen\/#breadcrumb"},"inLanguage":"de","potentialAction":[{"@type":"ReadAction","target":["https:\/\/toypek.two.prikr.space\/de\/produkt\/toypek-mobile-camping-ourdoor-dusche-kaufen\/"]}]},{"@type":"ImageObject","inLanguage":"de","@id":"https:\/\/toypek.two.prikr.space\/de\/produkt\/toypek-mobile-camping-ourdoor-dusche-kaufen\/#primaryimage","url":"https:\/\/toypek.two.prikr.space\/wp-content\/uploads\/2023\/06\/tp-img-6-9.png","contentUrl":"https:\/\/toypek.two.prikr.space\/wp-content\/uploads\/2023\/06\/tp-img-6-9.png","width":1000,"height":1000},{"@type":"BreadcrumbList","@id":"https:\/\/toypek.two.prikr.space\/de\/produkt\/toypek-mobile-camping-ourdoor-dusche-kaufen\/#breadcrumb","itemListElement":[{"@type":"ListItem","position":1,"name":"Home","item":"https:\/\/toypek.two.prikr.space\/de\/"},{"@type":"ListItem","position":2,"name":"Produktauswahl","item":"https:\/\/toypek.two.prikr.space\/de\/produktauswahl\/"},{"@type":"ListItem","position":3,"name":"Toypek mobile dusche"}]},{"@type":"WebSite","@id":"https:\/\/toypek.two.prikr.space\/de\/#website","url":"https:\/\/toypek.two.prikr.space\/de\/","name":"Toypek","description":"","potentialAction":[{"@type":"SearchAction","target":{"@type":"EntryPoint","urlTemplate":"https:\/\/toypek.two.prikr.space\/de\/?s={search_term_string}"},"query-input":{"@type":"PropertyValueSpecification","valueRequired":true,"valueName":"search_term_string"}}],"inLanguage":"de"}]}},"_links":{"self":[{"href":"https:\/\/toypek.two.prikr.space\/de\/wp-json\/wp\/v2\/product\/9867","targetHints":{"allow":["GET"]}}],"collection":[{"href":"https:\/\/toypek.two.prikr.space\/de\/wp-json\/wp\/v2\/product"}],"about":[{"href":"https:\/\/toypek.two.prikr.space\/de\/wp-json\/wp\/v2\/types\/product"}],"replies":[{"embeddable":true,"href":"https:\/\/toypek.two.prikr.space\/de\/wp-json\/wp\/v2\/comments?post=9867"}],"wp:featuredmedia":[{"embeddable":true,"href":"https:\/\/toypek.two.prikr.space\/de\/wp-json\/wp\/v2\/media\/14422"}],"wp:attachment":[{"href":"https:\/\/toypek.two.prikr.space\/de\/wp-json\/wp\/v2\/media?parent=9867"}],"wp:term":[{"taxonomy":"product_cat","embeddable":true,"href":"https:\/\/toypek.two.prikr.space\/de\/wp-json\/wp\/v2\/product_cat?post=9867"},{"taxonomy":"product_tag","embeddable":true,"href":"https:\/\/toypek.two.prikr.space\/de\/wp-json\/wp\/v2\/product_tag?post=9867"}],"curies":[{"name":"wp","href":"https:\/\/api.w.org\/{rel}","templated":true}]}}