{"id":9227,"date":"2023-06-09T12:14:02","date_gmt":"2023-06-09T12:14:02","guid":{"rendered":"https:\/\/toypek.two.prikr.space\/product\/toypek-mobiel-toilet-2\/"},"modified":"2023-07-07T13:15:15","modified_gmt":"2023-07-07T13:15:15","slug":"toypek-toilettenkabine-wc-kaufen","status":"publish","type":"product","link":"https:\/\/toypek.two.prikr.space\/de\/produkt\/toypek-toilettenkabine-wc-kaufen\/","title":{"rendered":"Mobiel toilet Toypek 3000"},"content":{"rendered":"\n<p>Unsere mobilen Toiletten sind aus vandalismussicherem HDPE-Kunststoff (High Density Polyethylen) gefertigt, der Langlebigkeit und Farbbest&auml;ndigkeit gew&auml;hrleistet. Wenn Sie sich f&uuml;r unsere Toilettenkabinen entscheiden, profitieren Sie von geringen Wartungskosten und einer langlebigen L&ouml;sung. Diese Toilettenkabinen sind auf die Bed&uuml;rfnisse von Mietparteien und ihren Nutzern abgestimmt! F&uuml;r alle sanit&auml;ren Bed&uuml;rfnisse haben wir eine Porta-Toilette im Angebot, die den Anforderungen gerecht wird.<\/p>\n<p>Zu den Vorteilen unserer Toypek Mobiltoiletten geh&ouml;ren:<\/p>\n<ul>\n<li>Rigoroser Entwicklungsprozess, um Vandalismus zu widerstehen.<\/li>\n<li>Leicht zu reinigende Oberfl&auml;chen mit glatten und ebenen Seiten.<\/li>\n<li>Verbreiterte Griffe f&uuml;r mehr Komfort.<\/li>\n<li>Die T&uuml;ren sind mit 2 Stahlstiften zum Aufh&auml;ngen ausgestattet.<\/li>\n<li>Einkerbungen an der Unterseite f&uuml;r m&uuml;heloses Be- und Entladen.<\/li>\n<li>Lebendige Farbdichte von 7 von 8 Punkten, dank HDPE-Kunststoff.<\/li>\n<li>Starke T&uuml;rfedern f&uuml;r einen sicheren Verschluss.<\/li>\n<li>Kompaktes Design f&uuml;r kosteng&uuml;nstigen Transport.<\/li>\n<li>Werbefl&auml;chen an der T&uuml;r und 3 Platten f&uuml;r Marketingzwecke.<\/li>\n<li>Verl&auml;ngerte Sitzfl&auml;che f&uuml;r mehr Benutzerkomfort, Reduzierung der Reinigungszeit der chemischen Toilette durch Minimierung von Spritzern und Verbesserung der Zielgenauigkeit.<\/li>\n<\/ul>\n\n","protected":false},"excerpt":{"rendered":"<p>Passen Sie Ihre mobile Toilette an Ihre W\u00fcnsche an. Unsere Chemietoiletteneinheiten k\u00f6nnen vollst\u00e4ndig an Ihre spezifischen Anforderungen angepasst werden. Ber\u00fccksichtigen Sie beim Kauf einer Mobiltoilette den Verwendungszweck, die Farboptionen, die zus\u00e4tzlichen Funktionen und die ben\u00f6tigten Mengen. Wir bieten sogar die M\u00f6glichkeit, die Toiletteneinheiten in der von Ihnen gew\u00fcnschten Farbe herzustellen.<\/p>\n","protected":false},"featured_media":14357,"comment_status":"open","ping_status":"closed","template":"","meta":{"_acf_changed":false},"product_cat":[93],"product_tag":[],"class_list":{"0":"post-9227","1":"product","2":"type-product","3":"status-publish","4":"has-post-thumbnail","6":"product_cat-mobile-toiletten","8":"first","9":"instock","10":"shipping-taxable","11":"product-type-variable"},"acf":[],"yoast_head":"<!-- This site is optimized with the Yoast SEO plugin v23.6 - https:\/\/yoast.com\/wordpress\/plugins\/seo\/ -->\n<title>Mobile WC kaufen? Unser toilettenkabine Toypek!<\/title>\n<meta name=\"description\" content=\"Onze mobiele toiletten zijn geheel \u2018\u2019hufterproef\u2019\u2019 gefabriceerd en gebruik gemaakt van HDPE (high density poly ethyleen) kunststof.Unsere mobilen Toiletten werden aus vandalensicherem HDPE (High-Density-Polyethylen) Kunststoff hergestellt, um Langlebigkeit und lebendige Farberhaltung zu gew\u00e4hrleisten.\" \/>\n<meta name=\"robots\" content=\"noindex, follow, max-snippet:-1, max-image-preview:large, max-video-preview:-1\" \/>\n<meta property=\"og:locale\" content=\"de_DE\" \/>\n<meta property=\"og:type\" content=\"article\" \/>\n<meta property=\"og:title\" content=\"Mobile WC kaufen? Unser toilettenkabine Toypek!\" \/>\n<meta property=\"og:description\" content=\"Onze mobiele toiletten zijn geheel \u2018\u2019hufterproef\u2019\u2019 gefabriceerd en gebruik gemaakt van HDPE (high density poly ethyleen) kunststof.Unsere mobilen Toiletten werden aus vandalensicherem HDPE (High-Density-Polyethylen) Kunststoff hergestellt, um Langlebigkeit und lebendige Farberhaltung zu gew\u00e4hrleisten.\" \/>\n<meta property=\"og:url\" content=\"https:\/\/toypek.two.prikr.space\/de\/produkt\/toypek-toilettenkabine-wc-kaufen\/\" \/>\n<meta property=\"og:site_name\" content=\"Toypek\" \/>\n<meta property=\"article:modified_time\" content=\"2023-07-07T13:15:15+00:00\" \/>\n<meta property=\"og:image\" content=\"https:\/\/toypek.two.prikr.space\/wp-content\/uploads\/2023\/06\/tp-img-01-52.png\" \/>\n\t<meta property=\"og:image:width\" content=\"1000\" \/>\n\t<meta property=\"og:image:height\" content=\"1000\" \/>\n\t<meta property=\"og:image:type\" content=\"image\/png\" \/>\n<meta name=\"twitter:card\" content=\"summary_large_image\" \/>\n<meta name=\"twitter:label1\" content=\"Gesch\u00e4tzte Lesezeit\" \/>\n\t<meta name=\"twitter:data1\" content=\"1\u00a0Minute\" \/>\n<script type=\"application\/ld+json\" class=\"yoast-schema-graph\">{\"@context\":\"https:\/\/schema.org\",\"@graph\":[{\"@type\":\"WebPage\",\"@id\":\"https:\/\/toypek.two.prikr.space\/de\/produkt\/toypek-toilettenkabine-wc-kaufen\/\",\"url\":\"https:\/\/toypek.two.prikr.space\/de\/produkt\/toypek-toilettenkabine-wc-kaufen\/\",\"name\":\"Mobile WC kaufen? Unser toilettenkabine Toypek!\",\"isPartOf\":{\"@id\":\"https:\/\/toypek.two.prikr.space\/de\/#website\"},\"primaryImageOfPage\":{\"@id\":\"https:\/\/toypek.two.prikr.space\/de\/produkt\/toypek-toilettenkabine-wc-kaufen\/#primaryimage\"},\"image\":{\"@id\":\"https:\/\/toypek.two.prikr.space\/de\/produkt\/toypek-toilettenkabine-wc-kaufen\/#primaryimage\"},\"thumbnailUrl\":\"https:\/\/toypek.two.prikr.space\/wp-content\/uploads\/2023\/06\/tp-img-01-52.png\",\"datePublished\":\"2023-06-09T12:14:02+00:00\",\"dateModified\":\"2023-07-07T13:15:15+00:00\",\"description\":\"Onze mobiele toiletten zijn geheel \u2018\u2019hufterproef\u2019\u2019 gefabriceerd en gebruik gemaakt van HDPE (high density poly ethyleen) kunststof.Unsere mobilen Toiletten werden aus vandalensicherem HDPE (High-Density-Polyethylen) Kunststoff hergestellt, um Langlebigkeit und lebendige Farberhaltung zu gew\u00e4hrleisten.\",\"breadcrumb\":{\"@id\":\"https:\/\/toypek.two.prikr.space\/de\/produkt\/toypek-toilettenkabine-wc-kaufen\/#breadcrumb\"},\"inLanguage\":\"de\",\"potentialAction\":[{\"@type\":\"ReadAction\",\"target\":[\"https:\/\/toypek.two.prikr.space\/de\/produkt\/toypek-toilettenkabine-wc-kaufen\/\"]}]},{\"@type\":\"ImageObject\",\"inLanguage\":\"de\",\"@id\":\"https:\/\/toypek.two.prikr.space\/de\/produkt\/toypek-toilettenkabine-wc-kaufen\/#primaryimage\",\"url\":\"https:\/\/toypek.two.prikr.space\/wp-content\/uploads\/2023\/06\/tp-img-01-52.png\",\"contentUrl\":\"https:\/\/toypek.two.prikr.space\/wp-content\/uploads\/2023\/06\/tp-img-01-52.png\",\"width\":1000,\"height\":1000},{\"@type\":\"BreadcrumbList\",\"@id\":\"https:\/\/toypek.two.prikr.space\/de\/produkt\/toypek-toilettenkabine-wc-kaufen\/#breadcrumb\",\"itemListElement\":[{\"@type\":\"ListItem\",\"position\":1,\"name\":\"Home\",\"item\":\"https:\/\/toypek.two.prikr.space\/de\/\"},{\"@type\":\"ListItem\",\"position\":2,\"name\":\"Produktauswahl\",\"item\":\"https:\/\/toypek.two.prikr.space\/de\/produktauswahl\/\"},{\"@type\":\"ListItem\",\"position\":3,\"name\":\"Mobiel toilet Toypek 3000\"}]},{\"@type\":\"WebSite\",\"@id\":\"https:\/\/toypek.two.prikr.space\/de\/#website\",\"url\":\"https:\/\/toypek.two.prikr.space\/de\/\",\"name\":\"Toypek\",\"description\":\"\",\"potentialAction\":[{\"@type\":\"SearchAction\",\"target\":{\"@type\":\"EntryPoint\",\"urlTemplate\":\"https:\/\/toypek.two.prikr.space\/de\/?s={search_term_string}\"},\"query-input\":{\"@type\":\"PropertyValueSpecification\",\"valueRequired\":true,\"valueName\":\"search_term_string\"}}],\"inLanguage\":\"de\"}]}<\/script>\n<!-- \/ Yoast SEO plugin. -->","yoast_head_json":{"title":"Mobile WC kaufen? Unser toilettenkabine Toypek!","description":"Onze mobiele toiletten zijn geheel \u2018\u2019hufterproef\u2019\u2019 gefabriceerd en gebruik gemaakt van HDPE (high density poly ethyleen) kunststof.Unsere mobilen Toiletten werden aus vandalensicherem HDPE (High-Density-Polyethylen) Kunststoff hergestellt, um Langlebigkeit und lebendige Farberhaltung zu gew\u00e4hrleisten.","robots":{"index":"noindex","follow":"follow","max-snippet":"max-snippet:-1","max-image-preview":"max-image-preview:large","max-video-preview":"max-video-preview:-1"},"og_locale":"de_DE","og_type":"article","og_title":"Mobile WC kaufen? Unser toilettenkabine Toypek!","og_description":"Onze mobiele toiletten zijn geheel \u2018\u2019hufterproef\u2019\u2019 gefabriceerd en gebruik gemaakt van HDPE (high density poly ethyleen) kunststof.Unsere mobilen Toiletten werden aus vandalensicherem HDPE (High-Density-Polyethylen) Kunststoff hergestellt, um Langlebigkeit und lebendige Farberhaltung zu gew\u00e4hrleisten.","og_url":"https:\/\/toypek.two.prikr.space\/de\/produkt\/toypek-toilettenkabine-wc-kaufen\/","og_site_name":"Toypek","article_modified_time":"2023-07-07T13:15:15+00:00","og_image":[{"width":1000,"height":1000,"url":"https:\/\/toypek.two.prikr.space\/wp-content\/uploads\/2023\/06\/tp-img-01-52.png","type":"image\/png"}],"twitter_card":"summary_large_image","twitter_misc":{"Gesch\u00e4tzte Lesezeit":"1\u00a0Minute"},"schema":{"@context":"https:\/\/schema.org","@graph":[{"@type":"WebPage","@id":"https:\/\/toypek.two.prikr.space\/de\/produkt\/toypek-toilettenkabine-wc-kaufen\/","url":"https:\/\/toypek.two.prikr.space\/de\/produkt\/toypek-toilettenkabine-wc-kaufen\/","name":"Mobile WC kaufen? Unser toilettenkabine Toypek!","isPartOf":{"@id":"https:\/\/toypek.two.prikr.space\/de\/#website"},"primaryImageOfPage":{"@id":"https:\/\/toypek.two.prikr.space\/de\/produkt\/toypek-toilettenkabine-wc-kaufen\/#primaryimage"},"image":{"@id":"https:\/\/toypek.two.prikr.space\/de\/produkt\/toypek-toilettenkabine-wc-kaufen\/#primaryimage"},"thumbnailUrl":"https:\/\/toypek.two.prikr.space\/wp-content\/uploads\/2023\/06\/tp-img-01-52.png","datePublished":"2023-06-09T12:14:02+00:00","dateModified":"2023-07-07T13:15:15+00:00","description":"Onze mobiele toiletten zijn geheel \u2018\u2019hufterproef\u2019\u2019 gefabriceerd en gebruik gemaakt van HDPE (high density poly ethyleen) kunststof.Unsere mobilen Toiletten werden aus vandalensicherem HDPE (High-Density-Polyethylen) Kunststoff hergestellt, um Langlebigkeit und lebendige Farberhaltung zu gew\u00e4hrleisten.","breadcrumb":{"@id":"https:\/\/toypek.two.prikr.space\/de\/produkt\/toypek-toilettenkabine-wc-kaufen\/#breadcrumb"},"inLanguage":"de","potentialAction":[{"@type":"ReadAction","target":["https:\/\/toypek.two.prikr.space\/de\/produkt\/toypek-toilettenkabine-wc-kaufen\/"]}]},{"@type":"ImageObject","inLanguage":"de","@id":"https:\/\/toypek.two.prikr.space\/de\/produkt\/toypek-toilettenkabine-wc-kaufen\/#primaryimage","url":"https:\/\/toypek.two.prikr.space\/wp-content\/uploads\/2023\/06\/tp-img-01-52.png","contentUrl":"https:\/\/toypek.two.prikr.space\/wp-content\/uploads\/2023\/06\/tp-img-01-52.png","width":1000,"height":1000},{"@type":"BreadcrumbList","@id":"https:\/\/toypek.two.prikr.space\/de\/produkt\/toypek-toilettenkabine-wc-kaufen\/#breadcrumb","itemListElement":[{"@type":"ListItem","position":1,"name":"Home","item":"https:\/\/toypek.two.prikr.space\/de\/"},{"@type":"ListItem","position":2,"name":"Produktauswahl","item":"https:\/\/toypek.two.prikr.space\/de\/produktauswahl\/"},{"@type":"ListItem","position":3,"name":"Mobiel toilet Toypek 3000"}]},{"@type":"WebSite","@id":"https:\/\/toypek.two.prikr.space\/de\/#website","url":"https:\/\/toypek.two.prikr.space\/de\/","name":"Toypek","description":"","potentialAction":[{"@type":"SearchAction","target":{"@type":"EntryPoint","urlTemplate":"https:\/\/toypek.two.prikr.space\/de\/?s={search_term_string}"},"query-input":{"@type":"PropertyValueSpecification","valueRequired":true,"valueName":"search_term_string"}}],"inLanguage":"de"}]}},"_links":{"self":[{"href":"https:\/\/toypek.two.prikr.space\/de\/wp-json\/wp\/v2\/product\/9227","targetHints":{"allow":["GET"]}}],"collection":[{"href":"https:\/\/toypek.two.prikr.space\/de\/wp-json\/wp\/v2\/product"}],"about":[{"href":"https:\/\/toypek.two.prikr.space\/de\/wp-json\/wp\/v2\/types\/product"}],"replies":[{"embeddable":true,"href":"https:\/\/toypek.two.prikr.space\/de\/wp-json\/wp\/v2\/comments?post=9227"}],"wp:featuredmedia":[{"embeddable":true,"href":"https:\/\/toypek.two.prikr.space\/de\/wp-json\/wp\/v2\/media\/14357"}],"wp:attachment":[{"href":"https:\/\/toypek.two.prikr.space\/de\/wp-json\/wp\/v2\/media?parent=9227"}],"wp:term":[{"taxonomy":"product_cat","embeddable":true,"href":"https:\/\/toypek.two.prikr.space\/de\/wp-json\/wp\/v2\/product_cat?post=9227"},{"taxonomy":"product_tag","embeddable":true,"href":"https:\/\/toypek.two.prikr.space\/de\/wp-json\/wp\/v2\/product_tag?post=9227"}],"curies":[{"name":"wp","href":"https:\/\/api.w.org\/{rel}","templated":true}]}}