{"id":12500,"date":"2023-06-09T13:00:57","date_gmt":"2023-06-09T13:00:57","guid":{"rendered":"https:\/\/toypek.two.prikr.space\/product\/dubbele-toiletaanhanger-2\/"},"modified":"2023-07-07T13:53:05","modified_gmt":"2023-07-07T13:53:05","slug":"doppelt-mobile-toilette-anhaenger","status":"publish","type":"product","link":"https:\/\/toypek.two.prikr.space\/de\/produkt\/doppelt-mobile-toilette-anhaenger\/","title":{"rendered":"Doppeltoilettenanh\u00e4nger Typ 2"},"content":{"rendered":"\n<p>Unser Doppel-mobile Toilette Anh&auml;nger ist aus hochwertigen Materialien gefertigt und entspricht den Pr&uuml;fnormen f&uuml;r ganz Europa. Er verf&uuml;gt &uuml;ber zwei Stufen und vier stabilisierende Beine f&uuml;r eine verbesserte Stabilit&auml;t. Die Toilettenkabinen wurden speziell f&uuml;r unsere Toypek-Kabine entwickelt und werden mit vier Aluminiumplatten und Schrauben M10 x 80 mit Sicherungsmuttern sicher am Doppeltoilettenanh&auml;nger befestigt. Der Doppeltoilettenanh&auml;nger ist leicht zu warten, f&uuml;r verschiedene Gel&auml;nde geeignet und erfordert nur minimale Wartung.<\/p>\n<p>Die Toiletten-Anh&auml;nger sind ausgestattet mit:<\/p>\n<ul>\n<li>Hintere Trittstufen (2x) &uuml;ber die gesamte Breite des Anh&auml;ngers und eine seitliche Trittstufe;<\/li>\n<li>Vorderes St&uuml;tzrad;<\/li>\n<li>Zwei vordere verschiebbare St&uuml;tzbeine;<\/li>\n<li>Zwei verschiebbare St&uuml;tzbeine hinten;<\/li>\n<li>Montierte Nummernschildklammern;<\/li>\n<li>Zwei Aluminiumplatten f&uuml;r die Montage der Toilettenkabine.<\/li>\n<\/ul>\n\n","protected":false},"excerpt":{"rendered":"<p>Stellen Sie sich Ihren eigenen Doppel-Toilettenanh\u00e4nger nach Ihren W\u00fcnschen zusammen. Wir haben passende mobile Toilette Anh\u00e4nger zu verkaufen, um eine bequeme und tragbare L\u00f6sung f\u00fcr alle sanit\u00e4ren Bed\u00fcrfnisse bieten. Unsere Toilettenanh\u00e4nger k\u00f6nnen vollst\u00e4ndig an Ihre speziellen Bed\u00fcrfnisse angepasst werden. Bei der Vermietung von mobilen Sanit\u00e4reinheiten ist es wichtig, den Verwendungszweck zu ber\u00fccksichtigen und die gew\u00fcnschten Zusatzoptionen, Farben und Mengen zu w\u00e4hlen. Au\u00dferdem sind unsere Toilettenanh\u00e4nger so konzipiert, dass sie den Vermietern von mobilen Toilettenanh\u00e4ngern beim Transport helfen!<\/p>\n","protected":false},"featured_media":12238,"comment_status":"open","ping_status":"closed","template":"","meta":{"_acf_changed":false},"product_cat":[70],"product_tag":[],"class_list":{"0":"post-12500","1":"product","2":"type-product","3":"status-publish","4":"has-post-thumbnail","6":"product_cat-toilettenwagen","8":"first","9":"instock","10":"shipping-taxable","11":"product-type-variable"},"acf":[],"yoast_head":"<!-- This site is optimized with the Yoast SEO plugin v23.6 - https:\/\/yoast.com\/wordpress\/plugins\/seo\/ -->\n<title>Produkt - Sehen Sie sich hier unseren doppelten Toilettenanh\u00e4nger<\/title>\n<meta name=\"description\" content=\"Unser Doppeltoilettenanh\u00e4nger wird aus hochwertigen Materialien hergestellt und entspricht den Inspektionsstandards f\u00fcr ganz Europa.\" \/>\n<meta name=\"robots\" content=\"noindex, follow, max-snippet:-1, max-image-preview:large, max-video-preview:-1\" \/>\n<meta property=\"og:locale\" content=\"de_DE\" \/>\n<meta property=\"og:type\" content=\"article\" \/>\n<meta property=\"og:title\" content=\"Produkt - Sehen Sie sich hier unseren doppelten Toilettenanh\u00e4nger\" \/>\n<meta property=\"og:description\" content=\"Unser Doppeltoilettenanh\u00e4nger wird aus hochwertigen Materialien hergestellt und entspricht den Inspektionsstandards f\u00fcr ganz Europa.\" \/>\n<meta property=\"og:url\" content=\"https:\/\/toypek.two.prikr.space\/de\/produkt\/doppelt-mobile-toilette-anhaenger\/\" \/>\n<meta property=\"og:site_name\" content=\"Toypek\" \/>\n<meta property=\"article:modified_time\" content=\"2023-07-07T13:53:05+00:00\" \/>\n<meta property=\"og:image\" content=\"http:\/\/toypek.two.prikr.space\/wp-content\/uploads\/2023\/06\/tp-img-204.png\" \/>\n\t<meta property=\"og:image:width\" content=\"1000\" \/>\n\t<meta property=\"og:image:height\" content=\"1000\" \/>\n\t<meta property=\"og:image:type\" content=\"image\/png\" \/>\n<meta name=\"twitter:card\" content=\"summary_large_image\" \/>\n<meta name=\"twitter:label1\" content=\"Gesch\u00e4tzte Lesezeit\" \/>\n\t<meta name=\"twitter:data1\" content=\"1\u00a0Minute\" \/>\n<script type=\"application\/ld+json\" class=\"yoast-schema-graph\">{\"@context\":\"https:\/\/schema.org\",\"@graph\":[{\"@type\":\"WebPage\",\"@id\":\"https:\/\/toypek.two.prikr.space\/de\/produkt\/doppelt-mobile-toilette-anhaenger\/\",\"url\":\"https:\/\/toypek.two.prikr.space\/de\/produkt\/doppelt-mobile-toilette-anhaenger\/\",\"name\":\"Produkt - Sehen Sie sich hier unseren doppelten Toilettenanh\u00e4nger\",\"isPartOf\":{\"@id\":\"https:\/\/toypek.two.prikr.space\/de\/#website\"},\"primaryImageOfPage\":{\"@id\":\"https:\/\/toypek.two.prikr.space\/de\/produkt\/doppelt-mobile-toilette-anhaenger\/#primaryimage\"},\"image\":{\"@id\":\"https:\/\/toypek.two.prikr.space\/de\/produkt\/doppelt-mobile-toilette-anhaenger\/#primaryimage\"},\"thumbnailUrl\":\"https:\/\/toypek.two.prikr.space\/wp-content\/uploads\/2023\/06\/tp-img-204.png\",\"datePublished\":\"2023-06-09T13:00:57+00:00\",\"dateModified\":\"2023-07-07T13:53:05+00:00\",\"description\":\"Unser Doppeltoilettenanh\u00e4nger wird aus hochwertigen Materialien hergestellt und entspricht den Inspektionsstandards f\u00fcr ganz Europa.\",\"breadcrumb\":{\"@id\":\"https:\/\/toypek.two.prikr.space\/de\/produkt\/doppelt-mobile-toilette-anhaenger\/#breadcrumb\"},\"inLanguage\":\"de\",\"potentialAction\":[{\"@type\":\"ReadAction\",\"target\":[\"https:\/\/toypek.two.prikr.space\/de\/produkt\/doppelt-mobile-toilette-anhaenger\/\"]}]},{\"@type\":\"ImageObject\",\"inLanguage\":\"de\",\"@id\":\"https:\/\/toypek.two.prikr.space\/de\/produkt\/doppelt-mobile-toilette-anhaenger\/#primaryimage\",\"url\":\"https:\/\/toypek.two.prikr.space\/wp-content\/uploads\/2023\/06\/tp-img-204.png\",\"contentUrl\":\"https:\/\/toypek.two.prikr.space\/wp-content\/uploads\/2023\/06\/tp-img-204.png\",\"width\":1000,\"height\":1000},{\"@type\":\"BreadcrumbList\",\"@id\":\"https:\/\/toypek.two.prikr.space\/de\/produkt\/doppelt-mobile-toilette-anhaenger\/#breadcrumb\",\"itemListElement\":[{\"@type\":\"ListItem\",\"position\":1,\"name\":\"Home\",\"item\":\"https:\/\/toypek.two.prikr.space\/de\/\"},{\"@type\":\"ListItem\",\"position\":2,\"name\":\"Produktauswahl\",\"item\":\"https:\/\/toypek.two.prikr.space\/de\/produktauswahl\/\"},{\"@type\":\"ListItem\",\"position\":3,\"name\":\"Doppeltoilettenanh\u00e4nger Typ 2\"}]},{\"@type\":\"WebSite\",\"@id\":\"https:\/\/toypek.two.prikr.space\/de\/#website\",\"url\":\"https:\/\/toypek.two.prikr.space\/de\/\",\"name\":\"Toypek\",\"description\":\"\",\"potentialAction\":[{\"@type\":\"SearchAction\",\"target\":{\"@type\":\"EntryPoint\",\"urlTemplate\":\"https:\/\/toypek.two.prikr.space\/de\/?s={search_term_string}\"},\"query-input\":{\"@type\":\"PropertyValueSpecification\",\"valueRequired\":true,\"valueName\":\"search_term_string\"}}],\"inLanguage\":\"de\"}]}<\/script>\n<!-- \/ Yoast SEO plugin. -->","yoast_head_json":{"title":"Produkt - Sehen Sie sich hier unseren doppelten Toilettenanh\u00e4nger","description":"Unser Doppeltoilettenanh\u00e4nger wird aus hochwertigen Materialien hergestellt und entspricht den Inspektionsstandards f\u00fcr ganz Europa.","robots":{"index":"noindex","follow":"follow","max-snippet":"max-snippet:-1","max-image-preview":"max-image-preview:large","max-video-preview":"max-video-preview:-1"},"og_locale":"de_DE","og_type":"article","og_title":"Produkt - Sehen Sie sich hier unseren doppelten Toilettenanh\u00e4nger","og_description":"Unser Doppeltoilettenanh\u00e4nger wird aus hochwertigen Materialien hergestellt und entspricht den Inspektionsstandards f\u00fcr ganz Europa.","og_url":"https:\/\/toypek.two.prikr.space\/de\/produkt\/doppelt-mobile-toilette-anhaenger\/","og_site_name":"Toypek","article_modified_time":"2023-07-07T13:53:05+00:00","og_image":[{"width":1000,"height":1000,"url":"http:\/\/toypek.two.prikr.space\/wp-content\/uploads\/2023\/06\/tp-img-204.png","type":"image\/png"}],"twitter_card":"summary_large_image","twitter_misc":{"Gesch\u00e4tzte Lesezeit":"1\u00a0Minute"},"schema":{"@context":"https:\/\/schema.org","@graph":[{"@type":"WebPage","@id":"https:\/\/toypek.two.prikr.space\/de\/produkt\/doppelt-mobile-toilette-anhaenger\/","url":"https:\/\/toypek.two.prikr.space\/de\/produkt\/doppelt-mobile-toilette-anhaenger\/","name":"Produkt - Sehen Sie sich hier unseren doppelten Toilettenanh\u00e4nger","isPartOf":{"@id":"https:\/\/toypek.two.prikr.space\/de\/#website"},"primaryImageOfPage":{"@id":"https:\/\/toypek.two.prikr.space\/de\/produkt\/doppelt-mobile-toilette-anhaenger\/#primaryimage"},"image":{"@id":"https:\/\/toypek.two.prikr.space\/de\/produkt\/doppelt-mobile-toilette-anhaenger\/#primaryimage"},"thumbnailUrl":"https:\/\/toypek.two.prikr.space\/wp-content\/uploads\/2023\/06\/tp-img-204.png","datePublished":"2023-06-09T13:00:57+00:00","dateModified":"2023-07-07T13:53:05+00:00","description":"Unser Doppeltoilettenanh\u00e4nger wird aus hochwertigen Materialien hergestellt und entspricht den Inspektionsstandards f\u00fcr ganz Europa.","breadcrumb":{"@id":"https:\/\/toypek.two.prikr.space\/de\/produkt\/doppelt-mobile-toilette-anhaenger\/#breadcrumb"},"inLanguage":"de","potentialAction":[{"@type":"ReadAction","target":["https:\/\/toypek.two.prikr.space\/de\/produkt\/doppelt-mobile-toilette-anhaenger\/"]}]},{"@type":"ImageObject","inLanguage":"de","@id":"https:\/\/toypek.two.prikr.space\/de\/produkt\/doppelt-mobile-toilette-anhaenger\/#primaryimage","url":"https:\/\/toypek.two.prikr.space\/wp-content\/uploads\/2023\/06\/tp-img-204.png","contentUrl":"https:\/\/toypek.two.prikr.space\/wp-content\/uploads\/2023\/06\/tp-img-204.png","width":1000,"height":1000},{"@type":"BreadcrumbList","@id":"https:\/\/toypek.two.prikr.space\/de\/produkt\/doppelt-mobile-toilette-anhaenger\/#breadcrumb","itemListElement":[{"@type":"ListItem","position":1,"name":"Home","item":"https:\/\/toypek.two.prikr.space\/de\/"},{"@type":"ListItem","position":2,"name":"Produktauswahl","item":"https:\/\/toypek.two.prikr.space\/de\/produktauswahl\/"},{"@type":"ListItem","position":3,"name":"Doppeltoilettenanh\u00e4nger Typ 2"}]},{"@type":"WebSite","@id":"https:\/\/toypek.two.prikr.space\/de\/#website","url":"https:\/\/toypek.two.prikr.space\/de\/","name":"Toypek","description":"","potentialAction":[{"@type":"SearchAction","target":{"@type":"EntryPoint","urlTemplate":"https:\/\/toypek.two.prikr.space\/de\/?s={search_term_string}"},"query-input":{"@type":"PropertyValueSpecification","valueRequired":true,"valueName":"search_term_string"}}],"inLanguage":"de"}]}},"_links":{"self":[{"href":"https:\/\/toypek.two.prikr.space\/de\/wp-json\/wp\/v2\/product\/12500","targetHints":{"allow":["GET"]}}],"collection":[{"href":"https:\/\/toypek.two.prikr.space\/de\/wp-json\/wp\/v2\/product"}],"about":[{"href":"https:\/\/toypek.two.prikr.space\/de\/wp-json\/wp\/v2\/types\/product"}],"replies":[{"embeddable":true,"href":"https:\/\/toypek.two.prikr.space\/de\/wp-json\/wp\/v2\/comments?post=12500"}],"wp:featuredmedia":[{"embeddable":true,"href":"https:\/\/toypek.two.prikr.space\/de\/wp-json\/wp\/v2\/media\/12238"}],"wp:attachment":[{"href":"https:\/\/toypek.two.prikr.space\/de\/wp-json\/wp\/v2\/media?parent=12500"}],"wp:term":[{"taxonomy":"product_cat","embeddable":true,"href":"https:\/\/toypek.two.prikr.space\/de\/wp-json\/wp\/v2\/product_cat?post=12500"},{"taxonomy":"product_tag","embeddable":true,"href":"https:\/\/toypek.two.prikr.space\/de\/wp-json\/wp\/v2\/product_tag?post=12500"}],"curies":[{"name":"wp","href":"https:\/\/api.w.org\/{rel}","templated":true}]}}