{"id":11839,"date":"2023-06-09T13:09:41","date_gmt":"2023-06-09T13:09:41","guid":{"rendered":"https:\/\/toypek.two.prikr.space\/product\/single-toiletaanhanger-2\/"},"modified":"2023-07-07T13:49:43","modified_gmt":"2023-07-07T13:49:43","slug":"toilettenwagen-mobile-wc-kaufen","status":"publish","type":"product","link":"https:\/\/toypek.two.prikr.space\/de\/produkt\/toilettenwagen-mobile-wc-kaufen\/","title":{"rendered":"Einzel-WC-Anh\u00e4nger Typ 1"},"content":{"rendered":"\n<p>Der Einzel-Toilettenanh&auml;nger Typ 1 ist aus hochwertigen Materialien gefertigt. Er verf&uuml;gt &uuml;ber eine COC-Zertifizierung, die seine Verwendung in ganz Europa erm&ouml;glicht. Der Einzel-Toilettenanh&auml;nger Typ 1 verf&uuml;gt &uuml;ber 2 oder 3 Standbeine und eine leicht zu reinigende Gitterstufenleiter. Die mobilen Toilettenanh&auml;nger wurden speziell f&uuml;r die Aufnahme unserer Toypek-Kabinen entwickelt. Die Kabinen werden mit Hilfe von Eckleinen, Aluminiumplatten, Schrauben und Kontermuttern sicher am Toilettenanh&auml;nger Typ 1 befestigt. Der Anh&auml;nger ist mit &Ouml;sen ausgestattet, an denen die Kabinen mit Spanngurten befestigt werden k&ouml;nnen, damit sie fest sitzen. Unsere Toilettenanh&auml;nger sind leicht zu reinigen, erfordern nur minimale Wartung und k&ouml;nnen auf jedem Gel&auml;nde eingesetzt werden!<\/p>\n\n","protected":false},"excerpt":{"rendered":"<p>Stellen Sie sich Ihren eigenen Toilettenanh\u00e4nger nach Ihren W\u00fcnschen zusammen. Unsere Toilettenanh\u00e4nger k\u00f6nnen vollst\u00e4ndig an Ihre speziellen Bed\u00fcrfnisse angepasst werden. Bei der Vermietung von mobilen Sanit\u00e4rprodukten ist es wichtig, den Verwendungszweck, die gew\u00fcnschten Zusatzoptionen, die Farbe und die Menge zu ber\u00fccksichtigen. Wenn Sie einen Toilettenwagen kaufen, sowie einen Duschwagen kaufen m\u00f6chten, welche bequeme und hygienische L\u00f6sungen f\u00fcr Ihren Sanit\u00e4rbedarf bieten. Unsere Toilettenanh\u00e4nger k\u00f6nnen auch Vermietungsunternehmen bei ihren Transportaktivit\u00e4ten unterst\u00fctzen!<\/p>\n","protected":false},"featured_media":11237,"comment_status":"open","ping_status":"closed","template":"","meta":{"_acf_changed":false},"product_cat":[70],"product_tag":[],"class_list":{"0":"post-11839","1":"product","2":"type-product","3":"status-publish","4":"has-post-thumbnail","6":"product_cat-toilettenwagen","8":"first","9":"instock","10":"shipping-taxable","11":"product-type-variable"},"acf":[],"yoast_head":"<!-- This site is optimized with the Yoast SEO plugin v23.6 - https:\/\/yoast.com\/wordpress\/plugins\/seo\/ -->\n<title>Produkt - Sehen Sie sich hier unseren einzelnen Toilettenanh\u00e4nger<\/title>\n<meta name=\"description\" content=\"Der Einzeltoilettenanh\u00e4nger vom Typ 1 wird aus hochwertigen Materialien hergestellt. Er wird mit einer COC-Erkl\u00e4rung geliefert, die seine Verwendung in ganz Europa erm\u00f6glicht.\" \/>\n<meta name=\"robots\" content=\"noindex, follow, max-snippet:-1, max-image-preview:large, max-video-preview:-1\" \/>\n<meta property=\"og:locale\" content=\"de_DE\" \/>\n<meta property=\"og:type\" content=\"article\" \/>\n<meta property=\"og:title\" content=\"Produkt - Sehen Sie sich hier unseren einzelnen Toilettenanh\u00e4nger\" \/>\n<meta property=\"og:description\" content=\"Der Einzeltoilettenanh\u00e4nger vom Typ 1 wird aus hochwertigen Materialien hergestellt. Er wird mit einer COC-Erkl\u00e4rung geliefert, die seine Verwendung in ganz Europa erm\u00f6glicht.\" \/>\n<meta property=\"og:url\" content=\"https:\/\/toypek.two.prikr.space\/de\/produkt\/toilettenwagen-mobile-wc-kaufen\/\" \/>\n<meta property=\"og:site_name\" content=\"Toypek\" \/>\n<meta property=\"article:modified_time\" content=\"2023-07-07T13:49:43+00:00\" \/>\n<meta property=\"og:image\" content=\"http:\/\/toypek.two.prikr.space\/wp-content\/uploads\/2023\/06\/tp-img-216.png\" \/>\n\t<meta property=\"og:image:width\" content=\"1000\" \/>\n\t<meta property=\"og:image:height\" content=\"1000\" \/>\n\t<meta property=\"og:image:type\" content=\"image\/png\" \/>\n<meta name=\"twitter:card\" content=\"summary_large_image\" \/>\n<meta name=\"twitter:label1\" content=\"Gesch\u00e4tzte Lesezeit\" \/>\n\t<meta name=\"twitter:data1\" content=\"1\u00a0Minute\" \/>\n<script type=\"application\/ld+json\" class=\"yoast-schema-graph\">{\"@context\":\"https:\/\/schema.org\",\"@graph\":[{\"@type\":\"WebPage\",\"@id\":\"https:\/\/toypek.two.prikr.space\/de\/produkt\/toilettenwagen-mobile-wc-kaufen\/\",\"url\":\"https:\/\/toypek.two.prikr.space\/de\/produkt\/toilettenwagen-mobile-wc-kaufen\/\",\"name\":\"Produkt - Sehen Sie sich hier unseren einzelnen Toilettenanh\u00e4nger\",\"isPartOf\":{\"@id\":\"https:\/\/toypek.two.prikr.space\/de\/#website\"},\"primaryImageOfPage\":{\"@id\":\"https:\/\/toypek.two.prikr.space\/de\/produkt\/toilettenwagen-mobile-wc-kaufen\/#primaryimage\"},\"image\":{\"@id\":\"https:\/\/toypek.two.prikr.space\/de\/produkt\/toilettenwagen-mobile-wc-kaufen\/#primaryimage\"},\"thumbnailUrl\":\"https:\/\/toypek.two.prikr.space\/wp-content\/uploads\/2023\/06\/tp-img-216.png\",\"datePublished\":\"2023-06-09T13:09:41+00:00\",\"dateModified\":\"2023-07-07T13:49:43+00:00\",\"description\":\"Der Einzeltoilettenanh\u00e4nger vom Typ 1 wird aus hochwertigen Materialien hergestellt. Er wird mit einer COC-Erkl\u00e4rung geliefert, die seine Verwendung in ganz Europa erm\u00f6glicht.\",\"breadcrumb\":{\"@id\":\"https:\/\/toypek.two.prikr.space\/de\/produkt\/toilettenwagen-mobile-wc-kaufen\/#breadcrumb\"},\"inLanguage\":\"de\",\"potentialAction\":[{\"@type\":\"ReadAction\",\"target\":[\"https:\/\/toypek.two.prikr.space\/de\/produkt\/toilettenwagen-mobile-wc-kaufen\/\"]}]},{\"@type\":\"ImageObject\",\"inLanguage\":\"de\",\"@id\":\"https:\/\/toypek.two.prikr.space\/de\/produkt\/toilettenwagen-mobile-wc-kaufen\/#primaryimage\",\"url\":\"https:\/\/toypek.two.prikr.space\/wp-content\/uploads\/2023\/06\/tp-img-216.png\",\"contentUrl\":\"https:\/\/toypek.two.prikr.space\/wp-content\/uploads\/2023\/06\/tp-img-216.png\",\"width\":1000,\"height\":1000},{\"@type\":\"BreadcrumbList\",\"@id\":\"https:\/\/toypek.two.prikr.space\/de\/produkt\/toilettenwagen-mobile-wc-kaufen\/#breadcrumb\",\"itemListElement\":[{\"@type\":\"ListItem\",\"position\":1,\"name\":\"Home\",\"item\":\"https:\/\/toypek.two.prikr.space\/de\/\"},{\"@type\":\"ListItem\",\"position\":2,\"name\":\"Produktauswahl\",\"item\":\"https:\/\/toypek.two.prikr.space\/de\/produktauswahl\/\"},{\"@type\":\"ListItem\",\"position\":3,\"name\":\"Einzel-WC-Anh\u00e4nger Typ 1\"}]},{\"@type\":\"WebSite\",\"@id\":\"https:\/\/toypek.two.prikr.space\/de\/#website\",\"url\":\"https:\/\/toypek.two.prikr.space\/de\/\",\"name\":\"Toypek\",\"description\":\"\",\"potentialAction\":[{\"@type\":\"SearchAction\",\"target\":{\"@type\":\"EntryPoint\",\"urlTemplate\":\"https:\/\/toypek.two.prikr.space\/de\/?s={search_term_string}\"},\"query-input\":{\"@type\":\"PropertyValueSpecification\",\"valueRequired\":true,\"valueName\":\"search_term_string\"}}],\"inLanguage\":\"de\"}]}<\/script>\n<!-- \/ Yoast SEO plugin. -->","yoast_head_json":{"title":"Produkt - Sehen Sie sich hier unseren einzelnen Toilettenanh\u00e4nger","description":"Der Einzeltoilettenanh\u00e4nger vom Typ 1 wird aus hochwertigen Materialien hergestellt. Er wird mit einer COC-Erkl\u00e4rung geliefert, die seine Verwendung in ganz Europa erm\u00f6glicht.","robots":{"index":"noindex","follow":"follow","max-snippet":"max-snippet:-1","max-image-preview":"max-image-preview:large","max-video-preview":"max-video-preview:-1"},"og_locale":"de_DE","og_type":"article","og_title":"Produkt - Sehen Sie sich hier unseren einzelnen Toilettenanh\u00e4nger","og_description":"Der Einzeltoilettenanh\u00e4nger vom Typ 1 wird aus hochwertigen Materialien hergestellt. Er wird mit einer COC-Erkl\u00e4rung geliefert, die seine Verwendung in ganz Europa erm\u00f6glicht.","og_url":"https:\/\/toypek.two.prikr.space\/de\/produkt\/toilettenwagen-mobile-wc-kaufen\/","og_site_name":"Toypek","article_modified_time":"2023-07-07T13:49:43+00:00","og_image":[{"width":1000,"height":1000,"url":"http:\/\/toypek.two.prikr.space\/wp-content\/uploads\/2023\/06\/tp-img-216.png","type":"image\/png"}],"twitter_card":"summary_large_image","twitter_misc":{"Gesch\u00e4tzte Lesezeit":"1\u00a0Minute"},"schema":{"@context":"https:\/\/schema.org","@graph":[{"@type":"WebPage","@id":"https:\/\/toypek.two.prikr.space\/de\/produkt\/toilettenwagen-mobile-wc-kaufen\/","url":"https:\/\/toypek.two.prikr.space\/de\/produkt\/toilettenwagen-mobile-wc-kaufen\/","name":"Produkt - Sehen Sie sich hier unseren einzelnen Toilettenanh\u00e4nger","isPartOf":{"@id":"https:\/\/toypek.two.prikr.space\/de\/#website"},"primaryImageOfPage":{"@id":"https:\/\/toypek.two.prikr.space\/de\/produkt\/toilettenwagen-mobile-wc-kaufen\/#primaryimage"},"image":{"@id":"https:\/\/toypek.two.prikr.space\/de\/produkt\/toilettenwagen-mobile-wc-kaufen\/#primaryimage"},"thumbnailUrl":"https:\/\/toypek.two.prikr.space\/wp-content\/uploads\/2023\/06\/tp-img-216.png","datePublished":"2023-06-09T13:09:41+00:00","dateModified":"2023-07-07T13:49:43+00:00","description":"Der Einzeltoilettenanh\u00e4nger vom Typ 1 wird aus hochwertigen Materialien hergestellt. Er wird mit einer COC-Erkl\u00e4rung geliefert, die seine Verwendung in ganz Europa erm\u00f6glicht.","breadcrumb":{"@id":"https:\/\/toypek.two.prikr.space\/de\/produkt\/toilettenwagen-mobile-wc-kaufen\/#breadcrumb"},"inLanguage":"de","potentialAction":[{"@type":"ReadAction","target":["https:\/\/toypek.two.prikr.space\/de\/produkt\/toilettenwagen-mobile-wc-kaufen\/"]}]},{"@type":"ImageObject","inLanguage":"de","@id":"https:\/\/toypek.two.prikr.space\/de\/produkt\/toilettenwagen-mobile-wc-kaufen\/#primaryimage","url":"https:\/\/toypek.two.prikr.space\/wp-content\/uploads\/2023\/06\/tp-img-216.png","contentUrl":"https:\/\/toypek.two.prikr.space\/wp-content\/uploads\/2023\/06\/tp-img-216.png","width":1000,"height":1000},{"@type":"BreadcrumbList","@id":"https:\/\/toypek.two.prikr.space\/de\/produkt\/toilettenwagen-mobile-wc-kaufen\/#breadcrumb","itemListElement":[{"@type":"ListItem","position":1,"name":"Home","item":"https:\/\/toypek.two.prikr.space\/de\/"},{"@type":"ListItem","position":2,"name":"Produktauswahl","item":"https:\/\/toypek.two.prikr.space\/de\/produktauswahl\/"},{"@type":"ListItem","position":3,"name":"Einzel-WC-Anh\u00e4nger Typ 1"}]},{"@type":"WebSite","@id":"https:\/\/toypek.two.prikr.space\/de\/#website","url":"https:\/\/toypek.two.prikr.space\/de\/","name":"Toypek","description":"","potentialAction":[{"@type":"SearchAction","target":{"@type":"EntryPoint","urlTemplate":"https:\/\/toypek.two.prikr.space\/de\/?s={search_term_string}"},"query-input":{"@type":"PropertyValueSpecification","valueRequired":true,"valueName":"search_term_string"}}],"inLanguage":"de"}]}},"_links":{"self":[{"href":"https:\/\/toypek.two.prikr.space\/de\/wp-json\/wp\/v2\/product\/11839","targetHints":{"allow":["GET"]}}],"collection":[{"href":"https:\/\/toypek.two.prikr.space\/de\/wp-json\/wp\/v2\/product"}],"about":[{"href":"https:\/\/toypek.two.prikr.space\/de\/wp-json\/wp\/v2\/types\/product"}],"replies":[{"embeddable":true,"href":"https:\/\/toypek.two.prikr.space\/de\/wp-json\/wp\/v2\/comments?post=11839"}],"wp:featuredmedia":[{"embeddable":true,"href":"https:\/\/toypek.two.prikr.space\/de\/wp-json\/wp\/v2\/media\/11237"}],"wp:attachment":[{"href":"https:\/\/toypek.two.prikr.space\/de\/wp-json\/wp\/v2\/media?parent=11839"}],"wp:term":[{"taxonomy":"product_cat","embeddable":true,"href":"https:\/\/toypek.two.prikr.space\/de\/wp-json\/wp\/v2\/product_cat?post=11839"},{"taxonomy":"product_tag","embeddable":true,"href":"https:\/\/toypek.two.prikr.space\/de\/wp-json\/wp\/v2\/product_tag?post=11839"}],"curies":[{"name":"wp","href":"https:\/\/api.w.org\/{rel}","templated":true}]}}