{"id":11799,"date":"2023-06-09T12:31:04","date_gmt":"2023-06-09T12:31:04","guid":{"rendered":"https:\/\/toypek.two.prikr.space\/product\/evergreen-gold-tabletten-2\/"},"modified":"2023-06-27T18:06:01","modified_gmt":"2023-06-27T18:06:01","slug":"evergreen-gold-tablets","status":"publish","type":"product","link":"https:\/\/toypek.two.prikr.space\/de\/produkt\/evergreen-gold-tablets\/","title":{"rendered":"Evergreen Goldtabletten"},"content":{"rendered":"\n<p>EverGreen Goldtabletten nutzen fortschrittliche Inhaltsstoffe zur nat&uuml;rlichen Geruchskontrolle. Sie zersetzen Papier und Abfall effektiv, reduzieren Ablagerungen und verringern organisches Material. Durch die Verwendung des EverGreen Gold Toilettenreinigers k&ouml;nnen Sie die Kosten f&uuml;r die Abfallentsorgung senken und umweltfreundliche Praktiken f&ouml;rdern, da er ungiftig und zu 100 % biologisch abbaubar ist. Zu Ihrer Bequemlichkeit k&ouml;nnen die Blaumittel Tabletten auch als Toilettenfl&uuml;ssigkeit in F&auml;ssern gekauft werden. Diese vielseitigen tragbaren Toiletten Deodorant Produkten sind sowohl f&uuml;r den Winter- als auch f&uuml;r den Sommerbetrieb geeignet und somit ideal f&uuml;r l&auml;ngere Zeitr&auml;ume und warme Umgebungen. Toilettenservice-Unternehmen werden diese Tabletten als einfach zu handhaben und zeitsparend empfinden!<\/p>\n<p>Nat&uuml;rliche Geruchskontrolle f&uuml;r eine angenehme Umgebung.<br>\nSchnell wirkende Deodorant Produkten und hocheffektiv bei der Geruchsbek&auml;mpfung.<br>\nNicht verf&auml;rbende Farbe, die das Aussehen Ihrer mobilen Toilette bewahrt.<br>\nFunktioniert in allen Klimazonen und gew&auml;hrleistet gleichbleibende Leistung.<br>\nUmweltfreundlich und biologisch abbaubar.<br>\nZersetzt Papier und Abfall f&uuml;r mehr Sauberkeit.<\/p>\n\n","protected":false},"excerpt":{"rendered":"<p>Mit unseren vielseitigen Toiletteneinheiten k\u00f6nnen Sie Ihre mobile Toilette ganz nach Ihren W\u00fcnschen gestalten. Um die Sauberkeit zu gew\u00e4hrleisten, bieten wir Reinigungsmittel f\u00fcr Mobiltoiletten an, wie z. B. die hochwirksamen Evergreen Goldtabletten. Beim Kauf einer Mobiltoilette sollten Sie unbedingt auf den Verwendungszweck, die Farboptionen, die Zusatzfunktionen und die Reinigungspflege achten. Sie haben sogar die M\u00f6glichkeit, die Toiletteneinheiten in Ihrer Wunschfarbe anfertigen zu lassen.<\/p>\n","protected":false},"featured_media":11795,"comment_status":"open","ping_status":"closed","template":"","meta":{"_acf_changed":false},"product_cat":[90],"product_tag":[],"class_list":{"0":"post-11799","1":"product","2":"type-product","3":"status-publish","4":"has-post-thumbnail","6":"product_cat-blaue-toilettentabletten","8":"first","9":"instock","10":"shipping-taxable","11":"product-type-simple"},"acf":[],"yoast_head":"<!-- This site is optimized with the Yoast SEO plugin v23.6 - https:\/\/yoast.com\/wordpress\/plugins\/seo\/ -->\n<title>Produkt - Evergreen Gold Blausel Tabletten f\u00fcr einen frischen Duft!<\/title>\n<meta name=\"description\" content=\"EverGreen Gold-Tabletten verwenden fortschrittliche Inhaltsstoffe, um Ger\u00fcche auf nat\u00fcrliche Weise zu kontrollieren.\" \/>\n<meta name=\"robots\" content=\"noindex, follow, max-snippet:-1, max-image-preview:large, max-video-preview:-1\" \/>\n<meta property=\"og:locale\" content=\"de_DE\" \/>\n<meta property=\"og:type\" content=\"article\" \/>\n<meta property=\"og:title\" content=\"Produkt - Evergreen Gold Blausel Tabletten f\u00fcr einen frischen Duft!\" \/>\n<meta property=\"og:description\" content=\"EverGreen Gold-Tabletten verwenden fortschrittliche Inhaltsstoffe, um Ger\u00fcche auf nat\u00fcrliche Weise zu kontrollieren.\" \/>\n<meta property=\"og:url\" content=\"https:\/\/toypek.two.prikr.space\/de\/produkt\/evergreen-gold-tablets\/\" \/>\n<meta property=\"og:site_name\" content=\"Toypek\" \/>\n<meta property=\"article:modified_time\" content=\"2023-06-27T18:06:01+00:00\" \/>\n<meta property=\"og:image\" content=\"http:\/\/toypek.two.prikr.space\/wp-content\/uploads\/2023\/06\/Evergreen-tablets.jpg\" \/>\n\t<meta property=\"og:image:width\" content=\"623\" \/>\n\t<meta property=\"og:image:height\" content=\"294\" \/>\n\t<meta property=\"og:image:type\" content=\"image\/jpeg\" \/>\n<meta name=\"twitter:card\" content=\"summary_large_image\" \/>\n<meta name=\"twitter:label1\" content=\"Gesch\u00e4tzte Lesezeit\" \/>\n\t<meta name=\"twitter:data1\" content=\"1\u00a0Minute\" \/>\n<script type=\"application\/ld+json\" class=\"yoast-schema-graph\">{\"@context\":\"https:\/\/schema.org\",\"@graph\":[{\"@type\":\"WebPage\",\"@id\":\"https:\/\/toypek.two.prikr.space\/de\/produkt\/evergreen-gold-tablets\/\",\"url\":\"https:\/\/toypek.two.prikr.space\/de\/produkt\/evergreen-gold-tablets\/\",\"name\":\"Produkt - Evergreen Gold Blausel Tabletten f\u00fcr einen frischen Duft!\",\"isPartOf\":{\"@id\":\"https:\/\/toypek.two.prikr.space\/de\/#website\"},\"primaryImageOfPage\":{\"@id\":\"https:\/\/toypek.two.prikr.space\/de\/produkt\/evergreen-gold-tablets\/#primaryimage\"},\"image\":{\"@id\":\"https:\/\/toypek.two.prikr.space\/de\/produkt\/evergreen-gold-tablets\/#primaryimage\"},\"thumbnailUrl\":\"https:\/\/toypek.two.prikr.space\/wp-content\/uploads\/2023\/06\/Evergreen-tablets.jpg\",\"datePublished\":\"2023-06-09T12:31:04+00:00\",\"dateModified\":\"2023-06-27T18:06:01+00:00\",\"description\":\"EverGreen Gold-Tabletten verwenden fortschrittliche Inhaltsstoffe, um Ger\u00fcche auf nat\u00fcrliche Weise zu kontrollieren.\",\"breadcrumb\":{\"@id\":\"https:\/\/toypek.two.prikr.space\/de\/produkt\/evergreen-gold-tablets\/#breadcrumb\"},\"inLanguage\":\"de\",\"potentialAction\":[{\"@type\":\"ReadAction\",\"target\":[\"https:\/\/toypek.two.prikr.space\/de\/produkt\/evergreen-gold-tablets\/\"]}]},{\"@type\":\"ImageObject\",\"inLanguage\":\"de\",\"@id\":\"https:\/\/toypek.two.prikr.space\/de\/produkt\/evergreen-gold-tablets\/#primaryimage\",\"url\":\"https:\/\/toypek.two.prikr.space\/wp-content\/uploads\/2023\/06\/Evergreen-tablets.jpg\",\"contentUrl\":\"https:\/\/toypek.two.prikr.space\/wp-content\/uploads\/2023\/06\/Evergreen-tablets.jpg\",\"width\":623,\"height\":294,\"caption\":\"Evergreen Gold tabletten\"},{\"@type\":\"BreadcrumbList\",\"@id\":\"https:\/\/toypek.two.prikr.space\/de\/produkt\/evergreen-gold-tablets\/#breadcrumb\",\"itemListElement\":[{\"@type\":\"ListItem\",\"position\":1,\"name\":\"Home\",\"item\":\"https:\/\/toypek.two.prikr.space\/de\/\"},{\"@type\":\"ListItem\",\"position\":2,\"name\":\"Produktauswahl\",\"item\":\"https:\/\/toypek.two.prikr.space\/de\/produktauswahl\/\"},{\"@type\":\"ListItem\",\"position\":3,\"name\":\"Evergreen Goldtabletten\"}]},{\"@type\":\"WebSite\",\"@id\":\"https:\/\/toypek.two.prikr.space\/de\/#website\",\"url\":\"https:\/\/toypek.two.prikr.space\/de\/\",\"name\":\"Toypek\",\"description\":\"\",\"potentialAction\":[{\"@type\":\"SearchAction\",\"target\":{\"@type\":\"EntryPoint\",\"urlTemplate\":\"https:\/\/toypek.two.prikr.space\/de\/?s={search_term_string}\"},\"query-input\":{\"@type\":\"PropertyValueSpecification\",\"valueRequired\":true,\"valueName\":\"search_term_string\"}}],\"inLanguage\":\"de\"}]}<\/script>\n<!-- \/ Yoast SEO plugin. -->","yoast_head_json":{"title":"Produkt - Evergreen Gold Blausel Tabletten f\u00fcr einen frischen Duft!","description":"EverGreen Gold-Tabletten verwenden fortschrittliche Inhaltsstoffe, um Ger\u00fcche auf nat\u00fcrliche Weise zu kontrollieren.","robots":{"index":"noindex","follow":"follow","max-snippet":"max-snippet:-1","max-image-preview":"max-image-preview:large","max-video-preview":"max-video-preview:-1"},"og_locale":"de_DE","og_type":"article","og_title":"Produkt - Evergreen Gold Blausel Tabletten f\u00fcr einen frischen Duft!","og_description":"EverGreen Gold-Tabletten verwenden fortschrittliche Inhaltsstoffe, um Ger\u00fcche auf nat\u00fcrliche Weise zu kontrollieren.","og_url":"https:\/\/toypek.two.prikr.space\/de\/produkt\/evergreen-gold-tablets\/","og_site_name":"Toypek","article_modified_time":"2023-06-27T18:06:01+00:00","og_image":[{"width":623,"height":294,"url":"http:\/\/toypek.two.prikr.space\/wp-content\/uploads\/2023\/06\/Evergreen-tablets.jpg","type":"image\/jpeg"}],"twitter_card":"summary_large_image","twitter_misc":{"Gesch\u00e4tzte Lesezeit":"1\u00a0Minute"},"schema":{"@context":"https:\/\/schema.org","@graph":[{"@type":"WebPage","@id":"https:\/\/toypek.two.prikr.space\/de\/produkt\/evergreen-gold-tablets\/","url":"https:\/\/toypek.two.prikr.space\/de\/produkt\/evergreen-gold-tablets\/","name":"Produkt - Evergreen Gold Blausel Tabletten f\u00fcr einen frischen Duft!","isPartOf":{"@id":"https:\/\/toypek.two.prikr.space\/de\/#website"},"primaryImageOfPage":{"@id":"https:\/\/toypek.two.prikr.space\/de\/produkt\/evergreen-gold-tablets\/#primaryimage"},"image":{"@id":"https:\/\/toypek.two.prikr.space\/de\/produkt\/evergreen-gold-tablets\/#primaryimage"},"thumbnailUrl":"https:\/\/toypek.two.prikr.space\/wp-content\/uploads\/2023\/06\/Evergreen-tablets.jpg","datePublished":"2023-06-09T12:31:04+00:00","dateModified":"2023-06-27T18:06:01+00:00","description":"EverGreen Gold-Tabletten verwenden fortschrittliche Inhaltsstoffe, um Ger\u00fcche auf nat\u00fcrliche Weise zu kontrollieren.","breadcrumb":{"@id":"https:\/\/toypek.two.prikr.space\/de\/produkt\/evergreen-gold-tablets\/#breadcrumb"},"inLanguage":"de","potentialAction":[{"@type":"ReadAction","target":["https:\/\/toypek.two.prikr.space\/de\/produkt\/evergreen-gold-tablets\/"]}]},{"@type":"ImageObject","inLanguage":"de","@id":"https:\/\/toypek.two.prikr.space\/de\/produkt\/evergreen-gold-tablets\/#primaryimage","url":"https:\/\/toypek.two.prikr.space\/wp-content\/uploads\/2023\/06\/Evergreen-tablets.jpg","contentUrl":"https:\/\/toypek.two.prikr.space\/wp-content\/uploads\/2023\/06\/Evergreen-tablets.jpg","width":623,"height":294,"caption":"Evergreen Gold tabletten"},{"@type":"BreadcrumbList","@id":"https:\/\/toypek.two.prikr.space\/de\/produkt\/evergreen-gold-tablets\/#breadcrumb","itemListElement":[{"@type":"ListItem","position":1,"name":"Home","item":"https:\/\/toypek.two.prikr.space\/de\/"},{"@type":"ListItem","position":2,"name":"Produktauswahl","item":"https:\/\/toypek.two.prikr.space\/de\/produktauswahl\/"},{"@type":"ListItem","position":3,"name":"Evergreen Goldtabletten"}]},{"@type":"WebSite","@id":"https:\/\/toypek.two.prikr.space\/de\/#website","url":"https:\/\/toypek.two.prikr.space\/de\/","name":"Toypek","description":"","potentialAction":[{"@type":"SearchAction","target":{"@type":"EntryPoint","urlTemplate":"https:\/\/toypek.two.prikr.space\/de\/?s={search_term_string}"},"query-input":{"@type":"PropertyValueSpecification","valueRequired":true,"valueName":"search_term_string"}}],"inLanguage":"de"}]}},"_links":{"self":[{"href":"https:\/\/toypek.two.prikr.space\/de\/wp-json\/wp\/v2\/product\/11799","targetHints":{"allow":["GET"]}}],"collection":[{"href":"https:\/\/toypek.two.prikr.space\/de\/wp-json\/wp\/v2\/product"}],"about":[{"href":"https:\/\/toypek.two.prikr.space\/de\/wp-json\/wp\/v2\/types\/product"}],"replies":[{"embeddable":true,"href":"https:\/\/toypek.two.prikr.space\/de\/wp-json\/wp\/v2\/comments?post=11799"}],"wp:featuredmedia":[{"embeddable":true,"href":"https:\/\/toypek.two.prikr.space\/de\/wp-json\/wp\/v2\/media\/11795"}],"wp:attachment":[{"href":"https:\/\/toypek.two.prikr.space\/de\/wp-json\/wp\/v2\/media?parent=11799"}],"wp:term":[{"taxonomy":"product_cat","embeddable":true,"href":"https:\/\/toypek.two.prikr.space\/de\/wp-json\/wp\/v2\/product_cat?post=11799"},{"taxonomy":"product_tag","embeddable":true,"href":"https:\/\/toypek.two.prikr.space\/de\/wp-json\/wp\/v2\/product_tag?post=11799"}],"curies":[{"name":"wp","href":"https:\/\/api.w.org\/{rel}","templated":true}]}}