{"id":11786,"date":"2023-06-09T12:53:06","date_gmt":"2023-06-09T12:53:06","guid":{"rendered":"https:\/\/toypek.two.prikr.space\/product\/urinoir-2\/"},"modified":"2023-06-27T17:46:33","modified_gmt":"2023-06-27T17:46:33","slug":"urinal-mobile-toilette","status":"publish","type":"product","link":"https:\/\/toypek.two.prikr.space\/de\/produkt\/urinal-mobile-toilette\/","title":{"rendered":"Toilettenurinal"},"content":{"rendered":"\n<p>Toypek.eu bietet die M&ouml;glichkeit, die Toypek-Kabine mit einem Urinal zu erg&auml;nzen. Das Urinal bietet Vorteile f&uuml;r die Aufrechterhaltung der Sauberkeit in Ihrer mobilen Toilette. MobielToiletKopen.nl empfiehlt, beim Kauf einer mobilen Toilette ein Urinal mit einzuplanen. Das Urinal sorgt daf&uuml;r, dass m&auml;nnliche Benutzer, die lieber stehen, nicht auf die R&auml;nder der mobilen Toilettenkabine urinieren, sondern sich auf das Urinal selbst konzentrieren. Dies verbessert das Benutzererlebnis und erleichtert dem Vermieter die Reinigung der Toypek-Kabine. F&uuml;r den Einbau des mobilen Urinals fallen keine zus&auml;tzlichen Installationskosten an.<\/p>\n\n","protected":false},"excerpt":{"rendered":"<p>Passen Sie Ihre Unrinal mobile Toilette Ihren W\u00fcnschen an. Unsere Toiletteneinheiten k\u00f6nnen vollst\u00e4ndig nach Ihren W\u00fcnschen zusammengebaut werden, einschlie\u00dflich der Anbringung eines Urinals und der Verrohrung. Wenn Sie ein Urinal kaufen m\u00f6chten, ber\u00fccksichtigen Sie sorgf\u00e4ltig den Verwendungszweck, die gew\u00fcnschte Farbe, zus\u00e4tzliche Optionen und die St\u00fcckzahl. Wir bieten sogar die M\u00f6glichkeit, die Toiletteneinheiten in der von Ihnen bevorzugten Farbe zu fertigen.<\/p>\n","protected":false},"featured_media":11772,"comment_status":"open","ping_status":"closed","template":"","meta":{"_acf_changed":false},"product_cat":[98],"product_tag":[],"class_list":{"0":"post-11786","1":"product","2":"type-product","3":"status-publish","4":"has-post-thumbnail","6":"product_cat-urinal-de","8":"first","9":"instock","10":"shipping-taxable","11":"product-type-simple"},"acf":[],"yoast_head":"<!-- This site is optimized with the Yoast SEO plugin v23.6 - https:\/\/yoast.com\/wordpress\/plugins\/seo\/ -->\n<title>Produkt - Mobile Urinale f\u00fcr mobile Toiletten! Toypek.eu<\/title>\n<meta name=\"description\" content=\"Toypek.eu kan als extra optie de Toypek cabine voorzien van een Urinoir. Het Urinoir heeft voordelen wat betreft de schoonmaak van uw mobiele toilet.\" \/>\n<meta name=\"robots\" content=\"noindex, follow, max-snippet:-1, max-image-preview:large, max-video-preview:-1\" \/>\n<meta property=\"og:locale\" content=\"de_DE\" \/>\n<meta property=\"og:type\" content=\"article\" \/>\n<meta property=\"og:title\" content=\"Produkt - Mobile Urinale f\u00fcr mobile Toiletten! Toypek.eu\" \/>\n<meta property=\"og:description\" content=\"Toypek.eu kan als extra optie de Toypek cabine voorzien van een Urinoir. Het Urinoir heeft voordelen wat betreft de schoonmaak van uw mobiele toilet.\" \/>\n<meta property=\"og:url\" content=\"https:\/\/toypek.two.prikr.space\/de\/produkt\/urinal-mobile-toilette\/\" \/>\n<meta property=\"og:site_name\" content=\"Toypek\" \/>\n<meta property=\"article:modified_time\" content=\"2023-06-27T17:46:33+00:00\" \/>\n<meta property=\"og:image\" content=\"http:\/\/toypek.two.prikr.space\/wp-content\/uploads\/2023\/06\/Urinoir-2.jpg\" \/>\n\t<meta property=\"og:image:width\" content=\"1200\" \/>\n\t<meta property=\"og:image:height\" content=\"1200\" \/>\n\t<meta property=\"og:image:type\" content=\"image\/jpeg\" \/>\n<meta name=\"twitter:card\" content=\"summary_large_image\" \/>\n<meta name=\"twitter:label1\" content=\"Gesch\u00e4tzte Lesezeit\" \/>\n\t<meta name=\"twitter:data1\" content=\"1\u00a0Minute\" \/>\n<script type=\"application\/ld+json\" class=\"yoast-schema-graph\">{\"@context\":\"https:\/\/schema.org\",\"@graph\":[{\"@type\":\"WebPage\",\"@id\":\"https:\/\/toypek.two.prikr.space\/de\/produkt\/urinal-mobile-toilette\/\",\"url\":\"https:\/\/toypek.two.prikr.space\/de\/produkt\/urinal-mobile-toilette\/\",\"name\":\"Produkt - Mobile Urinale f\u00fcr mobile Toiletten! Toypek.eu\",\"isPartOf\":{\"@id\":\"https:\/\/toypek.two.prikr.space\/de\/#website\"},\"primaryImageOfPage\":{\"@id\":\"https:\/\/toypek.two.prikr.space\/de\/produkt\/urinal-mobile-toilette\/#primaryimage\"},\"image\":{\"@id\":\"https:\/\/toypek.two.prikr.space\/de\/produkt\/urinal-mobile-toilette\/#primaryimage\"},\"thumbnailUrl\":\"https:\/\/toypek.two.prikr.space\/wp-content\/uploads\/2023\/06\/Urinoir-2.jpg\",\"datePublished\":\"2023-06-09T12:53:06+00:00\",\"dateModified\":\"2023-06-27T17:46:33+00:00\",\"description\":\"Toypek.eu kan als extra optie de Toypek cabine voorzien van een Urinoir. Het Urinoir heeft voordelen wat betreft de schoonmaak van uw mobiele toilet.\",\"breadcrumb\":{\"@id\":\"https:\/\/toypek.two.prikr.space\/de\/produkt\/urinal-mobile-toilette\/#breadcrumb\"},\"inLanguage\":\"de\",\"potentialAction\":[{\"@type\":\"ReadAction\",\"target\":[\"https:\/\/toypek.two.prikr.space\/de\/produkt\/urinal-mobile-toilette\/\"]}]},{\"@type\":\"ImageObject\",\"inLanguage\":\"de\",\"@id\":\"https:\/\/toypek.two.prikr.space\/de\/produkt\/urinal-mobile-toilette\/#primaryimage\",\"url\":\"https:\/\/toypek.two.prikr.space\/wp-content\/uploads\/2023\/06\/Urinoir-2.jpg\",\"contentUrl\":\"https:\/\/toypek.two.prikr.space\/wp-content\/uploads\/2023\/06\/Urinoir-2.jpg\",\"width\":1200,\"height\":1200,\"caption\":\"Urinoir\"},{\"@type\":\"BreadcrumbList\",\"@id\":\"https:\/\/toypek.two.prikr.space\/de\/produkt\/urinal-mobile-toilette\/#breadcrumb\",\"itemListElement\":[{\"@type\":\"ListItem\",\"position\":1,\"name\":\"Home\",\"item\":\"https:\/\/toypek.two.prikr.space\/de\/\"},{\"@type\":\"ListItem\",\"position\":2,\"name\":\"Produktauswahl\",\"item\":\"https:\/\/toypek.two.prikr.space\/de\/produktauswahl\/\"},{\"@type\":\"ListItem\",\"position\":3,\"name\":\"Toilettenurinal\"}]},{\"@type\":\"WebSite\",\"@id\":\"https:\/\/toypek.two.prikr.space\/de\/#website\",\"url\":\"https:\/\/toypek.two.prikr.space\/de\/\",\"name\":\"Toypek\",\"description\":\"\",\"potentialAction\":[{\"@type\":\"SearchAction\",\"target\":{\"@type\":\"EntryPoint\",\"urlTemplate\":\"https:\/\/toypek.two.prikr.space\/de\/?s={search_term_string}\"},\"query-input\":{\"@type\":\"PropertyValueSpecification\",\"valueRequired\":true,\"valueName\":\"search_term_string\"}}],\"inLanguage\":\"de\"}]}<\/script>\n<!-- \/ Yoast SEO plugin. -->","yoast_head_json":{"title":"Produkt - Mobile Urinale f\u00fcr mobile Toiletten! Toypek.eu","description":"Toypek.eu kan als extra optie de Toypek cabine voorzien van een Urinoir. Het Urinoir heeft voordelen wat betreft de schoonmaak van uw mobiele toilet.","robots":{"index":"noindex","follow":"follow","max-snippet":"max-snippet:-1","max-image-preview":"max-image-preview:large","max-video-preview":"max-video-preview:-1"},"og_locale":"de_DE","og_type":"article","og_title":"Produkt - Mobile Urinale f\u00fcr mobile Toiletten! Toypek.eu","og_description":"Toypek.eu kan als extra optie de Toypek cabine voorzien van een Urinoir. Het Urinoir heeft voordelen wat betreft de schoonmaak van uw mobiele toilet.","og_url":"https:\/\/toypek.two.prikr.space\/de\/produkt\/urinal-mobile-toilette\/","og_site_name":"Toypek","article_modified_time":"2023-06-27T17:46:33+00:00","og_image":[{"width":1200,"height":1200,"url":"http:\/\/toypek.two.prikr.space\/wp-content\/uploads\/2023\/06\/Urinoir-2.jpg","type":"image\/jpeg"}],"twitter_card":"summary_large_image","twitter_misc":{"Gesch\u00e4tzte Lesezeit":"1\u00a0Minute"},"schema":{"@context":"https:\/\/schema.org","@graph":[{"@type":"WebPage","@id":"https:\/\/toypek.two.prikr.space\/de\/produkt\/urinal-mobile-toilette\/","url":"https:\/\/toypek.two.prikr.space\/de\/produkt\/urinal-mobile-toilette\/","name":"Produkt - Mobile Urinale f\u00fcr mobile Toiletten! Toypek.eu","isPartOf":{"@id":"https:\/\/toypek.two.prikr.space\/de\/#website"},"primaryImageOfPage":{"@id":"https:\/\/toypek.two.prikr.space\/de\/produkt\/urinal-mobile-toilette\/#primaryimage"},"image":{"@id":"https:\/\/toypek.two.prikr.space\/de\/produkt\/urinal-mobile-toilette\/#primaryimage"},"thumbnailUrl":"https:\/\/toypek.two.prikr.space\/wp-content\/uploads\/2023\/06\/Urinoir-2.jpg","datePublished":"2023-06-09T12:53:06+00:00","dateModified":"2023-06-27T17:46:33+00:00","description":"Toypek.eu kan als extra optie de Toypek cabine voorzien van een Urinoir. Het Urinoir heeft voordelen wat betreft de schoonmaak van uw mobiele toilet.","breadcrumb":{"@id":"https:\/\/toypek.two.prikr.space\/de\/produkt\/urinal-mobile-toilette\/#breadcrumb"},"inLanguage":"de","potentialAction":[{"@type":"ReadAction","target":["https:\/\/toypek.two.prikr.space\/de\/produkt\/urinal-mobile-toilette\/"]}]},{"@type":"ImageObject","inLanguage":"de","@id":"https:\/\/toypek.two.prikr.space\/de\/produkt\/urinal-mobile-toilette\/#primaryimage","url":"https:\/\/toypek.two.prikr.space\/wp-content\/uploads\/2023\/06\/Urinoir-2.jpg","contentUrl":"https:\/\/toypek.two.prikr.space\/wp-content\/uploads\/2023\/06\/Urinoir-2.jpg","width":1200,"height":1200,"caption":"Urinoir"},{"@type":"BreadcrumbList","@id":"https:\/\/toypek.two.prikr.space\/de\/produkt\/urinal-mobile-toilette\/#breadcrumb","itemListElement":[{"@type":"ListItem","position":1,"name":"Home","item":"https:\/\/toypek.two.prikr.space\/de\/"},{"@type":"ListItem","position":2,"name":"Produktauswahl","item":"https:\/\/toypek.two.prikr.space\/de\/produktauswahl\/"},{"@type":"ListItem","position":3,"name":"Toilettenurinal"}]},{"@type":"WebSite","@id":"https:\/\/toypek.two.prikr.space\/de\/#website","url":"https:\/\/toypek.two.prikr.space\/de\/","name":"Toypek","description":"","potentialAction":[{"@type":"SearchAction","target":{"@type":"EntryPoint","urlTemplate":"https:\/\/toypek.two.prikr.space\/de\/?s={search_term_string}"},"query-input":{"@type":"PropertyValueSpecification","valueRequired":true,"valueName":"search_term_string"}}],"inLanguage":"de"}]}},"_links":{"self":[{"href":"https:\/\/toypek.two.prikr.space\/de\/wp-json\/wp\/v2\/product\/11786","targetHints":{"allow":["GET"]}}],"collection":[{"href":"https:\/\/toypek.two.prikr.space\/de\/wp-json\/wp\/v2\/product"}],"about":[{"href":"https:\/\/toypek.two.prikr.space\/de\/wp-json\/wp\/v2\/types\/product"}],"replies":[{"embeddable":true,"href":"https:\/\/toypek.two.prikr.space\/de\/wp-json\/wp\/v2\/comments?post=11786"}],"wp:featuredmedia":[{"embeddable":true,"href":"https:\/\/toypek.two.prikr.space\/de\/wp-json\/wp\/v2\/media\/11772"}],"wp:attachment":[{"href":"https:\/\/toypek.two.prikr.space\/de\/wp-json\/wp\/v2\/media?parent=11786"}],"wp:term":[{"taxonomy":"product_cat","embeddable":true,"href":"https:\/\/toypek.two.prikr.space\/de\/wp-json\/wp\/v2\/product_cat?post=11786"},{"taxonomy":"product_tag","embeddable":true,"href":"https:\/\/toypek.two.prikr.space\/de\/wp-json\/wp\/v2\/product_tag?post=11786"}],"curies":[{"name":"wp","href":"https:\/\/api.w.org\/{rel}","templated":true}]}}