{"id":11758,"date":"2023-06-09T12:43:40","date_gmt":"2023-06-09T12:43:40","guid":{"rendered":"https:\/\/toypek.two.prikr.space\/product\/handwas-unit-2\/"},"modified":"2023-06-27T17:21:18","modified_gmt":"2023-06-27T17:21:18","slug":"handwaschbecken","status":"publish","type":"product","link":"https:\/\/toypek.two.prikr.space\/de\/produkt\/handwaschbecken\/","title":{"rendered":"Handwaschanlage"},"content":{"rendered":"\n<p>Toypek.eu bietet Ihnen die M&ouml;glichkeit, beim Kauf Ihrer chemischen Toilette eine praktische Handwaschanlage mitzubestellen. Die mitgelieferte Handwaschanlage verf&uuml;gt &uuml;ber einen Fu&szlig;pumpenmechanismus, mit dem der Benutzer bei Bedarf Wasser zum H&auml;ndewaschen pumpen kann. Wenn Sie sich f&uuml;r die Installation dieser Einheit in Ihrer Toypek-Kabine entscheiden, entstehen Ihnen keine zus&auml;tzlichen Installationskosten.<\/p>\n<p>Enthaltene Teile:<\/p>\n<p>-Handwaschstation<br>\n-Fu&szlig;pumpe<br>\n-Anschlussschl&auml;uche<br>\n-Montagematerial.<\/p>\n\n","protected":false},"excerpt":{"rendered":"<p>Passen Sie Ihre ideale Toypek-Kabine an Ihre speziellen Anforderungen an. Unsere Toypek-Kabinen bieten vollst\u00e4ndige Flexibilit\u00e4t, so dass Sie zus\u00e4tzliche Funktionen wie unsere praktische Handwaschstation f\u00fcr Mobiltoiletten w\u00e4hlen k\u00f6nnen. Beim Kauf einer mobilen Toilette ist es wichtig, den Verwendungszweck, die bevorzugte Farbe, die gew\u00fcnschten Zusatzoptionen und die ben\u00f6tigten Mengen zu ber\u00fccksichtigen. Bei Toypek.eu bieten wir Ihnen sogar die M\u00f6glichkeit, die Toypek-Toilettenkabinen in Ihrer Wunschfarbe herzustellen.<\/p>\n","protected":false},"featured_media":11754,"comment_status":"open","ping_status":"closed","template":"","meta":{"_acf_changed":false},"product_cat":[91],"product_tag":[],"class_list":{"0":"post-11758","1":"product","2":"type-product","3":"status-publish","4":"has-post-thumbnail","6":"product_cat-handwaschbecken","8":"first","9":"instock","10":"shipping-taxable","11":"product-type-simple"},"acf":[],"yoast_head":"<!-- This site is optimized with the Yoast SEO plugin v23.6 - https:\/\/yoast.com\/wordpress\/plugins\/seo\/ -->\n<title>Produkt - Handwaschstation f\u00fcr mobile Toilettenkabinen! Toypek<\/title>\n<meta name=\"description\" content=\"Toypek.eu bietet die M\u00f6glichkeit, bei Ihrem Chemietoilettenkauf eine praktische Handwascheinheit hinzuzuf\u00fcgen. Die bereitgestellte Handwascheinheit\" \/>\n<meta name=\"robots\" content=\"noindex, follow, max-snippet:-1, max-image-preview:large, max-video-preview:-1\" \/>\n<meta property=\"og:locale\" content=\"de_DE\" \/>\n<meta property=\"og:type\" content=\"article\" \/>\n<meta property=\"og:title\" content=\"Produkt - Handwaschstation f\u00fcr mobile Toilettenkabinen! Toypek\" \/>\n<meta property=\"og:description\" content=\"Toypek.eu bietet die M\u00f6glichkeit, bei Ihrem Chemietoilettenkauf eine praktische Handwascheinheit hinzuzuf\u00fcgen. Die bereitgestellte Handwascheinheit\" \/>\n<meta property=\"og:url\" content=\"https:\/\/toypek.two.prikr.space\/de\/produkt\/handwaschbecken\/\" \/>\n<meta property=\"og:site_name\" content=\"Toypek\" \/>\n<meta property=\"article:modified_time\" content=\"2023-06-27T17:21:18+00:00\" \/>\n<meta property=\"og:image\" content=\"http:\/\/toypek.two.prikr.space\/wp-content\/uploads\/2023\/06\/Handwas-unit.jpg\" \/>\n\t<meta property=\"og:image:width\" content=\"1200\" \/>\n\t<meta property=\"og:image:height\" content=\"1200\" \/>\n\t<meta property=\"og:image:type\" content=\"image\/jpeg\" \/>\n<meta name=\"twitter:card\" content=\"summary_large_image\" \/>\n<meta name=\"twitter:label1\" content=\"Gesch\u00e4tzte Lesezeit\" \/>\n\t<meta name=\"twitter:data1\" content=\"1\u00a0Minute\" \/>\n<script type=\"application\/ld+json\" class=\"yoast-schema-graph\">{\"@context\":\"https:\/\/schema.org\",\"@graph\":[{\"@type\":\"WebPage\",\"@id\":\"https:\/\/toypek.two.prikr.space\/de\/produkt\/handwaschbecken\/\",\"url\":\"https:\/\/toypek.two.prikr.space\/de\/produkt\/handwaschbecken\/\",\"name\":\"Produkt - Handwaschstation f\u00fcr mobile Toilettenkabinen! Toypek\",\"isPartOf\":{\"@id\":\"https:\/\/toypek.two.prikr.space\/de\/#website\"},\"primaryImageOfPage\":{\"@id\":\"https:\/\/toypek.two.prikr.space\/de\/produkt\/handwaschbecken\/#primaryimage\"},\"image\":{\"@id\":\"https:\/\/toypek.two.prikr.space\/de\/produkt\/handwaschbecken\/#primaryimage\"},\"thumbnailUrl\":\"https:\/\/toypek.two.prikr.space\/wp-content\/uploads\/2023\/06\/Handwas-unit.jpg\",\"datePublished\":\"2023-06-09T12:43:40+00:00\",\"dateModified\":\"2023-06-27T17:21:18+00:00\",\"description\":\"Toypek.eu bietet die M\u00f6glichkeit, bei Ihrem Chemietoilettenkauf eine praktische Handwascheinheit hinzuzuf\u00fcgen. Die bereitgestellte Handwascheinheit\",\"breadcrumb\":{\"@id\":\"https:\/\/toypek.two.prikr.space\/de\/produkt\/handwaschbecken\/#breadcrumb\"},\"inLanguage\":\"de\",\"potentialAction\":[{\"@type\":\"ReadAction\",\"target\":[\"https:\/\/toypek.two.prikr.space\/de\/produkt\/handwaschbecken\/\"]}]},{\"@type\":\"ImageObject\",\"inLanguage\":\"de\",\"@id\":\"https:\/\/toypek.two.prikr.space\/de\/produkt\/handwaschbecken\/#primaryimage\",\"url\":\"https:\/\/toypek.two.prikr.space\/wp-content\/uploads\/2023\/06\/Handwas-unit.jpg\",\"contentUrl\":\"https:\/\/toypek.two.prikr.space\/wp-content\/uploads\/2023\/06\/Handwas-unit.jpg\",\"width\":1200,\"height\":1200,\"caption\":\"Handwas unit incl. voetpomp\"},{\"@type\":\"BreadcrumbList\",\"@id\":\"https:\/\/toypek.two.prikr.space\/de\/produkt\/handwaschbecken\/#breadcrumb\",\"itemListElement\":[{\"@type\":\"ListItem\",\"position\":1,\"name\":\"Home\",\"item\":\"https:\/\/toypek.two.prikr.space\/de\/\"},{\"@type\":\"ListItem\",\"position\":2,\"name\":\"Produktauswahl\",\"item\":\"https:\/\/toypek.two.prikr.space\/de\/produktauswahl\/\"},{\"@type\":\"ListItem\",\"position\":3,\"name\":\"Handwaschanlage\"}]},{\"@type\":\"WebSite\",\"@id\":\"https:\/\/toypek.two.prikr.space\/de\/#website\",\"url\":\"https:\/\/toypek.two.prikr.space\/de\/\",\"name\":\"Toypek\",\"description\":\"\",\"potentialAction\":[{\"@type\":\"SearchAction\",\"target\":{\"@type\":\"EntryPoint\",\"urlTemplate\":\"https:\/\/toypek.two.prikr.space\/de\/?s={search_term_string}\"},\"query-input\":{\"@type\":\"PropertyValueSpecification\",\"valueRequired\":true,\"valueName\":\"search_term_string\"}}],\"inLanguage\":\"de\"}]}<\/script>\n<!-- \/ Yoast SEO plugin. -->","yoast_head_json":{"title":"Produkt - Handwaschstation f\u00fcr mobile Toilettenkabinen! Toypek","description":"Toypek.eu bietet die M\u00f6glichkeit, bei Ihrem Chemietoilettenkauf eine praktische Handwascheinheit hinzuzuf\u00fcgen. Die bereitgestellte Handwascheinheit","robots":{"index":"noindex","follow":"follow","max-snippet":"max-snippet:-1","max-image-preview":"max-image-preview:large","max-video-preview":"max-video-preview:-1"},"og_locale":"de_DE","og_type":"article","og_title":"Produkt - Handwaschstation f\u00fcr mobile Toilettenkabinen! Toypek","og_description":"Toypek.eu bietet die M\u00f6glichkeit, bei Ihrem Chemietoilettenkauf eine praktische Handwascheinheit hinzuzuf\u00fcgen. Die bereitgestellte Handwascheinheit","og_url":"https:\/\/toypek.two.prikr.space\/de\/produkt\/handwaschbecken\/","og_site_name":"Toypek","article_modified_time":"2023-06-27T17:21:18+00:00","og_image":[{"width":1200,"height":1200,"url":"http:\/\/toypek.two.prikr.space\/wp-content\/uploads\/2023\/06\/Handwas-unit.jpg","type":"image\/jpeg"}],"twitter_card":"summary_large_image","twitter_misc":{"Gesch\u00e4tzte Lesezeit":"1\u00a0Minute"},"schema":{"@context":"https:\/\/schema.org","@graph":[{"@type":"WebPage","@id":"https:\/\/toypek.two.prikr.space\/de\/produkt\/handwaschbecken\/","url":"https:\/\/toypek.two.prikr.space\/de\/produkt\/handwaschbecken\/","name":"Produkt - Handwaschstation f\u00fcr mobile Toilettenkabinen! Toypek","isPartOf":{"@id":"https:\/\/toypek.two.prikr.space\/de\/#website"},"primaryImageOfPage":{"@id":"https:\/\/toypek.two.prikr.space\/de\/produkt\/handwaschbecken\/#primaryimage"},"image":{"@id":"https:\/\/toypek.two.prikr.space\/de\/produkt\/handwaschbecken\/#primaryimage"},"thumbnailUrl":"https:\/\/toypek.two.prikr.space\/wp-content\/uploads\/2023\/06\/Handwas-unit.jpg","datePublished":"2023-06-09T12:43:40+00:00","dateModified":"2023-06-27T17:21:18+00:00","description":"Toypek.eu bietet die M\u00f6glichkeit, bei Ihrem Chemietoilettenkauf eine praktische Handwascheinheit hinzuzuf\u00fcgen. Die bereitgestellte Handwascheinheit","breadcrumb":{"@id":"https:\/\/toypek.two.prikr.space\/de\/produkt\/handwaschbecken\/#breadcrumb"},"inLanguage":"de","potentialAction":[{"@type":"ReadAction","target":["https:\/\/toypek.two.prikr.space\/de\/produkt\/handwaschbecken\/"]}]},{"@type":"ImageObject","inLanguage":"de","@id":"https:\/\/toypek.two.prikr.space\/de\/produkt\/handwaschbecken\/#primaryimage","url":"https:\/\/toypek.two.prikr.space\/wp-content\/uploads\/2023\/06\/Handwas-unit.jpg","contentUrl":"https:\/\/toypek.two.prikr.space\/wp-content\/uploads\/2023\/06\/Handwas-unit.jpg","width":1200,"height":1200,"caption":"Handwas unit incl. voetpomp"},{"@type":"BreadcrumbList","@id":"https:\/\/toypek.two.prikr.space\/de\/produkt\/handwaschbecken\/#breadcrumb","itemListElement":[{"@type":"ListItem","position":1,"name":"Home","item":"https:\/\/toypek.two.prikr.space\/de\/"},{"@type":"ListItem","position":2,"name":"Produktauswahl","item":"https:\/\/toypek.two.prikr.space\/de\/produktauswahl\/"},{"@type":"ListItem","position":3,"name":"Handwaschanlage"}]},{"@type":"WebSite","@id":"https:\/\/toypek.two.prikr.space\/de\/#website","url":"https:\/\/toypek.two.prikr.space\/de\/","name":"Toypek","description":"","potentialAction":[{"@type":"SearchAction","target":{"@type":"EntryPoint","urlTemplate":"https:\/\/toypek.two.prikr.space\/de\/?s={search_term_string}"},"query-input":{"@type":"PropertyValueSpecification","valueRequired":true,"valueName":"search_term_string"}}],"inLanguage":"de"}]}},"_links":{"self":[{"href":"https:\/\/toypek.two.prikr.space\/de\/wp-json\/wp\/v2\/product\/11758","targetHints":{"allow":["GET"]}}],"collection":[{"href":"https:\/\/toypek.two.prikr.space\/de\/wp-json\/wp\/v2\/product"}],"about":[{"href":"https:\/\/toypek.two.prikr.space\/de\/wp-json\/wp\/v2\/types\/product"}],"replies":[{"embeddable":true,"href":"https:\/\/toypek.two.prikr.space\/de\/wp-json\/wp\/v2\/comments?post=11758"}],"wp:featuredmedia":[{"embeddable":true,"href":"https:\/\/toypek.two.prikr.space\/de\/wp-json\/wp\/v2\/media\/11754"}],"wp:attachment":[{"href":"https:\/\/toypek.two.prikr.space\/de\/wp-json\/wp\/v2\/media?parent=11758"}],"wp:term":[{"taxonomy":"product_cat","embeddable":true,"href":"https:\/\/toypek.two.prikr.space\/de\/wp-json\/wp\/v2\/product_cat?post=11758"},{"taxonomy":"product_tag","embeddable":true,"href":"https:\/\/toypek.two.prikr.space\/de\/wp-json\/wp\/v2\/product_tag?post=11758"}],"curies":[{"name":"wp","href":"https:\/\/api.w.org\/{rel}","templated":true}]}}