{"id":11657,"date":"2023-06-09T14:05:04","date_gmt":"2023-06-09T14:05:04","guid":{"rendered":"https:\/\/toypek.two.prikr.space\/product\/flush-systeem-2\/"},"modified":"2023-06-27T16:55:57","modified_gmt":"2023-06-27T16:55:57","slug":"spuelsystem","status":"publish","type":"product","link":"https:\/\/toypek.two.prikr.space\/de\/produkt\/spuelsystem\/","title":{"rendered":"Sp\u00fclsystem"},"content":{"rendered":"\n<p>Unser mobiles Toilettensp&uuml;lsystem kann an unseren Toypek-Kabinen angebracht werden. Das Sp&uuml;lsystem funktioniert als Umlaufsp&uuml;lsystem, so dass der Benutzer nicht in den Boden des Tanks der mobilen Toilette sehen kann. Der Benutzer sieht nur eine schwarze H&uuml;lle, die Rezirkulationssp&uuml;lung durch Handpumpe, welche die Sp&uuml;lung zirkulieren l&auml;sst, wenn der Hebel bet&auml;tigt wird. Der Sp&uuml;lhebel befindet sich zur Bequemlichkeit des Benutzers auf der linken Seite. Der Vorteil eines Sp&uuml;lsystems besteht darin, dass es den Benutzern der Toypek-Kabinen ein frischeres und luxuri&ouml;seres Erlebnis bietet. Das Sp&uuml;lsystem minimiert den Wasserverbrauch w&auml;hrend der Sp&uuml;lung und gew&auml;hrleistet eine effektive Entsorgung ohne unn&ouml;tige Wasserverschwendung. Die Installation des Sp&uuml;lsystems ist relativ einfach!<\/p>\n\n","protected":false},"excerpt":{"rendered":"<p>Passen Sie Ihre mobile Toilette Ihren W\u00fcnschen entsprechend an. Unsere Toiletteneinheiten k\u00f6nnen vollst\u00e4ndig individuell gestaltet werden, einschlie\u00dflich der Verwendung unseres Sp\u00fclsystems. Beim Kauf einer mobilen Toilette ist es wichtig, den Verwendungszweck, die gew\u00fcnschte Farbe, zus\u00e4tzliche Optionen\/Ausstattungen und die ben\u00f6tigte Menge zu ber\u00fccksichtigen. Es ist sogar m\u00f6glich, die Toiletteneinheiten in Ihrer Wunschfarbe anfertigen zu lassen.<\/p>\n","protected":false},"featured_media":11641,"comment_status":"open","ping_status":"closed","template":"","meta":{"_acf_changed":false},"product_cat":[97],"product_tag":[],"class_list":{"0":"post-11657","1":"product","2":"type-product","3":"status-publish","4":"has-post-thumbnail","6":"product_cat-spulsystem","8":"first","9":"instock","10":"shipping-taxable","11":"product-type-simple"},"acf":[],"yoast_head":"<!-- This site is optimized with the Yoast SEO plugin v23.6 - https:\/\/yoast.com\/wordpress\/plugins\/seo\/ -->\n<title>Entdecken Sie unser Sp\u00fclsystem f\u00fcr Toilettenkabinen! | Toypek.eu<\/title>\n<meta name=\"description\" content=\"Unser tragbares Toiletten-Sp\u00fclsystem kann an unsere Toypek-Kabinen angeschlossen werden.\" \/>\n<meta name=\"robots\" content=\"noindex, follow, max-snippet:-1, max-image-preview:large, max-video-preview:-1\" \/>\n<meta property=\"og:locale\" content=\"de_DE\" \/>\n<meta property=\"og:type\" content=\"article\" \/>\n<meta property=\"og:title\" content=\"Entdecken Sie unser Sp\u00fclsystem f\u00fcr Toilettenkabinen! | Toypek.eu\" \/>\n<meta property=\"og:description\" content=\"Unser tragbares Toiletten-Sp\u00fclsystem kann an unsere Toypek-Kabinen angeschlossen werden.\" \/>\n<meta property=\"og:url\" content=\"https:\/\/toypek.two.prikr.space\/de\/produkt\/spuelsystem\/\" \/>\n<meta property=\"og:site_name\" content=\"Toypek\" \/>\n<meta property=\"article:modified_time\" content=\"2023-06-27T16:55:57+00:00\" \/>\n<meta property=\"og:image\" content=\"http:\/\/toypek.two.prikr.space\/wp-content\/uploads\/2023\/06\/Flush-systeem.jpg\" \/>\n\t<meta property=\"og:image:width\" content=\"1024\" \/>\n\t<meta property=\"og:image:height\" content=\"1024\" \/>\n\t<meta property=\"og:image:type\" content=\"image\/jpeg\" \/>\n<meta name=\"twitter:card\" content=\"summary_large_image\" \/>\n<meta name=\"twitter:label1\" content=\"Gesch\u00e4tzte Lesezeit\" \/>\n\t<meta name=\"twitter:data1\" content=\"1\u00a0Minute\" \/>\n<script type=\"application\/ld+json\" class=\"yoast-schema-graph\">{\"@context\":\"https:\/\/schema.org\",\"@graph\":[{\"@type\":\"WebPage\",\"@id\":\"https:\/\/toypek.two.prikr.space\/de\/produkt\/spuelsystem\/\",\"url\":\"https:\/\/toypek.two.prikr.space\/de\/produkt\/spuelsystem\/\",\"name\":\"Entdecken Sie unser Sp\u00fclsystem f\u00fcr Toilettenkabinen! | Toypek.eu\",\"isPartOf\":{\"@id\":\"https:\/\/toypek.two.prikr.space\/de\/#website\"},\"primaryImageOfPage\":{\"@id\":\"https:\/\/toypek.two.prikr.space\/de\/produkt\/spuelsystem\/#primaryimage\"},\"image\":{\"@id\":\"https:\/\/toypek.two.prikr.space\/de\/produkt\/spuelsystem\/#primaryimage\"},\"thumbnailUrl\":\"https:\/\/toypek.two.prikr.space\/wp-content\/uploads\/2023\/06\/Flush-systeem.jpg\",\"datePublished\":\"2023-06-09T14:05:04+00:00\",\"dateModified\":\"2023-06-27T16:55:57+00:00\",\"description\":\"Unser tragbares Toiletten-Sp\u00fclsystem kann an unsere Toypek-Kabinen angeschlossen werden.\",\"breadcrumb\":{\"@id\":\"https:\/\/toypek.two.prikr.space\/de\/produkt\/spuelsystem\/#breadcrumb\"},\"inLanguage\":\"de\",\"potentialAction\":[{\"@type\":\"ReadAction\",\"target\":[\"https:\/\/toypek.two.prikr.space\/de\/produkt\/spuelsystem\/\"]}]},{\"@type\":\"ImageObject\",\"inLanguage\":\"de\",\"@id\":\"https:\/\/toypek.two.prikr.space\/de\/produkt\/spuelsystem\/#primaryimage\",\"url\":\"https:\/\/toypek.two.prikr.space\/wp-content\/uploads\/2023\/06\/Flush-systeem.jpg\",\"contentUrl\":\"https:\/\/toypek.two.prikr.space\/wp-content\/uploads\/2023\/06\/Flush-systeem.jpg\",\"width\":1024,\"height\":1024,\"caption\":\"Spoelsysteem mobiel toilet\"},{\"@type\":\"BreadcrumbList\",\"@id\":\"https:\/\/toypek.two.prikr.space\/de\/produkt\/spuelsystem\/#breadcrumb\",\"itemListElement\":[{\"@type\":\"ListItem\",\"position\":1,\"name\":\"Home\",\"item\":\"https:\/\/toypek.two.prikr.space\/de\/\"},{\"@type\":\"ListItem\",\"position\":2,\"name\":\"Produktauswahl\",\"item\":\"https:\/\/toypek.two.prikr.space\/de\/produktauswahl\/\"},{\"@type\":\"ListItem\",\"position\":3,\"name\":\"Sp\u00fclsystem\"}]},{\"@type\":\"WebSite\",\"@id\":\"https:\/\/toypek.two.prikr.space\/de\/#website\",\"url\":\"https:\/\/toypek.two.prikr.space\/de\/\",\"name\":\"Toypek\",\"description\":\"\",\"potentialAction\":[{\"@type\":\"SearchAction\",\"target\":{\"@type\":\"EntryPoint\",\"urlTemplate\":\"https:\/\/toypek.two.prikr.space\/de\/?s={search_term_string}\"},\"query-input\":{\"@type\":\"PropertyValueSpecification\",\"valueRequired\":true,\"valueName\":\"search_term_string\"}}],\"inLanguage\":\"de\"}]}<\/script>\n<!-- \/ Yoast SEO plugin. -->","yoast_head_json":{"title":"Entdecken Sie unser Sp\u00fclsystem f\u00fcr Toilettenkabinen! | Toypek.eu","description":"Unser tragbares Toiletten-Sp\u00fclsystem kann an unsere Toypek-Kabinen angeschlossen werden.","robots":{"index":"noindex","follow":"follow","max-snippet":"max-snippet:-1","max-image-preview":"max-image-preview:large","max-video-preview":"max-video-preview:-1"},"og_locale":"de_DE","og_type":"article","og_title":"Entdecken Sie unser Sp\u00fclsystem f\u00fcr Toilettenkabinen! | Toypek.eu","og_description":"Unser tragbares Toiletten-Sp\u00fclsystem kann an unsere Toypek-Kabinen angeschlossen werden.","og_url":"https:\/\/toypek.two.prikr.space\/de\/produkt\/spuelsystem\/","og_site_name":"Toypek","article_modified_time":"2023-06-27T16:55:57+00:00","og_image":[{"width":1024,"height":1024,"url":"http:\/\/toypek.two.prikr.space\/wp-content\/uploads\/2023\/06\/Flush-systeem.jpg","type":"image\/jpeg"}],"twitter_card":"summary_large_image","twitter_misc":{"Gesch\u00e4tzte Lesezeit":"1\u00a0Minute"},"schema":{"@context":"https:\/\/schema.org","@graph":[{"@type":"WebPage","@id":"https:\/\/toypek.two.prikr.space\/de\/produkt\/spuelsystem\/","url":"https:\/\/toypek.two.prikr.space\/de\/produkt\/spuelsystem\/","name":"Entdecken Sie unser Sp\u00fclsystem f\u00fcr Toilettenkabinen! | Toypek.eu","isPartOf":{"@id":"https:\/\/toypek.two.prikr.space\/de\/#website"},"primaryImageOfPage":{"@id":"https:\/\/toypek.two.prikr.space\/de\/produkt\/spuelsystem\/#primaryimage"},"image":{"@id":"https:\/\/toypek.two.prikr.space\/de\/produkt\/spuelsystem\/#primaryimage"},"thumbnailUrl":"https:\/\/toypek.two.prikr.space\/wp-content\/uploads\/2023\/06\/Flush-systeem.jpg","datePublished":"2023-06-09T14:05:04+00:00","dateModified":"2023-06-27T16:55:57+00:00","description":"Unser tragbares Toiletten-Sp\u00fclsystem kann an unsere Toypek-Kabinen angeschlossen werden.","breadcrumb":{"@id":"https:\/\/toypek.two.prikr.space\/de\/produkt\/spuelsystem\/#breadcrumb"},"inLanguage":"de","potentialAction":[{"@type":"ReadAction","target":["https:\/\/toypek.two.prikr.space\/de\/produkt\/spuelsystem\/"]}]},{"@type":"ImageObject","inLanguage":"de","@id":"https:\/\/toypek.two.prikr.space\/de\/produkt\/spuelsystem\/#primaryimage","url":"https:\/\/toypek.two.prikr.space\/wp-content\/uploads\/2023\/06\/Flush-systeem.jpg","contentUrl":"https:\/\/toypek.two.prikr.space\/wp-content\/uploads\/2023\/06\/Flush-systeem.jpg","width":1024,"height":1024,"caption":"Spoelsysteem mobiel toilet"},{"@type":"BreadcrumbList","@id":"https:\/\/toypek.two.prikr.space\/de\/produkt\/spuelsystem\/#breadcrumb","itemListElement":[{"@type":"ListItem","position":1,"name":"Home","item":"https:\/\/toypek.two.prikr.space\/de\/"},{"@type":"ListItem","position":2,"name":"Produktauswahl","item":"https:\/\/toypek.two.prikr.space\/de\/produktauswahl\/"},{"@type":"ListItem","position":3,"name":"Sp\u00fclsystem"}]},{"@type":"WebSite","@id":"https:\/\/toypek.two.prikr.space\/de\/#website","url":"https:\/\/toypek.two.prikr.space\/de\/","name":"Toypek","description":"","potentialAction":[{"@type":"SearchAction","target":{"@type":"EntryPoint","urlTemplate":"https:\/\/toypek.two.prikr.space\/de\/?s={search_term_string}"},"query-input":{"@type":"PropertyValueSpecification","valueRequired":true,"valueName":"search_term_string"}}],"inLanguage":"de"}]}},"_links":{"self":[{"href":"https:\/\/toypek.two.prikr.space\/de\/wp-json\/wp\/v2\/product\/11657","targetHints":{"allow":["GET"]}}],"collection":[{"href":"https:\/\/toypek.two.prikr.space\/de\/wp-json\/wp\/v2\/product"}],"about":[{"href":"https:\/\/toypek.two.prikr.space\/de\/wp-json\/wp\/v2\/types\/product"}],"replies":[{"embeddable":true,"href":"https:\/\/toypek.two.prikr.space\/de\/wp-json\/wp\/v2\/comments?post=11657"}],"wp:featuredmedia":[{"embeddable":true,"href":"https:\/\/toypek.two.prikr.space\/de\/wp-json\/wp\/v2\/media\/11641"}],"wp:attachment":[{"href":"https:\/\/toypek.two.prikr.space\/de\/wp-json\/wp\/v2\/media?parent=11657"}],"wp:term":[{"taxonomy":"product_cat","embeddable":true,"href":"https:\/\/toypek.two.prikr.space\/de\/wp-json\/wp\/v2\/product_cat?post=11657"},{"taxonomy":"product_tag","embeddable":true,"href":"https:\/\/toypek.two.prikr.space\/de\/wp-json\/wp\/v2\/product_tag?post=11657"}],"curies":[{"name":"wp","href":"https:\/\/api.w.org\/{rel}","templated":true}]}}