{"id":11623,"date":"2023-06-22T07:55:01","date_gmt":"2023-06-22T07:55:01","guid":{"rendered":"https:\/\/toypek.two.prikr.space\/product\/3-rolhouder-2\/"},"modified":"2023-07-05T11:37:00","modified_gmt":"2023-07-05T11:37:00","slug":"3-rollenhalter","status":"publish","type":"product","link":"https:\/\/toypek.two.prikr.space\/de\/produkt\/3-rollenhalter\/","title":{"rendered":"3 Rollenhalter"},"content":{"rendered":"\n<p>Stellen Sie Ihre mobile Toilette ganz nach Ihren W&uuml;nschen zusammen. Unsere Toilettenkabinen k&ouml;nnen vollst&auml;ndig nach Ihren W&uuml;nschen konfiguriert werden, einschlie&szlig;lich des Einsatzes unseres 3 Rollenhalters. Beim Kauf einer mobilen Toilette ist es wichtig, dar&uuml;ber nachzudenken, wof&uuml;r Sie sie verwenden m&ouml;chten, welche Farbe, welche zus&auml;tzlichen Optionen und welche Mengen Sie ben&ouml;tigen. Es ist sogar m&ouml;glich, die Toilettenkabinen komplett in Ihrer eigenen Farbe herstellen zu lassen.<\/p>\n\n","protected":false},"excerpt":{"rendered":"<p>Beschreibung Unser 3 Rollenhalter kann an unseren Toypek-Kabinen befestigt werden. Der 3 Rollenhalter erm\u00f6glicht eine einfache und trockene Aufbewahrung von Toilettenrollen f\u00fcr den Benutzer. Er verf\u00fcgt \u00fcber einen Stahlstift, der leicht verriegelt werden kann, um ein Entfernen durch Benutzer zu verhindern. Der Toilettenpapierhalter ist einfach nachf\u00fcllbar und aus vandalensicherem Material gefertigt.<\/p>\n","protected":false},"featured_media":11605,"comment_status":"open","ping_status":"closed","template":"","meta":{"_acf_changed":false},"product_cat":[93],"product_tag":[],"class_list":{"0":"post-11623","1":"product","2":"type-product","3":"status-publish","4":"has-post-thumbnail","6":"product_cat-mobile-toiletten","8":"first","9":"instock","10":"shipping-taxable","11":"product-type-simple"},"acf":[],"yoast_head":"<!-- This site is optimized with the Yoast SEO plugin v23.6 - https:\/\/yoast.com\/wordpress\/plugins\/seo\/ -->\n<title>Produkt - 3 Rollenhalter | Toypek.eu<\/title>\n<meta name=\"robots\" content=\"noindex, follow, max-snippet:-1, max-image-preview:large, max-video-preview:-1\" \/>\n<meta property=\"og:locale\" content=\"de_DE\" \/>\n<meta property=\"og:type\" content=\"article\" \/>\n<meta property=\"og:title\" content=\"Produkt - 3 Rollenhalter | Toypek.eu\" \/>\n<meta property=\"og:description\" content=\"Beschreibung Unser 3 Rollenhalter kann an unseren Toypek-Kabinen befestigt werden. Der 3 Rollenhalter erm\u00f6glicht eine einfache und trockene Aufbewahrung von Toilettenrollen f\u00fcr den Benutzer. Er verf\u00fcgt \u00fcber einen Stahlstift, der leicht verriegelt werden kann, um ein Entfernen durch Benutzer zu verhindern. Der Toilettenpapierhalter ist einfach nachf\u00fcllbar und aus vandalensicherem Material gefertigt.\" \/>\n<meta property=\"og:url\" content=\"https:\/\/toypek.two.prikr.space\/de\/produkt\/3-rollenhalter\/\" \/>\n<meta property=\"og:site_name\" content=\"Toypek\" \/>\n<meta property=\"article:modified_time\" content=\"2023-07-05T11:37:00+00:00\" \/>\n<meta property=\"og:image\" content=\"http:\/\/toypek.two.prikr.space\/wp-content\/uploads\/2023\/06\/a377d9c4-f280-4ac5-bc4e-3973acbc2655.jpg\" \/>\n\t<meta property=\"og:image:width\" content=\"1692\" \/>\n\t<meta property=\"og:image:height\" content=\"867\" \/>\n\t<meta property=\"og:image:type\" content=\"image\/jpeg\" \/>\n<meta name=\"twitter:card\" content=\"summary_large_image\" \/>\n<meta name=\"twitter:label1\" content=\"Gesch\u00e4tzte Lesezeit\" \/>\n\t<meta name=\"twitter:data1\" content=\"1\u00a0Minute\" \/>\n<script type=\"application\/ld+json\" class=\"yoast-schema-graph\">{\"@context\":\"https:\/\/schema.org\",\"@graph\":[{\"@type\":\"WebPage\",\"@id\":\"https:\/\/toypek.two.prikr.space\/de\/produkt\/3-rollenhalter\/\",\"url\":\"https:\/\/toypek.two.prikr.space\/de\/produkt\/3-rollenhalter\/\",\"name\":\"Produkt - 3 Rollenhalter | Toypek.eu\",\"isPartOf\":{\"@id\":\"https:\/\/toypek.two.prikr.space\/de\/#website\"},\"primaryImageOfPage\":{\"@id\":\"https:\/\/toypek.two.prikr.space\/de\/produkt\/3-rollenhalter\/#primaryimage\"},\"image\":{\"@id\":\"https:\/\/toypek.two.prikr.space\/de\/produkt\/3-rollenhalter\/#primaryimage\"},\"thumbnailUrl\":\"https:\/\/toypek.two.prikr.space\/wp-content\/uploads\/2023\/06\/a377d9c4-f280-4ac5-bc4e-3973acbc2655.jpg\",\"datePublished\":\"2023-06-22T07:55:01+00:00\",\"dateModified\":\"2023-07-05T11:37:00+00:00\",\"breadcrumb\":{\"@id\":\"https:\/\/toypek.two.prikr.space\/de\/produkt\/3-rollenhalter\/#breadcrumb\"},\"inLanguage\":\"de\",\"potentialAction\":[{\"@type\":\"ReadAction\",\"target\":[\"https:\/\/toypek.two.prikr.space\/de\/produkt\/3-rollenhalter\/\"]}]},{\"@type\":\"ImageObject\",\"inLanguage\":\"de\",\"@id\":\"https:\/\/toypek.two.prikr.space\/de\/produkt\/3-rollenhalter\/#primaryimage\",\"url\":\"https:\/\/toypek.two.prikr.space\/wp-content\/uploads\/2023\/06\/a377d9c4-f280-4ac5-bc4e-3973acbc2655.jpg\",\"contentUrl\":\"https:\/\/toypek.two.prikr.space\/wp-content\/uploads\/2023\/06\/a377d9c4-f280-4ac5-bc4e-3973acbc2655.jpg\",\"width\":1692,\"height\":867,\"caption\":\"3 roll toiletrolhouder\"},{\"@type\":\"BreadcrumbList\",\"@id\":\"https:\/\/toypek.two.prikr.space\/de\/produkt\/3-rollenhalter\/#breadcrumb\",\"itemListElement\":[{\"@type\":\"ListItem\",\"position\":1,\"name\":\"Home\",\"item\":\"https:\/\/toypek.two.prikr.space\/de\/\"},{\"@type\":\"ListItem\",\"position\":2,\"name\":\"Produktauswahl\",\"item\":\"https:\/\/toypek.two.prikr.space\/de\/produktauswahl\/\"},{\"@type\":\"ListItem\",\"position\":3,\"name\":\"3 Rollenhalter\"}]},{\"@type\":\"WebSite\",\"@id\":\"https:\/\/toypek.two.prikr.space\/de\/#website\",\"url\":\"https:\/\/toypek.two.prikr.space\/de\/\",\"name\":\"Toypek\",\"description\":\"\",\"potentialAction\":[{\"@type\":\"SearchAction\",\"target\":{\"@type\":\"EntryPoint\",\"urlTemplate\":\"https:\/\/toypek.two.prikr.space\/de\/?s={search_term_string}\"},\"query-input\":{\"@type\":\"PropertyValueSpecification\",\"valueRequired\":true,\"valueName\":\"search_term_string\"}}],\"inLanguage\":\"de\"}]}<\/script>\n<!-- \/ Yoast SEO plugin. -->","yoast_head_json":{"title":"Produkt - 3 Rollenhalter | Toypek.eu","robots":{"index":"noindex","follow":"follow","max-snippet":"max-snippet:-1","max-image-preview":"max-image-preview:large","max-video-preview":"max-video-preview:-1"},"og_locale":"de_DE","og_type":"article","og_title":"Produkt - 3 Rollenhalter | Toypek.eu","og_description":"Beschreibung Unser 3 Rollenhalter kann an unseren Toypek-Kabinen befestigt werden. Der 3 Rollenhalter erm\u00f6glicht eine einfache und trockene Aufbewahrung von Toilettenrollen f\u00fcr den Benutzer. Er verf\u00fcgt \u00fcber einen Stahlstift, der leicht verriegelt werden kann, um ein Entfernen durch Benutzer zu verhindern. Der Toilettenpapierhalter ist einfach nachf\u00fcllbar und aus vandalensicherem Material gefertigt.","og_url":"https:\/\/toypek.two.prikr.space\/de\/produkt\/3-rollenhalter\/","og_site_name":"Toypek","article_modified_time":"2023-07-05T11:37:00+00:00","og_image":[{"width":1692,"height":867,"url":"http:\/\/toypek.two.prikr.space\/wp-content\/uploads\/2023\/06\/a377d9c4-f280-4ac5-bc4e-3973acbc2655.jpg","type":"image\/jpeg"}],"twitter_card":"summary_large_image","twitter_misc":{"Gesch\u00e4tzte Lesezeit":"1\u00a0Minute"},"schema":{"@context":"https:\/\/schema.org","@graph":[{"@type":"WebPage","@id":"https:\/\/toypek.two.prikr.space\/de\/produkt\/3-rollenhalter\/","url":"https:\/\/toypek.two.prikr.space\/de\/produkt\/3-rollenhalter\/","name":"Produkt - 3 Rollenhalter | Toypek.eu","isPartOf":{"@id":"https:\/\/toypek.two.prikr.space\/de\/#website"},"primaryImageOfPage":{"@id":"https:\/\/toypek.two.prikr.space\/de\/produkt\/3-rollenhalter\/#primaryimage"},"image":{"@id":"https:\/\/toypek.two.prikr.space\/de\/produkt\/3-rollenhalter\/#primaryimage"},"thumbnailUrl":"https:\/\/toypek.two.prikr.space\/wp-content\/uploads\/2023\/06\/a377d9c4-f280-4ac5-bc4e-3973acbc2655.jpg","datePublished":"2023-06-22T07:55:01+00:00","dateModified":"2023-07-05T11:37:00+00:00","breadcrumb":{"@id":"https:\/\/toypek.two.prikr.space\/de\/produkt\/3-rollenhalter\/#breadcrumb"},"inLanguage":"de","potentialAction":[{"@type":"ReadAction","target":["https:\/\/toypek.two.prikr.space\/de\/produkt\/3-rollenhalter\/"]}]},{"@type":"ImageObject","inLanguage":"de","@id":"https:\/\/toypek.two.prikr.space\/de\/produkt\/3-rollenhalter\/#primaryimage","url":"https:\/\/toypek.two.prikr.space\/wp-content\/uploads\/2023\/06\/a377d9c4-f280-4ac5-bc4e-3973acbc2655.jpg","contentUrl":"https:\/\/toypek.two.prikr.space\/wp-content\/uploads\/2023\/06\/a377d9c4-f280-4ac5-bc4e-3973acbc2655.jpg","width":1692,"height":867,"caption":"3 roll toiletrolhouder"},{"@type":"BreadcrumbList","@id":"https:\/\/toypek.two.prikr.space\/de\/produkt\/3-rollenhalter\/#breadcrumb","itemListElement":[{"@type":"ListItem","position":1,"name":"Home","item":"https:\/\/toypek.two.prikr.space\/de\/"},{"@type":"ListItem","position":2,"name":"Produktauswahl","item":"https:\/\/toypek.two.prikr.space\/de\/produktauswahl\/"},{"@type":"ListItem","position":3,"name":"3 Rollenhalter"}]},{"@type":"WebSite","@id":"https:\/\/toypek.two.prikr.space\/de\/#website","url":"https:\/\/toypek.two.prikr.space\/de\/","name":"Toypek","description":"","potentialAction":[{"@type":"SearchAction","target":{"@type":"EntryPoint","urlTemplate":"https:\/\/toypek.two.prikr.space\/de\/?s={search_term_string}"},"query-input":{"@type":"PropertyValueSpecification","valueRequired":true,"valueName":"search_term_string"}}],"inLanguage":"de"}]}},"_links":{"self":[{"href":"https:\/\/toypek.two.prikr.space\/de\/wp-json\/wp\/v2\/product\/11623","targetHints":{"allow":["GET"]}}],"collection":[{"href":"https:\/\/toypek.two.prikr.space\/de\/wp-json\/wp\/v2\/product"}],"about":[{"href":"https:\/\/toypek.two.prikr.space\/de\/wp-json\/wp\/v2\/types\/product"}],"replies":[{"embeddable":true,"href":"https:\/\/toypek.two.prikr.space\/de\/wp-json\/wp\/v2\/comments?post=11623"}],"wp:featuredmedia":[{"embeddable":true,"href":"https:\/\/toypek.two.prikr.space\/de\/wp-json\/wp\/v2\/media\/11605"}],"wp:attachment":[{"href":"https:\/\/toypek.two.prikr.space\/de\/wp-json\/wp\/v2\/media?parent=11623"}],"wp:term":[{"taxonomy":"product_cat","embeddable":true,"href":"https:\/\/toypek.two.prikr.space\/de\/wp-json\/wp\/v2\/product_cat?post=11623"},{"taxonomy":"product_tag","embeddable":true,"href":"https:\/\/toypek.two.prikr.space\/de\/wp-json\/wp\/v2\/product_tag?post=11623"}],"curies":[{"name":"wp","href":"https:\/\/api.w.org\/{rel}","templated":true}]}}