{"id":11222,"date":"2023-06-09T13:21:17","date_gmt":"2023-06-09T13:21:17","guid":{"rendered":"https:\/\/toypek.two.prikr.space\/product\/toypek-sanitaire-unit-2\/"},"modified":"2023-07-07T12:57:28","modified_gmt":"2023-07-07T12:57:28","slug":"toypek-sanitaerkabine-mobile-wc","status":"publish","type":"product","link":"https:\/\/toypek.two.prikr.space\/de\/produkt\/toypek-sanitaerkabine-mobile-wc\/","title":{"rendered":"Toypek Tragbare Sanit\u00e4reinheit"},"content":{"rendered":"\n<p>Unsere mobilen Sanit&auml;reinheiten sind in vier verschiedenen Farben erh&auml;ltlich: blau, gr&uuml;n, rot und orange. Fordern Sie ein Angebot an, um den Preis unserer mobilen Sanit&auml;reinheit zu ermitteln. Daher haben wir immer das am besten geeignete mobile Toilettenhaus Kunststoff zum Verkauf. Da sie vandalismussicher und leicht zu transportieren sind, eignen sich unsere Einheiten ideal f&uuml;r Vermietungsunternehmen von mobilen Toiletten mit langfristigen Mietvertr&auml;gen und Zugang zu Kanal- und Wasseranschl&uuml;ssen. Wasser- und Abwasseranlagen geh&ouml;ren zu den wichtigsten Bed&uuml;rfnissen auf einer Baustelle, und unsere Einheiten bieten eine luxuri&ouml;sere Option f&uuml;r langfristige Projekte, die die Wartungszeit und die Reinigungskosten reduziert.<\/p>\n<p>Bevor Sie ein Baustelle WC kaufen m&ouml;chten, sollten Sie sich &uuml;ber die Eigenschaften und m&ouml;glichen Vorteile informieren. Unsere mobilen Sanit&auml;reinheiten bieten Ihnen folgende Zusatzleistungen:<\/p>\n<ul>\n<li>Einfache Handhabung mit einem Gabelstapler oder von Hand, wenn Sie bei Toypek.eu kaufen.<\/li>\n<li>Einfache Installation vor Ort mit einem Wasseranschluss (Gardena-Kupplung an der R&uuml;ckseite) und einem Abfluss &uuml;ber ein 110-mm-Kanalrohr an der R&uuml;ckseite.<\/li>\n<li>Leichte Konstruktion mit einem Gewicht von ca. 90 kg.<\/li>\n<li>Vandalismussicher&ldquo; gebaut, mit langlebigen Materialien, die eine lange Lebensdauer und eine einfache Reinigung gew&auml;hrleisten.<\/li>\n<\/ul>\n<p>Sind Sie auf der Suche nach mobilen Toiletten zum Kauf? Unsere mobilen Sanit&auml;reinheiten sind die perfekte L&ouml;sung f&uuml;r die Vermietung an verschiedenen Orten, darunter Baustellen, Lagerhallen, H&auml;fen, Campingpl&auml;tze und andere Orte mit festen Anschl&uuml;ssen. Es ist zwar m&ouml;glich, die Einheit unmontiert zu kaufen, wir empfehlen jedoch dringend, sie vormontiert zu erwerben. Wenn Sie Fragen haben oder weitere Informationen &uuml;ber unsere mobile Sanit&auml;rkabine ben&ouml;tigen, z&ouml;gern Sie nicht, unser Team zu kontaktieren. Wir sind gerne f&uuml;r Sie da.<\/p>\n<p><em>Anpassungen und Sonderw&uuml;nsche f&uuml;r unsere mobilen Sanit&auml;reinheiten sind nach R&uuml;cksprache jederzeit m&ouml;glich.<\/em><\/p>\n\n","protected":false},"excerpt":{"rendered":"<p>Wenn Sie eine Sanit\u00e4reinheit kaufen m\u00f6chten, ist es wichtig, eine zu finden, die Ihren spezifischen Anforderungen entspricht. Bei Toypek.eu haben Sie die M\u00f6glichkeit, Ihre mobile WC- Anlage individuell zu gestalten, indem Sie Ihre bevorzugte Farbe, zus\u00e4tzliche Optionen und Mengen ausw\u00e4hlen. Wir bieten Ihnen ma\u00dfgeschneiderte Angebote f\u00fcr unsere mobilen Sanit\u00e4ranlagen, und es ist sogar m\u00f6glich, Ihre Anlage in Ihrer Wunschfarbe anfertigen zu lassen.<\/p>\n","protected":false},"featured_media":12315,"comment_status":"open","ping_status":"closed","template":"","meta":{"_acf_changed":false},"product_cat":[93,95],"product_tag":[],"class_list":{"0":"post-11222","1":"product","2":"type-product","3":"status-publish","4":"has-post-thumbnail","6":"product_cat-mobile-toiletten","7":"product_cat-sanitarkabine","9":"first","10":"instock","11":"shipping-taxable","12":"product-type-variable"},"acf":[],"yoast_head":"<!-- This site is optimized with the Yoast SEO plugin v23.6 - https:\/\/yoast.com\/wordpress\/plugins\/seo\/ -->\n<title>Mobile Sanit\u00e4r-Toilettenkabine kaufen? WC-Kabine kaufen<\/title>\n<meta name=\"description\" content=\"Unsere mobilen Sanit\u00e4reinheiten sind in vier verschiedenen Farben erh\u00e4ltlich: blau, gr\u00fcn, rot und orange. Fordern Sie ein Angebot an, um den Preis unserer mobilen Sanit\u00e4ranlage zu bestimmen.\" \/>\n<meta name=\"robots\" content=\"noindex, follow, max-snippet:-1, max-image-preview:large, max-video-preview:-1\" \/>\n<meta property=\"og:locale\" content=\"de_DE\" \/>\n<meta property=\"og:type\" content=\"article\" \/>\n<meta property=\"og:title\" content=\"Mobile Sanit\u00e4r-Toilettenkabine kaufen? WC-Kabine kaufen\" \/>\n<meta property=\"og:description\" content=\"Unsere mobilen Sanit\u00e4reinheiten sind in vier verschiedenen Farben erh\u00e4ltlich: blau, gr\u00fcn, rot und orange. Fordern Sie ein Angebot an, um den Preis unserer mobilen Sanit\u00e4ranlage zu bestimmen.\" \/>\n<meta property=\"og:url\" content=\"https:\/\/toypek.two.prikr.space\/de\/produkt\/toypek-sanitaerkabine-mobile-wc\/\" \/>\n<meta property=\"og:site_name\" content=\"Toypek\" \/>\n<meta property=\"article:modified_time\" content=\"2023-07-07T12:57:28+00:00\" \/>\n<meta property=\"og:image\" content=\"http:\/\/toypek.two.prikr.space\/wp-content\/uploads\/2023\/06\/tp-img-01-48.png\" \/>\n\t<meta property=\"og:image:width\" content=\"1000\" \/>\n\t<meta property=\"og:image:height\" content=\"1000\" \/>\n\t<meta property=\"og:image:type\" content=\"image\/png\" \/>\n<meta name=\"twitter:card\" content=\"summary_large_image\" \/>\n<meta name=\"twitter:label1\" content=\"Gesch\u00e4tzte Lesezeit\" \/>\n\t<meta name=\"twitter:data1\" content=\"2\u00a0Minuten\" \/>\n<script type=\"application\/ld+json\" class=\"yoast-schema-graph\">{\"@context\":\"https:\/\/schema.org\",\"@graph\":[{\"@type\":\"WebPage\",\"@id\":\"https:\/\/toypek.two.prikr.space\/de\/produkt\/toypek-sanitaerkabine-mobile-wc\/\",\"url\":\"https:\/\/toypek.two.prikr.space\/de\/produkt\/toypek-sanitaerkabine-mobile-wc\/\",\"name\":\"Mobile Sanit\u00e4r-Toilettenkabine kaufen? WC-Kabine kaufen\",\"isPartOf\":{\"@id\":\"https:\/\/toypek.two.prikr.space\/de\/#website\"},\"primaryImageOfPage\":{\"@id\":\"https:\/\/toypek.two.prikr.space\/de\/produkt\/toypek-sanitaerkabine-mobile-wc\/#primaryimage\"},\"image\":{\"@id\":\"https:\/\/toypek.two.prikr.space\/de\/produkt\/toypek-sanitaerkabine-mobile-wc\/#primaryimage\"},\"thumbnailUrl\":\"https:\/\/toypek.two.prikr.space\/wp-content\/uploads\/2023\/06\/tp-img-01-48.png\",\"datePublished\":\"2023-06-09T13:21:17+00:00\",\"dateModified\":\"2023-07-07T12:57:28+00:00\",\"description\":\"Unsere mobilen Sanit\u00e4reinheiten sind in vier verschiedenen Farben erh\u00e4ltlich: blau, gr\u00fcn, rot und orange. Fordern Sie ein Angebot an, um den Preis unserer mobilen Sanit\u00e4ranlage zu bestimmen.\",\"breadcrumb\":{\"@id\":\"https:\/\/toypek.two.prikr.space\/de\/produkt\/toypek-sanitaerkabine-mobile-wc\/#breadcrumb\"},\"inLanguage\":\"de\",\"potentialAction\":[{\"@type\":\"ReadAction\",\"target\":[\"https:\/\/toypek.two.prikr.space\/de\/produkt\/toypek-sanitaerkabine-mobile-wc\/\"]}]},{\"@type\":\"ImageObject\",\"inLanguage\":\"de\",\"@id\":\"https:\/\/toypek.two.prikr.space\/de\/produkt\/toypek-sanitaerkabine-mobile-wc\/#primaryimage\",\"url\":\"https:\/\/toypek.two.prikr.space\/wp-content\/uploads\/2023\/06\/tp-img-01-48.png\",\"contentUrl\":\"https:\/\/toypek.two.prikr.space\/wp-content\/uploads\/2023\/06\/tp-img-01-48.png\",\"width\":1000,\"height\":1000,\"caption\":\"S\"},{\"@type\":\"BreadcrumbList\",\"@id\":\"https:\/\/toypek.two.prikr.space\/de\/produkt\/toypek-sanitaerkabine-mobile-wc\/#breadcrumb\",\"itemListElement\":[{\"@type\":\"ListItem\",\"position\":1,\"name\":\"Home\",\"item\":\"https:\/\/toypek.two.prikr.space\/de\/\"},{\"@type\":\"ListItem\",\"position\":2,\"name\":\"Produktauswahl\",\"item\":\"https:\/\/toypek.two.prikr.space\/de\/produktauswahl\/\"},{\"@type\":\"ListItem\",\"position\":3,\"name\":\"Toypek Tragbare Sanit\u00e4reinheit\"}]},{\"@type\":\"WebSite\",\"@id\":\"https:\/\/toypek.two.prikr.space\/de\/#website\",\"url\":\"https:\/\/toypek.two.prikr.space\/de\/\",\"name\":\"Toypek\",\"description\":\"\",\"potentialAction\":[{\"@type\":\"SearchAction\",\"target\":{\"@type\":\"EntryPoint\",\"urlTemplate\":\"https:\/\/toypek.two.prikr.space\/de\/?s={search_term_string}\"},\"query-input\":{\"@type\":\"PropertyValueSpecification\",\"valueRequired\":true,\"valueName\":\"search_term_string\"}}],\"inLanguage\":\"de\"}]}<\/script>\n<!-- \/ Yoast SEO plugin. -->","yoast_head_json":{"title":"Mobile Sanit\u00e4r-Toilettenkabine kaufen? WC-Kabine kaufen","description":"Unsere mobilen Sanit\u00e4reinheiten sind in vier verschiedenen Farben erh\u00e4ltlich: blau, gr\u00fcn, rot und orange. Fordern Sie ein Angebot an, um den Preis unserer mobilen Sanit\u00e4ranlage zu bestimmen.","robots":{"index":"noindex","follow":"follow","max-snippet":"max-snippet:-1","max-image-preview":"max-image-preview:large","max-video-preview":"max-video-preview:-1"},"og_locale":"de_DE","og_type":"article","og_title":"Mobile Sanit\u00e4r-Toilettenkabine kaufen? WC-Kabine kaufen","og_description":"Unsere mobilen Sanit\u00e4reinheiten sind in vier verschiedenen Farben erh\u00e4ltlich: blau, gr\u00fcn, rot und orange. Fordern Sie ein Angebot an, um den Preis unserer mobilen Sanit\u00e4ranlage zu bestimmen.","og_url":"https:\/\/toypek.two.prikr.space\/de\/produkt\/toypek-sanitaerkabine-mobile-wc\/","og_site_name":"Toypek","article_modified_time":"2023-07-07T12:57:28+00:00","og_image":[{"width":1000,"height":1000,"url":"http:\/\/toypek.two.prikr.space\/wp-content\/uploads\/2023\/06\/tp-img-01-48.png","type":"image\/png"}],"twitter_card":"summary_large_image","twitter_misc":{"Gesch\u00e4tzte Lesezeit":"2\u00a0Minuten"},"schema":{"@context":"https:\/\/schema.org","@graph":[{"@type":"WebPage","@id":"https:\/\/toypek.two.prikr.space\/de\/produkt\/toypek-sanitaerkabine-mobile-wc\/","url":"https:\/\/toypek.two.prikr.space\/de\/produkt\/toypek-sanitaerkabine-mobile-wc\/","name":"Mobile Sanit\u00e4r-Toilettenkabine kaufen? WC-Kabine kaufen","isPartOf":{"@id":"https:\/\/toypek.two.prikr.space\/de\/#website"},"primaryImageOfPage":{"@id":"https:\/\/toypek.two.prikr.space\/de\/produkt\/toypek-sanitaerkabine-mobile-wc\/#primaryimage"},"image":{"@id":"https:\/\/toypek.two.prikr.space\/de\/produkt\/toypek-sanitaerkabine-mobile-wc\/#primaryimage"},"thumbnailUrl":"https:\/\/toypek.two.prikr.space\/wp-content\/uploads\/2023\/06\/tp-img-01-48.png","datePublished":"2023-06-09T13:21:17+00:00","dateModified":"2023-07-07T12:57:28+00:00","description":"Unsere mobilen Sanit\u00e4reinheiten sind in vier verschiedenen Farben erh\u00e4ltlich: blau, gr\u00fcn, rot und orange. Fordern Sie ein Angebot an, um den Preis unserer mobilen Sanit\u00e4ranlage zu bestimmen.","breadcrumb":{"@id":"https:\/\/toypek.two.prikr.space\/de\/produkt\/toypek-sanitaerkabine-mobile-wc\/#breadcrumb"},"inLanguage":"de","potentialAction":[{"@type":"ReadAction","target":["https:\/\/toypek.two.prikr.space\/de\/produkt\/toypek-sanitaerkabine-mobile-wc\/"]}]},{"@type":"ImageObject","inLanguage":"de","@id":"https:\/\/toypek.two.prikr.space\/de\/produkt\/toypek-sanitaerkabine-mobile-wc\/#primaryimage","url":"https:\/\/toypek.two.prikr.space\/wp-content\/uploads\/2023\/06\/tp-img-01-48.png","contentUrl":"https:\/\/toypek.two.prikr.space\/wp-content\/uploads\/2023\/06\/tp-img-01-48.png","width":1000,"height":1000,"caption":"S"},{"@type":"BreadcrumbList","@id":"https:\/\/toypek.two.prikr.space\/de\/produkt\/toypek-sanitaerkabine-mobile-wc\/#breadcrumb","itemListElement":[{"@type":"ListItem","position":1,"name":"Home","item":"https:\/\/toypek.two.prikr.space\/de\/"},{"@type":"ListItem","position":2,"name":"Produktauswahl","item":"https:\/\/toypek.two.prikr.space\/de\/produktauswahl\/"},{"@type":"ListItem","position":3,"name":"Toypek Tragbare Sanit\u00e4reinheit"}]},{"@type":"WebSite","@id":"https:\/\/toypek.two.prikr.space\/de\/#website","url":"https:\/\/toypek.two.prikr.space\/de\/","name":"Toypek","description":"","potentialAction":[{"@type":"SearchAction","target":{"@type":"EntryPoint","urlTemplate":"https:\/\/toypek.two.prikr.space\/de\/?s={search_term_string}"},"query-input":{"@type":"PropertyValueSpecification","valueRequired":true,"valueName":"search_term_string"}}],"inLanguage":"de"}]}},"_links":{"self":[{"href":"https:\/\/toypek.two.prikr.space\/de\/wp-json\/wp\/v2\/product\/11222","targetHints":{"allow":["GET"]}}],"collection":[{"href":"https:\/\/toypek.two.prikr.space\/de\/wp-json\/wp\/v2\/product"}],"about":[{"href":"https:\/\/toypek.two.prikr.space\/de\/wp-json\/wp\/v2\/types\/product"}],"replies":[{"embeddable":true,"href":"https:\/\/toypek.two.prikr.space\/de\/wp-json\/wp\/v2\/comments?post=11222"}],"wp:featuredmedia":[{"embeddable":true,"href":"https:\/\/toypek.two.prikr.space\/de\/wp-json\/wp\/v2\/media\/12315"}],"wp:attachment":[{"href":"https:\/\/toypek.two.prikr.space\/de\/wp-json\/wp\/v2\/media?parent=11222"}],"wp:term":[{"taxonomy":"product_cat","embeddable":true,"href":"https:\/\/toypek.two.prikr.space\/de\/wp-json\/wp\/v2\/product_cat?post=11222"},{"taxonomy":"product_tag","embeddable":true,"href":"https:\/\/toypek.two.prikr.space\/de\/wp-json\/wp\/v2\/product_tag?post=11222"}],"curies":[{"name":"wp","href":"https:\/\/api.w.org\/{rel}","templated":true}]}}