{"id":11208,"date":"2023-06-09T12:27:10","date_gmt":"2023-06-09T12:27:10","guid":{"rendered":"https:\/\/toypek.two.prikr.space\/product\/plaszuil-pee6-2\/"},"modified":"2023-06-27T12:23:39","modified_gmt":"2023-06-27T12:23:39","slug":"mobiles-urinal-pee6","status":"publish","type":"product","link":"https:\/\/toypek.two.prikr.space\/de\/produkt\/mobiles-urinal-pee6\/","title":{"rendered":"Open-Air Urinal &#8211; PEE6"},"content":{"rendered":"\n<p>Das PEE6 ist ein mobiles Pissoir, das bis zu 6 M&auml;nner gleichzeitig aufnehmen kann. Das tragbare Design des Urinals erm&ouml;glicht einen einfachen Transport und Aufbau an verschiedenen Orten. Es wird im Rotationsgussverfahren hergestellt. Jedes Pee Urinal hat eine Kapazit&auml;t von 1.875 Urinierungen (500 Liter), bevor es geleert werden muss. Bei einem Leergewicht von 120 kg kann ein einziger Lkw durchschnittlich 14 mobile Urinale transportieren. Das bedeutet, dass ein LKW 84 Pinkelstellen f&uuml;r Veranstaltungen bereitstellen kann. Aufgrund des Rotationsgussverfahrens k&ouml;nnen diese mobilen Urinale nur in einer Mindestmenge von 6 St&uuml;ck bestellt werden.<\/p>\n\n","protected":false},"excerpt":{"rendered":"<p>Fordern Sie ein Angebot f\u00fcr unsere Open-Air-Urinall\u00f6sung an. Bei der Anschaffung von mobilen Urinalen ist es wichtig, den Verwendungszweck und den Transport zu Vermietungszwecken sorgf\u00e4ltig zu bedenken. Unsere Urinale werden h\u00e4ufig f\u00fcr Partys und Veranstaltungen verwendet. Stellen Sie jetzt Ihr eigenes mobiles Pissoir zusammen!<\/p>\n","protected":false},"featured_media":11144,"comment_status":"open","ping_status":"closed","template":"","meta":{"_acf_changed":false},"product_cat":[94],"product_tag":[],"class_list":{"0":"post-11208","1":"product","2":"type-product","3":"status-publish","4":"has-post-thumbnail","6":"product_cat-mobile-urinal","8":"first","9":"instock","10":"shipping-taxable","11":"product-type-simple"},"acf":[],"yoast_head":"<!-- This site is optimized with the Yoast SEO plugin v23.6 - https:\/\/yoast.com\/wordpress\/plugins\/seo\/ -->\n<title>Produkt - Sehen Sie sich unseren PEE6 | Toypek.eu<\/title>\n<meta name=\"description\" content=\"Der PEE6 ist ein mobiles Urinal, das gleichzeitig Platz f\u00fcr bis zu 6 M\u00e4nner bietet. Das tragbare Design des Urinals erm\u00f6glicht einen einfachen Transport und Aufbau an verschiedenen Standorten.\" \/>\n<meta name=\"robots\" content=\"noindex, follow, max-snippet:-1, max-image-preview:large, max-video-preview:-1\" \/>\n<meta property=\"og:locale\" content=\"de_DE\" \/>\n<meta property=\"og:type\" content=\"article\" \/>\n<meta property=\"og:title\" content=\"Produkt - Sehen Sie sich unseren PEE6 | Toypek.eu\" \/>\n<meta property=\"og:description\" content=\"Der PEE6 ist ein mobiles Urinal, das gleichzeitig Platz f\u00fcr bis zu 6 M\u00e4nner bietet. Das tragbare Design des Urinals erm\u00f6glicht einen einfachen Transport und Aufbau an verschiedenen Standorten.\" \/>\n<meta property=\"og:url\" content=\"https:\/\/toypek.two.prikr.space\/de\/produkt\/mobiles-urinal-pee6\/\" \/>\n<meta property=\"og:site_name\" content=\"Toypek\" \/>\n<meta property=\"article:modified_time\" content=\"2023-06-27T12:23:39+00:00\" \/>\n<meta property=\"og:image\" content=\"http:\/\/toypek.two.prikr.space\/wp-content\/uploads\/2023\/06\/tp-img-228.png\" \/>\n\t<meta property=\"og:image:width\" content=\"1000\" \/>\n\t<meta property=\"og:image:height\" content=\"1000\" \/>\n\t<meta property=\"og:image:type\" content=\"image\/png\" \/>\n<meta name=\"twitter:card\" content=\"summary_large_image\" \/>\n<meta name=\"twitter:label1\" content=\"Gesch\u00e4tzte Lesezeit\" \/>\n\t<meta name=\"twitter:data1\" content=\"1\u00a0Minute\" \/>\n<script type=\"application\/ld+json\" class=\"yoast-schema-graph\">{\"@context\":\"https:\/\/schema.org\",\"@graph\":[{\"@type\":\"WebPage\",\"@id\":\"https:\/\/toypek.two.prikr.space\/de\/produkt\/mobiles-urinal-pee6\/\",\"url\":\"https:\/\/toypek.two.prikr.space\/de\/produkt\/mobiles-urinal-pee6\/\",\"name\":\"Produkt - Sehen Sie sich unseren PEE6 | Toypek.eu\",\"isPartOf\":{\"@id\":\"https:\/\/toypek.two.prikr.space\/de\/#website\"},\"primaryImageOfPage\":{\"@id\":\"https:\/\/toypek.two.prikr.space\/de\/produkt\/mobiles-urinal-pee6\/#primaryimage\"},\"image\":{\"@id\":\"https:\/\/toypek.two.prikr.space\/de\/produkt\/mobiles-urinal-pee6\/#primaryimage\"},\"thumbnailUrl\":\"https:\/\/toypek.two.prikr.space\/wp-content\/uploads\/2023\/06\/tp-img-228.png\",\"datePublished\":\"2023-06-09T12:27:10+00:00\",\"dateModified\":\"2023-06-27T12:23:39+00:00\",\"description\":\"Der PEE6 ist ein mobiles Urinal, das gleichzeitig Platz f\u00fcr bis zu 6 M\u00e4nner bietet. Das tragbare Design des Urinals erm\u00f6glicht einen einfachen Transport und Aufbau an verschiedenen Standorten.\",\"breadcrumb\":{\"@id\":\"https:\/\/toypek.two.prikr.space\/de\/produkt\/mobiles-urinal-pee6\/#breadcrumb\"},\"inLanguage\":\"de\",\"potentialAction\":[{\"@type\":\"ReadAction\",\"target\":[\"https:\/\/toypek.two.prikr.space\/de\/produkt\/mobiles-urinal-pee6\/\"]}]},{\"@type\":\"ImageObject\",\"inLanguage\":\"de\",\"@id\":\"https:\/\/toypek.two.prikr.space\/de\/produkt\/mobiles-urinal-pee6\/#primaryimage\",\"url\":\"https:\/\/toypek.two.prikr.space\/wp-content\/uploads\/2023\/06\/tp-img-228.png\",\"contentUrl\":\"https:\/\/toypek.two.prikr.space\/wp-content\/uploads\/2023\/06\/tp-img-228.png\",\"width\":1000,\"height\":1000},{\"@type\":\"BreadcrumbList\",\"@id\":\"https:\/\/toypek.two.prikr.space\/de\/produkt\/mobiles-urinal-pee6\/#breadcrumb\",\"itemListElement\":[{\"@type\":\"ListItem\",\"position\":1,\"name\":\"Home\",\"item\":\"https:\/\/toypek.two.prikr.space\/de\/\"},{\"@type\":\"ListItem\",\"position\":2,\"name\":\"Produktauswahl\",\"item\":\"https:\/\/toypek.two.prikr.space\/de\/produktauswahl\/\"},{\"@type\":\"ListItem\",\"position\":3,\"name\":\"Open-Air Urinal &#8211; PEE6\"}]},{\"@type\":\"WebSite\",\"@id\":\"https:\/\/toypek.two.prikr.space\/de\/#website\",\"url\":\"https:\/\/toypek.two.prikr.space\/de\/\",\"name\":\"Toypek\",\"description\":\"\",\"potentialAction\":[{\"@type\":\"SearchAction\",\"target\":{\"@type\":\"EntryPoint\",\"urlTemplate\":\"https:\/\/toypek.two.prikr.space\/de\/?s={search_term_string}\"},\"query-input\":{\"@type\":\"PropertyValueSpecification\",\"valueRequired\":true,\"valueName\":\"search_term_string\"}}],\"inLanguage\":\"de\"}]}<\/script>\n<!-- \/ Yoast SEO plugin. -->","yoast_head_json":{"title":"Produkt - Sehen Sie sich unseren PEE6 | Toypek.eu","description":"Der PEE6 ist ein mobiles Urinal, das gleichzeitig Platz f\u00fcr bis zu 6 M\u00e4nner bietet. Das tragbare Design des Urinals erm\u00f6glicht einen einfachen Transport und Aufbau an verschiedenen Standorten.","robots":{"index":"noindex","follow":"follow","max-snippet":"max-snippet:-1","max-image-preview":"max-image-preview:large","max-video-preview":"max-video-preview:-1"},"og_locale":"de_DE","og_type":"article","og_title":"Produkt - Sehen Sie sich unseren PEE6 | Toypek.eu","og_description":"Der PEE6 ist ein mobiles Urinal, das gleichzeitig Platz f\u00fcr bis zu 6 M\u00e4nner bietet. Das tragbare Design des Urinals erm\u00f6glicht einen einfachen Transport und Aufbau an verschiedenen Standorten.","og_url":"https:\/\/toypek.two.prikr.space\/de\/produkt\/mobiles-urinal-pee6\/","og_site_name":"Toypek","article_modified_time":"2023-06-27T12:23:39+00:00","og_image":[{"width":1000,"height":1000,"url":"http:\/\/toypek.two.prikr.space\/wp-content\/uploads\/2023\/06\/tp-img-228.png","type":"image\/png"}],"twitter_card":"summary_large_image","twitter_misc":{"Gesch\u00e4tzte Lesezeit":"1\u00a0Minute"},"schema":{"@context":"https:\/\/schema.org","@graph":[{"@type":"WebPage","@id":"https:\/\/toypek.two.prikr.space\/de\/produkt\/mobiles-urinal-pee6\/","url":"https:\/\/toypek.two.prikr.space\/de\/produkt\/mobiles-urinal-pee6\/","name":"Produkt - Sehen Sie sich unseren PEE6 | Toypek.eu","isPartOf":{"@id":"https:\/\/toypek.two.prikr.space\/de\/#website"},"primaryImageOfPage":{"@id":"https:\/\/toypek.two.prikr.space\/de\/produkt\/mobiles-urinal-pee6\/#primaryimage"},"image":{"@id":"https:\/\/toypek.two.prikr.space\/de\/produkt\/mobiles-urinal-pee6\/#primaryimage"},"thumbnailUrl":"https:\/\/toypek.two.prikr.space\/wp-content\/uploads\/2023\/06\/tp-img-228.png","datePublished":"2023-06-09T12:27:10+00:00","dateModified":"2023-06-27T12:23:39+00:00","description":"Der PEE6 ist ein mobiles Urinal, das gleichzeitig Platz f\u00fcr bis zu 6 M\u00e4nner bietet. Das tragbare Design des Urinals erm\u00f6glicht einen einfachen Transport und Aufbau an verschiedenen Standorten.","breadcrumb":{"@id":"https:\/\/toypek.two.prikr.space\/de\/produkt\/mobiles-urinal-pee6\/#breadcrumb"},"inLanguage":"de","potentialAction":[{"@type":"ReadAction","target":["https:\/\/toypek.two.prikr.space\/de\/produkt\/mobiles-urinal-pee6\/"]}]},{"@type":"ImageObject","inLanguage":"de","@id":"https:\/\/toypek.two.prikr.space\/de\/produkt\/mobiles-urinal-pee6\/#primaryimage","url":"https:\/\/toypek.two.prikr.space\/wp-content\/uploads\/2023\/06\/tp-img-228.png","contentUrl":"https:\/\/toypek.two.prikr.space\/wp-content\/uploads\/2023\/06\/tp-img-228.png","width":1000,"height":1000},{"@type":"BreadcrumbList","@id":"https:\/\/toypek.two.prikr.space\/de\/produkt\/mobiles-urinal-pee6\/#breadcrumb","itemListElement":[{"@type":"ListItem","position":1,"name":"Home","item":"https:\/\/toypek.two.prikr.space\/de\/"},{"@type":"ListItem","position":2,"name":"Produktauswahl","item":"https:\/\/toypek.two.prikr.space\/de\/produktauswahl\/"},{"@type":"ListItem","position":3,"name":"Open-Air Urinal &#8211; PEE6"}]},{"@type":"WebSite","@id":"https:\/\/toypek.two.prikr.space\/de\/#website","url":"https:\/\/toypek.two.prikr.space\/de\/","name":"Toypek","description":"","potentialAction":[{"@type":"SearchAction","target":{"@type":"EntryPoint","urlTemplate":"https:\/\/toypek.two.prikr.space\/de\/?s={search_term_string}"},"query-input":{"@type":"PropertyValueSpecification","valueRequired":true,"valueName":"search_term_string"}}],"inLanguage":"de"}]}},"_links":{"self":[{"href":"https:\/\/toypek.two.prikr.space\/de\/wp-json\/wp\/v2\/product\/11208","targetHints":{"allow":["GET"]}}],"collection":[{"href":"https:\/\/toypek.two.prikr.space\/de\/wp-json\/wp\/v2\/product"}],"about":[{"href":"https:\/\/toypek.two.prikr.space\/de\/wp-json\/wp\/v2\/types\/product"}],"replies":[{"embeddable":true,"href":"https:\/\/toypek.two.prikr.space\/de\/wp-json\/wp\/v2\/comments?post=11208"}],"wp:featuredmedia":[{"embeddable":true,"href":"https:\/\/toypek.two.prikr.space\/de\/wp-json\/wp\/v2\/media\/11144"}],"wp:attachment":[{"href":"https:\/\/toypek.two.prikr.space\/de\/wp-json\/wp\/v2\/media?parent=11208"}],"wp:term":[{"taxonomy":"product_cat","embeddable":true,"href":"https:\/\/toypek.two.prikr.space\/de\/wp-json\/wp\/v2\/product_cat?post=11208"},{"taxonomy":"product_tag","embeddable":true,"href":"https:\/\/toypek.two.prikr.space\/de\/wp-json\/wp\/v2\/product_tag?post=11208"}],"curies":[{"name":"wp","href":"https:\/\/api.w.org\/{rel}","templated":true}]}}