{"id":10735,"date":"2023-06-09T14:11:18","date_gmt":"2023-06-09T14:11:18","guid":{"rendered":"https:\/\/toypek.two.prikr.space\/product\/stack-urinal-4pers-2\/"},"modified":"2023-07-07T12:43:12","modified_gmt":"2023-07-07T12:43:12","slug":"mobile-stapel-pee-urinal-4personen","status":"publish","type":"product","link":"https:\/\/toypek.two.prikr.space\/de\/produkt\/mobile-stapel-pee-urinal-4personen\/","title":{"rendered":"Stapelurinal + 4 Personen"},"content":{"rendered":"\n<p>Unsere stapelbaren Urinale + 4 Personen sind speziell f&uuml;r Veranstaltungen konzipiert, um die Transportkosten f&uuml;r Vermieter zu senken. Das stapelbare Design erm&ouml;glicht den gleichzeitigen Transport mehrerer Urinale. Diese Urinale sind leicht zu befestigen und nehmen aufgrund ihrer Abmessungen genauso viel Platz ein wie eine einzelne mobile Toilette. Das stapelbare Urinal + 4 Personen kann bis zu vier Benutzer gleichzeitig aufnehmen!<\/p>\n<p>Unser Stapelurinal + 4 Personen bietet Ihnen folgende Vorteile:<\/p>\n<ul>\n<li>Einfaches Be- und Entladen des tragbaren Urinals<\/li>\n<li>Geringer Platzbedarf beim Transport durch kompakte Abmessungen<\/li>\n<li>Bequeme Entleerung mit einer Kunststoffkappe f&uuml;r den Anschluss eines Vakuumschlauchs<\/li>\n<li>Leicht (40 kg) und einfach zu beladen, auch von Hand vor Ort<\/li>\n<li>Stapelbar bis zu vier Einheiten<\/li>\n<li>Erh&auml;ltlich in f&uuml;nf verschiedenen Farben.<\/li>\n<\/ul>\n\n","protected":false},"excerpt":{"rendered":"<p>Das stapelbare Urinal + 4 Personen ist ein mobiles Urinal, das speziell f\u00fcr Veranstaltungen entwickelt wurde. Diese tragbaren Urinale k\u00f6nnen auf bis zu vier Einheiten gestapelt werden, was eine sichere Lagerung und einen einfachen Transport zu Veranstaltungen gew\u00e4hrleistet. Diese mobilen Einheiten sind leicht und bequem zu entleeren. Das stapelbare Urinal + 4 Personen ist in f\u00fcnf verschiedenen Farben erh\u00e4ltlich: grau, blau, gr\u00fcn, rot und limone.<\/p>\n","protected":false},"featured_media":10329,"comment_status":"open","ping_status":"closed","template":"","meta":{"_acf_changed":false},"product_cat":[94],"product_tag":[],"class_list":{"0":"post-10735","1":"product","2":"type-product","3":"status-publish","4":"has-post-thumbnail","6":"product_cat-mobile-urinal","8":"first","9":"instock","10":"shipping-taxable","11":"product-type-variable"},"acf":[],"yoast_head":"<!-- This site is optimized with the Yoast SEO plugin v23.6 - https:\/\/yoast.com\/wordpress\/plugins\/seo\/ -->\n<title>Produkt - Stapelbares mobiles Urinal f\u00fcr 4 Personen<\/title>\n<meta name=\"description\" content=\"Unsere Stapelbare Urinal + 4-Personen-Urinale sind speziell f\u00fcr Veranstaltungen konzipiert und sollen die Transportkosten f\u00fcr Vermietungsunternehmen senken.\" \/>\n<meta name=\"robots\" content=\"noindex, follow, max-snippet:-1, max-image-preview:large, max-video-preview:-1\" \/>\n<meta property=\"og:locale\" content=\"de_DE\" \/>\n<meta property=\"og:type\" content=\"article\" \/>\n<meta property=\"og:title\" content=\"Produkt - Stapelbares mobiles Urinal f\u00fcr 4 Personen\" \/>\n<meta property=\"og:description\" content=\"Unsere Stapelbare Urinal + 4-Personen-Urinale sind speziell f\u00fcr Veranstaltungen konzipiert und sollen die Transportkosten f\u00fcr Vermietungsunternehmen senken.\" \/>\n<meta property=\"og:url\" content=\"https:\/\/toypek.two.prikr.space\/de\/produkt\/mobile-stapel-pee-urinal-4personen\/\" \/>\n<meta property=\"og:site_name\" content=\"Toypek\" \/>\n<meta property=\"article:modified_time\" content=\"2023-07-07T12:43:12+00:00\" \/>\n<meta property=\"og:image\" content=\"http:\/\/toypek.two.prikr.space\/wp-content\/uploads\/2023\/06\/tp-img-132.png\" \/>\n\t<meta property=\"og:image:width\" content=\"1000\" \/>\n\t<meta property=\"og:image:height\" content=\"1000\" \/>\n\t<meta property=\"og:image:type\" content=\"image\/png\" \/>\n<meta name=\"twitter:card\" content=\"summary_large_image\" \/>\n<meta name=\"twitter:label1\" content=\"Gesch\u00e4tzte Lesezeit\" \/>\n\t<meta name=\"twitter:data1\" content=\"1\u00a0Minute\" \/>\n<script type=\"application\/ld+json\" class=\"yoast-schema-graph\">{\"@context\":\"https:\/\/schema.org\",\"@graph\":[{\"@type\":\"WebPage\",\"@id\":\"https:\/\/toypek.two.prikr.space\/de\/produkt\/mobile-stapel-pee-urinal-4personen\/\",\"url\":\"https:\/\/toypek.two.prikr.space\/de\/produkt\/mobile-stapel-pee-urinal-4personen\/\",\"name\":\"Produkt - Stapelbares mobiles Urinal f\u00fcr 4 Personen\",\"isPartOf\":{\"@id\":\"https:\/\/toypek.two.prikr.space\/de\/#website\"},\"primaryImageOfPage\":{\"@id\":\"https:\/\/toypek.two.prikr.space\/de\/produkt\/mobile-stapel-pee-urinal-4personen\/#primaryimage\"},\"image\":{\"@id\":\"https:\/\/toypek.two.prikr.space\/de\/produkt\/mobile-stapel-pee-urinal-4personen\/#primaryimage\"},\"thumbnailUrl\":\"https:\/\/toypek.two.prikr.space\/wp-content\/uploads\/2023\/06\/tp-img-132.png\",\"datePublished\":\"2023-06-09T14:11:18+00:00\",\"dateModified\":\"2023-07-07T12:43:12+00:00\",\"description\":\"Unsere Stapelbare Urinal + 4-Personen-Urinale sind speziell f\u00fcr Veranstaltungen konzipiert und sollen die Transportkosten f\u00fcr Vermietungsunternehmen senken.\",\"breadcrumb\":{\"@id\":\"https:\/\/toypek.two.prikr.space\/de\/produkt\/mobile-stapel-pee-urinal-4personen\/#breadcrumb\"},\"inLanguage\":\"de\",\"potentialAction\":[{\"@type\":\"ReadAction\",\"target\":[\"https:\/\/toypek.two.prikr.space\/de\/produkt\/mobile-stapel-pee-urinal-4personen\/\"]}]},{\"@type\":\"ImageObject\",\"inLanguage\":\"de\",\"@id\":\"https:\/\/toypek.two.prikr.space\/de\/produkt\/mobile-stapel-pee-urinal-4personen\/#primaryimage\",\"url\":\"https:\/\/toypek.two.prikr.space\/wp-content\/uploads\/2023\/06\/tp-img-132.png\",\"contentUrl\":\"https:\/\/toypek.two.prikr.space\/wp-content\/uploads\/2023\/06\/tp-img-132.png\",\"width\":1000,\"height\":1000},{\"@type\":\"BreadcrumbList\",\"@id\":\"https:\/\/toypek.two.prikr.space\/de\/produkt\/mobile-stapel-pee-urinal-4personen\/#breadcrumb\",\"itemListElement\":[{\"@type\":\"ListItem\",\"position\":1,\"name\":\"Home\",\"item\":\"https:\/\/toypek.two.prikr.space\/de\/\"},{\"@type\":\"ListItem\",\"position\":2,\"name\":\"Produktauswahl\",\"item\":\"https:\/\/toypek.two.prikr.space\/de\/produktauswahl\/\"},{\"@type\":\"ListItem\",\"position\":3,\"name\":\"Stapelurinal + 4 Personen\"}]},{\"@type\":\"WebSite\",\"@id\":\"https:\/\/toypek.two.prikr.space\/de\/#website\",\"url\":\"https:\/\/toypek.two.prikr.space\/de\/\",\"name\":\"Toypek\",\"description\":\"\",\"potentialAction\":[{\"@type\":\"SearchAction\",\"target\":{\"@type\":\"EntryPoint\",\"urlTemplate\":\"https:\/\/toypek.two.prikr.space\/de\/?s={search_term_string}\"},\"query-input\":{\"@type\":\"PropertyValueSpecification\",\"valueRequired\":true,\"valueName\":\"search_term_string\"}}],\"inLanguage\":\"de\"}]}<\/script>\n<!-- \/ Yoast SEO plugin. -->","yoast_head_json":{"title":"Produkt - Stapelbares mobiles Urinal f\u00fcr 4 Personen","description":"Unsere Stapelbare Urinal + 4-Personen-Urinale sind speziell f\u00fcr Veranstaltungen konzipiert und sollen die Transportkosten f\u00fcr Vermietungsunternehmen senken.","robots":{"index":"noindex","follow":"follow","max-snippet":"max-snippet:-1","max-image-preview":"max-image-preview:large","max-video-preview":"max-video-preview:-1"},"og_locale":"de_DE","og_type":"article","og_title":"Produkt - Stapelbares mobiles Urinal f\u00fcr 4 Personen","og_description":"Unsere Stapelbare Urinal + 4-Personen-Urinale sind speziell f\u00fcr Veranstaltungen konzipiert und sollen die Transportkosten f\u00fcr Vermietungsunternehmen senken.","og_url":"https:\/\/toypek.two.prikr.space\/de\/produkt\/mobile-stapel-pee-urinal-4personen\/","og_site_name":"Toypek","article_modified_time":"2023-07-07T12:43:12+00:00","og_image":[{"width":1000,"height":1000,"url":"http:\/\/toypek.two.prikr.space\/wp-content\/uploads\/2023\/06\/tp-img-132.png","type":"image\/png"}],"twitter_card":"summary_large_image","twitter_misc":{"Gesch\u00e4tzte Lesezeit":"1\u00a0Minute"},"schema":{"@context":"https:\/\/schema.org","@graph":[{"@type":"WebPage","@id":"https:\/\/toypek.two.prikr.space\/de\/produkt\/mobile-stapel-pee-urinal-4personen\/","url":"https:\/\/toypek.two.prikr.space\/de\/produkt\/mobile-stapel-pee-urinal-4personen\/","name":"Produkt - Stapelbares mobiles Urinal f\u00fcr 4 Personen","isPartOf":{"@id":"https:\/\/toypek.two.prikr.space\/de\/#website"},"primaryImageOfPage":{"@id":"https:\/\/toypek.two.prikr.space\/de\/produkt\/mobile-stapel-pee-urinal-4personen\/#primaryimage"},"image":{"@id":"https:\/\/toypek.two.prikr.space\/de\/produkt\/mobile-stapel-pee-urinal-4personen\/#primaryimage"},"thumbnailUrl":"https:\/\/toypek.two.prikr.space\/wp-content\/uploads\/2023\/06\/tp-img-132.png","datePublished":"2023-06-09T14:11:18+00:00","dateModified":"2023-07-07T12:43:12+00:00","description":"Unsere Stapelbare Urinal + 4-Personen-Urinale sind speziell f\u00fcr Veranstaltungen konzipiert und sollen die Transportkosten f\u00fcr Vermietungsunternehmen senken.","breadcrumb":{"@id":"https:\/\/toypek.two.prikr.space\/de\/produkt\/mobile-stapel-pee-urinal-4personen\/#breadcrumb"},"inLanguage":"de","potentialAction":[{"@type":"ReadAction","target":["https:\/\/toypek.two.prikr.space\/de\/produkt\/mobile-stapel-pee-urinal-4personen\/"]}]},{"@type":"ImageObject","inLanguage":"de","@id":"https:\/\/toypek.two.prikr.space\/de\/produkt\/mobile-stapel-pee-urinal-4personen\/#primaryimage","url":"https:\/\/toypek.two.prikr.space\/wp-content\/uploads\/2023\/06\/tp-img-132.png","contentUrl":"https:\/\/toypek.two.prikr.space\/wp-content\/uploads\/2023\/06\/tp-img-132.png","width":1000,"height":1000},{"@type":"BreadcrumbList","@id":"https:\/\/toypek.two.prikr.space\/de\/produkt\/mobile-stapel-pee-urinal-4personen\/#breadcrumb","itemListElement":[{"@type":"ListItem","position":1,"name":"Home","item":"https:\/\/toypek.two.prikr.space\/de\/"},{"@type":"ListItem","position":2,"name":"Produktauswahl","item":"https:\/\/toypek.two.prikr.space\/de\/produktauswahl\/"},{"@type":"ListItem","position":3,"name":"Stapelurinal + 4 Personen"}]},{"@type":"WebSite","@id":"https:\/\/toypek.two.prikr.space\/de\/#website","url":"https:\/\/toypek.two.prikr.space\/de\/","name":"Toypek","description":"","potentialAction":[{"@type":"SearchAction","target":{"@type":"EntryPoint","urlTemplate":"https:\/\/toypek.two.prikr.space\/de\/?s={search_term_string}"},"query-input":{"@type":"PropertyValueSpecification","valueRequired":true,"valueName":"search_term_string"}}],"inLanguage":"de"}]}},"_links":{"self":[{"href":"https:\/\/toypek.two.prikr.space\/de\/wp-json\/wp\/v2\/product\/10735","targetHints":{"allow":["GET"]}}],"collection":[{"href":"https:\/\/toypek.two.prikr.space\/de\/wp-json\/wp\/v2\/product"}],"about":[{"href":"https:\/\/toypek.two.prikr.space\/de\/wp-json\/wp\/v2\/types\/product"}],"replies":[{"embeddable":true,"href":"https:\/\/toypek.two.prikr.space\/de\/wp-json\/wp\/v2\/comments?post=10735"}],"wp:featuredmedia":[{"embeddable":true,"href":"https:\/\/toypek.two.prikr.space\/de\/wp-json\/wp\/v2\/media\/10329"}],"wp:attachment":[{"href":"https:\/\/toypek.two.prikr.space\/de\/wp-json\/wp\/v2\/media?parent=10735"}],"wp:term":[{"taxonomy":"product_cat","embeddable":true,"href":"https:\/\/toypek.two.prikr.space\/de\/wp-json\/wp\/v2\/product_cat?post=10735"},{"taxonomy":"product_tag","embeddable":true,"href":"https:\/\/toypek.two.prikr.space\/de\/wp-json\/wp\/v2\/product_tag?post=10735"}],"curies":[{"name":"wp","href":"https:\/\/api.w.org\/{rel}","templated":true}]}}