{"id":10311,"date":"2023-06-09T14:17:05","date_gmt":"2023-06-09T14:17:05","guid":{"rendered":"https:\/\/toypek.two.prikr.space\/product\/urinal-4pers-2\/"},"modified":"2023-07-07T12:34:56","modified_gmt":"2023-07-07T12:34:56","slug":"mobiles-pissoir-4personen","status":"publish","type":"product","link":"https:\/\/toypek.two.prikr.space\/de\/produkt\/mobiles-pissoir-4personen\/","title":{"rendered":"Urinal + 4 Personen"},"content":{"rendered":"\n<p>Unsere Urinal Portable + 4 People Urinale sind aus PE (Polyethylen) gefertigt und somit absolut vandalensicher. Mit einer integrierten Hebe&ouml;se und Griffen k&ouml;nnen diese Urinale leicht zu Veranstaltungsorten oder in Stadtzentren transportiert werden. Die separate Bodenkonstruktion sch&uuml;tzt den Tank und sorgt f&uuml;r eine lange Lebensdauer, was zu geringen Wartungskosten f&uuml;r den Vermieter f&uuml;hrt!<\/p>\n<p>Vorteile unseres Freilufturinals + 4 Personen:<\/p>\n<ul>\n<li>Integrierte Hebe&ouml;se mit 800 kg Ballast getestet<\/li>\n<li>Individuell gestaltbar mit Ihrem eigenen Logo auf allen vier Seiten<\/li>\n<li>Doppelte Griffe an allen vier Seiten<\/li>\n<li>Schraubkappe f&uuml;r den Pinkelbereich<\/li>\n<li>Zwei verdeckte Abfl&uuml;sse an der Unterseite<\/li>\n<li>Auswechselbarer separater Boden, der den Tank sch&uuml;tzt und seine Lebensdauer verl&auml;ngert<\/li>\n<li>Gro&szlig;e Schlitze f&uuml;r Gabelstapler und geeignet f&uuml;r einen Pumpwagen.<\/li>\n<\/ul>\n\n","protected":false},"excerpt":{"rendered":"<p>Das Urinal Portable + 4 Personen ist aufgrund seiner Gr\u00f6\u00dfe und Mobilit\u00e4t eine ideale Wahl f\u00fcr Toilettenvermieter. Ausgestattet mit einer Hebe\u00f6se kann dieses Open-Air-Urinal auf jedem Terrain leicht be- und entladen werden. Der ger\u00e4umige und robuste Boden bietet den Benutzern Stabilit\u00e4t beim Urinieren. Diese Urinale sind in den Farben Rot, Gr\u00fcn, Limette, Grau, Blau und Orange erh\u00e4ltlich.<\/p>\n","protected":false},"featured_media":9903,"comment_status":"open","ping_status":"closed","template":"","meta":{"_acf_changed":false},"product_cat":[94],"product_tag":[],"class_list":{"0":"post-10311","1":"product","2":"type-product","3":"status-publish","4":"has-post-thumbnail","6":"product_cat-mobile-urinal","8":"first","9":"instock","10":"shipping-taxable","11":"product-type-variable"},"acf":[],"yoast_head":"<!-- This site is optimized with the Yoast SEO plugin v23.6 - https:\/\/yoast.com\/wordpress\/plugins\/seo\/ -->\n<title>Produkt - Kaufe tragbares Urinal f\u00fcr 4 Personen | Toypek.eu<\/title>\n<meta name=\"description\" content=\"Unsere Urinal + 4-Personen-Urinale sind komplett &quot;vandalismussicher&quot; und bestehen aus PE (Polyethylen). Mit integrierten Anhebe\u00f6sen und Griffen k\u00f6nnen diese Urinale problemlos vor Ort bei Veranstaltungen oder in Stadtzentren bewegt werden.\" \/>\n<meta name=\"robots\" content=\"noindex, follow, max-snippet:-1, max-image-preview:large, max-video-preview:-1\" \/>\n<meta property=\"og:locale\" content=\"de_DE\" \/>\n<meta property=\"og:type\" content=\"article\" \/>\n<meta property=\"og:title\" content=\"Produkt - Kaufe tragbares Urinal f\u00fcr 4 Personen | Toypek.eu\" \/>\n<meta property=\"og:description\" content=\"Unsere Urinal + 4-Personen-Urinale sind komplett &quot;vandalismussicher&quot; und bestehen aus PE (Polyethylen). Mit integrierten Anhebe\u00f6sen und Griffen k\u00f6nnen diese Urinale problemlos vor Ort bei Veranstaltungen oder in Stadtzentren bewegt werden.\" \/>\n<meta property=\"og:url\" content=\"https:\/\/toypek.two.prikr.space\/de\/produkt\/mobiles-pissoir-4personen\/\" \/>\n<meta property=\"og:site_name\" content=\"Toypek\" \/>\n<meta property=\"article:modified_time\" content=\"2023-07-07T12:34:56+00:00\" \/>\n<meta property=\"og:image\" content=\"http:\/\/toypek.two.prikr.space\/wp-content\/uploads\/2023\/06\/tp-img-6-4.png\" \/>\n\t<meta property=\"og:image:width\" content=\"1000\" \/>\n\t<meta property=\"og:image:height\" content=\"1000\" \/>\n\t<meta property=\"og:image:type\" content=\"image\/png\" \/>\n<meta name=\"twitter:card\" content=\"summary_large_image\" \/>\n<meta name=\"twitter:label1\" content=\"Gesch\u00e4tzte Lesezeit\" \/>\n\t<meta name=\"twitter:data1\" content=\"1\u00a0Minute\" \/>\n<script type=\"application\/ld+json\" class=\"yoast-schema-graph\">{\"@context\":\"https:\/\/schema.org\",\"@graph\":[{\"@type\":\"WebPage\",\"@id\":\"https:\/\/toypek.two.prikr.space\/de\/produkt\/mobiles-pissoir-4personen\/\",\"url\":\"https:\/\/toypek.two.prikr.space\/de\/produkt\/mobiles-pissoir-4personen\/\",\"name\":\"Produkt - Kaufe tragbares Urinal f\u00fcr 4 Personen | Toypek.eu\",\"isPartOf\":{\"@id\":\"https:\/\/toypek.two.prikr.space\/de\/#website\"},\"primaryImageOfPage\":{\"@id\":\"https:\/\/toypek.two.prikr.space\/de\/produkt\/mobiles-pissoir-4personen\/#primaryimage\"},\"image\":{\"@id\":\"https:\/\/toypek.two.prikr.space\/de\/produkt\/mobiles-pissoir-4personen\/#primaryimage\"},\"thumbnailUrl\":\"https:\/\/toypek.two.prikr.space\/wp-content\/uploads\/2023\/06\/tp-img-6-4.png\",\"datePublished\":\"2023-06-09T14:17:05+00:00\",\"dateModified\":\"2023-07-07T12:34:56+00:00\",\"description\":\"Unsere Urinal + 4-Personen-Urinale sind komplett \\\"vandalismussicher\\\" und bestehen aus PE (Polyethylen). Mit integrierten Anhebe\u00f6sen und Griffen k\u00f6nnen diese Urinale problemlos vor Ort bei Veranstaltungen oder in Stadtzentren bewegt werden.\",\"breadcrumb\":{\"@id\":\"https:\/\/toypek.two.prikr.space\/de\/produkt\/mobiles-pissoir-4personen\/#breadcrumb\"},\"inLanguage\":\"de\",\"potentialAction\":[{\"@type\":\"ReadAction\",\"target\":[\"https:\/\/toypek.two.prikr.space\/de\/produkt\/mobiles-pissoir-4personen\/\"]}]},{\"@type\":\"ImageObject\",\"inLanguage\":\"de\",\"@id\":\"https:\/\/toypek.two.prikr.space\/de\/produkt\/mobiles-pissoir-4personen\/#primaryimage\",\"url\":\"https:\/\/toypek.two.prikr.space\/wp-content\/uploads\/2023\/06\/tp-img-6-4.png\",\"contentUrl\":\"https:\/\/toypek.two.prikr.space\/wp-content\/uploads\/2023\/06\/tp-img-6-4.png\",\"width\":1000,\"height\":1000},{\"@type\":\"BreadcrumbList\",\"@id\":\"https:\/\/toypek.two.prikr.space\/de\/produkt\/mobiles-pissoir-4personen\/#breadcrumb\",\"itemListElement\":[{\"@type\":\"ListItem\",\"position\":1,\"name\":\"Home\",\"item\":\"https:\/\/toypek.two.prikr.space\/de\/\"},{\"@type\":\"ListItem\",\"position\":2,\"name\":\"Produktauswahl\",\"item\":\"https:\/\/toypek.two.prikr.space\/de\/produktauswahl\/\"},{\"@type\":\"ListItem\",\"position\":3,\"name\":\"Urinal + 4 Personen\"}]},{\"@type\":\"WebSite\",\"@id\":\"https:\/\/toypek.two.prikr.space\/de\/#website\",\"url\":\"https:\/\/toypek.two.prikr.space\/de\/\",\"name\":\"Toypek\",\"description\":\"\",\"potentialAction\":[{\"@type\":\"SearchAction\",\"target\":{\"@type\":\"EntryPoint\",\"urlTemplate\":\"https:\/\/toypek.two.prikr.space\/de\/?s={search_term_string}\"},\"query-input\":{\"@type\":\"PropertyValueSpecification\",\"valueRequired\":true,\"valueName\":\"search_term_string\"}}],\"inLanguage\":\"de\"}]}<\/script>\n<!-- \/ Yoast SEO plugin. -->","yoast_head_json":{"title":"Produkt - Kaufe tragbares Urinal f\u00fcr 4 Personen | Toypek.eu","description":"Unsere Urinal + 4-Personen-Urinale sind komplett \"vandalismussicher\" und bestehen aus PE (Polyethylen). Mit integrierten Anhebe\u00f6sen und Griffen k\u00f6nnen diese Urinale problemlos vor Ort bei Veranstaltungen oder in Stadtzentren bewegt werden.","robots":{"index":"noindex","follow":"follow","max-snippet":"max-snippet:-1","max-image-preview":"max-image-preview:large","max-video-preview":"max-video-preview:-1"},"og_locale":"de_DE","og_type":"article","og_title":"Produkt - Kaufe tragbares Urinal f\u00fcr 4 Personen | Toypek.eu","og_description":"Unsere Urinal + 4-Personen-Urinale sind komplett \"vandalismussicher\" und bestehen aus PE (Polyethylen). Mit integrierten Anhebe\u00f6sen und Griffen k\u00f6nnen diese Urinale problemlos vor Ort bei Veranstaltungen oder in Stadtzentren bewegt werden.","og_url":"https:\/\/toypek.two.prikr.space\/de\/produkt\/mobiles-pissoir-4personen\/","og_site_name":"Toypek","article_modified_time":"2023-07-07T12:34:56+00:00","og_image":[{"width":1000,"height":1000,"url":"http:\/\/toypek.two.prikr.space\/wp-content\/uploads\/2023\/06\/tp-img-6-4.png","type":"image\/png"}],"twitter_card":"summary_large_image","twitter_misc":{"Gesch\u00e4tzte Lesezeit":"1\u00a0Minute"},"schema":{"@context":"https:\/\/schema.org","@graph":[{"@type":"WebPage","@id":"https:\/\/toypek.two.prikr.space\/de\/produkt\/mobiles-pissoir-4personen\/","url":"https:\/\/toypek.two.prikr.space\/de\/produkt\/mobiles-pissoir-4personen\/","name":"Produkt - Kaufe tragbares Urinal f\u00fcr 4 Personen | Toypek.eu","isPartOf":{"@id":"https:\/\/toypek.two.prikr.space\/de\/#website"},"primaryImageOfPage":{"@id":"https:\/\/toypek.two.prikr.space\/de\/produkt\/mobiles-pissoir-4personen\/#primaryimage"},"image":{"@id":"https:\/\/toypek.two.prikr.space\/de\/produkt\/mobiles-pissoir-4personen\/#primaryimage"},"thumbnailUrl":"https:\/\/toypek.two.prikr.space\/wp-content\/uploads\/2023\/06\/tp-img-6-4.png","datePublished":"2023-06-09T14:17:05+00:00","dateModified":"2023-07-07T12:34:56+00:00","description":"Unsere Urinal + 4-Personen-Urinale sind komplett \"vandalismussicher\" und bestehen aus PE (Polyethylen). Mit integrierten Anhebe\u00f6sen und Griffen k\u00f6nnen diese Urinale problemlos vor Ort bei Veranstaltungen oder in Stadtzentren bewegt werden.","breadcrumb":{"@id":"https:\/\/toypek.two.prikr.space\/de\/produkt\/mobiles-pissoir-4personen\/#breadcrumb"},"inLanguage":"de","potentialAction":[{"@type":"ReadAction","target":["https:\/\/toypek.two.prikr.space\/de\/produkt\/mobiles-pissoir-4personen\/"]}]},{"@type":"ImageObject","inLanguage":"de","@id":"https:\/\/toypek.two.prikr.space\/de\/produkt\/mobiles-pissoir-4personen\/#primaryimage","url":"https:\/\/toypek.two.prikr.space\/wp-content\/uploads\/2023\/06\/tp-img-6-4.png","contentUrl":"https:\/\/toypek.two.prikr.space\/wp-content\/uploads\/2023\/06\/tp-img-6-4.png","width":1000,"height":1000},{"@type":"BreadcrumbList","@id":"https:\/\/toypek.two.prikr.space\/de\/produkt\/mobiles-pissoir-4personen\/#breadcrumb","itemListElement":[{"@type":"ListItem","position":1,"name":"Home","item":"https:\/\/toypek.two.prikr.space\/de\/"},{"@type":"ListItem","position":2,"name":"Produktauswahl","item":"https:\/\/toypek.two.prikr.space\/de\/produktauswahl\/"},{"@type":"ListItem","position":3,"name":"Urinal + 4 Personen"}]},{"@type":"WebSite","@id":"https:\/\/toypek.two.prikr.space\/de\/#website","url":"https:\/\/toypek.two.prikr.space\/de\/","name":"Toypek","description":"","potentialAction":[{"@type":"SearchAction","target":{"@type":"EntryPoint","urlTemplate":"https:\/\/toypek.two.prikr.space\/de\/?s={search_term_string}"},"query-input":{"@type":"PropertyValueSpecification","valueRequired":true,"valueName":"search_term_string"}}],"inLanguage":"de"}]}},"_links":{"self":[{"href":"https:\/\/toypek.two.prikr.space\/de\/wp-json\/wp\/v2\/product\/10311","targetHints":{"allow":["GET"]}}],"collection":[{"href":"https:\/\/toypek.two.prikr.space\/de\/wp-json\/wp\/v2\/product"}],"about":[{"href":"https:\/\/toypek.two.prikr.space\/de\/wp-json\/wp\/v2\/types\/product"}],"replies":[{"embeddable":true,"href":"https:\/\/toypek.two.prikr.space\/de\/wp-json\/wp\/v2\/comments?post=10311"}],"wp:featuredmedia":[{"embeddable":true,"href":"https:\/\/toypek.two.prikr.space\/de\/wp-json\/wp\/v2\/media\/9903"}],"wp:attachment":[{"href":"https:\/\/toypek.two.prikr.space\/de\/wp-json\/wp\/v2\/media?parent=10311"}],"wp:term":[{"taxonomy":"product_cat","embeddable":true,"href":"https:\/\/toypek.two.prikr.space\/de\/wp-json\/wp\/v2\/product_cat?post=10311"},{"taxonomy":"product_tag","embeddable":true,"href":"https:\/\/toypek.two.prikr.space\/de\/wp-json\/wp\/v2\/product_tag?post=10311"}],"curies":[{"name":"wp","href":"https:\/\/api.w.org\/{rel}","templated":true}]}}