{"id":989,"date":"2023-06-09T15:02:12","date_gmt":"2023-06-09T15:02:12","guid":{"rendered":"https:\/\/toypek.two.prikr.space\/?page_id=989"},"modified":"2023-06-22T10:11:42","modified_gmt":"2023-06-22T10:11:42","slug":"ueber-uns","status":"publish","type":"page","link":"https:\/\/toypek.two.prikr.space\/de\/ueber-uns\/","title":{"rendered":"Over ons"},"content":{"rendered":"","protected":false},"excerpt":{"rendered":"","protected":false},"author":2,"featured_media":0,"parent":0,"menu_order":0,"comment_status":"closed","ping_status":"closed","template":"","meta":{"_acf_changed":false,"footnotes":""},"class_list":["post-989","page","type-page","status-publish","hentry"],"acf":[],"yoast_head":"<!-- This site is optimized with the Yoast SEO plugin v23.6 - https:\/\/yoast.com\/wordpress\/plugins\/seo\/ -->\n<title>\u00dcber uns | Toypek.eu<\/title>\n<meta name=\"description\" content=\"Wir sind ein Familienunternehmen, das sich auf die Bereitstellung tragbarer sanit\u00e4rer L\u00f6sungen f\u00fcr Vermietungsunternehmen spezialisiert hat. Als vertrauensw\u00fcrdiger Lieferant f\u00fcr tragbare Toiletten bringen wir jahrelange Expertise auf dem Gebiet mobiler sanit\u00e4rer Einrichtungen mit.\" \/>\n<meta name=\"robots\" content=\"noindex, follow, max-snippet:-1, max-image-preview:large, max-video-preview:-1\" \/>\n<meta property=\"og:locale\" content=\"de_DE\" \/>\n<meta property=\"og:type\" content=\"article\" \/>\n<meta property=\"og:title\" content=\"\u00dcber uns | Toypek.eu\" \/>\n<meta property=\"og:description\" content=\"Wir sind ein Familienunternehmen, das sich auf die Bereitstellung tragbarer sanit\u00e4rer L\u00f6sungen f\u00fcr Vermietungsunternehmen spezialisiert hat. Als vertrauensw\u00fcrdiger Lieferant f\u00fcr tragbare Toiletten bringen wir jahrelange Expertise auf dem Gebiet mobiler sanit\u00e4rer Einrichtungen mit.\" \/>\n<meta property=\"og:url\" content=\"https:\/\/toypek.two.prikr.space\/de\/ueber-uns\/\" \/>\n<meta property=\"og:site_name\" content=\"Toypek\" \/>\n<meta property=\"article:modified_time\" content=\"2023-06-22T10:11:42+00:00\" \/>\n<meta name=\"twitter:card\" content=\"summary_large_image\" \/>\n<script type=\"application\/ld+json\" class=\"yoast-schema-graph\">{\"@context\":\"https:\/\/schema.org\",\"@graph\":[{\"@type\":\"WebPage\",\"@id\":\"https:\/\/toypek.two.prikr.space\/de\/ueber-uns\/\",\"url\":\"https:\/\/toypek.two.prikr.space\/de\/ueber-uns\/\",\"name\":\"\u00dcber uns | Toypek.eu\",\"isPartOf\":{\"@id\":\"https:\/\/toypek.two.prikr.space\/de\/#website\"},\"datePublished\":\"2023-06-09T15:02:12+00:00\",\"dateModified\":\"2023-06-22T10:11:42+00:00\",\"description\":\"Wir sind ein Familienunternehmen, das sich auf die Bereitstellung tragbarer sanit\u00e4rer L\u00f6sungen f\u00fcr Vermietungsunternehmen spezialisiert hat. Als vertrauensw\u00fcrdiger Lieferant f\u00fcr tragbare Toiletten bringen wir jahrelange Expertise auf dem Gebiet mobiler sanit\u00e4rer Einrichtungen mit.\",\"breadcrumb\":{\"@id\":\"https:\/\/toypek.two.prikr.space\/de\/ueber-uns\/#breadcrumb\"},\"inLanguage\":\"de\",\"potentialAction\":[{\"@type\":\"ReadAction\",\"target\":[\"https:\/\/toypek.two.prikr.space\/de\/ueber-uns\/\"]}]},{\"@type\":\"BreadcrumbList\",\"@id\":\"https:\/\/toypek.two.prikr.space\/de\/ueber-uns\/#breadcrumb\",\"itemListElement\":[{\"@type\":\"ListItem\",\"position\":1,\"name\":\"Home\",\"item\":\"https:\/\/toypek.two.prikr.space\/de\/\"},{\"@type\":\"ListItem\",\"position\":2,\"name\":\"Over ons\"}]},{\"@type\":\"WebSite\",\"@id\":\"https:\/\/toypek.two.prikr.space\/de\/#website\",\"url\":\"https:\/\/toypek.two.prikr.space\/de\/\",\"name\":\"Toypek\",\"description\":\"\",\"potentialAction\":[{\"@type\":\"SearchAction\",\"target\":{\"@type\":\"EntryPoint\",\"urlTemplate\":\"https:\/\/toypek.two.prikr.space\/de\/?s={search_term_string}\"},\"query-input\":{\"@type\":\"PropertyValueSpecification\",\"valueRequired\":true,\"valueName\":\"search_term_string\"}}],\"inLanguage\":\"de\"}]}<\/script>\n<!-- \/ Yoast SEO plugin. -->","yoast_head_json":{"title":"\u00dcber uns | Toypek.eu","description":"Wir sind ein Familienunternehmen, das sich auf die Bereitstellung tragbarer sanit\u00e4rer L\u00f6sungen f\u00fcr Vermietungsunternehmen spezialisiert hat. Als vertrauensw\u00fcrdiger Lieferant f\u00fcr tragbare Toiletten bringen wir jahrelange Expertise auf dem Gebiet mobiler sanit\u00e4rer Einrichtungen mit.","robots":{"index":"noindex","follow":"follow","max-snippet":"max-snippet:-1","max-image-preview":"max-image-preview:large","max-video-preview":"max-video-preview:-1"},"og_locale":"de_DE","og_type":"article","og_title":"\u00dcber uns | Toypek.eu","og_description":"Wir sind ein Familienunternehmen, das sich auf die Bereitstellung tragbarer sanit\u00e4rer L\u00f6sungen f\u00fcr Vermietungsunternehmen spezialisiert hat. Als vertrauensw\u00fcrdiger Lieferant f\u00fcr tragbare Toiletten bringen wir jahrelange Expertise auf dem Gebiet mobiler sanit\u00e4rer Einrichtungen mit.","og_url":"https:\/\/toypek.two.prikr.space\/de\/ueber-uns\/","og_site_name":"Toypek","article_modified_time":"2023-06-22T10:11:42+00:00","twitter_card":"summary_large_image","schema":{"@context":"https:\/\/schema.org","@graph":[{"@type":"WebPage","@id":"https:\/\/toypek.two.prikr.space\/de\/ueber-uns\/","url":"https:\/\/toypek.two.prikr.space\/de\/ueber-uns\/","name":"\u00dcber uns | Toypek.eu","isPartOf":{"@id":"https:\/\/toypek.two.prikr.space\/de\/#website"},"datePublished":"2023-06-09T15:02:12+00:00","dateModified":"2023-06-22T10:11:42+00:00","description":"Wir sind ein Familienunternehmen, das sich auf die Bereitstellung tragbarer sanit\u00e4rer L\u00f6sungen f\u00fcr Vermietungsunternehmen spezialisiert hat. Als vertrauensw\u00fcrdiger Lieferant f\u00fcr tragbare Toiletten bringen wir jahrelange Expertise auf dem Gebiet mobiler sanit\u00e4rer Einrichtungen mit.","breadcrumb":{"@id":"https:\/\/toypek.two.prikr.space\/de\/ueber-uns\/#breadcrumb"},"inLanguage":"de","potentialAction":[{"@type":"ReadAction","target":["https:\/\/toypek.two.prikr.space\/de\/ueber-uns\/"]}]},{"@type":"BreadcrumbList","@id":"https:\/\/toypek.two.prikr.space\/de\/ueber-uns\/#breadcrumb","itemListElement":[{"@type":"ListItem","position":1,"name":"Home","item":"https:\/\/toypek.two.prikr.space\/de\/"},{"@type":"ListItem","position":2,"name":"Over ons"}]},{"@type":"WebSite","@id":"https:\/\/toypek.two.prikr.space\/de\/#website","url":"https:\/\/toypek.two.prikr.space\/de\/","name":"Toypek","description":"","potentialAction":[{"@type":"SearchAction","target":{"@type":"EntryPoint","urlTemplate":"https:\/\/toypek.two.prikr.space\/de\/?s={search_term_string}"},"query-input":{"@type":"PropertyValueSpecification","valueRequired":true,"valueName":"search_term_string"}}],"inLanguage":"de"}]}},"_links":{"self":[{"href":"https:\/\/toypek.two.prikr.space\/de\/wp-json\/wp\/v2\/pages\/989","targetHints":{"allow":["GET"]}}],"collection":[{"href":"https:\/\/toypek.two.prikr.space\/de\/wp-json\/wp\/v2\/pages"}],"about":[{"href":"https:\/\/toypek.two.prikr.space\/de\/wp-json\/wp\/v2\/types\/page"}],"author":[{"embeddable":true,"href":"https:\/\/toypek.two.prikr.space\/de\/wp-json\/wp\/v2\/users\/2"}],"replies":[{"embeddable":true,"href":"https:\/\/toypek.two.prikr.space\/de\/wp-json\/wp\/v2\/comments?post=989"}],"version-history":[{"count":4,"href":"https:\/\/toypek.two.prikr.space\/de\/wp-json\/wp\/v2\/pages\/989\/revisions"}],"predecessor-version":[{"id":3772,"href":"https:\/\/toypek.two.prikr.space\/de\/wp-json\/wp\/v2\/pages\/989\/revisions\/3772"}],"wp:attachment":[{"href":"https:\/\/toypek.two.prikr.space\/de\/wp-json\/wp\/v2\/media?parent=989"}],"curies":[{"name":"wp","href":"https:\/\/api.w.org\/{rel}","templated":true}]}}